{"id":117125,"date":"2026-02-10T12:30:21","date_gmt":"2026-02-10T11:30:21","guid":{"rendered":"https:\/\/www.lamigraf.com\/?post_type=product&#038;p=117125"},"modified":"2026-02-10T12:44:11","modified_gmt":"2026-02-10T11:44:11","slug":"litha","status":"publish","type":"product","link":"https:\/\/www.lamigraf.com\/pt-pt\/designs\/litha\/","title":{"rendered":"LITHA"},"content":{"rendered":"\n<p>Litha \u00e9 um design em pedra que encarna a serenidade e a sofistica\u00e7\u00e3o. Os seus tons claros e quentes, com suaves nuances bege e cremosas, transmitem uma sensa\u00e7\u00e3o de calma e equil\u00edbrio visual. Os delicados veios difusos acrescentam profundidade sem dominar a superf\u00edcie, em linha com a tend\u00eancia atual para materiais mais s\u00f3brios e elegantes. O aspecto natural e refinado do \u00d2nix torna-o uma op\u00e7\u00e3o ideal para interiores contempor\u00e2neos que procuram luminosidade, amplitude e uma sensa\u00e7\u00e3o de bem-estar. A sua est\u00e9tica tranquila integra-se perfeitamente em espa\u00e7os minimalistas, org\u00e2nicos, de inspira\u00e7\u00e3o japonesa ou mediterr\u00e2nica, onde os materiais real\u00e7am o ambiente sem o dominar.<\/p>\n","protected":false},"excerpt":{"rendered":"<p>Litha \u00e9 um design em pedra que encarna a serenidade e a sofistica\u00e7\u00e3o. Os seus tons claros e quentes, com suaves nuances bege e cremosas, transmitem uma sensa\u00e7\u00e3o de calma e equil\u00edbrio visual. Os delicados veios difusos acrescentam profundidade sem dominar a superf\u00edcie, em linha com a tend\u00eancia atual para materiais mais s\u00f3brios e elegantes. [&hellip;]<\/p>\n","protected":false},"featured_media":117076,"template":"","meta":{"_acf_changed":false,"_gspb_post_css":"","footnotes":""},"applications":[],"design-types":[],"characteristics":[],"appearance":[],"class_list":["post-117125","product","type-product","status-publish","has-post-thumbnail","hentry"],"acf":{"code":"3167","peripheral_development":"1,300","axial_development":"2,200","cylinders":"3","data_sheet":117055,"collections":[{"code":"3167-0101","thumbnail":117062,"render":117149},{"code":"3167-0102","thumbnail":117069,"render":""},{"code":"3167-0201","thumbnail":117076,"render":""},{"code":"3167-0301","thumbnail":117083,"render":117156},{"code":"3167-302","thumbnail":117090,"render":117142}],"usages":[117097,117104],"inspiration":{"top":{"title":"","thumbnail":117163,"reference":"3092-303"},"bottom_title":""},"hover_image":117104,"eir":"","collaborator":{"name":"","link":""},"synchro_wood":false,"novedad":true},"yoast_head":"<!-- This site is optimized with the Yoast SEO plugin v25.2 - https:\/\/yoast.com\/wordpress\/plugins\/seo\/ -->\n<title>LITHA - Lamigraf<\/title>\n<meta name=\"robots\" content=\"index, follow, max-snippet:-1, max-image-preview:large, max-video-preview:-1\" \/>\n<link rel=\"canonical\" href=\"https:\/\/www.lamigraf.com\/pt-pt\/designs\/litha\/\" \/>\n<meta property=\"og:locale\" content=\"pt_PT\" \/>\n<meta property=\"og:type\" content=\"article\" \/>\n<meta property=\"og:title\" content=\"LITHA - Lamigraf\" \/>\n<meta property=\"og:description\" content=\"Litha \u00e9 um design em pedra que encarna a serenidade e a sofistica\u00e7\u00e3o. Os seus tons claros e quentes, com suaves nuances bege e cremosas, transmitem uma sensa\u00e7\u00e3o de calma e equil\u00edbrio visual. Os delicados veios difusos acrescentam profundidade sem dominar a superf\u00edcie, em linha com a tend\u00eancia atual para materiais mais s\u00f3brios e elegantes. [&hellip;]\" \/>\n<meta property=\"og:url\" content=\"https:\/\/www.lamigraf.com\/pt-pt\/designs\/litha\/\" \/>\n<meta property=\"og:site_name\" content=\"Lamigraf\" \/>\n<meta property=\"article:modified_time\" content=\"2026-02-10T11:44:11+00:00\" \/>\n<meta property=\"og:image\" content=\"https:\/\/www.lamigraf.com\/wp-content\/uploads\/2026\/02\/03167-0201-red-scaled.jpg\" \/>\n\t<meta property=\"og:image:width\" content=\"2560\" \/>\n\t<meta property=\"og:image:height\" content=\"1513\" \/>\n\t<meta property=\"og:image:type\" content=\"image\/jpeg\" \/>\n<meta name=\"twitter:card\" content=\"summary_large_image\" \/>\n<meta name=\"twitter:label1\" content=\"Tempo estimado de leitura\" \/>\n\t<meta name=\"twitter:data1\" content=\"1 minuto\" \/>\n<script type=\"application\/ld+json\" class=\"yoast-schema-graph\">{\"@context\":\"https:\/\/schema.org\",\"@graph\":[{\"@type\":\"WebPage\",\"@id\":\"https:\/\/www.lamigraf.com\/pt-pt\/designs\/litha\/\",\"url\":\"https:\/\/www.lamigraf.com\/pt-pt\/designs\/litha\/\",\"name\":\"LITHA - Lamigraf\",\"isPartOf\":{\"@id\":\"https:\/\/www.lamigraf.com\/#website\"},\"primaryImageOfPage\":{\"@id\":\"https:\/\/www.lamigraf.com\/pt-pt\/designs\/litha\/#primaryimage\"},\"image\":{\"@id\":\"https:\/\/www.lamigraf.com\/pt-pt\/designs\/litha\/#primaryimage\"},\"thumbnailUrl\":\"https:\/\/www.lamigraf.com\/wp-content\/uploads\/2026\/02\/03167-0201-red-scaled.jpg\",\"datePublished\":\"2026-02-10T11:30:21+00:00\",\"dateModified\":\"2026-02-10T11:44:11+00:00\",\"breadcrumb\":{\"@id\":\"https:\/\/www.lamigraf.com\/pt-pt\/designs\/litha\/#breadcrumb\"},\"inLanguage\":\"pt-PT\",\"potentialAction\":[{\"@type\":\"ReadAction\",\"target\":[\"https:\/\/www.lamigraf.com\/pt-pt\/designs\/litha\/\"]}]},{\"@type\":\"ImageObject\",\"inLanguage\":\"pt-PT\",\"@id\":\"https:\/\/www.lamigraf.com\/pt-pt\/designs\/litha\/#primaryimage\",\"url\":\"https:\/\/www.lamigraf.com\/wp-content\/uploads\/2026\/02\/03167-0201-red-scaled.jpg\",\"contentUrl\":\"https:\/\/www.lamigraf.com\/wp-content\/uploads\/2026\/02\/03167-0201-red-scaled.jpg\",\"width\":2560,\"height\":1513},{\"@type\":\"BreadcrumbList\",\"@id\":\"https:\/\/www.lamigraf.com\/pt-pt\/designs\/litha\/#breadcrumb\",\"itemListElement\":[{\"@type\":\"ListItem\",\"position\":1,\"name\":\"Home\",\"item\":\"https:\/\/www.lamigraf.com\/pt-pt\/\"},{\"@type\":\"ListItem\",\"position\":2,\"name\":\"Designs\",\"item\":\"https:\/\/www.lamigraf.com\/designs\/\"},{\"@type\":\"ListItem\",\"position\":3,\"name\":\"LITHA\"}]},{\"@type\":\"WebSite\",\"@id\":\"https:\/\/www.lamigraf.com\/#website\",\"url\":\"https:\/\/www.lamigraf.com\/\",\"name\":\"Lamigraf\",\"description\":\"\",\"publisher\":{\"@id\":\"https:\/\/www.lamigraf.com\/#organization\"},\"potentialAction\":[{\"@type\":\"SearchAction\",\"target\":{\"@type\":\"EntryPoint\",\"urlTemplate\":\"https:\/\/www.lamigraf.com\/?s={search_term_string}\"},\"query-input\":{\"@type\":\"PropertyValueSpecification\",\"valueRequired\":true,\"valueName\":\"search_term_string\"}}],\"inLanguage\":\"pt-PT\"},{\"@type\":\"Organization\",\"@id\":\"https:\/\/www.lamigraf.com\/#organization\",\"name\":\"Lamigraf\",\"url\":\"https:\/\/www.lamigraf.com\/\",\"logo\":{\"@type\":\"ImageObject\",\"inLanguage\":\"pt-PT\",\"@id\":\"https:\/\/www.lamigraf.com\/#\/schema\/logo\/image\/\",\"url\":\"https:\/\/www.lamigraf.com\/wp-content\/uploads\/2024\/05\/Logo-white.svg\",\"contentUrl\":\"https:\/\/www.lamigraf.com\/wp-content\/uploads\/2024\/05\/Logo-white.svg\",\"width\":147,\"height\":36,\"caption\":\"Lamigraf\"},\"image\":{\"@id\":\"https:\/\/www.lamigraf.com\/#\/schema\/logo\/image\/\"}}]}<\/script>\n<!-- \/ Yoast SEO plugin. -->","yoast_head_json":{"title":"LITHA - Lamigraf","robots":{"index":"index","follow":"follow","max-snippet":"max-snippet:-1","max-image-preview":"max-image-preview:large","max-video-preview":"max-video-preview:-1"},"canonical":"https:\/\/www.lamigraf.com\/pt-pt\/designs\/litha\/","og_locale":"pt_PT","og_type":"article","og_title":"LITHA - Lamigraf","og_description":"Litha \u00e9 um design em pedra que encarna a serenidade e a sofistica\u00e7\u00e3o. Os seus tons claros e quentes, com suaves nuances bege e cremosas, transmitem uma sensa\u00e7\u00e3o de calma e equil\u00edbrio visual. Os delicados veios difusos acrescentam profundidade sem dominar a superf\u00edcie, em linha com a tend\u00eancia atual para materiais mais s\u00f3brios e elegantes. [&hellip;]","og_url":"https:\/\/www.lamigraf.com\/pt-pt\/designs\/litha\/","og_site_name":"Lamigraf","article_modified_time":"2026-02-10T11:44:11+00:00","og_image":[{"width":2560,"height":1513,"url":"https:\/\/www.lamigraf.com\/wp-content\/uploads\/2026\/02\/03167-0201-red-scaled.jpg","type":"image\/jpeg"}],"twitter_card":"summary_large_image","twitter_misc":{"Tempo estimado de leitura":"1 minuto"},"schema":{"@context":"https:\/\/schema.org","@graph":[{"@type":"WebPage","@id":"https:\/\/www.lamigraf.com\/pt-pt\/designs\/litha\/","url":"https:\/\/www.lamigraf.com\/pt-pt\/designs\/litha\/","name":"LITHA - Lamigraf","isPartOf":{"@id":"https:\/\/www.lamigraf.com\/#website"},"primaryImageOfPage":{"@id":"https:\/\/www.lamigraf.com\/pt-pt\/designs\/litha\/#primaryimage"},"image":{"@id":"https:\/\/www.lamigraf.com\/pt-pt\/designs\/litha\/#primaryimage"},"thumbnailUrl":"https:\/\/www.lamigraf.com\/wp-content\/uploads\/2026\/02\/03167-0201-red-scaled.jpg","datePublished":"2026-02-10T11:30:21+00:00","dateModified":"2026-02-10T11:44:11+00:00","breadcrumb":{"@id":"https:\/\/www.lamigraf.com\/pt-pt\/designs\/litha\/#breadcrumb"},"inLanguage":"pt-PT","potentialAction":[{"@type":"ReadAction","target":["https:\/\/www.lamigraf.com\/pt-pt\/designs\/litha\/"]}]},{"@type":"ImageObject","inLanguage":"pt-PT","@id":"https:\/\/www.lamigraf.com\/pt-pt\/designs\/litha\/#primaryimage","url":"https:\/\/www.lamigraf.com\/wp-content\/uploads\/2026\/02\/03167-0201-red-scaled.jpg","contentUrl":"https:\/\/www.lamigraf.com\/wp-content\/uploads\/2026\/02\/03167-0201-red-scaled.jpg","width":2560,"height":1513},{"@type":"BreadcrumbList","@id":"https:\/\/www.lamigraf.com\/pt-pt\/designs\/litha\/#breadcrumb","itemListElement":[{"@type":"ListItem","position":1,"name":"Home","item":"https:\/\/www.lamigraf.com\/pt-pt\/"},{"@type":"ListItem","position":2,"name":"Designs","item":"https:\/\/www.lamigraf.com\/designs\/"},{"@type":"ListItem","position":3,"name":"LITHA"}]},{"@type":"WebSite","@id":"https:\/\/www.lamigraf.com\/#website","url":"https:\/\/www.lamigraf.com\/","name":"Lamigraf","description":"","publisher":{"@id":"https:\/\/www.lamigraf.com\/#organization"},"potentialAction":[{"@type":"SearchAction","target":{"@type":"EntryPoint","urlTemplate":"https:\/\/www.lamigraf.com\/?s={search_term_string}"},"query-input":{"@type":"PropertyValueSpecification","valueRequired":true,"valueName":"search_term_string"}}],"inLanguage":"pt-PT"},{"@type":"Organization","@id":"https:\/\/www.lamigraf.com\/#organization","name":"Lamigraf","url":"https:\/\/www.lamigraf.com\/","logo":{"@type":"ImageObject","inLanguage":"pt-PT","@id":"https:\/\/www.lamigraf.com\/#\/schema\/logo\/image\/","url":"https:\/\/www.lamigraf.com\/wp-content\/uploads\/2024\/05\/Logo-white.svg","contentUrl":"https:\/\/www.lamigraf.com\/wp-content\/uploads\/2024\/05\/Logo-white.svg","width":147,"height":36,"caption":"Lamigraf"},"image":{"@id":"https:\/\/www.lamigraf.com\/#\/schema\/logo\/image\/"}}]}},"_links":{"self":[{"href":"https:\/\/www.lamigraf.com\/pt-pt\/wp-json\/wp\/v2\/product\/117125","targetHints":{"allow":["GET"]}}],"collection":[{"href":"https:\/\/www.lamigraf.com\/pt-pt\/wp-json\/wp\/v2\/product"}],"about":[{"href":"https:\/\/www.lamigraf.com\/pt-pt\/wp-json\/wp\/v2\/types\/product"}],"version-history":[{"count":2,"href":"https:\/\/www.lamigraf.com\/pt-pt\/wp-json\/wp\/v2\/product\/117125\/revisions"}],"predecessor-version":[{"id":117198,"href":"https:\/\/www.lamigraf.com\/pt-pt\/wp-json\/wp\/v2\/product\/117125\/revisions\/117198"}],"acf:attachment":[{"embeddable":true,"href":"https:\/\/www.lamigraf.com\/pt-pt\/wp-json\/wp\/v2\/media\/117104"},{"embeddable":true,"href":"https:\/\/www.lamigraf.com\/pt-pt\/wp-json\/wp\/v2\/media\/117097"}],"wp:featuredmedia":[{"embeddable":true,"href":"https:\/\/www.lamigraf.com\/pt-pt\/wp-json\/wp\/v2\/media\/117076"}],"wp:attachment":[{"href":"https:\/\/www.lamigraf.com\/pt-pt\/wp-json\/wp\/v2\/media?parent=117125"}],"wp:term":[{"taxonomy":"product_applications","embeddable":true,"href":"https:\/\/www.lamigraf.com\/pt-pt\/wp-json\/wp\/v2\/applications?post=117125"},{"taxonomy":"product_type","embeddable":true,"href":"https:\/\/www.lamigraf.com\/pt-pt\/wp-json\/wp\/v2\/design-types?post=117125"},{"taxonomy":"product_characteristics","embeddable":true,"href":"https:\/\/www.lamigraf.com\/pt-pt\/wp-json\/wp\/v2\/characteristics?post=117125"},{"taxonomy":"product_apparence","embeddable":true,"href":"https:\/\/www.lamigraf.com\/pt-pt\/wp-json\/wp\/v2\/appearance?post=117125"}],"curies":[{"name":"wp","href":"https:\/\/api.w.org\/{rel}","templated":true}]}}