{"id":87136,"date":"2025-04-03T11:17:54","date_gmt":"2025-04-03T09:17:54","guid":{"rendered":"http:\/\/lamigraf.com\/?post_type=product&#038;p=87136"},"modified":"2025-04-03T11:19:48","modified_gmt":"2025-04-03T09:19:48","slug":"87136","status":"publish","type":"product","link":"https:\/\/www.lamigraf.com\/pt-pt\/designs\/87136\/","title":{"rendered":"MANITU"},"content":{"rendered":"\n<p>Diferenciando-se das ac\u00e1cias tradicionais e cl\u00e1ssicas, Manitu nos convida a uma reinterpreta\u00e7\u00e3o desta madeira ex\u00f3tica, resultando em uma est\u00e9tica final mais suave e contempor\u00e2nea, enriquecida por tons quentes e naturais. Notavelmente elegante e vers\u00e1til, integra-se harmoniosamente a qualquer espa\u00e7o, adaptando-se facilmente a uma variedade de estilos de design. Sua aplica\u00e7\u00e3o \u00e9 facilitada pela capacidade de se combinar de forma natural e harmoniosa com diferentes tipos de materiais, acrescentando uma dose de sofistica\u00e7\u00e3o e aconchego a qualquer interior.<\/p>\n\n\n\n<p><\/p>\n","protected":false},"excerpt":{"rendered":"<p>Diferenciando-se das ac\u00e1cias tradicionais e cl\u00e1ssicas, Manitu nos convida a uma reinterpreta\u00e7\u00e3o desta madeira ex\u00f3tica, resultando em uma est\u00e9tica final mais suave e contempor\u00e2nea, enriquecida por tons quentes e naturais. Notavelmente elegante e vers\u00e1til, integra-se harmoniosamente a qualquer espa\u00e7o, adaptando-se facilmente a uma variedade de estilos de design. Sua aplica\u00e7\u00e3o \u00e9 facilitada pela capacidade de [&hellip;]<\/p>\n","protected":false},"featured_media":97396,"template":"","meta":{"_acf_changed":false,"_gspb_post_css":"","footnotes":""},"applications":[1061],"design-types":[930,933],"characteristics":[995,1003],"appearance":[],"class_list":["post-87136","product","type-product","status-publish","has-post-thumbnail","hentry","product_applications-furniture-pt","product_type-wood-pt","product_type-acacy-pt","product_characteristics-2-3-cathedrals-pt","product_characteristics-planked-pt"],"acf":{"code":"2994","peripheral_development":"1250","axial_development":"2200","cylinders":"3","data_sheet":79676,"collections":[{"code":"2994-0301","thumbnail":97375,"render":97424},{"code":"2994-0302","thumbnail":97389,"render":97431},{"code":"2994-0305","thumbnail":97403,"render":97438},{"code":"2994-0306","thumbnail":97417,"render":97445}],"usages":[97410,97382],"inspiration":{"top":{"title":" Interior do m\u00f3vel de cama","thumbnail":14396,"reference":"2883-302"},"bottom_title":"Cama e mesa"},"hover_image":97410,"eir":"","collaborator":{"name":"","link":""},"synchro_wood":false,"novedad":false},"yoast_head":"<!-- This site is optimized with the Yoast SEO plugin v25.2 - https:\/\/yoast.com\/wordpress\/plugins\/seo\/ -->\n<title>MANITU - Lamigraf<\/title>\n<meta name=\"robots\" content=\"index, follow, max-snippet:-1, max-image-preview:large, max-video-preview:-1\" \/>\n<link rel=\"canonical\" href=\"https:\/\/www.lamigraf.com\/pt-pt\/designs\/87136\/\" \/>\n<meta property=\"og:locale\" content=\"pt_PT\" \/>\n<meta property=\"og:type\" content=\"article\" \/>\n<meta property=\"og:title\" content=\"MANITU - Lamigraf\" \/>\n<meta property=\"og:description\" content=\"Diferenciando-se das ac\u00e1cias tradicionais e cl\u00e1ssicas, Manitu nos convida a uma reinterpreta\u00e7\u00e3o desta madeira ex\u00f3tica, resultando em uma est\u00e9tica final mais suave e contempor\u00e2nea, enriquecida por tons quentes e naturais. Notavelmente elegante e vers\u00e1til, integra-se harmoniosamente a qualquer espa\u00e7o, adaptando-se facilmente a uma variedade de estilos de design. Sua aplica\u00e7\u00e3o \u00e9 facilitada pela capacidade de [&hellip;]\" \/>\n<meta property=\"og:url\" content=\"https:\/\/www.lamigraf.com\/pt-pt\/designs\/87136\/\" \/>\n<meta property=\"og:site_name\" content=\"Lamigraf\" \/>\n<meta property=\"article:modified_time\" content=\"2025-04-03T09:19:48+00:00\" \/>\n<meta property=\"og:image\" content=\"https:\/\/www.lamigraf.com\/wp-content\/uploads\/2024\/06\/02994-O.jpg\" \/>\n\t<meta property=\"og:image:width\" content=\"1920\" \/>\n\t<meta property=\"og:image:height\" content=\"1091\" \/>\n\t<meta property=\"og:image:type\" content=\"image\/jpeg\" \/>\n<meta name=\"twitter:card\" content=\"summary_large_image\" \/>\n<meta name=\"twitter:label1\" content=\"Tempo estimado de leitura\" \/>\n\t<meta name=\"twitter:data1\" content=\"1 minuto\" \/>\n<script type=\"application\/ld+json\" class=\"yoast-schema-graph\">{\"@context\":\"https:\/\/schema.org\",\"@graph\":[{\"@type\":\"WebPage\",\"@id\":\"https:\/\/www.lamigraf.com\/pt-pt\/designs\/87136\/\",\"url\":\"https:\/\/www.lamigraf.com\/pt-pt\/designs\/87136\/\",\"name\":\"MANITU - Lamigraf\",\"isPartOf\":{\"@id\":\"https:\/\/www.lamigraf.com\/#website\"},\"primaryImageOfPage\":{\"@id\":\"https:\/\/www.lamigraf.com\/pt-pt\/designs\/87136\/#primaryimage\"},\"image\":{\"@id\":\"https:\/\/www.lamigraf.com\/pt-pt\/designs\/87136\/#primaryimage\"},\"thumbnailUrl\":\"https:\/\/www.lamigraf.com\/wp-content\/uploads\/2024\/06\/02994-0302.jpg\",\"datePublished\":\"2025-04-03T09:17:54+00:00\",\"dateModified\":\"2025-04-03T09:19:48+00:00\",\"breadcrumb\":{\"@id\":\"https:\/\/www.lamigraf.com\/pt-pt\/designs\/87136\/#breadcrumb\"},\"inLanguage\":\"pt-PT\",\"potentialAction\":[{\"@type\":\"ReadAction\",\"target\":[\"https:\/\/www.lamigraf.com\/pt-pt\/designs\/87136\/\"]}]},{\"@type\":\"ImageObject\",\"inLanguage\":\"pt-PT\",\"@id\":\"https:\/\/www.lamigraf.com\/pt-pt\/designs\/87136\/#primaryimage\",\"url\":\"https:\/\/www.lamigraf.com\/wp-content\/uploads\/2024\/06\/02994-0302.jpg\",\"contentUrl\":\"https:\/\/www.lamigraf.com\/wp-content\/uploads\/2024\/06\/02994-0302.jpg\",\"width\":1091,\"height\":1920},{\"@type\":\"BreadcrumbList\",\"@id\":\"https:\/\/www.lamigraf.com\/pt-pt\/designs\/87136\/#breadcrumb\",\"itemListElement\":[{\"@type\":\"ListItem\",\"position\":1,\"name\":\"Home\",\"item\":\"https:\/\/www.lamigraf.com\/pt-pt\/\"},{\"@type\":\"ListItem\",\"position\":2,\"name\":\"Designs\",\"item\":\"https:\/\/www.lamigraf.com\/designs\/\"},{\"@type\":\"ListItem\",\"position\":3,\"name\":\"MANITU\"}]},{\"@type\":\"WebSite\",\"@id\":\"https:\/\/www.lamigraf.com\/#website\",\"url\":\"https:\/\/www.lamigraf.com\/\",\"name\":\"Lamigraf\",\"description\":\"\",\"publisher\":{\"@id\":\"https:\/\/www.lamigraf.com\/#organization\"},\"potentialAction\":[{\"@type\":\"SearchAction\",\"target\":{\"@type\":\"EntryPoint\",\"urlTemplate\":\"https:\/\/www.lamigraf.com\/?s={search_term_string}\"},\"query-input\":{\"@type\":\"PropertyValueSpecification\",\"valueRequired\":true,\"valueName\":\"search_term_string\"}}],\"inLanguage\":\"pt-PT\"},{\"@type\":\"Organization\",\"@id\":\"https:\/\/www.lamigraf.com\/#organization\",\"name\":\"Lamigraf\",\"url\":\"https:\/\/www.lamigraf.com\/\",\"logo\":{\"@type\":\"ImageObject\",\"inLanguage\":\"pt-PT\",\"@id\":\"https:\/\/www.lamigraf.com\/#\/schema\/logo\/image\/\",\"url\":\"https:\/\/www.lamigraf.com\/wp-content\/uploads\/2024\/05\/Logo-white.svg\",\"contentUrl\":\"https:\/\/www.lamigraf.com\/wp-content\/uploads\/2024\/05\/Logo-white.svg\",\"width\":147,\"height\":36,\"caption\":\"Lamigraf\"},\"image\":{\"@id\":\"https:\/\/www.lamigraf.com\/#\/schema\/logo\/image\/\"}}]}<\/script>\n<!-- \/ Yoast SEO plugin. -->","yoast_head_json":{"title":"MANITU - Lamigraf","robots":{"index":"index","follow":"follow","max-snippet":"max-snippet:-1","max-image-preview":"max-image-preview:large","max-video-preview":"max-video-preview:-1"},"canonical":"https:\/\/www.lamigraf.com\/pt-pt\/designs\/87136\/","og_locale":"pt_PT","og_type":"article","og_title":"MANITU - Lamigraf","og_description":"Diferenciando-se das ac\u00e1cias tradicionais e cl\u00e1ssicas, Manitu nos convida a uma reinterpreta\u00e7\u00e3o desta madeira ex\u00f3tica, resultando em uma est\u00e9tica final mais suave e contempor\u00e2nea, enriquecida por tons quentes e naturais. Notavelmente elegante e vers\u00e1til, integra-se harmoniosamente a qualquer espa\u00e7o, adaptando-se facilmente a uma variedade de estilos de design. Sua aplica\u00e7\u00e3o \u00e9 facilitada pela capacidade de [&hellip;]","og_url":"https:\/\/www.lamigraf.com\/pt-pt\/designs\/87136\/","og_site_name":"Lamigraf","article_modified_time":"2025-04-03T09:19:48+00:00","og_image":[{"width":1920,"height":1091,"url":"https:\/\/www.lamigraf.com\/wp-content\/uploads\/2024\/06\/02994-O.jpg","type":"image\/jpeg"}],"twitter_card":"summary_large_image","twitter_misc":{"Tempo estimado de leitura":"1 minuto"},"schema":{"@context":"https:\/\/schema.org","@graph":[{"@type":"WebPage","@id":"https:\/\/www.lamigraf.com\/pt-pt\/designs\/87136\/","url":"https:\/\/www.lamigraf.com\/pt-pt\/designs\/87136\/","name":"MANITU - Lamigraf","isPartOf":{"@id":"https:\/\/www.lamigraf.com\/#website"},"primaryImageOfPage":{"@id":"https:\/\/www.lamigraf.com\/pt-pt\/designs\/87136\/#primaryimage"},"image":{"@id":"https:\/\/www.lamigraf.com\/pt-pt\/designs\/87136\/#primaryimage"},"thumbnailUrl":"https:\/\/www.lamigraf.com\/wp-content\/uploads\/2024\/06\/02994-0302.jpg","datePublished":"2025-04-03T09:17:54+00:00","dateModified":"2025-04-03T09:19:48+00:00","breadcrumb":{"@id":"https:\/\/www.lamigraf.com\/pt-pt\/designs\/87136\/#breadcrumb"},"inLanguage":"pt-PT","potentialAction":[{"@type":"ReadAction","target":["https:\/\/www.lamigraf.com\/pt-pt\/designs\/87136\/"]}]},{"@type":"ImageObject","inLanguage":"pt-PT","@id":"https:\/\/www.lamigraf.com\/pt-pt\/designs\/87136\/#primaryimage","url":"https:\/\/www.lamigraf.com\/wp-content\/uploads\/2024\/06\/02994-0302.jpg","contentUrl":"https:\/\/www.lamigraf.com\/wp-content\/uploads\/2024\/06\/02994-0302.jpg","width":1091,"height":1920},{"@type":"BreadcrumbList","@id":"https:\/\/www.lamigraf.com\/pt-pt\/designs\/87136\/#breadcrumb","itemListElement":[{"@type":"ListItem","position":1,"name":"Home","item":"https:\/\/www.lamigraf.com\/pt-pt\/"},{"@type":"ListItem","position":2,"name":"Designs","item":"https:\/\/www.lamigraf.com\/designs\/"},{"@type":"ListItem","position":3,"name":"MANITU"}]},{"@type":"WebSite","@id":"https:\/\/www.lamigraf.com\/#website","url":"https:\/\/www.lamigraf.com\/","name":"Lamigraf","description":"","publisher":{"@id":"https:\/\/www.lamigraf.com\/#organization"},"potentialAction":[{"@type":"SearchAction","target":{"@type":"EntryPoint","urlTemplate":"https:\/\/www.lamigraf.com\/?s={search_term_string}"},"query-input":{"@type":"PropertyValueSpecification","valueRequired":true,"valueName":"search_term_string"}}],"inLanguage":"pt-PT"},{"@type":"Organization","@id":"https:\/\/www.lamigraf.com\/#organization","name":"Lamigraf","url":"https:\/\/www.lamigraf.com\/","logo":{"@type":"ImageObject","inLanguage":"pt-PT","@id":"https:\/\/www.lamigraf.com\/#\/schema\/logo\/image\/","url":"https:\/\/www.lamigraf.com\/wp-content\/uploads\/2024\/05\/Logo-white.svg","contentUrl":"https:\/\/www.lamigraf.com\/wp-content\/uploads\/2024\/05\/Logo-white.svg","width":147,"height":36,"caption":"Lamigraf"},"image":{"@id":"https:\/\/www.lamigraf.com\/#\/schema\/logo\/image\/"}}]}},"_links":{"self":[{"href":"https:\/\/www.lamigraf.com\/pt-pt\/wp-json\/wp\/v2\/product\/87136","targetHints":{"allow":["GET"]}}],"collection":[{"href":"https:\/\/www.lamigraf.com\/pt-pt\/wp-json\/wp\/v2\/product"}],"about":[{"href":"https:\/\/www.lamigraf.com\/pt-pt\/wp-json\/wp\/v2\/types\/product"}],"version-history":[{"count":3,"href":"https:\/\/www.lamigraf.com\/pt-pt\/wp-json\/wp\/v2\/product\/87136\/revisions"}],"predecessor-version":[{"id":87149,"href":"https:\/\/www.lamigraf.com\/pt-pt\/wp-json\/wp\/v2\/product\/87136\/revisions\/87149"}],"acf:attachment":[{"embeddable":true,"href":"https:\/\/www.lamigraf.com\/pt-pt\/wp-json\/wp\/v2\/media\/97382"},{"embeddable":true,"href":"https:\/\/www.lamigraf.com\/pt-pt\/wp-json\/wp\/v2\/media\/97410"}],"wp:featuredmedia":[{"embeddable":true,"href":"https:\/\/www.lamigraf.com\/pt-pt\/wp-json\/wp\/v2\/media\/97396"}],"wp:attachment":[{"href":"https:\/\/www.lamigraf.com\/pt-pt\/wp-json\/wp\/v2\/media?parent=87136"}],"wp:term":[{"taxonomy":"product_applications","embeddable":true,"href":"https:\/\/www.lamigraf.com\/pt-pt\/wp-json\/wp\/v2\/applications?post=87136"},{"taxonomy":"product_type","embeddable":true,"href":"https:\/\/www.lamigraf.com\/pt-pt\/wp-json\/wp\/v2\/design-types?post=87136"},{"taxonomy":"product_characteristics","embeddable":true,"href":"https:\/\/www.lamigraf.com\/pt-pt\/wp-json\/wp\/v2\/characteristics?post=87136"},{"taxonomy":"product_apparence","embeddable":true,"href":"https:\/\/www.lamigraf.com\/pt-pt\/wp-json\/wp\/v2\/appearance?post=87136"}],"curies":[{"name":"wp","href":"https:\/\/api.w.org\/{rel}","templated":true}]}}