{"id":87949,"date":"2024-06-07T09:50:58","date_gmt":"2024-06-07T07:50:58","guid":{"rendered":"https:\/\/www.lamigraf.com\/designs\/iris\/"},"modified":"2025-04-09T12:07:11","modified_gmt":"2025-04-09T10:07:11","slug":"iris","status":"publish","type":"product","link":"https:\/\/www.lamigraf.com\/pt-pt\/designs\/iris\/","title":{"rendered":"IRIS"},"content":{"rendered":"\n<p>Um design que combina a robustez do cimento com a delicadeza da trama, Iris funde o estilo industrial moderno com a finesse artesanal, resultando numa pe\u00e7a marcante que chama a aten\u00e7\u00e3o e adiciona personalidade a qualquer espa\u00e7o. Iris \u00e9 como uma lufada de ar fresco em meio \u00e0 nossa rotina agitada, um convite para uma pausa, uma oportunidade de reinterpretar e explorar novas possibilidades. Seu design h\u00edbrido nos convida a apreciar a beleza na fus\u00e3o de materiais contrastantes, oferecendo um momento de contempla\u00e7\u00e3o e inspira\u00e7\u00e3o no meio da correria do dia a dia.<\/p>\n","protected":false},"excerpt":{"rendered":"<p>Um design que combina a robustez do cimento com a delicadeza da trama, Iris funde o estilo industrial moderno com a finesse artesanal, resultando numa pe\u00e7a marcante que chama a aten\u00e7\u00e3o e adiciona personalidade a qualquer espa\u00e7o. Iris \u00e9 como uma lufada de ar fresco em meio \u00e0 nossa rotina agitada, um convite para uma [&hellip;]<\/p>\n","protected":false},"featured_media":13059,"template":"","meta":{"_acf_changed":false,"_gspb_post_css":"","footnotes":""},"applications":[1061],"design-types":[885,894,888],"characteristics":[],"appearance":[],"class_list":["post-87949","product","type-product","status-publish","has-post-thumbnail","hentry","product_applications-furniture-pt","product_type-creatives-pt","product_type-fusions-hybrids-pt","product_type-digital-print-innovations-pt"],"acf":{"code":"3015","peripheral_development":"1300","axial_development":"850","cylinders":"","data_sheet":79582,"collections":[{"code":"3015-J001","thumbnail":13038,"render":79588},{"code":"3015-J005","thumbnail":13073,"render":79594},{"code":"3015-J009","thumbnail":13045,"render":79600},{"code":"3015-J012","thumbnail":13052,"render":79606}],"usages":[77739,79594,13066],"inspiration":{"top":{"title":"Arm\u00e1rio","thumbnail":12933,"reference":"3012-0303"},"bottom_title":"Frente "},"hover_image":13066,"eir":"","collaborator":{"name":"","link":""},"synchro_wood":false,"novedad":false},"yoast_head":"<!-- This site is optimized with the Yoast SEO plugin v25.2 - https:\/\/yoast.com\/wordpress\/plugins\/seo\/ -->\n<title>IRIS - Lamigraf<\/title>\n<meta name=\"robots\" content=\"index, follow, max-snippet:-1, max-image-preview:large, max-video-preview:-1\" \/>\n<link rel=\"canonical\" href=\"https:\/\/www.lamigraf.com\/pt-pt\/designs\/iris\/\" \/>\n<meta property=\"og:locale\" content=\"pt_PT\" \/>\n<meta property=\"og:type\" content=\"article\" \/>\n<meta property=\"og:title\" content=\"IRIS - Lamigraf\" \/>\n<meta property=\"og:description\" content=\"Um design que combina a robustez do cimento com a delicadeza da trama, Iris funde o estilo industrial moderno com a finesse artesanal, resultando numa pe\u00e7a marcante que chama a aten\u00e7\u00e3o e adiciona personalidade a qualquer espa\u00e7o. Iris \u00e9 como uma lufada de ar fresco em meio \u00e0 nossa rotina agitada, um convite para uma [&hellip;]\" \/>\n<meta property=\"og:url\" content=\"https:\/\/www.lamigraf.com\/pt-pt\/designs\/iris\/\" \/>\n<meta property=\"og:site_name\" content=\"Lamigraf\" \/>\n<meta property=\"article:modified_time\" content=\"2025-04-09T10:07:11+00:00\" \/>\n<meta property=\"og:image\" content=\"https:\/\/www.lamigraf.com\/wp-content\/uploads\/2024\/06\/03015-O-670x1024.jpg\" \/>\n\t<meta property=\"og:image:width\" content=\"670\" \/>\n\t<meta property=\"og:image:height\" content=\"1024\" \/>\n\t<meta property=\"og:image:type\" content=\"image\/jpeg\" \/>\n<meta name=\"twitter:card\" content=\"summary_large_image\" \/>\n<meta name=\"twitter:label1\" content=\"Tempo estimado de leitura\" \/>\n\t<meta name=\"twitter:data1\" content=\"1 minuto\" \/>\n<script type=\"application\/ld+json\" class=\"yoast-schema-graph\">{\"@context\":\"https:\/\/schema.org\",\"@graph\":[{\"@type\":\"WebPage\",\"@id\":\"https:\/\/www.lamigraf.com\/pt-pt\/designs\/iris\/\",\"url\":\"https:\/\/www.lamigraf.com\/pt-pt\/designs\/iris\/\",\"name\":\"IRIS - Lamigraf\",\"isPartOf\":{\"@id\":\"https:\/\/www.lamigraf.com\/#website\"},\"primaryImageOfPage\":{\"@id\":\"https:\/\/www.lamigraf.com\/pt-pt\/designs\/iris\/#primaryimage\"},\"image\":{\"@id\":\"https:\/\/www.lamigraf.com\/pt-pt\/designs\/iris\/#primaryimage\"},\"thumbnailUrl\":\"https:\/\/www.lamigraf.com\/wp-content\/uploads\/2024\/06\/03015-O-scaled.jpg\",\"datePublished\":\"2024-06-07T07:50:58+00:00\",\"dateModified\":\"2025-04-09T10:07:11+00:00\",\"breadcrumb\":{\"@id\":\"https:\/\/www.lamigraf.com\/pt-pt\/designs\/iris\/#breadcrumb\"},\"inLanguage\":\"pt-PT\",\"potentialAction\":[{\"@type\":\"ReadAction\",\"target\":[\"https:\/\/www.lamigraf.com\/pt-pt\/designs\/iris\/\"]}]},{\"@type\":\"ImageObject\",\"inLanguage\":\"pt-PT\",\"@id\":\"https:\/\/www.lamigraf.com\/pt-pt\/designs\/iris\/#primaryimage\",\"url\":\"https:\/\/www.lamigraf.com\/wp-content\/uploads\/2024\/06\/03015-O-scaled.jpg\",\"contentUrl\":\"https:\/\/www.lamigraf.com\/wp-content\/uploads\/2024\/06\/03015-O-scaled.jpg\",\"width\":1674,\"height\":2560},{\"@type\":\"BreadcrumbList\",\"@id\":\"https:\/\/www.lamigraf.com\/pt-pt\/designs\/iris\/#breadcrumb\",\"itemListElement\":[{\"@type\":\"ListItem\",\"position\":1,\"name\":\"Home\",\"item\":\"https:\/\/www.lamigraf.com\/pt-pt\/\"},{\"@type\":\"ListItem\",\"position\":2,\"name\":\"Designs\",\"item\":\"https:\/\/www.lamigraf.com\/designs\/\"},{\"@type\":\"ListItem\",\"position\":3,\"name\":\"IRIS\"}]},{\"@type\":\"WebSite\",\"@id\":\"https:\/\/www.lamigraf.com\/#website\",\"url\":\"https:\/\/www.lamigraf.com\/\",\"name\":\"Lamigraf\",\"description\":\"\",\"publisher\":{\"@id\":\"https:\/\/www.lamigraf.com\/#organization\"},\"potentialAction\":[{\"@type\":\"SearchAction\",\"target\":{\"@type\":\"EntryPoint\",\"urlTemplate\":\"https:\/\/www.lamigraf.com\/?s={search_term_string}\"},\"query-input\":{\"@type\":\"PropertyValueSpecification\",\"valueRequired\":true,\"valueName\":\"search_term_string\"}}],\"inLanguage\":\"pt-PT\"},{\"@type\":\"Organization\",\"@id\":\"https:\/\/www.lamigraf.com\/#organization\",\"name\":\"Lamigraf\",\"url\":\"https:\/\/www.lamigraf.com\/\",\"logo\":{\"@type\":\"ImageObject\",\"inLanguage\":\"pt-PT\",\"@id\":\"https:\/\/www.lamigraf.com\/#\/schema\/logo\/image\/\",\"url\":\"https:\/\/www.lamigraf.com\/wp-content\/uploads\/2024\/05\/Logo-white.svg\",\"contentUrl\":\"https:\/\/www.lamigraf.com\/wp-content\/uploads\/2024\/05\/Logo-white.svg\",\"width\":147,\"height\":36,\"caption\":\"Lamigraf\"},\"image\":{\"@id\":\"https:\/\/www.lamigraf.com\/#\/schema\/logo\/image\/\"}}]}<\/script>\n<!-- \/ Yoast SEO plugin. -->","yoast_head_json":{"title":"IRIS - Lamigraf","robots":{"index":"index","follow":"follow","max-snippet":"max-snippet:-1","max-image-preview":"max-image-preview:large","max-video-preview":"max-video-preview:-1"},"canonical":"https:\/\/www.lamigraf.com\/pt-pt\/designs\/iris\/","og_locale":"pt_PT","og_type":"article","og_title":"IRIS - Lamigraf","og_description":"Um design que combina a robustez do cimento com a delicadeza da trama, Iris funde o estilo industrial moderno com a finesse artesanal, resultando numa pe\u00e7a marcante que chama a aten\u00e7\u00e3o e adiciona personalidade a qualquer espa\u00e7o. Iris \u00e9 como uma lufada de ar fresco em meio \u00e0 nossa rotina agitada, um convite para uma [&hellip;]","og_url":"https:\/\/www.lamigraf.com\/pt-pt\/designs\/iris\/","og_site_name":"Lamigraf","article_modified_time":"2025-04-09T10:07:11+00:00","og_image":[{"width":670,"height":1024,"url":"https:\/\/www.lamigraf.com\/wp-content\/uploads\/2024\/06\/03015-O-670x1024.jpg","type":"image\/jpeg"}],"twitter_card":"summary_large_image","twitter_misc":{"Tempo estimado de leitura":"1 minuto"},"schema":{"@context":"https:\/\/schema.org","@graph":[{"@type":"WebPage","@id":"https:\/\/www.lamigraf.com\/pt-pt\/designs\/iris\/","url":"https:\/\/www.lamigraf.com\/pt-pt\/designs\/iris\/","name":"IRIS - Lamigraf","isPartOf":{"@id":"https:\/\/www.lamigraf.com\/#website"},"primaryImageOfPage":{"@id":"https:\/\/www.lamigraf.com\/pt-pt\/designs\/iris\/#primaryimage"},"image":{"@id":"https:\/\/www.lamigraf.com\/pt-pt\/designs\/iris\/#primaryimage"},"thumbnailUrl":"https:\/\/www.lamigraf.com\/wp-content\/uploads\/2024\/06\/03015-O-scaled.jpg","datePublished":"2024-06-07T07:50:58+00:00","dateModified":"2025-04-09T10:07:11+00:00","breadcrumb":{"@id":"https:\/\/www.lamigraf.com\/pt-pt\/designs\/iris\/#breadcrumb"},"inLanguage":"pt-PT","potentialAction":[{"@type":"ReadAction","target":["https:\/\/www.lamigraf.com\/pt-pt\/designs\/iris\/"]}]},{"@type":"ImageObject","inLanguage":"pt-PT","@id":"https:\/\/www.lamigraf.com\/pt-pt\/designs\/iris\/#primaryimage","url":"https:\/\/www.lamigraf.com\/wp-content\/uploads\/2024\/06\/03015-O-scaled.jpg","contentUrl":"https:\/\/www.lamigraf.com\/wp-content\/uploads\/2024\/06\/03015-O-scaled.jpg","width":1674,"height":2560},{"@type":"BreadcrumbList","@id":"https:\/\/www.lamigraf.com\/pt-pt\/designs\/iris\/#breadcrumb","itemListElement":[{"@type":"ListItem","position":1,"name":"Home","item":"https:\/\/www.lamigraf.com\/pt-pt\/"},{"@type":"ListItem","position":2,"name":"Designs","item":"https:\/\/www.lamigraf.com\/designs\/"},{"@type":"ListItem","position":3,"name":"IRIS"}]},{"@type":"WebSite","@id":"https:\/\/www.lamigraf.com\/#website","url":"https:\/\/www.lamigraf.com\/","name":"Lamigraf","description":"","publisher":{"@id":"https:\/\/www.lamigraf.com\/#organization"},"potentialAction":[{"@type":"SearchAction","target":{"@type":"EntryPoint","urlTemplate":"https:\/\/www.lamigraf.com\/?s={search_term_string}"},"query-input":{"@type":"PropertyValueSpecification","valueRequired":true,"valueName":"search_term_string"}}],"inLanguage":"pt-PT"},{"@type":"Organization","@id":"https:\/\/www.lamigraf.com\/#organization","name":"Lamigraf","url":"https:\/\/www.lamigraf.com\/","logo":{"@type":"ImageObject","inLanguage":"pt-PT","@id":"https:\/\/www.lamigraf.com\/#\/schema\/logo\/image\/","url":"https:\/\/www.lamigraf.com\/wp-content\/uploads\/2024\/05\/Logo-white.svg","contentUrl":"https:\/\/www.lamigraf.com\/wp-content\/uploads\/2024\/05\/Logo-white.svg","width":147,"height":36,"caption":"Lamigraf"},"image":{"@id":"https:\/\/www.lamigraf.com\/#\/schema\/logo\/image\/"}}]}},"_links":{"self":[{"href":"https:\/\/www.lamigraf.com\/pt-pt\/wp-json\/wp\/v2\/product\/87949","targetHints":{"allow":["GET"]}}],"collection":[{"href":"https:\/\/www.lamigraf.com\/pt-pt\/wp-json\/wp\/v2\/product"}],"about":[{"href":"https:\/\/www.lamigraf.com\/pt-pt\/wp-json\/wp\/v2\/types\/product"}],"version-history":[{"count":1,"href":"https:\/\/www.lamigraf.com\/pt-pt\/wp-json\/wp\/v2\/product\/87949\/revisions"}],"predecessor-version":[{"id":87952,"href":"https:\/\/www.lamigraf.com\/pt-pt\/wp-json\/wp\/v2\/product\/87949\/revisions\/87952"}],"acf:attachment":[{"embeddable":true,"href":"https:\/\/www.lamigraf.com\/pt-pt\/wp-json\/wp\/v2\/media\/13066"},{"embeddable":true,"href":"https:\/\/www.lamigraf.com\/pt-pt\/wp-json\/wp\/v2\/media\/79594"},{"embeddable":true,"href":"https:\/\/www.lamigraf.com\/pt-pt\/wp-json\/wp\/v2\/media\/77739"}],"wp:featuredmedia":[{"embeddable":true,"href":"https:\/\/www.lamigraf.com\/pt-pt\/wp-json\/wp\/v2\/media\/13059"}],"wp:attachment":[{"href":"https:\/\/www.lamigraf.com\/pt-pt\/wp-json\/wp\/v2\/media?parent=87949"}],"wp:term":[{"taxonomy":"product_applications","embeddable":true,"href":"https:\/\/www.lamigraf.com\/pt-pt\/wp-json\/wp\/v2\/applications?post=87949"},{"taxonomy":"product_type","embeddable":true,"href":"https:\/\/www.lamigraf.com\/pt-pt\/wp-json\/wp\/v2\/design-types?post=87949"},{"taxonomy":"product_characteristics","embeddable":true,"href":"https:\/\/www.lamigraf.com\/pt-pt\/wp-json\/wp\/v2\/characteristics?post=87949"},{"taxonomy":"product_apparence","embeddable":true,"href":"https:\/\/www.lamigraf.com\/pt-pt\/wp-json\/wp\/v2\/appearance?post=87949"}],"curies":[{"name":"wp","href":"https:\/\/api.w.org\/{rel}","templated":true}]}}