{"id":89629,"date":"2024-06-07T09:50:35","date_gmt":"2024-06-07T07:50:35","guid":{"rendered":"https:\/\/www.lamigraf.com\/designs\/royce-walnut\/"},"modified":"2025-04-23T15:12:25","modified_gmt":"2025-04-23T13:12:25","slug":"royce-walnut","status":"publish","type":"product","link":"https:\/\/www.lamigraf.com\/pt-pt\/designs\/royce-walnut\/","title":{"rendered":"ROYCE WALNUT"},"content":{"rendered":"\n<p>Muito harmonioso e claro em toda a sua composi\u00e7\u00e3o, com catedrais leves e suaves. Royce Walnut \u00e9 um design calmo e delicado que transmite paz e bem-estar ao ambiente.<\/p>\n","protected":false},"excerpt":{"rendered":"<p>Muito harmonioso e claro em toda a sua composi\u00e7\u00e3o, com catedrais leves e suaves. Royce Walnut \u00e9 um design calmo e delicado que transmite paz e bem-estar ao ambiente.<\/p>\n","protected":false},"featured_media":18267,"template":"","meta":{"_acf_changed":false,"_gspb_post_css":"","footnotes":""},"applications":[1061],"design-types":[930,1088],"characteristics":[997],"appearance":[1033],"class_list":["post-89629","product","type-product","status-publish","has-post-thumbnail","hentry","product_applications-furniture-pt","product_type-wood-pt","product_type-walnut-pt-pt","product_characteristics-cathedrals-pt","product_apparence-french-bleed-pt"],"acf":{"code":"2679","peripheral_development":"1300","axial_development":"2200","cylinders":"3","data_sheet":79069,"collections":[{"code":"2679-0301","thumbnail":18239,"render":78548},{"code":"2679-0302","thumbnail":18281,"render":78554},{"code":"2679-0303","thumbnail":18246,"render":78560},{"code":"2679-0304","thumbnail":18253,"render":78566}],"usages":[18274,81703,81727,81721,81715],"inspiration":{"top":{"title":"Painel de parede","thumbnail":81654,"reference":"02638-D004"},"bottom_title":"Guarda-roupa"},"hover_image":18274,"eir":"","collaborator":{"name":"HR10543 MKT-00","link":"https:\/\/www.mkt-gmbh.com\/en\/Edgebandingfinder\/Edge\/?id=15261-10543-MKT-02"},"synchro_wood":false,"novedad":false},"yoast_head":"<!-- This site is optimized with the Yoast SEO plugin v25.2 - https:\/\/yoast.com\/wordpress\/plugins\/seo\/ -->\n<title>ROYCE WALNUT - Lamigraf<\/title>\n<meta name=\"robots\" content=\"index, follow, max-snippet:-1, max-image-preview:large, max-video-preview:-1\" \/>\n<link rel=\"canonical\" href=\"https:\/\/www.lamigraf.com\/pt-pt\/designs\/royce-walnut\/\" \/>\n<meta property=\"og:locale\" content=\"pt_PT\" \/>\n<meta property=\"og:type\" content=\"article\" \/>\n<meta property=\"og:title\" content=\"ROYCE WALNUT - Lamigraf\" \/>\n<meta property=\"og:description\" content=\"Muito harmonioso e claro em toda a sua composi\u00e7\u00e3o, com catedrais leves e suaves. Royce Walnut \u00e9 um design calmo e delicado que transmite paz e bem-estar ao ambiente.\" \/>\n<meta property=\"og:url\" content=\"https:\/\/www.lamigraf.com\/pt-pt\/designs\/royce-walnut\/\" \/>\n<meta property=\"og:site_name\" content=\"Lamigraf\" \/>\n<meta property=\"article:modified_time\" content=\"2025-04-23T13:12:25+00:00\" \/>\n<meta property=\"og:image\" content=\"https:\/\/www.lamigraf.com\/wp-content\/uploads\/2024\/06\/02679-O-scaled.jpg\" \/>\n\t<meta property=\"og:image:width\" content=\"1398\" \/>\n\t<meta property=\"og:image:height\" content=\"2560\" \/>\n\t<meta property=\"og:image:type\" content=\"image\/jpeg\" \/>\n<meta name=\"twitter:card\" content=\"summary_large_image\" \/>\n<meta name=\"twitter:label1\" content=\"Tempo estimado de leitura\" \/>\n\t<meta name=\"twitter:data1\" content=\"1 minuto\" \/>\n<script type=\"application\/ld+json\" class=\"yoast-schema-graph\">{\"@context\":\"https:\/\/schema.org\",\"@graph\":[{\"@type\":\"WebPage\",\"@id\":\"https:\/\/www.lamigraf.com\/pt-pt\/designs\/royce-walnut\/\",\"url\":\"https:\/\/www.lamigraf.com\/pt-pt\/designs\/royce-walnut\/\",\"name\":\"ROYCE WALNUT - Lamigraf\",\"isPartOf\":{\"@id\":\"https:\/\/www.lamigraf.com\/#website\"},\"primaryImageOfPage\":{\"@id\":\"https:\/\/www.lamigraf.com\/pt-pt\/designs\/royce-walnut\/#primaryimage\"},\"image\":{\"@id\":\"https:\/\/www.lamigraf.com\/pt-pt\/designs\/royce-walnut\/#primaryimage\"},\"thumbnailUrl\":\"https:\/\/www.lamigraf.com\/wp-content\/uploads\/2024\/06\/02679-O-scaled.jpg\",\"datePublished\":\"2024-06-07T07:50:35+00:00\",\"dateModified\":\"2025-04-23T13:12:25+00:00\",\"breadcrumb\":{\"@id\":\"https:\/\/www.lamigraf.com\/pt-pt\/designs\/royce-walnut\/#breadcrumb\"},\"inLanguage\":\"pt-PT\",\"potentialAction\":[{\"@type\":\"ReadAction\",\"target\":[\"https:\/\/www.lamigraf.com\/pt-pt\/designs\/royce-walnut\/\"]}]},{\"@type\":\"ImageObject\",\"inLanguage\":\"pt-PT\",\"@id\":\"https:\/\/www.lamigraf.com\/pt-pt\/designs\/royce-walnut\/#primaryimage\",\"url\":\"https:\/\/www.lamigraf.com\/wp-content\/uploads\/2024\/06\/02679-O-scaled.jpg\",\"contentUrl\":\"https:\/\/www.lamigraf.com\/wp-content\/uploads\/2024\/06\/02679-O-scaled.jpg\",\"width\":1398,\"height\":2560},{\"@type\":\"BreadcrumbList\",\"@id\":\"https:\/\/www.lamigraf.com\/pt-pt\/designs\/royce-walnut\/#breadcrumb\",\"itemListElement\":[{\"@type\":\"ListItem\",\"position\":1,\"name\":\"Home\",\"item\":\"https:\/\/www.lamigraf.com\/pt-pt\/\"},{\"@type\":\"ListItem\",\"position\":2,\"name\":\"Designs\",\"item\":\"https:\/\/www.lamigraf.com\/designs\/\"},{\"@type\":\"ListItem\",\"position\":3,\"name\":\"ROYCE WALNUT\"}]},{\"@type\":\"WebSite\",\"@id\":\"https:\/\/www.lamigraf.com\/#website\",\"url\":\"https:\/\/www.lamigraf.com\/\",\"name\":\"Lamigraf\",\"description\":\"\",\"publisher\":{\"@id\":\"https:\/\/www.lamigraf.com\/#organization\"},\"potentialAction\":[{\"@type\":\"SearchAction\",\"target\":{\"@type\":\"EntryPoint\",\"urlTemplate\":\"https:\/\/www.lamigraf.com\/?s={search_term_string}\"},\"query-input\":{\"@type\":\"PropertyValueSpecification\",\"valueRequired\":true,\"valueName\":\"search_term_string\"}}],\"inLanguage\":\"pt-PT\"},{\"@type\":\"Organization\",\"@id\":\"https:\/\/www.lamigraf.com\/#organization\",\"name\":\"Lamigraf\",\"url\":\"https:\/\/www.lamigraf.com\/\",\"logo\":{\"@type\":\"ImageObject\",\"inLanguage\":\"pt-PT\",\"@id\":\"https:\/\/www.lamigraf.com\/#\/schema\/logo\/image\/\",\"url\":\"https:\/\/www.lamigraf.com\/wp-content\/uploads\/2024\/05\/Logo-white.svg\",\"contentUrl\":\"https:\/\/www.lamigraf.com\/wp-content\/uploads\/2024\/05\/Logo-white.svg\",\"width\":147,\"height\":36,\"caption\":\"Lamigraf\"},\"image\":{\"@id\":\"https:\/\/www.lamigraf.com\/#\/schema\/logo\/image\/\"}}]}<\/script>\n<!-- \/ Yoast SEO plugin. -->","yoast_head_json":{"title":"ROYCE WALNUT - Lamigraf","robots":{"index":"index","follow":"follow","max-snippet":"max-snippet:-1","max-image-preview":"max-image-preview:large","max-video-preview":"max-video-preview:-1"},"canonical":"https:\/\/www.lamigraf.com\/pt-pt\/designs\/royce-walnut\/","og_locale":"pt_PT","og_type":"article","og_title":"ROYCE WALNUT - Lamigraf","og_description":"Muito harmonioso e claro em toda a sua composi\u00e7\u00e3o, com catedrais leves e suaves. Royce Walnut \u00e9 um design calmo e delicado que transmite paz e bem-estar ao ambiente.","og_url":"https:\/\/www.lamigraf.com\/pt-pt\/designs\/royce-walnut\/","og_site_name":"Lamigraf","article_modified_time":"2025-04-23T13:12:25+00:00","og_image":[{"width":1398,"height":2560,"url":"https:\/\/www.lamigraf.com\/wp-content\/uploads\/2024\/06\/02679-O-scaled.jpg","type":"image\/jpeg"}],"twitter_card":"summary_large_image","twitter_misc":{"Tempo estimado de leitura":"1 minuto"},"schema":{"@context":"https:\/\/schema.org","@graph":[{"@type":"WebPage","@id":"https:\/\/www.lamigraf.com\/pt-pt\/designs\/royce-walnut\/","url":"https:\/\/www.lamigraf.com\/pt-pt\/designs\/royce-walnut\/","name":"ROYCE WALNUT - Lamigraf","isPartOf":{"@id":"https:\/\/www.lamigraf.com\/#website"},"primaryImageOfPage":{"@id":"https:\/\/www.lamigraf.com\/pt-pt\/designs\/royce-walnut\/#primaryimage"},"image":{"@id":"https:\/\/www.lamigraf.com\/pt-pt\/designs\/royce-walnut\/#primaryimage"},"thumbnailUrl":"https:\/\/www.lamigraf.com\/wp-content\/uploads\/2024\/06\/02679-O-scaled.jpg","datePublished":"2024-06-07T07:50:35+00:00","dateModified":"2025-04-23T13:12:25+00:00","breadcrumb":{"@id":"https:\/\/www.lamigraf.com\/pt-pt\/designs\/royce-walnut\/#breadcrumb"},"inLanguage":"pt-PT","potentialAction":[{"@type":"ReadAction","target":["https:\/\/www.lamigraf.com\/pt-pt\/designs\/royce-walnut\/"]}]},{"@type":"ImageObject","inLanguage":"pt-PT","@id":"https:\/\/www.lamigraf.com\/pt-pt\/designs\/royce-walnut\/#primaryimage","url":"https:\/\/www.lamigraf.com\/wp-content\/uploads\/2024\/06\/02679-O-scaled.jpg","contentUrl":"https:\/\/www.lamigraf.com\/wp-content\/uploads\/2024\/06\/02679-O-scaled.jpg","width":1398,"height":2560},{"@type":"BreadcrumbList","@id":"https:\/\/www.lamigraf.com\/pt-pt\/designs\/royce-walnut\/#breadcrumb","itemListElement":[{"@type":"ListItem","position":1,"name":"Home","item":"https:\/\/www.lamigraf.com\/pt-pt\/"},{"@type":"ListItem","position":2,"name":"Designs","item":"https:\/\/www.lamigraf.com\/designs\/"},{"@type":"ListItem","position":3,"name":"ROYCE WALNUT"}]},{"@type":"WebSite","@id":"https:\/\/www.lamigraf.com\/#website","url":"https:\/\/www.lamigraf.com\/","name":"Lamigraf","description":"","publisher":{"@id":"https:\/\/www.lamigraf.com\/#organization"},"potentialAction":[{"@type":"SearchAction","target":{"@type":"EntryPoint","urlTemplate":"https:\/\/www.lamigraf.com\/?s={search_term_string}"},"query-input":{"@type":"PropertyValueSpecification","valueRequired":true,"valueName":"search_term_string"}}],"inLanguage":"pt-PT"},{"@type":"Organization","@id":"https:\/\/www.lamigraf.com\/#organization","name":"Lamigraf","url":"https:\/\/www.lamigraf.com\/","logo":{"@type":"ImageObject","inLanguage":"pt-PT","@id":"https:\/\/www.lamigraf.com\/#\/schema\/logo\/image\/","url":"https:\/\/www.lamigraf.com\/wp-content\/uploads\/2024\/05\/Logo-white.svg","contentUrl":"https:\/\/www.lamigraf.com\/wp-content\/uploads\/2024\/05\/Logo-white.svg","width":147,"height":36,"caption":"Lamigraf"},"image":{"@id":"https:\/\/www.lamigraf.com\/#\/schema\/logo\/image\/"}}]}},"_links":{"self":[{"href":"https:\/\/www.lamigraf.com\/pt-pt\/wp-json\/wp\/v2\/product\/89629","targetHints":{"allow":["GET"]}}],"collection":[{"href":"https:\/\/www.lamigraf.com\/pt-pt\/wp-json\/wp\/v2\/product"}],"about":[{"href":"https:\/\/www.lamigraf.com\/pt-pt\/wp-json\/wp\/v2\/types\/product"}],"version-history":[{"count":2,"href":"https:\/\/www.lamigraf.com\/pt-pt\/wp-json\/wp\/v2\/product\/89629\/revisions"}],"predecessor-version":[{"id":89636,"href":"https:\/\/www.lamigraf.com\/pt-pt\/wp-json\/wp\/v2\/product\/89629\/revisions\/89636"}],"acf:attachment":[{"embeddable":true,"href":"https:\/\/www.lamigraf.com\/pt-pt\/wp-json\/wp\/v2\/media\/81715"},{"embeddable":true,"href":"https:\/\/www.lamigraf.com\/pt-pt\/wp-json\/wp\/v2\/media\/81721"},{"embeddable":true,"href":"https:\/\/www.lamigraf.com\/pt-pt\/wp-json\/wp\/v2\/media\/81727"},{"embeddable":true,"href":"https:\/\/www.lamigraf.com\/pt-pt\/wp-json\/wp\/v2\/media\/81703"},{"embeddable":true,"href":"https:\/\/www.lamigraf.com\/pt-pt\/wp-json\/wp\/v2\/media\/18274"}],"wp:featuredmedia":[{"embeddable":true,"href":"https:\/\/www.lamigraf.com\/pt-pt\/wp-json\/wp\/v2\/media\/18267"}],"wp:attachment":[{"href":"https:\/\/www.lamigraf.com\/pt-pt\/wp-json\/wp\/v2\/media?parent=89629"}],"wp:term":[{"taxonomy":"product_applications","embeddable":true,"href":"https:\/\/www.lamigraf.com\/pt-pt\/wp-json\/wp\/v2\/applications?post=89629"},{"taxonomy":"product_type","embeddable":true,"href":"https:\/\/www.lamigraf.com\/pt-pt\/wp-json\/wp\/v2\/design-types?post=89629"},{"taxonomy":"product_characteristics","embeddable":true,"href":"https:\/\/www.lamigraf.com\/pt-pt\/wp-json\/wp\/v2\/characteristics?post=89629"},{"taxonomy":"product_apparence","embeddable":true,"href":"https:\/\/www.lamigraf.com\/pt-pt\/wp-json\/wp\/v2\/appearance?post=89629"}],"curies":[{"name":"wp","href":"https:\/\/api.w.org\/{rel}","templated":true}]}}