{"id":92767,"date":"2025-05-14T12:30:20","date_gmt":"2025-05-14T10:30:20","guid":{"rendered":"https:\/\/www.lamigraf.com\/designs\/andromeda\/"},"modified":"2025-07-16T09:57:19","modified_gmt":"2025-07-16T07:57:19","slug":"andromeda","status":"publish","type":"product","link":"https:\/\/www.lamigraf.com\/pt-pt\/designs\/andromeda\/","title":{"rendered":"ANDROMEDA"},"content":{"rendered":"\n<p>Andromeda \u00e9 uma decora\u00e7\u00e3o que incorpora a eleg\u00e2ncia refinada do castanheiro, oferecendo uma est\u00e9tica moderna e limpa, sem elementos que distraiam. O design apresenta suaves e l\u00fadicas meias catedrais, com um padr\u00e3o de poros proeminente que cria uma textura bela e uniforme. Levemente escovada para manter a superf\u00edcie lisa, Andromeda exala um charme contempor\u00e2neo ao mesmo tempo que conserva um calor natural. O efeito ripado refor\u00e7a seu apelo moderno, enquanto a possibilidade de corte livre do material proporciona versatilidade e um toque din\u00e2mico a qualquer ambiente. A sofistica\u00e7\u00e3o discreta e as linhas limpas de Andromeda tornam-na a escolha perfeita para interiores que buscam eleg\u00e2ncia e inova\u00e7\u00e3o.<\/p>\n\n\n\n<p><\/p>\n","protected":false},"excerpt":{"rendered":"<p>Andromeda \u00e9 uma decora\u00e7\u00e3o que incorpora a eleg\u00e2ncia refinada do castanheiro, oferecendo uma est\u00e9tica moderna e limpa, sem elementos que distraiam. O design apresenta suaves e l\u00fadicas meias catedrais, com um padr\u00e3o de poros proeminente que cria uma textura bela e uniforme. Levemente escovada para manter a superf\u00edcie lisa, Andromeda exala um charme contempor\u00e2neo ao [&hellip;]<\/p>\n","protected":false},"featured_media":97275,"template":"","meta":{"_acf_changed":false,"_gspb_post_css":"","footnotes":""},"applications":[1061],"design-types":[930,947],"characteristics":[999,1003],"appearance":[1032],"class_list":["post-92767","product","type-product","status-publish","has-post-thumbnail","hentry","product_applications-furniture-pt","product_type-wood-pt","product_type-chestnut-pt","product_characteristics-half-cathedrals-pt-pt","product_characteristics-planked-pt","product_apparence-brushed-pt"],"acf":{"code":"3122","peripheral_development":"1,300","axial_development":"2,200","cylinders":"3","data_sheet":92720,"collections":[{"code":"3122-0301","thumbnail":97268,"render":103738},{"code":"3122-0302","thumbnail":97282,"render":103745},{"code":"3122-0303","thumbnail":97289,"render":103752},{"code":"3122-0304","thumbnail":97296,"render":""}],"usages":[97261,103738],"inspiration":{"top":{"title":"Portas superiores do arm\u00e1rio","thumbnail":97332,"reference":"2992-0205"},"bottom_title":"Portas inferiores do arm\u00e1rio"},"hover_image":97261,"eir":"","collaborator":{"name":"","link":""},"synchro_wood":false,"novedad":false},"yoast_head":"<!-- This site is optimized with the Yoast SEO plugin v25.2 - https:\/\/yoast.com\/wordpress\/plugins\/seo\/ -->\n<title>ANDROMEDA - Lamigraf<\/title>\n<meta name=\"robots\" content=\"index, follow, max-snippet:-1, max-image-preview:large, max-video-preview:-1\" \/>\n<link rel=\"canonical\" href=\"https:\/\/www.lamigraf.com\/pt-pt\/designs\/andromeda\/\" \/>\n<meta property=\"og:locale\" content=\"pt_PT\" \/>\n<meta property=\"og:type\" content=\"article\" \/>\n<meta property=\"og:title\" content=\"ANDROMEDA - Lamigraf\" \/>\n<meta property=\"og:description\" content=\"Andromeda \u00e9 uma decora\u00e7\u00e3o que incorpora a eleg\u00e2ncia refinada do castanheiro, oferecendo uma est\u00e9tica moderna e limpa, sem elementos que distraiam. O design apresenta suaves e l\u00fadicas meias catedrais, com um padr\u00e3o de poros proeminente que cria uma textura bela e uniforme. Levemente escovada para manter a superf\u00edcie lisa, Andromeda exala um charme contempor\u00e2neo ao [&hellip;]\" \/>\n<meta property=\"og:url\" content=\"https:\/\/www.lamigraf.com\/pt-pt\/designs\/andromeda\/\" \/>\n<meta property=\"og:site_name\" content=\"Lamigraf\" \/>\n<meta property=\"article:modified_time\" content=\"2025-07-16T07:57:19+00:00\" \/>\n<meta property=\"og:image\" content=\"https:\/\/www.lamigraf.com\/wp-content\/uploads\/2025\/05\/3122-0301-1.jpg\" \/>\n\t<meta property=\"og:image:width\" content=\"1135\" \/>\n\t<meta property=\"og:image:height\" content=\"1920\" \/>\n\t<meta property=\"og:image:type\" content=\"image\/jpeg\" \/>\n<meta name=\"twitter:card\" content=\"summary_large_image\" \/>\n<meta name=\"twitter:label1\" content=\"Tempo estimado de leitura\" \/>\n\t<meta name=\"twitter:data1\" content=\"1 minuto\" \/>\n<script type=\"application\/ld+json\" class=\"yoast-schema-graph\">{\"@context\":\"https:\/\/schema.org\",\"@graph\":[{\"@type\":\"WebPage\",\"@id\":\"https:\/\/www.lamigraf.com\/pt-pt\/designs\/andromeda\/\",\"url\":\"https:\/\/www.lamigraf.com\/pt-pt\/designs\/andromeda\/\",\"name\":\"ANDROMEDA - Lamigraf\",\"isPartOf\":{\"@id\":\"https:\/\/www.lamigraf.com\/#website\"},\"primaryImageOfPage\":{\"@id\":\"https:\/\/www.lamigraf.com\/pt-pt\/designs\/andromeda\/#primaryimage\"},\"image\":{\"@id\":\"https:\/\/www.lamigraf.com\/pt-pt\/designs\/andromeda\/#primaryimage\"},\"thumbnailUrl\":\"https:\/\/www.lamigraf.com\/wp-content\/uploads\/2025\/05\/3122-0301-1.jpg\",\"datePublished\":\"2025-05-14T10:30:20+00:00\",\"dateModified\":\"2025-07-16T07:57:19+00:00\",\"breadcrumb\":{\"@id\":\"https:\/\/www.lamigraf.com\/pt-pt\/designs\/andromeda\/#breadcrumb\"},\"inLanguage\":\"pt-PT\",\"potentialAction\":[{\"@type\":\"ReadAction\",\"target\":[\"https:\/\/www.lamigraf.com\/pt-pt\/designs\/andromeda\/\"]}]},{\"@type\":\"ImageObject\",\"inLanguage\":\"pt-PT\",\"@id\":\"https:\/\/www.lamigraf.com\/pt-pt\/designs\/andromeda\/#primaryimage\",\"url\":\"https:\/\/www.lamigraf.com\/wp-content\/uploads\/2025\/05\/3122-0301-1.jpg\",\"contentUrl\":\"https:\/\/www.lamigraf.com\/wp-content\/uploads\/2025\/05\/3122-0301-1.jpg\",\"width\":1135,\"height\":1920},{\"@type\":\"BreadcrumbList\",\"@id\":\"https:\/\/www.lamigraf.com\/pt-pt\/designs\/andromeda\/#breadcrumb\",\"itemListElement\":[{\"@type\":\"ListItem\",\"position\":1,\"name\":\"Home\",\"item\":\"https:\/\/www.lamigraf.com\/pt-pt\/\"},{\"@type\":\"ListItem\",\"position\":2,\"name\":\"Designs\",\"item\":\"https:\/\/www.lamigraf.com\/designs\/\"},{\"@type\":\"ListItem\",\"position\":3,\"name\":\"ANDROMEDA\"}]},{\"@type\":\"WebSite\",\"@id\":\"https:\/\/www.lamigraf.com\/#website\",\"url\":\"https:\/\/www.lamigraf.com\/\",\"name\":\"Lamigraf\",\"description\":\"\",\"publisher\":{\"@id\":\"https:\/\/www.lamigraf.com\/#organization\"},\"potentialAction\":[{\"@type\":\"SearchAction\",\"target\":{\"@type\":\"EntryPoint\",\"urlTemplate\":\"https:\/\/www.lamigraf.com\/?s={search_term_string}\"},\"query-input\":{\"@type\":\"PropertyValueSpecification\",\"valueRequired\":true,\"valueName\":\"search_term_string\"}}],\"inLanguage\":\"pt-PT\"},{\"@type\":\"Organization\",\"@id\":\"https:\/\/www.lamigraf.com\/#organization\",\"name\":\"Lamigraf\",\"url\":\"https:\/\/www.lamigraf.com\/\",\"logo\":{\"@type\":\"ImageObject\",\"inLanguage\":\"pt-PT\",\"@id\":\"https:\/\/www.lamigraf.com\/#\/schema\/logo\/image\/\",\"url\":\"https:\/\/www.lamigraf.com\/wp-content\/uploads\/2024\/05\/Logo-white.svg\",\"contentUrl\":\"https:\/\/www.lamigraf.com\/wp-content\/uploads\/2024\/05\/Logo-white.svg\",\"width\":147,\"height\":36,\"caption\":\"Lamigraf\"},\"image\":{\"@id\":\"https:\/\/www.lamigraf.com\/#\/schema\/logo\/image\/\"}}]}<\/script>\n<!-- \/ Yoast SEO plugin. -->","yoast_head_json":{"title":"ANDROMEDA - Lamigraf","robots":{"index":"index","follow":"follow","max-snippet":"max-snippet:-1","max-image-preview":"max-image-preview:large","max-video-preview":"max-video-preview:-1"},"canonical":"https:\/\/www.lamigraf.com\/pt-pt\/designs\/andromeda\/","og_locale":"pt_PT","og_type":"article","og_title":"ANDROMEDA - Lamigraf","og_description":"Andromeda \u00e9 uma decora\u00e7\u00e3o que incorpora a eleg\u00e2ncia refinada do castanheiro, oferecendo uma est\u00e9tica moderna e limpa, sem elementos que distraiam. O design apresenta suaves e l\u00fadicas meias catedrais, com um padr\u00e3o de poros proeminente que cria uma textura bela e uniforme. Levemente escovada para manter a superf\u00edcie lisa, Andromeda exala um charme contempor\u00e2neo ao [&hellip;]","og_url":"https:\/\/www.lamigraf.com\/pt-pt\/designs\/andromeda\/","og_site_name":"Lamigraf","article_modified_time":"2025-07-16T07:57:19+00:00","og_image":[{"width":1135,"height":1920,"url":"https:\/\/www.lamigraf.com\/wp-content\/uploads\/2025\/05\/3122-0301-1.jpg","type":"image\/jpeg"}],"twitter_card":"summary_large_image","twitter_misc":{"Tempo estimado de leitura":"1 minuto"},"schema":{"@context":"https:\/\/schema.org","@graph":[{"@type":"WebPage","@id":"https:\/\/www.lamigraf.com\/pt-pt\/designs\/andromeda\/","url":"https:\/\/www.lamigraf.com\/pt-pt\/designs\/andromeda\/","name":"ANDROMEDA - Lamigraf","isPartOf":{"@id":"https:\/\/www.lamigraf.com\/#website"},"primaryImageOfPage":{"@id":"https:\/\/www.lamigraf.com\/pt-pt\/designs\/andromeda\/#primaryimage"},"image":{"@id":"https:\/\/www.lamigraf.com\/pt-pt\/designs\/andromeda\/#primaryimage"},"thumbnailUrl":"https:\/\/www.lamigraf.com\/wp-content\/uploads\/2025\/05\/3122-0301-1.jpg","datePublished":"2025-05-14T10:30:20+00:00","dateModified":"2025-07-16T07:57:19+00:00","breadcrumb":{"@id":"https:\/\/www.lamigraf.com\/pt-pt\/designs\/andromeda\/#breadcrumb"},"inLanguage":"pt-PT","potentialAction":[{"@type":"ReadAction","target":["https:\/\/www.lamigraf.com\/pt-pt\/designs\/andromeda\/"]}]},{"@type":"ImageObject","inLanguage":"pt-PT","@id":"https:\/\/www.lamigraf.com\/pt-pt\/designs\/andromeda\/#primaryimage","url":"https:\/\/www.lamigraf.com\/wp-content\/uploads\/2025\/05\/3122-0301-1.jpg","contentUrl":"https:\/\/www.lamigraf.com\/wp-content\/uploads\/2025\/05\/3122-0301-1.jpg","width":1135,"height":1920},{"@type":"BreadcrumbList","@id":"https:\/\/www.lamigraf.com\/pt-pt\/designs\/andromeda\/#breadcrumb","itemListElement":[{"@type":"ListItem","position":1,"name":"Home","item":"https:\/\/www.lamigraf.com\/pt-pt\/"},{"@type":"ListItem","position":2,"name":"Designs","item":"https:\/\/www.lamigraf.com\/designs\/"},{"@type":"ListItem","position":3,"name":"ANDROMEDA"}]},{"@type":"WebSite","@id":"https:\/\/www.lamigraf.com\/#website","url":"https:\/\/www.lamigraf.com\/","name":"Lamigraf","description":"","publisher":{"@id":"https:\/\/www.lamigraf.com\/#organization"},"potentialAction":[{"@type":"SearchAction","target":{"@type":"EntryPoint","urlTemplate":"https:\/\/www.lamigraf.com\/?s={search_term_string}"},"query-input":{"@type":"PropertyValueSpecification","valueRequired":true,"valueName":"search_term_string"}}],"inLanguage":"pt-PT"},{"@type":"Organization","@id":"https:\/\/www.lamigraf.com\/#organization","name":"Lamigraf","url":"https:\/\/www.lamigraf.com\/","logo":{"@type":"ImageObject","inLanguage":"pt-PT","@id":"https:\/\/www.lamigraf.com\/#\/schema\/logo\/image\/","url":"https:\/\/www.lamigraf.com\/wp-content\/uploads\/2024\/05\/Logo-white.svg","contentUrl":"https:\/\/www.lamigraf.com\/wp-content\/uploads\/2024\/05\/Logo-white.svg","width":147,"height":36,"caption":"Lamigraf"},"image":{"@id":"https:\/\/www.lamigraf.com\/#\/schema\/logo\/image\/"}}]}},"_links":{"self":[{"href":"https:\/\/www.lamigraf.com\/pt-pt\/wp-json\/wp\/v2\/product\/92767","targetHints":{"allow":["GET"]}}],"collection":[{"href":"https:\/\/www.lamigraf.com\/pt-pt\/wp-json\/wp\/v2\/product"}],"about":[{"href":"https:\/\/www.lamigraf.com\/pt-pt\/wp-json\/wp\/v2\/types\/product"}],"version-history":[{"count":2,"href":"https:\/\/www.lamigraf.com\/pt-pt\/wp-json\/wp\/v2\/product\/92767\/revisions"}],"predecessor-version":[{"id":106344,"href":"https:\/\/www.lamigraf.com\/pt-pt\/wp-json\/wp\/v2\/product\/92767\/revisions\/106344"}],"acf:attachment":[{"embeddable":true,"href":"https:\/\/www.lamigraf.com\/pt-pt\/wp-json\/wp\/v2\/media\/103738"},{"embeddable":true,"href":"https:\/\/www.lamigraf.com\/pt-pt\/wp-json\/wp\/v2\/media\/97261"}],"wp:featuredmedia":[{"embeddable":true,"href":"https:\/\/www.lamigraf.com\/pt-pt\/wp-json\/wp\/v2\/media\/97275"}],"wp:attachment":[{"href":"https:\/\/www.lamigraf.com\/pt-pt\/wp-json\/wp\/v2\/media?parent=92767"}],"wp:term":[{"taxonomy":"product_applications","embeddable":true,"href":"https:\/\/www.lamigraf.com\/pt-pt\/wp-json\/wp\/v2\/applications?post=92767"},{"taxonomy":"product_type","embeddable":true,"href":"https:\/\/www.lamigraf.com\/pt-pt\/wp-json\/wp\/v2\/design-types?post=92767"},{"taxonomy":"product_characteristics","embeddable":true,"href":"https:\/\/www.lamigraf.com\/pt-pt\/wp-json\/wp\/v2\/characteristics?post=92767"},{"taxonomy":"product_apparence","embeddable":true,"href":"https:\/\/www.lamigraf.com\/pt-pt\/wp-json\/wp\/v2\/appearance?post=92767"}],"curies":[{"name":"wp","href":"https:\/\/api.w.org\/{rel}","templated":true}]}}