{"id":118622,"date":"2026-05-12T16:50:38","date_gmt":"2026-05-12T14:50:38","guid":{"rendered":"https:\/\/www.lamigraf.com\/cerez-politikasi\/"},"modified":"2026-05-12T16:50:43","modified_gmt":"2026-05-12T14:50:43","slug":"cerez-politikasi","status":"publish","type":"page","link":"https:\/\/www.lamigraf.com\/tr\/cerez-politikasi\/","title":{"rendered":"\u00c7erez Politikas\u0131"},"content":{"rendered":"\n<p><strong>1.- \u00c7erezler nedir?<\/strong><\/p>\n\n<p>\u00c7erezler, belirli web sitelerine eri\u015fildi\u011finde kullan\u0131c\u0131n\u0131n cihaz\u0131na (bilgisayar\/ak\u0131ll\u0131 telefon\/tablet) indirilen ve belle\u011finde saklanan dosyalard\u0131r. \u00c7erezler, di\u011fer \u015feylerin yan\u0131 s\u0131ra, bir kullan\u0131c\u0131n\u0131n veya cihaz\u0131n\u0131n tarama al\u0131\u015fkanl\u0131klar\u0131 hakk\u0131nda bilgi depolamay\u0131 ve geri almay\u0131, hangi sayfalar\u0131n ziyaret edildi\u011fini g\u00f6rmeyi, ba\u011flant\u0131 s\u00fcresini izlemeyi, bir sayfan\u0131n i\u015fleyi\u015fini analiz etmeyi, teknik sorunlar olup olmad\u0131\u011f\u0131n\u0131 vb. sa\u011flar. \u0130\u00e7erdikleri bilgilere ve cihaz\u0131n kullan\u0131m \u015fekline ba\u011fl\u0131 olarak, kullan\u0131c\u0131y\u0131 tan\u0131mak i\u00e7in kullan\u0131labilirler.<\/p>\n\n<p><strong>2.- Ne t\u00fcr \u00e7erezler vard\u0131r?<\/strong><\/p>\n\n<p>\u00c7erezler, onlar\u0131 y\u00f6neten kurulu\u015fa ba\u011fl\u0131 olarak \u015funlar olabilir:<\/p>\n\n<ul class=\"wp-block-list\">\n<li><strong>Birinci taraf \u00e7erezleri.<\/strong> Bunlar bize aittir ve taraf\u0131m\u0131zca y\u00f6netilir.<\/li>\n\n\n\n<li><strong>\u00dc\u00e7\u00fcnc\u00fc taraf \u00e7erezleri.<\/strong> Bunlar, \u00e7erez arac\u0131l\u0131\u011f\u0131yla elde edilen bilgileri y\u00f6neten \u00fc\u00e7\u00fcnc\u00fc bir tarafa aittir.<\/li>\n<\/ul>\n\n<p>Aktif kald\u0131klar\u0131 s\u00fcreye ba\u011fl\u0131 olarak \u015funlar olabilirler:<\/p>\n\n<ul class=\"wp-block-list\">\n<li>Oturum \u00e7erezleri. Kullan\u0131c\u0131 bir web sitesine eri\u015firken veri toplamak ve depolamak i\u00e7in tasarlanm\u0131\u015ft\u0131r.<\/li>\n\n\n\n<li><strong>Kal\u0131c\u0131 \u00e7erezler<\/strong>. Veriler terminalde saklan\u0131r ve \u00e7erez y\u00f6neticisi taraf\u0131ndan tan\u0131mlanan, dakikalardan y\u0131llara kadar de\u011fi\u015febilen bir s\u00fcre boyunca eri\u015filebilir ve i\u015flenebilir.<\/li>\n<\/ul>\n\n<p>Ama\u00e7lar\u0131na ba\u011fl\u0131 olarak \u015funlar olabilirler:<\/p>\n\n<ul class=\"wp-block-list\">\n<li><strong>Teknik \u00e7erezler.<\/strong> Bunlar, kullan\u0131c\u0131n\u0131n web sitesinde veya uygulamada gezinmesini sa\u011flamak i\u00e7in kullan\u0131l\u0131r ve kullan\u0131c\u0131 taraf\u0131ndan talep edilen bir hizmeti kesinlikle sa\u011flamak i\u00e7in gereklidir; \u00f6rne\u011fin, kullan\u0131c\u0131 giri\u015fi, kimlik do\u011frulama veya tan\u0131mlama \u00e7erezleri (yaln\u0131zca oturum), kullan\u0131c\u0131 g\u00fcvenlik \u00e7erezleri, medya oynat\u0131c\u0131 oturum \u00e7erezleri, y\u00fck dengeleme i\u00e7in oturum \u00e7erezleri, kullan\u0131c\u0131 aray\u00fcz\u00fc \u00f6zelle\u015ftirme \u00e7erezleri, sosyal i\u00e7erik al\u0131\u015fveri\u015fi i\u00e7in belirli eklenti \u00e7erezleri vb.<\/li>\n\n\n\n<li><strong>Tercih veya ki\u015fiselle\u015ftirme \u00e7erezleri.<\/strong> Bunlar, hizmet ayarlar\u0131n\u0131 saklamak i\u00e7in kullan\u0131l\u0131r, b\u00f6ylece web sitesini her ziyaret etti\u011finizde bunlar\u0131 yeniden yap\u0131land\u0131rman\u0131z gerekmez.<\/li>\n\n\n\n<li><strong>Analiz veya \u00f6l\u00e7\u00fcm \u00e7erezleri.<\/strong> Bunlar, ba\u011flant\u0131 verdikleri web sitelerinin kullan\u0131c\u0131lar\u0131n\u0131n davran\u0131\u015flar\u0131n\u0131 izlemek ve analiz etmek, reklamlar\u0131n etkisini \u00f6l\u00e7mek de dahil olmak \u00fczere kullan\u0131l\u0131r. Bu t\u00fcr \u00e7erezler arac\u0131l\u0131\u011f\u0131yla toplanan bilgiler, hizmet kullan\u0131c\u0131lar\u0131 taraf\u0131ndan yap\u0131lan kullan\u0131m verilerinin analizine dayal\u0131 iyile\u015ftirmeler sunmak amac\u0131yla web sitelerinin, uygulamalar\u0131n veya platformlar\u0131n etkinli\u011fini \u00f6l\u00e7mek i\u00e7in kullan\u0131l\u0131r.<\/li>\n\n\n\n<li>Davran\u0131\u015fsal reklam \u00e7erezleri. Bu \u00e7erezler, kullan\u0131c\u0131lar\u0131n tarama al\u0131\u015fkanl\u0131klar\u0131n\u0131n s\u00fcrekli g\u00f6zlemlenmesi yoluyla elde edilen kullan\u0131c\u0131 davran\u0131\u015f\u0131na ili\u015fkin bilgileri depolar ve bu sayede, s\u00f6z konusu profile dayal\u0131 reklamlar g\u00f6stermek i\u00e7in belirli bir profil olu\u015fturulmas\u0131na olanak tan\u0131r.<\/li>\n<\/ul>\n\n<p><strong>3.- Web sitemizde hangi \u00e7erezleri kullan\u0131yoruz?<\/strong><\/p>\n\n<p>Web sitemizde kullan\u0131lan \u00e7erezler \u015funlard\u0131r:<\/p>\n\n<p>[wcc_category_list]<\/p>\n\n<p><strong>4.- Bu \u00e7erezleri nas\u0131l yap\u0131land\u0131rabilir, devre d\u0131\u015f\u0131 b\u0131rakabilir veya silebilirsiniz?<\/strong><\/p>\n\n<p>\u00c7erezleri diledi\u011finiz zaman buraya t\u0131klayarak + [wcc_preference_button] yeniden yap\u0131land\u0131rabilirsiniz.<\/p>\n\n<p>Ayr\u0131ca, kulland\u0131\u011f\u0131n\u0131z taray\u0131c\u0131dan diledi\u011finiz zaman \u00e7erezlere izin verebilir veya engelleyebilir, ayr\u0131ca tarama verilerinizi (\u00e7erezler dahil) silebilirsiniz. Bunun i\u00e7in l\u00fctfen taray\u0131c\u0131n\u0131z\u0131n sundu\u011fu se\u00e7eneklere ve talimatlara bak\u0131n. \u00dc\u00e7\u00fcnc\u00fc taraf \u00e7erezlerini kabul ederseniz, bunlar\u0131 taray\u0131c\u0131 se\u00e7eneklerinizden silmeniz gerekti\u011fini l\u00fctfen unutmay\u0131n.<\/p>\n\n<p>A\u015fa\u011f\u0131da, en yayg\u0131n kullan\u0131lan taray\u0131c\u0131larda \u00e7erezlerin nas\u0131l y\u00f6netilece\u011fine dair bilgiler i\u00e7eren ba\u011flant\u0131lar bulunmaktad\u0131r:<\/p>\n\n<ul class=\"wp-block-list\">\n<li><strong>Firefox<\/strong>: <a href=\"http:\/\/support.mozilla.org\/es\/kb\/habilitar-y-deshabilitar-cookies-que-los-sitios-we\">http:\/\/support.mozilla.org\/es\/kb\/habilitar-y-deshabilitar-cookies-que-los-sitios-we<\/a><\/li>\n\n\n\n<li><strong>Chrome<\/strong>: <a href=\"http:\/\/support.google.com\/chrome\/bin\/answer.py?hl=es&amp;answer=95647\">http:\/\/support.google.com\/chrome\/bin\/answer.py?hl=es&amp;answer=95647<\/a><\/li>\n\n\n\n<li><strong>Internet Explorer<\/strong>: <a href=\"https:\/\/support.microsoft.com\/es-es\/help\/278835\/how-to-delete-cookie-files-in-internet-explorer\">https:\/\/support.microsoft.com\/es-es\/help\/278835\/how-to-delete-cookie-files-in-internet-explorer<\/a><\/li>\n\n\n\n<li><strong>Microsoft Edge:<\/strong> <a href=\"https:\/\/support.microsoft.com\/es-es\/help\/4027947\/microsoft-edge-delete-cookies\" target=\"_blank\" rel=\"noreferrer noopener\">https:\/\/support.microsoft.com\/es-es\/help\/4027947\/microsoft-edge-delete-cookies<\/a><\/li>\n\n\n\n<li><strong>Safari<\/strong>: <a href=\"http:\/\/support.apple.com\/kb\/ph5042\">http:\/\/support.apple.com\/kb\/ph5042<\/a><\/li>\n\n\n\n<li><strong>Opera<\/strong>: <a href=\"http:\/\/help.opera.com\/Windows\/11.50\/es-ES\/cookies.html\">http:\/\/help.opera.com\/Windows\/11.50\/es-ES\/cookies.html<\/a><\/li>\n\n\n\n<li><strong>Di\u011fer taray\u0131c\u0131lar:<\/strong> Y\u00fckledi\u011finiz taray\u0131c\u0131n\u0131n belgelerine bak\u0131n.<\/li>\n<\/ul>\n\n<p><strong>5.- Haklar\u0131n Kullan\u0131m\u0131<\/strong><\/p>\n\n<p>Veri koruma haklar\u0131n\u0131z hakk\u0131nda bilgi edinmek ve bu haklar\u0131n\u0131z\u0131 kullanmak i\u00e7in <a href=\"https:\/\/www.lamigraf.com\/tr\/privacy-policy\/\">Gizlilik Politikam\u0131za<\/a> eri\u015febilirsiniz.<\/p>\n\n<p><\/p>\n","protected":false},"excerpt":{"rendered":"<p>1.- \u00c7erezler nedir? \u00c7erezler, belirli web sitelerine eri\u015fildi\u011finde kullan\u0131c\u0131n\u0131n cihaz\u0131na (bilgisayar\/ak\u0131ll\u0131 telefon\/tablet) indirilen ve belle\u011finde saklanan dosyalard\u0131r. \u00c7erezler, di\u011fer \u015feylerin yan\u0131 s\u0131ra, bir kullan\u0131c\u0131n\u0131n veya cihaz\u0131n\u0131n tarama al\u0131\u015fkanl\u0131klar\u0131 hakk\u0131nda bilgi depolamay\u0131 ve geri almay\u0131, hangi sayfalar\u0131n ziyaret edildi\u011fini g\u00f6rmeyi, ba\u011flant\u0131 s\u00fcresini izlemeyi, bir sayfan\u0131n i\u015fleyi\u015fini analiz etmeyi, teknik sorunlar olup olmad\u0131\u011f\u0131n\u0131 vb. sa\u011flar. \u0130\u00e7erdikleri bilgilere [&hellip;]<\/p>\n","protected":false},"author":2,"featured_media":0,"parent":0,"menu_order":0,"comment_status":"closed","ping_status":"closed","template":"","meta":{"_acf_changed":false,"_gspb_post_css":"","footnotes":""},"class_list":["post-118622","page","type-page","status-publish","hentry"],"acf":[],"yoast_head":"<!-- This site is optimized with the Yoast SEO plugin v25.2 - https:\/\/yoast.com\/wordpress\/plugins\/seo\/ -->\n<title>\u00c7erez Politikas\u0131 - Lamigraf<\/title>\n<meta name=\"robots\" content=\"index, follow, max-snippet:-1, max-image-preview:large, max-video-preview:-1\" \/>\n<link rel=\"canonical\" href=\"https:\/\/www.lamigraf.com\/tr\/cerez-politikasi\/\" \/>\n<meta property=\"og:locale\" content=\"tr_TR\" \/>\n<meta property=\"og:type\" content=\"article\" \/>\n<meta property=\"og:title\" content=\"\u00c7erez Politikas\u0131 - Lamigraf\" \/>\n<meta property=\"og:description\" content=\"1.- \u00c7erezler nedir? \u00c7erezler, belirli web sitelerine eri\u015fildi\u011finde kullan\u0131c\u0131n\u0131n cihaz\u0131na (bilgisayar\/ak\u0131ll\u0131 telefon\/tablet) indirilen ve belle\u011finde saklanan dosyalard\u0131r. \u00c7erezler, di\u011fer \u015feylerin yan\u0131 s\u0131ra, bir kullan\u0131c\u0131n\u0131n veya cihaz\u0131n\u0131n tarama al\u0131\u015fkanl\u0131klar\u0131 hakk\u0131nda bilgi depolamay\u0131 ve geri almay\u0131, hangi sayfalar\u0131n ziyaret edildi\u011fini g\u00f6rmeyi, ba\u011flant\u0131 s\u00fcresini izlemeyi, bir sayfan\u0131n i\u015fleyi\u015fini analiz etmeyi, teknik sorunlar olup olmad\u0131\u011f\u0131n\u0131 vb. sa\u011flar. \u0130\u00e7erdikleri bilgilere [&hellip;]\" \/>\n<meta property=\"og:url\" content=\"https:\/\/www.lamigraf.com\/tr\/cerez-politikasi\/\" \/>\n<meta property=\"og:site_name\" content=\"Lamigraf\" \/>\n<meta property=\"article:modified_time\" content=\"2026-05-12T14:50:43+00:00\" \/>\n<meta name=\"twitter:card\" content=\"summary_large_image\" \/>\n<meta name=\"twitter:label1\" content=\"Tahmini okuma s\u00fcresi\" \/>\n\t<meta name=\"twitter:data1\" content=\"3 dakika\" \/>\n<script type=\"application\/ld+json\" class=\"yoast-schema-graph\">{\"@context\":\"https:\/\/schema.org\",\"@graph\":[{\"@type\":\"WebPage\",\"@id\":\"https:\/\/www.lamigraf.com\/tr\/cerez-politikasi\/\",\"url\":\"https:\/\/www.lamigraf.com\/tr\/cerez-politikasi\/\",\"name\":\"\u00c7erez Politikas\u0131 - Lamigraf\",\"isPartOf\":{\"@id\":\"https:\/\/www.lamigraf.com\/#website\"},\"datePublished\":\"2026-05-12T14:50:38+00:00\",\"dateModified\":\"2026-05-12T14:50:43+00:00\",\"breadcrumb\":{\"@id\":\"https:\/\/www.lamigraf.com\/tr\/cerez-politikasi\/#breadcrumb\"},\"inLanguage\":\"tr\",\"potentialAction\":[{\"@type\":\"ReadAction\",\"target\":[\"https:\/\/www.lamigraf.com\/tr\/cerez-politikasi\/\"]}]},{\"@type\":\"BreadcrumbList\",\"@id\":\"https:\/\/www.lamigraf.com\/tr\/cerez-politikasi\/#breadcrumb\",\"itemListElement\":[{\"@type\":\"ListItem\",\"position\":1,\"name\":\"Home\",\"item\":\"https:\/\/www.lamigraf.com\/tr\/\"},{\"@type\":\"ListItem\",\"position\":2,\"name\":\"\u00c7erez Politikas\u0131\"}]},{\"@type\":\"WebSite\",\"@id\":\"https:\/\/www.lamigraf.com\/#website\",\"url\":\"https:\/\/www.lamigraf.com\/\",\"name\":\"Lamigraf\",\"description\":\"\",\"publisher\":{\"@id\":\"https:\/\/www.lamigraf.com\/#organization\"},\"potentialAction\":[{\"@type\":\"SearchAction\",\"target\":{\"@type\":\"EntryPoint\",\"urlTemplate\":\"https:\/\/www.lamigraf.com\/?s={search_term_string}\"},\"query-input\":{\"@type\":\"PropertyValueSpecification\",\"valueRequired\":true,\"valueName\":\"search_term_string\"}}],\"inLanguage\":\"tr\"},{\"@type\":\"Organization\",\"@id\":\"https:\/\/www.lamigraf.com\/#organization\",\"name\":\"Lamigraf\",\"url\":\"https:\/\/www.lamigraf.com\/\",\"logo\":{\"@type\":\"ImageObject\",\"inLanguage\":\"tr\",\"@id\":\"https:\/\/www.lamigraf.com\/#\/schema\/logo\/image\/\",\"url\":\"https:\/\/www.lamigraf.com\/wp-content\/uploads\/2024\/05\/Logo-white.svg\",\"contentUrl\":\"https:\/\/www.lamigraf.com\/wp-content\/uploads\/2024\/05\/Logo-white.svg\",\"width\":147,\"height\":36,\"caption\":\"Lamigraf\"},\"image\":{\"@id\":\"https:\/\/www.lamigraf.com\/#\/schema\/logo\/image\/\"}}]}<\/script>\n<!-- \/ Yoast SEO plugin. -->","yoast_head_json":{"title":"\u00c7erez Politikas\u0131 - Lamigraf","robots":{"index":"index","follow":"follow","max-snippet":"max-snippet:-1","max-image-preview":"max-image-preview:large","max-video-preview":"max-video-preview:-1"},"canonical":"https:\/\/www.lamigraf.com\/tr\/cerez-politikasi\/","og_locale":"tr_TR","og_type":"article","og_title":"\u00c7erez Politikas\u0131 - Lamigraf","og_description":"1.- \u00c7erezler nedir? \u00c7erezler, belirli web sitelerine eri\u015fildi\u011finde kullan\u0131c\u0131n\u0131n cihaz\u0131na (bilgisayar\/ak\u0131ll\u0131 telefon\/tablet) indirilen ve belle\u011finde saklanan dosyalard\u0131r. \u00c7erezler, di\u011fer \u015feylerin yan\u0131 s\u0131ra, bir kullan\u0131c\u0131n\u0131n veya cihaz\u0131n\u0131n tarama al\u0131\u015fkanl\u0131klar\u0131 hakk\u0131nda bilgi depolamay\u0131 ve geri almay\u0131, hangi sayfalar\u0131n ziyaret edildi\u011fini g\u00f6rmeyi, ba\u011flant\u0131 s\u00fcresini izlemeyi, bir sayfan\u0131n i\u015fleyi\u015fini analiz etmeyi, teknik sorunlar olup olmad\u0131\u011f\u0131n\u0131 vb. sa\u011flar. \u0130\u00e7erdikleri bilgilere [&hellip;]","og_url":"https:\/\/www.lamigraf.com\/tr\/cerez-politikasi\/","og_site_name":"Lamigraf","article_modified_time":"2026-05-12T14:50:43+00:00","twitter_card":"summary_large_image","twitter_misc":{"Tahmini okuma s\u00fcresi":"3 dakika"},"schema":{"@context":"https:\/\/schema.org","@graph":[{"@type":"WebPage","@id":"https:\/\/www.lamigraf.com\/tr\/cerez-politikasi\/","url":"https:\/\/www.lamigraf.com\/tr\/cerez-politikasi\/","name":"\u00c7erez Politikas\u0131 - Lamigraf","isPartOf":{"@id":"https:\/\/www.lamigraf.com\/#website"},"datePublished":"2026-05-12T14:50:38+00:00","dateModified":"2026-05-12T14:50:43+00:00","breadcrumb":{"@id":"https:\/\/www.lamigraf.com\/tr\/cerez-politikasi\/#breadcrumb"},"inLanguage":"tr","potentialAction":[{"@type":"ReadAction","target":["https:\/\/www.lamigraf.com\/tr\/cerez-politikasi\/"]}]},{"@type":"BreadcrumbList","@id":"https:\/\/www.lamigraf.com\/tr\/cerez-politikasi\/#breadcrumb","itemListElement":[{"@type":"ListItem","position":1,"name":"Home","item":"https:\/\/www.lamigraf.com\/tr\/"},{"@type":"ListItem","position":2,"name":"\u00c7erez Politikas\u0131"}]},{"@type":"WebSite","@id":"https:\/\/www.lamigraf.com\/#website","url":"https:\/\/www.lamigraf.com\/","name":"Lamigraf","description":"","publisher":{"@id":"https:\/\/www.lamigraf.com\/#organization"},"potentialAction":[{"@type":"SearchAction","target":{"@type":"EntryPoint","urlTemplate":"https:\/\/www.lamigraf.com\/?s={search_term_string}"},"query-input":{"@type":"PropertyValueSpecification","valueRequired":true,"valueName":"search_term_string"}}],"inLanguage":"tr"},{"@type":"Organization","@id":"https:\/\/www.lamigraf.com\/#organization","name":"Lamigraf","url":"https:\/\/www.lamigraf.com\/","logo":{"@type":"ImageObject","inLanguage":"tr","@id":"https:\/\/www.lamigraf.com\/#\/schema\/logo\/image\/","url":"https:\/\/www.lamigraf.com\/wp-content\/uploads\/2024\/05\/Logo-white.svg","contentUrl":"https:\/\/www.lamigraf.com\/wp-content\/uploads\/2024\/05\/Logo-white.svg","width":147,"height":36,"caption":"Lamigraf"},"image":{"@id":"https:\/\/www.lamigraf.com\/#\/schema\/logo\/image\/"}}]}},"_links":{"self":[{"href":"https:\/\/www.lamigraf.com\/tr\/wp-json\/wp\/v2\/pages\/118622","targetHints":{"allow":["GET"]}}],"collection":[{"href":"https:\/\/www.lamigraf.com\/tr\/wp-json\/wp\/v2\/pages"}],"about":[{"href":"https:\/\/www.lamigraf.com\/tr\/wp-json\/wp\/v2\/types\/page"}],"author":[{"embeddable":true,"href":"https:\/\/www.lamigraf.com\/tr\/wp-json\/wp\/v2\/users\/2"}],"replies":[{"embeddable":true,"href":"https:\/\/www.lamigraf.com\/tr\/wp-json\/wp\/v2\/comments?post=118622"}],"version-history":[{"count":1,"href":"https:\/\/www.lamigraf.com\/tr\/wp-json\/wp\/v2\/pages\/118622\/revisions"}],"predecessor-version":[{"id":118623,"href":"https:\/\/www.lamigraf.com\/tr\/wp-json\/wp\/v2\/pages\/118622\/revisions\/118623"}],"wp:attachment":[{"href":"https:\/\/www.lamigraf.com\/tr\/wp-json\/wp\/v2\/media?parent=118622"}],"curies":[{"name":"wp","href":"https:\/\/api.w.org\/{rel}","templated":true}]}}