{"id":117129,"date":"2026-02-10T12:30:01","date_gmt":"2026-02-10T11:30:01","guid":{"rendered":"https:\/\/www.lamigraf.com\/?post_type=product&#038;p=117129"},"modified":"2026-02-10T12:30:01","modified_gmt":"2026-02-10T11:30:01","slug":"litha","status":"publish","type":"product","link":"https:\/\/www.lamigraf.com\/tr\/designs\/litha\/","title":{"rendered":"LITHA"},"content":{"rendered":"\n<p>Litha, dinginlik ve sofistike bir tasar\u0131m\u0131n somutla\u015fm\u0131\u015f hali olan bir ta\u015f tasar\u0131md\u0131r. Yumu\u015fak bej ve kremsi alt tonlar\u0131 ile hafif ve s\u0131cak tonlar\u0131, sakinlik ve g\u00f6rsel denge hissi verir. Narin, da\u011f\u0131n\u0131k damarlar\u0131 y\u00fczeyi bast\u0131rmadan derinlik katarak, daha sakin ve zarif malzemelere y\u00f6nelik g\u00fcncel trende uyum sa\u011flar. \u00d2nix&#8217;in do\u011fal ve rafine g\u00f6r\u00fcn\u00fcm\u00fc, parlakl\u0131k, ferahl\u0131k ve refah hissi arayan \u00e7a\u011fda\u015f i\u00e7 mekanlar i\u00e7in ideal bir se\u00e7imdir. Sakin esteti\u011fi, malzemelerin ortam\u0131 bast\u0131rmadan zenginle\u015ftirdi\u011fi minimalist, organik, Japandi veya Akdeniz esintili mekanlara kusursuz bir \u015fekilde uyum sa\u011flar.<\/p>\n","protected":false},"excerpt":{"rendered":"<p>Litha, dinginlik ve sofistike bir tasar\u0131m\u0131n somutla\u015fm\u0131\u015f hali olan bir ta\u015f tasar\u0131md\u0131r. Yumu\u015fak bej ve kremsi alt tonlar\u0131 ile hafif ve s\u0131cak tonlar\u0131, sakinlik ve g\u00f6rsel denge hissi verir. Narin, da\u011f\u0131n\u0131k damarlar\u0131 y\u00fczeyi bast\u0131rmadan derinlik katarak, daha sakin ve zarif malzemelere y\u00f6nelik g\u00fcncel trende uyum sa\u011flar. \u00d2nix&#8217;in do\u011fal ve rafine g\u00f6r\u00fcn\u00fcm\u00fc, parlakl\u0131k, ferahl\u0131k ve refah [&hellip;]<\/p>\n","protected":false},"featured_media":117078,"template":"","meta":{"_acf_changed":false,"_gspb_post_css":"","footnotes":""},"applications":[],"design-types":[],"characteristics":[],"appearance":[],"class_list":["post-117129","product","type-product","status-publish","has-post-thumbnail","hentry"],"acf":{"code":"3167","peripheral_development":"1,300","axial_development":"2,200","cylinders":"3","data_sheet":117057,"collections":[{"code":"3167-0101","thumbnail":117064,"render":117151},{"code":"3167-0102","thumbnail":117071,"render":""},{"code":"3167-0201","thumbnail":117078,"render":""},{"code":"3167-0301","thumbnail":117085,"render":117158},{"code":"3167-302","thumbnail":117092,"render":117144}],"usages":[117099,117106],"inspiration":{"top":{"title":"","thumbnail":117165,"reference":"3092-303"},"bottom_title":""},"hover_image":117106,"eir":"","collaborator":{"name":"","link":""},"synchro_wood":false,"novedad":true},"yoast_head":"<!-- This site is optimized with the Yoast SEO plugin v25.2 - https:\/\/yoast.com\/wordpress\/plugins\/seo\/ -->\n<title>LITHA - Lamigraf<\/title>\n<meta name=\"robots\" content=\"index, follow, max-snippet:-1, max-image-preview:large, max-video-preview:-1\" \/>\n<link rel=\"canonical\" href=\"https:\/\/www.lamigraf.com\/tr\/designs\/litha\/\" \/>\n<meta property=\"og:locale\" content=\"tr_TR\" \/>\n<meta property=\"og:type\" content=\"article\" \/>\n<meta property=\"og:title\" content=\"LITHA - Lamigraf\" \/>\n<meta property=\"og:description\" content=\"Litha, dinginlik ve sofistike bir tasar\u0131m\u0131n somutla\u015fm\u0131\u015f hali olan bir ta\u015f tasar\u0131md\u0131r. Yumu\u015fak bej ve kremsi alt tonlar\u0131 ile hafif ve s\u0131cak tonlar\u0131, sakinlik ve g\u00f6rsel denge hissi verir. Narin, da\u011f\u0131n\u0131k damarlar\u0131 y\u00fczeyi bast\u0131rmadan derinlik katarak, daha sakin ve zarif malzemelere y\u00f6nelik g\u00fcncel trende uyum sa\u011flar. \u00d2nix&#8217;in do\u011fal ve rafine g\u00f6r\u00fcn\u00fcm\u00fc, parlakl\u0131k, ferahl\u0131k ve refah [&hellip;]\" \/>\n<meta property=\"og:url\" content=\"https:\/\/www.lamigraf.com\/tr\/designs\/litha\/\" \/>\n<meta property=\"og:site_name\" content=\"Lamigraf\" \/>\n<meta property=\"og:image\" content=\"https:\/\/www.lamigraf.com\/wp-content\/uploads\/2026\/02\/03167-0201-red-scaled.jpg\" \/>\n\t<meta property=\"og:image:width\" content=\"2560\" \/>\n\t<meta property=\"og:image:height\" content=\"1513\" \/>\n\t<meta property=\"og:image:type\" content=\"image\/jpeg\" \/>\n<meta name=\"twitter:card\" content=\"summary_large_image\" \/>\n<meta name=\"twitter:label1\" content=\"Tahmini okuma s\u00fcresi\" \/>\n\t<meta name=\"twitter:data1\" content=\"1 dakika\" \/>\n<script type=\"application\/ld+json\" class=\"yoast-schema-graph\">{\"@context\":\"https:\/\/schema.org\",\"@graph\":[{\"@type\":\"WebPage\",\"@id\":\"https:\/\/www.lamigraf.com\/tr\/designs\/litha\/\",\"url\":\"https:\/\/www.lamigraf.com\/tr\/designs\/litha\/\",\"name\":\"LITHA - Lamigraf\",\"isPartOf\":{\"@id\":\"https:\/\/www.lamigraf.com\/#website\"},\"primaryImageOfPage\":{\"@id\":\"https:\/\/www.lamigraf.com\/tr\/designs\/litha\/#primaryimage\"},\"image\":{\"@id\":\"https:\/\/www.lamigraf.com\/tr\/designs\/litha\/#primaryimage\"},\"thumbnailUrl\":\"https:\/\/www.lamigraf.com\/wp-content\/uploads\/2026\/02\/03167-0201-red-scaled.jpg\",\"datePublished\":\"2026-02-10T11:30:01+00:00\",\"breadcrumb\":{\"@id\":\"https:\/\/www.lamigraf.com\/tr\/designs\/litha\/#breadcrumb\"},\"inLanguage\":\"tr\",\"potentialAction\":[{\"@type\":\"ReadAction\",\"target\":[\"https:\/\/www.lamigraf.com\/tr\/designs\/litha\/\"]}]},{\"@type\":\"ImageObject\",\"inLanguage\":\"tr\",\"@id\":\"https:\/\/www.lamigraf.com\/tr\/designs\/litha\/#primaryimage\",\"url\":\"https:\/\/www.lamigraf.com\/wp-content\/uploads\/2026\/02\/03167-0201-red-scaled.jpg\",\"contentUrl\":\"https:\/\/www.lamigraf.com\/wp-content\/uploads\/2026\/02\/03167-0201-red-scaled.jpg\",\"width\":2560,\"height\":1513},{\"@type\":\"BreadcrumbList\",\"@id\":\"https:\/\/www.lamigraf.com\/tr\/designs\/litha\/#breadcrumb\",\"itemListElement\":[{\"@type\":\"ListItem\",\"position\":1,\"name\":\"Home\",\"item\":\"https:\/\/www.lamigraf.com\/tr\/\"},{\"@type\":\"ListItem\",\"position\":2,\"name\":\"Designs\",\"item\":\"https:\/\/www.lamigraf.com\/designs\/\"},{\"@type\":\"ListItem\",\"position\":3,\"name\":\"LITHA\"}]},{\"@type\":\"WebSite\",\"@id\":\"https:\/\/www.lamigraf.com\/#website\",\"url\":\"https:\/\/www.lamigraf.com\/\",\"name\":\"Lamigraf\",\"description\":\"\",\"publisher\":{\"@id\":\"https:\/\/www.lamigraf.com\/#organization\"},\"potentialAction\":[{\"@type\":\"SearchAction\",\"target\":{\"@type\":\"EntryPoint\",\"urlTemplate\":\"https:\/\/www.lamigraf.com\/?s={search_term_string}\"},\"query-input\":{\"@type\":\"PropertyValueSpecification\",\"valueRequired\":true,\"valueName\":\"search_term_string\"}}],\"inLanguage\":\"tr\"},{\"@type\":\"Organization\",\"@id\":\"https:\/\/www.lamigraf.com\/#organization\",\"name\":\"Lamigraf\",\"url\":\"https:\/\/www.lamigraf.com\/\",\"logo\":{\"@type\":\"ImageObject\",\"inLanguage\":\"tr\",\"@id\":\"https:\/\/www.lamigraf.com\/#\/schema\/logo\/image\/\",\"url\":\"https:\/\/www.lamigraf.com\/wp-content\/uploads\/2024\/05\/Logo-white.svg\",\"contentUrl\":\"https:\/\/www.lamigraf.com\/wp-content\/uploads\/2024\/05\/Logo-white.svg\",\"width\":147,\"height\":36,\"caption\":\"Lamigraf\"},\"image\":{\"@id\":\"https:\/\/www.lamigraf.com\/#\/schema\/logo\/image\/\"}}]}<\/script>\n<!-- \/ Yoast SEO plugin. -->","yoast_head_json":{"title":"LITHA - Lamigraf","robots":{"index":"index","follow":"follow","max-snippet":"max-snippet:-1","max-image-preview":"max-image-preview:large","max-video-preview":"max-video-preview:-1"},"canonical":"https:\/\/www.lamigraf.com\/tr\/designs\/litha\/","og_locale":"tr_TR","og_type":"article","og_title":"LITHA - Lamigraf","og_description":"Litha, dinginlik ve sofistike bir tasar\u0131m\u0131n somutla\u015fm\u0131\u015f hali olan bir ta\u015f tasar\u0131md\u0131r. Yumu\u015fak bej ve kremsi alt tonlar\u0131 ile hafif ve s\u0131cak tonlar\u0131, sakinlik ve g\u00f6rsel denge hissi verir. Narin, da\u011f\u0131n\u0131k damarlar\u0131 y\u00fczeyi bast\u0131rmadan derinlik katarak, daha sakin ve zarif malzemelere y\u00f6nelik g\u00fcncel trende uyum sa\u011flar. \u00d2nix&#8217;in do\u011fal ve rafine g\u00f6r\u00fcn\u00fcm\u00fc, parlakl\u0131k, ferahl\u0131k ve refah [&hellip;]","og_url":"https:\/\/www.lamigraf.com\/tr\/designs\/litha\/","og_site_name":"Lamigraf","og_image":[{"width":2560,"height":1513,"url":"https:\/\/www.lamigraf.com\/wp-content\/uploads\/2026\/02\/03167-0201-red-scaled.jpg","type":"image\/jpeg"}],"twitter_card":"summary_large_image","twitter_misc":{"Tahmini okuma s\u00fcresi":"1 dakika"},"schema":{"@context":"https:\/\/schema.org","@graph":[{"@type":"WebPage","@id":"https:\/\/www.lamigraf.com\/tr\/designs\/litha\/","url":"https:\/\/www.lamigraf.com\/tr\/designs\/litha\/","name":"LITHA - Lamigraf","isPartOf":{"@id":"https:\/\/www.lamigraf.com\/#website"},"primaryImageOfPage":{"@id":"https:\/\/www.lamigraf.com\/tr\/designs\/litha\/#primaryimage"},"image":{"@id":"https:\/\/www.lamigraf.com\/tr\/designs\/litha\/#primaryimage"},"thumbnailUrl":"https:\/\/www.lamigraf.com\/wp-content\/uploads\/2026\/02\/03167-0201-red-scaled.jpg","datePublished":"2026-02-10T11:30:01+00:00","breadcrumb":{"@id":"https:\/\/www.lamigraf.com\/tr\/designs\/litha\/#breadcrumb"},"inLanguage":"tr","potentialAction":[{"@type":"ReadAction","target":["https:\/\/www.lamigraf.com\/tr\/designs\/litha\/"]}]},{"@type":"ImageObject","inLanguage":"tr","@id":"https:\/\/www.lamigraf.com\/tr\/designs\/litha\/#primaryimage","url":"https:\/\/www.lamigraf.com\/wp-content\/uploads\/2026\/02\/03167-0201-red-scaled.jpg","contentUrl":"https:\/\/www.lamigraf.com\/wp-content\/uploads\/2026\/02\/03167-0201-red-scaled.jpg","width":2560,"height":1513},{"@type":"BreadcrumbList","@id":"https:\/\/www.lamigraf.com\/tr\/designs\/litha\/#breadcrumb","itemListElement":[{"@type":"ListItem","position":1,"name":"Home","item":"https:\/\/www.lamigraf.com\/tr\/"},{"@type":"ListItem","position":2,"name":"Designs","item":"https:\/\/www.lamigraf.com\/designs\/"},{"@type":"ListItem","position":3,"name":"LITHA"}]},{"@type":"WebSite","@id":"https:\/\/www.lamigraf.com\/#website","url":"https:\/\/www.lamigraf.com\/","name":"Lamigraf","description":"","publisher":{"@id":"https:\/\/www.lamigraf.com\/#organization"},"potentialAction":[{"@type":"SearchAction","target":{"@type":"EntryPoint","urlTemplate":"https:\/\/www.lamigraf.com\/?s={search_term_string}"},"query-input":{"@type":"PropertyValueSpecification","valueRequired":true,"valueName":"search_term_string"}}],"inLanguage":"tr"},{"@type":"Organization","@id":"https:\/\/www.lamigraf.com\/#organization","name":"Lamigraf","url":"https:\/\/www.lamigraf.com\/","logo":{"@type":"ImageObject","inLanguage":"tr","@id":"https:\/\/www.lamigraf.com\/#\/schema\/logo\/image\/","url":"https:\/\/www.lamigraf.com\/wp-content\/uploads\/2024\/05\/Logo-white.svg","contentUrl":"https:\/\/www.lamigraf.com\/wp-content\/uploads\/2024\/05\/Logo-white.svg","width":147,"height":36,"caption":"Lamigraf"},"image":{"@id":"https:\/\/www.lamigraf.com\/#\/schema\/logo\/image\/"}}]}},"_links":{"self":[{"href":"https:\/\/www.lamigraf.com\/tr\/wp-json\/wp\/v2\/product\/117129","targetHints":{"allow":["GET"]}}],"collection":[{"href":"https:\/\/www.lamigraf.com\/tr\/wp-json\/wp\/v2\/product"}],"about":[{"href":"https:\/\/www.lamigraf.com\/tr\/wp-json\/wp\/v2\/types\/product"}],"version-history":[{"count":1,"href":"https:\/\/www.lamigraf.com\/tr\/wp-json\/wp\/v2\/product\/117129\/revisions"}],"predecessor-version":[{"id":117130,"href":"https:\/\/www.lamigraf.com\/tr\/wp-json\/wp\/v2\/product\/117129\/revisions\/117130"}],"acf:attachment":[{"embeddable":true,"href":"https:\/\/www.lamigraf.com\/tr\/wp-json\/wp\/v2\/media\/117106"},{"embeddable":true,"href":"https:\/\/www.lamigraf.com\/tr\/wp-json\/wp\/v2\/media\/117099"}],"wp:featuredmedia":[{"embeddable":true,"href":"https:\/\/www.lamigraf.com\/tr\/wp-json\/wp\/v2\/media\/117078"}],"wp:attachment":[{"href":"https:\/\/www.lamigraf.com\/tr\/wp-json\/wp\/v2\/media?parent=117129"}],"wp:term":[{"taxonomy":"product_applications","embeddable":true,"href":"https:\/\/www.lamigraf.com\/tr\/wp-json\/wp\/v2\/applications?post=117129"},{"taxonomy":"product_type","embeddable":true,"href":"https:\/\/www.lamigraf.com\/tr\/wp-json\/wp\/v2\/design-types?post=117129"},{"taxonomy":"product_characteristics","embeddable":true,"href":"https:\/\/www.lamigraf.com\/tr\/wp-json\/wp\/v2\/characteristics?post=117129"},{"taxonomy":"product_apparence","embeddable":true,"href":"https:\/\/www.lamigraf.com\/tr\/wp-json\/wp\/v2\/appearance?post=117129"}],"curies":[{"name":"wp","href":"https:\/\/api.w.org\/{rel}","templated":true}]}}