{"id":118311,"date":"2026-04-16T12:26:00","date_gmt":"2026-04-16T10:26:00","guid":{"rendered":"https:\/\/www.lamigraf.com\/?post_type=product&#038;p=118311"},"modified":"2026-04-16T12:26:01","modified_gmt":"2026-04-16T10:26:01","slug":"trace","status":"publish","type":"product","link":"https:\/\/www.lamigraf.com\/tr\/designs\/trace\/","title":{"rendered":"TRACE"},"content":{"rendered":"\n<p>Trace, ger\u00e7ek ah\u015fap kaplaman\u0131n do\u011fal ak\u0131\u015f\u0131ndan ilham al\u0131r; her damar, zaman\u0131n ge\u00e7i\u015fini ve el i\u015f\u00e7ili\u011fini yans\u0131t\u0131r. Tasar\u0131m\u0131 s\u00fcreklilik, ritim ve dengeyi \u00e7a\u011fr\u0131\u015ft\u0131rarak ah\u015fab\u0131n zarafetini \u00e7a\u011fda\u015f bir esteti\u011fe ta\u015f\u0131r.<\/p>\n\n\n\n<p>Damar desenleri, bak\u0131\u015f\u0131 do\u011fal bir \u015fekilde y\u00f6nlendiren yumu\u015fak bir g\u00f6rsel hareket olu\u015fturur ve huzur, d\u00fczen ve sade bir sofistike g\u00f6r\u00fcn\u00fcm kazand\u0131r\u0131r. Malzemenin otantikli\u011finin \u00f6n planda oldu\u011fu minimalist, organik veya modern i\u00e7 mekanlar i\u00e7in ideal bir \u00f6neridir.<\/p>\n","protected":false},"excerpt":{"rendered":"<p>Trace, ger\u00e7ek ah\u015fap kaplaman\u0131n do\u011fal ak\u0131\u015f\u0131ndan ilham al\u0131r; her damar, zaman\u0131n ge\u00e7i\u015fini ve el i\u015f\u00e7ili\u011fini yans\u0131t\u0131r. Tasar\u0131m\u0131 s\u00fcreklilik, ritim ve dengeyi \u00e7a\u011fr\u0131\u015ft\u0131rarak ah\u015fab\u0131n zarafetini \u00e7a\u011fda\u015f bir esteti\u011fe ta\u015f\u0131r. Damar desenleri, bak\u0131\u015f\u0131 do\u011fal bir \u015fekilde y\u00f6nlendiren yumu\u015fak bir g\u00f6rsel hareket olu\u015fturur ve huzur, d\u00fczen ve sade bir sofistike g\u00f6r\u00fcn\u00fcm kazand\u0131r\u0131r. Malzemenin otantikli\u011finin \u00f6n planda oldu\u011fu minimalist, [&hellip;]<\/p>\n","protected":false},"featured_media":118238,"template":"","meta":{"_acf_changed":false,"_gspb_post_css":"","footnotes":""},"applications":[],"design-types":[],"characteristics":[],"appearance":[],"class_list":["post-118311","product","type-product","status-publish","has-post-thumbnail","hentry"],"acf":{"code":"3178","peripheral_development":"1,300","axial_development":"2,200","cylinders":"3","data_sheet":118303,"collections":[{"code":"3178-0302","thumbnail":118260,"render":""},{"code":"3178-0303","thumbnail":118267,"render":""},{"code":"3178-0304","thumbnail":118274,"render":""},{"code":"3178-0305","thumbnail":118281,"render":""},{"code":"3178-0306","thumbnail":118288,"render":""},{"code":"3178-0307","thumbnail":118295,"render":""}],"usages":[118245,118252],"inspiration":{"top":{"title":"","thumbnail":"","reference":""},"bottom_title":""},"hover_image":118252,"eir":"","collaborator":{"name":"","link":""},"synchro_wood":false,"novedad":true},"yoast_head":"<!-- This site is optimized with the Yoast SEO plugin v25.2 - https:\/\/yoast.com\/wordpress\/plugins\/seo\/ -->\n<title>TRACE - Lamigraf<\/title>\n<meta name=\"robots\" content=\"index, follow, max-snippet:-1, max-image-preview:large, max-video-preview:-1\" \/>\n<link rel=\"canonical\" href=\"https:\/\/www.lamigraf.com\/tr\/designs\/trace\/\" \/>\n<meta property=\"og:locale\" content=\"tr_TR\" \/>\n<meta property=\"og:type\" content=\"article\" \/>\n<meta property=\"og:title\" content=\"TRACE - Lamigraf\" \/>\n<meta property=\"og:description\" content=\"Trace, ger\u00e7ek ah\u015fap kaplaman\u0131n do\u011fal ak\u0131\u015f\u0131ndan ilham al\u0131r; her damar, zaman\u0131n ge\u00e7i\u015fini ve el i\u015f\u00e7ili\u011fini yans\u0131t\u0131r. Tasar\u0131m\u0131 s\u00fcreklilik, ritim ve dengeyi \u00e7a\u011fr\u0131\u015ft\u0131rarak ah\u015fab\u0131n zarafetini \u00e7a\u011fda\u015f bir esteti\u011fe ta\u015f\u0131r. Damar desenleri, bak\u0131\u015f\u0131 do\u011fal bir \u015fekilde y\u00f6nlendiren yumu\u015fak bir g\u00f6rsel hareket olu\u015fturur ve huzur, d\u00fczen ve sade bir sofistike g\u00f6r\u00fcn\u00fcm kazand\u0131r\u0131r. Malzemenin otantikli\u011finin \u00f6n planda oldu\u011fu minimalist, [&hellip;]\" \/>\n<meta property=\"og:url\" content=\"https:\/\/www.lamigraf.com\/tr\/designs\/trace\/\" \/>\n<meta property=\"og:site_name\" content=\"Lamigraf\" \/>\n<meta property=\"article:modified_time\" content=\"2026-04-16T10:26:01+00:00\" \/>\n<meta property=\"og:image\" content=\"https:\/\/www.lamigraf.com\/wp-content\/uploads\/2026\/04\/03178-0301-red-scaled.jpg\" \/>\n\t<meta property=\"og:image:width\" content=\"2560\" \/>\n\t<meta property=\"og:image:height\" content=\"1514\" \/>\n\t<meta property=\"og:image:type\" content=\"image\/jpeg\" \/>\n<meta name=\"twitter:card\" content=\"summary_large_image\" \/>\n<meta name=\"twitter:label1\" content=\"Tahmini okuma s\u00fcresi\" \/>\n\t<meta name=\"twitter:data1\" content=\"1 dakika\" \/>\n<script type=\"application\/ld+json\" class=\"yoast-schema-graph\">{\"@context\":\"https:\/\/schema.org\",\"@graph\":[{\"@type\":\"WebPage\",\"@id\":\"https:\/\/www.lamigraf.com\/tr\/designs\/trace\/\",\"url\":\"https:\/\/www.lamigraf.com\/tr\/designs\/trace\/\",\"name\":\"TRACE - Lamigraf\",\"isPartOf\":{\"@id\":\"https:\/\/www.lamigraf.com\/#website\"},\"primaryImageOfPage\":{\"@id\":\"https:\/\/www.lamigraf.com\/tr\/designs\/trace\/#primaryimage\"},\"image\":{\"@id\":\"https:\/\/www.lamigraf.com\/tr\/designs\/trace\/#primaryimage\"},\"thumbnailUrl\":\"https:\/\/www.lamigraf.com\/wp-content\/uploads\/2026\/04\/03178-0301-red-scaled.jpg\",\"datePublished\":\"2026-04-16T10:26:00+00:00\",\"dateModified\":\"2026-04-16T10:26:01+00:00\",\"breadcrumb\":{\"@id\":\"https:\/\/www.lamigraf.com\/tr\/designs\/trace\/#breadcrumb\"},\"inLanguage\":\"tr\",\"potentialAction\":[{\"@type\":\"ReadAction\",\"target\":[\"https:\/\/www.lamigraf.com\/tr\/designs\/trace\/\"]}]},{\"@type\":\"ImageObject\",\"inLanguage\":\"tr\",\"@id\":\"https:\/\/www.lamigraf.com\/tr\/designs\/trace\/#primaryimage\",\"url\":\"https:\/\/www.lamigraf.com\/wp-content\/uploads\/2026\/04\/03178-0301-red-scaled.jpg\",\"contentUrl\":\"https:\/\/www.lamigraf.com\/wp-content\/uploads\/2026\/04\/03178-0301-red-scaled.jpg\",\"width\":2560,\"height\":1514},{\"@type\":\"BreadcrumbList\",\"@id\":\"https:\/\/www.lamigraf.com\/tr\/designs\/trace\/#breadcrumb\",\"itemListElement\":[{\"@type\":\"ListItem\",\"position\":1,\"name\":\"Home\",\"item\":\"https:\/\/www.lamigraf.com\/tr\/\"},{\"@type\":\"ListItem\",\"position\":2,\"name\":\"Designs\",\"item\":\"https:\/\/www.lamigraf.com\/designs\/\"},{\"@type\":\"ListItem\",\"position\":3,\"name\":\"TRACE\"}]},{\"@type\":\"WebSite\",\"@id\":\"https:\/\/www.lamigraf.com\/#website\",\"url\":\"https:\/\/www.lamigraf.com\/\",\"name\":\"Lamigraf\",\"description\":\"\",\"publisher\":{\"@id\":\"https:\/\/www.lamigraf.com\/#organization\"},\"potentialAction\":[{\"@type\":\"SearchAction\",\"target\":{\"@type\":\"EntryPoint\",\"urlTemplate\":\"https:\/\/www.lamigraf.com\/?s={search_term_string}\"},\"query-input\":{\"@type\":\"PropertyValueSpecification\",\"valueRequired\":true,\"valueName\":\"search_term_string\"}}],\"inLanguage\":\"tr\"},{\"@type\":\"Organization\",\"@id\":\"https:\/\/www.lamigraf.com\/#organization\",\"name\":\"Lamigraf\",\"url\":\"https:\/\/www.lamigraf.com\/\",\"logo\":{\"@type\":\"ImageObject\",\"inLanguage\":\"tr\",\"@id\":\"https:\/\/www.lamigraf.com\/#\/schema\/logo\/image\/\",\"url\":\"https:\/\/www.lamigraf.com\/wp-content\/uploads\/2024\/05\/Logo-white.svg\",\"contentUrl\":\"https:\/\/www.lamigraf.com\/wp-content\/uploads\/2024\/05\/Logo-white.svg\",\"width\":147,\"height\":36,\"caption\":\"Lamigraf\"},\"image\":{\"@id\":\"https:\/\/www.lamigraf.com\/#\/schema\/logo\/image\/\"}}]}<\/script>\n<!-- \/ Yoast SEO plugin. -->","yoast_head_json":{"title":"TRACE - Lamigraf","robots":{"index":"index","follow":"follow","max-snippet":"max-snippet:-1","max-image-preview":"max-image-preview:large","max-video-preview":"max-video-preview:-1"},"canonical":"https:\/\/www.lamigraf.com\/tr\/designs\/trace\/","og_locale":"tr_TR","og_type":"article","og_title":"TRACE - Lamigraf","og_description":"Trace, ger\u00e7ek ah\u015fap kaplaman\u0131n do\u011fal ak\u0131\u015f\u0131ndan ilham al\u0131r; her damar, zaman\u0131n ge\u00e7i\u015fini ve el i\u015f\u00e7ili\u011fini yans\u0131t\u0131r. Tasar\u0131m\u0131 s\u00fcreklilik, ritim ve dengeyi \u00e7a\u011fr\u0131\u015ft\u0131rarak ah\u015fab\u0131n zarafetini \u00e7a\u011fda\u015f bir esteti\u011fe ta\u015f\u0131r. Damar desenleri, bak\u0131\u015f\u0131 do\u011fal bir \u015fekilde y\u00f6nlendiren yumu\u015fak bir g\u00f6rsel hareket olu\u015fturur ve huzur, d\u00fczen ve sade bir sofistike g\u00f6r\u00fcn\u00fcm kazand\u0131r\u0131r. Malzemenin otantikli\u011finin \u00f6n planda oldu\u011fu minimalist, [&hellip;]","og_url":"https:\/\/www.lamigraf.com\/tr\/designs\/trace\/","og_site_name":"Lamigraf","article_modified_time":"2026-04-16T10:26:01+00:00","og_image":[{"width":2560,"height":1514,"url":"https:\/\/www.lamigraf.com\/wp-content\/uploads\/2026\/04\/03178-0301-red-scaled.jpg","type":"image\/jpeg"}],"twitter_card":"summary_large_image","twitter_misc":{"Tahmini okuma s\u00fcresi":"1 dakika"},"schema":{"@context":"https:\/\/schema.org","@graph":[{"@type":"WebPage","@id":"https:\/\/www.lamigraf.com\/tr\/designs\/trace\/","url":"https:\/\/www.lamigraf.com\/tr\/designs\/trace\/","name":"TRACE - Lamigraf","isPartOf":{"@id":"https:\/\/www.lamigraf.com\/#website"},"primaryImageOfPage":{"@id":"https:\/\/www.lamigraf.com\/tr\/designs\/trace\/#primaryimage"},"image":{"@id":"https:\/\/www.lamigraf.com\/tr\/designs\/trace\/#primaryimage"},"thumbnailUrl":"https:\/\/www.lamigraf.com\/wp-content\/uploads\/2026\/04\/03178-0301-red-scaled.jpg","datePublished":"2026-04-16T10:26:00+00:00","dateModified":"2026-04-16T10:26:01+00:00","breadcrumb":{"@id":"https:\/\/www.lamigraf.com\/tr\/designs\/trace\/#breadcrumb"},"inLanguage":"tr","potentialAction":[{"@type":"ReadAction","target":["https:\/\/www.lamigraf.com\/tr\/designs\/trace\/"]}]},{"@type":"ImageObject","inLanguage":"tr","@id":"https:\/\/www.lamigraf.com\/tr\/designs\/trace\/#primaryimage","url":"https:\/\/www.lamigraf.com\/wp-content\/uploads\/2026\/04\/03178-0301-red-scaled.jpg","contentUrl":"https:\/\/www.lamigraf.com\/wp-content\/uploads\/2026\/04\/03178-0301-red-scaled.jpg","width":2560,"height":1514},{"@type":"BreadcrumbList","@id":"https:\/\/www.lamigraf.com\/tr\/designs\/trace\/#breadcrumb","itemListElement":[{"@type":"ListItem","position":1,"name":"Home","item":"https:\/\/www.lamigraf.com\/tr\/"},{"@type":"ListItem","position":2,"name":"Designs","item":"https:\/\/www.lamigraf.com\/designs\/"},{"@type":"ListItem","position":3,"name":"TRACE"}]},{"@type":"WebSite","@id":"https:\/\/www.lamigraf.com\/#website","url":"https:\/\/www.lamigraf.com\/","name":"Lamigraf","description":"","publisher":{"@id":"https:\/\/www.lamigraf.com\/#organization"},"potentialAction":[{"@type":"SearchAction","target":{"@type":"EntryPoint","urlTemplate":"https:\/\/www.lamigraf.com\/?s={search_term_string}"},"query-input":{"@type":"PropertyValueSpecification","valueRequired":true,"valueName":"search_term_string"}}],"inLanguage":"tr"},{"@type":"Organization","@id":"https:\/\/www.lamigraf.com\/#organization","name":"Lamigraf","url":"https:\/\/www.lamigraf.com\/","logo":{"@type":"ImageObject","inLanguage":"tr","@id":"https:\/\/www.lamigraf.com\/#\/schema\/logo\/image\/","url":"https:\/\/www.lamigraf.com\/wp-content\/uploads\/2024\/05\/Logo-white.svg","contentUrl":"https:\/\/www.lamigraf.com\/wp-content\/uploads\/2024\/05\/Logo-white.svg","width":147,"height":36,"caption":"Lamigraf"},"image":{"@id":"https:\/\/www.lamigraf.com\/#\/schema\/logo\/image\/"}}]}},"_links":{"self":[{"href":"https:\/\/www.lamigraf.com\/tr\/wp-json\/wp\/v2\/product\/118311","targetHints":{"allow":["GET"]}}],"collection":[{"href":"https:\/\/www.lamigraf.com\/tr\/wp-json\/wp\/v2\/product"}],"about":[{"href":"https:\/\/www.lamigraf.com\/tr\/wp-json\/wp\/v2\/types\/product"}],"version-history":[{"count":1,"href":"https:\/\/www.lamigraf.com\/tr\/wp-json\/wp\/v2\/product\/118311\/revisions"}],"predecessor-version":[{"id":118312,"href":"https:\/\/www.lamigraf.com\/tr\/wp-json\/wp\/v2\/product\/118311\/revisions\/118312"}],"acf:attachment":[{"embeddable":true,"href":"https:\/\/www.lamigraf.com\/tr\/wp-json\/wp\/v2\/media\/118252"},{"embeddable":true,"href":"https:\/\/www.lamigraf.com\/tr\/wp-json\/wp\/v2\/media\/118245"}],"wp:featuredmedia":[{"embeddable":true,"href":"https:\/\/www.lamigraf.com\/tr\/wp-json\/wp\/v2\/media\/118238"}],"wp:attachment":[{"href":"https:\/\/www.lamigraf.com\/tr\/wp-json\/wp\/v2\/media?parent=118311"}],"wp:term":[{"taxonomy":"product_applications","embeddable":true,"href":"https:\/\/www.lamigraf.com\/tr\/wp-json\/wp\/v2\/applications?post=118311"},{"taxonomy":"product_type","embeddable":true,"href":"https:\/\/www.lamigraf.com\/tr\/wp-json\/wp\/v2\/design-types?post=118311"},{"taxonomy":"product_characteristics","embeddable":true,"href":"https:\/\/www.lamigraf.com\/tr\/wp-json\/wp\/v2\/characteristics?post=118311"},{"taxonomy":"product_apparence","embeddable":true,"href":"https:\/\/www.lamigraf.com\/tr\/wp-json\/wp\/v2\/appearance?post=118311"}],"curies":[{"name":"wp","href":"https:\/\/api.w.org\/{rel}","templated":true}]}}