{"id":87045,"date":"2025-04-02T16:17:11","date_gmt":"2025-04-02T14:17:11","guid":{"rendered":"http:\/\/lamigraf.com\/designs\/greta\/"},"modified":"2025-04-07T18:09:00","modified_gmt":"2025-04-07T16:09:00","slug":"greta","status":"publish","type":"product","link":"https:\/\/www.lamigraf.com\/tr\/designs\/greta\/","title":{"rendered":"GRETA"},"content":{"rendered":"\n<p>Hibrit ve benzersiz tasar\u0131m\u0131yla Greta, ham ta\u015f\u0131n rustik karakterini ve betonun yumu\u015fak zarafetini \u00e7a\u011fr\u0131\u015ft\u0131r\u0131r. Uyguland\u0131\u011f\u0131 tona ba\u011fl\u0131 olarak her iki stil aras\u0131nda ak\u0131c\u0131 bir ge\u00e7i\u015f sa\u011flar. Bu unsurlar\u0131n uyumlu birle\u015fimi, Greta\u2019ya benzersiz bir \u00e7ok y\u00f6nl\u00fcl\u00fck kazand\u0131r\u0131r; b\u00f6ylece her ortama uyum sa\u011flayabilir ve esteti\u011fini art\u0131rabilir.<\/p>\n\n\n\n<p><\/p>\n","protected":false},"excerpt":{"rendered":"<p>Hibrit ve benzersiz tasar\u0131m\u0131yla Greta, ham ta\u015f\u0131n rustik karakterini ve betonun yumu\u015fak zarafetini \u00e7a\u011fr\u0131\u015ft\u0131r\u0131r. Uyguland\u0131\u011f\u0131 tona ba\u011fl\u0131 olarak her iki stil aras\u0131nda ak\u0131c\u0131 bir ge\u00e7i\u015f sa\u011flar. Bu unsurlar\u0131n uyumlu birle\u015fimi, Greta\u2019ya benzersiz bir \u00e7ok y\u00f6nl\u00fcl\u00fck kazand\u0131r\u0131r; b\u00f6ylece her ortama uyum sa\u011flayabilir ve esteti\u011fini art\u0131rabilir.<\/p>\n","protected":false},"featured_media":12795,"template":"","meta":{"_acf_changed":false,"_gspb_post_css":"","footnotes":""},"applications":[1062],"design-types":[909,899],"characteristics":[],"appearance":[],"class_list":["post-87045","product","type-product","status-publish","has-post-thumbnail","hentry","product_applications-furniture-tk","product_type-other-tk","product_type-stone-tk"],"acf":{"code":"2993","peripheral_development":"1250","axial_development":"2200","cylinders":"3","data_sheet":79685,"collections":[{"code":"2993-0201","thumbnail":84502,"render":83749},{"code":"2993-0301","thumbnail":84508,"render":83755},{"code":"2993-0302","thumbnail":84514,"render":83761},{"code":"2993-0303","thumbnail":84520,"render":83767}],"usages":[12802,77583,77589],"inspiration":{"top":{"title":"Mutfak tezgah\u0131","thumbnail":77623,"reference":"2690-0301"},"bottom_title":"Raflar"},"hover_image":12802,"eir":"","collaborator":{"name":"","link":""},"synchro_wood":false,"novedad":false},"yoast_head":"<!-- This site is optimized with the Yoast SEO plugin v25.2 - https:\/\/yoast.com\/wordpress\/plugins\/seo\/ -->\n<title>GRETA - Lamigraf<\/title>\n<meta name=\"robots\" content=\"index, follow, max-snippet:-1, max-image-preview:large, max-video-preview:-1\" \/>\n<link rel=\"canonical\" href=\"https:\/\/www.lamigraf.com\/tr\/designs\/greta\/\" \/>\n<meta property=\"og:locale\" content=\"tr_TR\" \/>\n<meta property=\"og:type\" content=\"article\" \/>\n<meta property=\"og:title\" content=\"GRETA - Lamigraf\" \/>\n<meta property=\"og:description\" content=\"Hibrit ve benzersiz tasar\u0131m\u0131yla Greta, ham ta\u015f\u0131n rustik karakterini ve betonun yumu\u015fak zarafetini \u00e7a\u011fr\u0131\u015ft\u0131r\u0131r. Uyguland\u0131\u011f\u0131 tona ba\u011fl\u0131 olarak her iki stil aras\u0131nda ak\u0131c\u0131 bir ge\u00e7i\u015f sa\u011flar. Bu unsurlar\u0131n uyumlu birle\u015fimi, Greta\u2019ya benzersiz bir \u00e7ok y\u00f6nl\u00fcl\u00fck kazand\u0131r\u0131r; b\u00f6ylece her ortama uyum sa\u011flayabilir ve esteti\u011fini art\u0131rabilir.\" \/>\n<meta property=\"og:url\" content=\"https:\/\/www.lamigraf.com\/tr\/designs\/greta\/\" \/>\n<meta property=\"og:site_name\" content=\"Lamigraf\" \/>\n<meta property=\"article:modified_time\" content=\"2025-04-07T16:09:00+00:00\" \/>\n<meta property=\"og:image\" content=\"https:\/\/www.lamigraf.com\/wp-content\/uploads\/2024\/06\/02993-O.jpg\" \/>\n\t<meta property=\"og:image:width\" content=\"1920\" \/>\n\t<meta property=\"og:image:height\" content=\"1091\" \/>\n\t<meta property=\"og:image:type\" content=\"image\/jpeg\" \/>\n<meta name=\"twitter:card\" content=\"summary_large_image\" \/>\n<meta name=\"twitter:label1\" content=\"Tahmini okuma s\u00fcresi\" \/>\n\t<meta name=\"twitter:data1\" content=\"1 dakika\" \/>\n<script type=\"application\/ld+json\" class=\"yoast-schema-graph\">{\"@context\":\"https:\/\/schema.org\",\"@graph\":[{\"@type\":\"WebPage\",\"@id\":\"https:\/\/www.lamigraf.com\/tr\/designs\/greta\/\",\"url\":\"https:\/\/www.lamigraf.com\/tr\/designs\/greta\/\",\"name\":\"GRETA - Lamigraf\",\"isPartOf\":{\"@id\":\"https:\/\/www.lamigraf.com\/#website\"},\"primaryImageOfPage\":{\"@id\":\"https:\/\/www.lamigraf.com\/tr\/designs\/greta\/#primaryimage\"},\"image\":{\"@id\":\"https:\/\/www.lamigraf.com\/tr\/designs\/greta\/#primaryimage\"},\"thumbnailUrl\":\"https:\/\/www.lamigraf.com\/wp-content\/uploads\/2024\/06\/02993-O.jpg\",\"datePublished\":\"2025-04-02T14:17:11+00:00\",\"dateModified\":\"2025-04-07T16:09:00+00:00\",\"breadcrumb\":{\"@id\":\"https:\/\/www.lamigraf.com\/tr\/designs\/greta\/#breadcrumb\"},\"inLanguage\":\"tr\",\"potentialAction\":[{\"@type\":\"ReadAction\",\"target\":[\"https:\/\/www.lamigraf.com\/tr\/designs\/greta\/\"]}]},{\"@type\":\"ImageObject\",\"inLanguage\":\"tr\",\"@id\":\"https:\/\/www.lamigraf.com\/tr\/designs\/greta\/#primaryimage\",\"url\":\"https:\/\/www.lamigraf.com\/wp-content\/uploads\/2024\/06\/02993-O.jpg\",\"contentUrl\":\"https:\/\/www.lamigraf.com\/wp-content\/uploads\/2024\/06\/02993-O.jpg\",\"width\":1920,\"height\":1091},{\"@type\":\"BreadcrumbList\",\"@id\":\"https:\/\/www.lamigraf.com\/tr\/designs\/greta\/#breadcrumb\",\"itemListElement\":[{\"@type\":\"ListItem\",\"position\":1,\"name\":\"Home\",\"item\":\"https:\/\/www.lamigraf.com\/tr\/\"},{\"@type\":\"ListItem\",\"position\":2,\"name\":\"Designs\",\"item\":\"https:\/\/www.lamigraf.com\/designs\/\"},{\"@type\":\"ListItem\",\"position\":3,\"name\":\"GRETA\"}]},{\"@type\":\"WebSite\",\"@id\":\"https:\/\/www.lamigraf.com\/#website\",\"url\":\"https:\/\/www.lamigraf.com\/\",\"name\":\"Lamigraf\",\"description\":\"\",\"publisher\":{\"@id\":\"https:\/\/www.lamigraf.com\/#organization\"},\"potentialAction\":[{\"@type\":\"SearchAction\",\"target\":{\"@type\":\"EntryPoint\",\"urlTemplate\":\"https:\/\/www.lamigraf.com\/?s={search_term_string}\"},\"query-input\":{\"@type\":\"PropertyValueSpecification\",\"valueRequired\":true,\"valueName\":\"search_term_string\"}}],\"inLanguage\":\"tr\"},{\"@type\":\"Organization\",\"@id\":\"https:\/\/www.lamigraf.com\/#organization\",\"name\":\"Lamigraf\",\"url\":\"https:\/\/www.lamigraf.com\/\",\"logo\":{\"@type\":\"ImageObject\",\"inLanguage\":\"tr\",\"@id\":\"https:\/\/www.lamigraf.com\/#\/schema\/logo\/image\/\",\"url\":\"https:\/\/www.lamigraf.com\/wp-content\/uploads\/2024\/05\/Logo-white.svg\",\"contentUrl\":\"https:\/\/www.lamigraf.com\/wp-content\/uploads\/2024\/05\/Logo-white.svg\",\"width\":147,\"height\":36,\"caption\":\"Lamigraf\"},\"image\":{\"@id\":\"https:\/\/www.lamigraf.com\/#\/schema\/logo\/image\/\"}}]}<\/script>\n<!-- \/ Yoast SEO plugin. -->","yoast_head_json":{"title":"GRETA - Lamigraf","robots":{"index":"index","follow":"follow","max-snippet":"max-snippet:-1","max-image-preview":"max-image-preview:large","max-video-preview":"max-video-preview:-1"},"canonical":"https:\/\/www.lamigraf.com\/tr\/designs\/greta\/","og_locale":"tr_TR","og_type":"article","og_title":"GRETA - Lamigraf","og_description":"Hibrit ve benzersiz tasar\u0131m\u0131yla Greta, ham ta\u015f\u0131n rustik karakterini ve betonun yumu\u015fak zarafetini \u00e7a\u011fr\u0131\u015ft\u0131r\u0131r. Uyguland\u0131\u011f\u0131 tona ba\u011fl\u0131 olarak her iki stil aras\u0131nda ak\u0131c\u0131 bir ge\u00e7i\u015f sa\u011flar. Bu unsurlar\u0131n uyumlu birle\u015fimi, Greta\u2019ya benzersiz bir \u00e7ok y\u00f6nl\u00fcl\u00fck kazand\u0131r\u0131r; b\u00f6ylece her ortama uyum sa\u011flayabilir ve esteti\u011fini art\u0131rabilir.","og_url":"https:\/\/www.lamigraf.com\/tr\/designs\/greta\/","og_site_name":"Lamigraf","article_modified_time":"2025-04-07T16:09:00+00:00","og_image":[{"width":1920,"height":1091,"url":"https:\/\/www.lamigraf.com\/wp-content\/uploads\/2024\/06\/02993-O.jpg","type":"image\/jpeg"}],"twitter_card":"summary_large_image","twitter_misc":{"Tahmini okuma s\u00fcresi":"1 dakika"},"schema":{"@context":"https:\/\/schema.org","@graph":[{"@type":"WebPage","@id":"https:\/\/www.lamigraf.com\/tr\/designs\/greta\/","url":"https:\/\/www.lamigraf.com\/tr\/designs\/greta\/","name":"GRETA - Lamigraf","isPartOf":{"@id":"https:\/\/www.lamigraf.com\/#website"},"primaryImageOfPage":{"@id":"https:\/\/www.lamigraf.com\/tr\/designs\/greta\/#primaryimage"},"image":{"@id":"https:\/\/www.lamigraf.com\/tr\/designs\/greta\/#primaryimage"},"thumbnailUrl":"https:\/\/www.lamigraf.com\/wp-content\/uploads\/2024\/06\/02993-O.jpg","datePublished":"2025-04-02T14:17:11+00:00","dateModified":"2025-04-07T16:09:00+00:00","breadcrumb":{"@id":"https:\/\/www.lamigraf.com\/tr\/designs\/greta\/#breadcrumb"},"inLanguage":"tr","potentialAction":[{"@type":"ReadAction","target":["https:\/\/www.lamigraf.com\/tr\/designs\/greta\/"]}]},{"@type":"ImageObject","inLanguage":"tr","@id":"https:\/\/www.lamigraf.com\/tr\/designs\/greta\/#primaryimage","url":"https:\/\/www.lamigraf.com\/wp-content\/uploads\/2024\/06\/02993-O.jpg","contentUrl":"https:\/\/www.lamigraf.com\/wp-content\/uploads\/2024\/06\/02993-O.jpg","width":1920,"height":1091},{"@type":"BreadcrumbList","@id":"https:\/\/www.lamigraf.com\/tr\/designs\/greta\/#breadcrumb","itemListElement":[{"@type":"ListItem","position":1,"name":"Home","item":"https:\/\/www.lamigraf.com\/tr\/"},{"@type":"ListItem","position":2,"name":"Designs","item":"https:\/\/www.lamigraf.com\/designs\/"},{"@type":"ListItem","position":3,"name":"GRETA"}]},{"@type":"WebSite","@id":"https:\/\/www.lamigraf.com\/#website","url":"https:\/\/www.lamigraf.com\/","name":"Lamigraf","description":"","publisher":{"@id":"https:\/\/www.lamigraf.com\/#organization"},"potentialAction":[{"@type":"SearchAction","target":{"@type":"EntryPoint","urlTemplate":"https:\/\/www.lamigraf.com\/?s={search_term_string}"},"query-input":{"@type":"PropertyValueSpecification","valueRequired":true,"valueName":"search_term_string"}}],"inLanguage":"tr"},{"@type":"Organization","@id":"https:\/\/www.lamigraf.com\/#organization","name":"Lamigraf","url":"https:\/\/www.lamigraf.com\/","logo":{"@type":"ImageObject","inLanguage":"tr","@id":"https:\/\/www.lamigraf.com\/#\/schema\/logo\/image\/","url":"https:\/\/www.lamigraf.com\/wp-content\/uploads\/2024\/05\/Logo-white.svg","contentUrl":"https:\/\/www.lamigraf.com\/wp-content\/uploads\/2024\/05\/Logo-white.svg","width":147,"height":36,"caption":"Lamigraf"},"image":{"@id":"https:\/\/www.lamigraf.com\/#\/schema\/logo\/image\/"}}]}},"_links":{"self":[{"href":"https:\/\/www.lamigraf.com\/tr\/wp-json\/wp\/v2\/product\/87045","targetHints":{"allow":["GET"]}}],"collection":[{"href":"https:\/\/www.lamigraf.com\/tr\/wp-json\/wp\/v2\/product"}],"about":[{"href":"https:\/\/www.lamigraf.com\/tr\/wp-json\/wp\/v2\/types\/product"}],"version-history":[{"count":3,"href":"https:\/\/www.lamigraf.com\/tr\/wp-json\/wp\/v2\/product\/87045\/revisions"}],"predecessor-version":[{"id":87669,"href":"https:\/\/www.lamigraf.com\/tr\/wp-json\/wp\/v2\/product\/87045\/revisions\/87669"}],"acf:attachment":[{"embeddable":true,"href":"https:\/\/www.lamigraf.com\/tr\/wp-json\/wp\/v2\/media\/77589"},{"embeddable":true,"href":"https:\/\/www.lamigraf.com\/tr\/wp-json\/wp\/v2\/media\/77583"},{"embeddable":true,"href":"https:\/\/www.lamigraf.com\/tr\/wp-json\/wp\/v2\/media\/12802"}],"wp:featuredmedia":[{"embeddable":true,"href":"https:\/\/www.lamigraf.com\/tr\/wp-json\/wp\/v2\/media\/12795"}],"wp:attachment":[{"href":"https:\/\/www.lamigraf.com\/tr\/wp-json\/wp\/v2\/media?parent=87045"}],"wp:term":[{"taxonomy":"product_applications","embeddable":true,"href":"https:\/\/www.lamigraf.com\/tr\/wp-json\/wp\/v2\/applications?post=87045"},{"taxonomy":"product_type","embeddable":true,"href":"https:\/\/www.lamigraf.com\/tr\/wp-json\/wp\/v2\/design-types?post=87045"},{"taxonomy":"product_characteristics","embeddable":true,"href":"https:\/\/www.lamigraf.com\/tr\/wp-json\/wp\/v2\/characteristics?post=87045"},{"taxonomy":"product_apparence","embeddable":true,"href":"https:\/\/www.lamigraf.com\/tr\/wp-json\/wp\/v2\/appearance?post=87045"}],"curies":[{"name":"wp","href":"https:\/\/api.w.org\/{rel}","templated":true}]}}