{"id":87065,"date":"2025-04-02T16:48:33","date_gmt":"2025-04-02T14:48:33","guid":{"rendered":"http:\/\/lamigraf.com\/designs\/conjo-oak\/"},"modified":"2025-04-02T16:48:34","modified_gmt":"2025-04-02T14:48:34","slug":"conjo-oak","status":"publish","type":"product","link":"https:\/\/www.lamigraf.com\/tr\/designs\/conjo-oak\/","title":{"rendered":"CONJO OAK"},"content":{"rendered":"\n<p>Rustik ve \u015f\u0131k bir ah\u015fap olan Conjo Oak, d\u00fc\u011f\u00fcmleri, hafif \u00e7atlaklar\u0131 ve d\u00fczensiz g\u00fczelli\u011fini ve belirgin do\u011fal \u00f6zelliklerini kutlayan \u00f6\u011feleriyle zaman i\u00e7indeki yolculu\u011funun hikayesini anlat\u0131r. A\u00e7\u0131k kahverenginden koyu kahverengine kadar uzanan toprak tonlar\u0131 ve organik renklerle, bu tasar\u0131m do\u011fayla ba\u011flant\u0131 hissi uyand\u0131r\u0131r, do\u011fal ortamlar\u0131n huzurunu ve s\u0131cakl\u0131\u011f\u0131n\u0131 i\u00e7 mekanlara ta\u015f\u0131r.<\/p>\n\n<p><\/p>\n","protected":false},"excerpt":{"rendered":"<p>Rustik ve \u015f\u0131k bir ah\u015fap olan Conjo Oak, d\u00fc\u011f\u00fcmleri, hafif \u00e7atlaklar\u0131 ve d\u00fczensiz g\u00fczelli\u011fini ve belirgin do\u011fal \u00f6zelliklerini kutlayan \u00f6\u011feleriyle zaman i\u00e7indeki yolculu\u011funun hikayesini anlat\u0131r. A\u00e7\u0131k kahverenginden koyu kahverengine kadar uzanan toprak tonlar\u0131 ve organik renklerle, bu tasar\u0131m do\u011fayla ba\u011flant\u0131 hissi uyand\u0131r\u0131r, do\u011fal ortamlar\u0131n huzurunu ve s\u0131cakl\u0131\u011f\u0131n\u0131 i\u00e7 mekanlara ta\u015f\u0131r.<\/p>\n","protected":false},"featured_media":12746,"template":"","meta":{"_acf_changed":false,"_gspb_post_css":"","footnotes":""},"applications":[1062],"design-types":[929,977],"characteristics":[1012,1011,1006,1015],"appearance":[],"class_list":["post-87065","product","type-product","status-publish","has-post-thumbnail","hentry","product_applications-furniture-tk","product_type-wood-tk","product_type-oak-tk","product_characteristics-knots-tk","product_characteristics-cracks-tk","product_characteristics-cathedrals-tk","product_characteristics-planked-tk"],"acf":{"code":"2968","peripheral_development":"1300","axial_development":"2200","cylinders":"3","data_sheet":79706,"collections":[{"code":"2968-0302","thumbnail":84565,"render":84595},{"code":"2968-0303","thumbnail":84571,"render":""},{"code":"2968-0304","thumbnail":84577,"render":""},{"code":"2968-0306","thumbnail":84583,"render":84601},{"code":"2968-0307","thumbnail":84589,"render":""}],"usages":[12753,80232],"inspiration":{"top":{"title":"Tezgah ve \u00d6n Duvar","thumbnail":13957,"reference":"2882-302 "},"bottom_title":"\u00d6n Y\u00fczeyler"},"hover_image":12753,"eir":"","collaborator":{"name":"","link":""},"synchro_wood":false,"novedad":false},"yoast_head":"<!-- This site is optimized with the Yoast SEO plugin v25.2 - https:\/\/yoast.com\/wordpress\/plugins\/seo\/ -->\n<title>CONJO OAK - Lamigraf<\/title>\n<meta name=\"robots\" content=\"index, follow, max-snippet:-1, max-image-preview:large, max-video-preview:-1\" \/>\n<link rel=\"canonical\" href=\"https:\/\/www.lamigraf.com\/tr\/designs\/conjo-oak\/\" \/>\n<meta property=\"og:locale\" content=\"tr_TR\" \/>\n<meta property=\"og:type\" content=\"article\" \/>\n<meta property=\"og:title\" content=\"CONJO OAK - Lamigraf\" \/>\n<meta property=\"og:description\" content=\"Rustik ve \u015f\u0131k bir ah\u015fap olan Conjo Oak, d\u00fc\u011f\u00fcmleri, hafif \u00e7atlaklar\u0131 ve d\u00fczensiz g\u00fczelli\u011fini ve belirgin do\u011fal \u00f6zelliklerini kutlayan \u00f6\u011feleriyle zaman i\u00e7indeki yolculu\u011funun hikayesini anlat\u0131r. A\u00e7\u0131k kahverenginden koyu kahverengine kadar uzanan toprak tonlar\u0131 ve organik renklerle, bu tasar\u0131m do\u011fayla ba\u011flant\u0131 hissi uyand\u0131r\u0131r, do\u011fal ortamlar\u0131n huzurunu ve s\u0131cakl\u0131\u011f\u0131n\u0131 i\u00e7 mekanlara ta\u015f\u0131r.\" \/>\n<meta property=\"og:url\" content=\"https:\/\/www.lamigraf.com\/tr\/designs\/conjo-oak\/\" \/>\n<meta property=\"og:site_name\" content=\"Lamigraf\" \/>\n<meta property=\"article:modified_time\" content=\"2025-04-02T14:48:34+00:00\" \/>\n<meta property=\"og:image\" content=\"https:\/\/www.lamigraf.com\/wp-content\/uploads\/2024\/06\/02968-O-scaled.jpg\" \/>\n\t<meta property=\"og:image:width\" content=\"1320\" \/>\n\t<meta property=\"og:image:height\" content=\"2560\" \/>\n\t<meta property=\"og:image:type\" content=\"image\/jpeg\" \/>\n<meta name=\"twitter:card\" content=\"summary_large_image\" \/>\n<script type=\"application\/ld+json\" class=\"yoast-schema-graph\">{\"@context\":\"https:\/\/schema.org\",\"@graph\":[{\"@type\":\"WebPage\",\"@id\":\"https:\/\/www.lamigraf.com\/tr\/designs\/conjo-oak\/\",\"url\":\"https:\/\/www.lamigraf.com\/tr\/designs\/conjo-oak\/\",\"name\":\"CONJO OAK - Lamigraf\",\"isPartOf\":{\"@id\":\"https:\/\/www.lamigraf.com\/#website\"},\"primaryImageOfPage\":{\"@id\":\"https:\/\/www.lamigraf.com\/tr\/designs\/conjo-oak\/#primaryimage\"},\"image\":{\"@id\":\"https:\/\/www.lamigraf.com\/tr\/designs\/conjo-oak\/#primaryimage\"},\"thumbnailUrl\":\"https:\/\/www.lamigraf.com\/wp-content\/uploads\/2024\/06\/02968-O-scaled.jpg\",\"datePublished\":\"2025-04-02T14:48:33+00:00\",\"dateModified\":\"2025-04-02T14:48:34+00:00\",\"breadcrumb\":{\"@id\":\"https:\/\/www.lamigraf.com\/tr\/designs\/conjo-oak\/#breadcrumb\"},\"inLanguage\":\"tr\",\"potentialAction\":[{\"@type\":\"ReadAction\",\"target\":[\"https:\/\/www.lamigraf.com\/tr\/designs\/conjo-oak\/\"]}]},{\"@type\":\"ImageObject\",\"inLanguage\":\"tr\",\"@id\":\"https:\/\/www.lamigraf.com\/tr\/designs\/conjo-oak\/#primaryimage\",\"url\":\"https:\/\/www.lamigraf.com\/wp-content\/uploads\/2024\/06\/02968-O-scaled.jpg\",\"contentUrl\":\"https:\/\/www.lamigraf.com\/wp-content\/uploads\/2024\/06\/02968-O-scaled.jpg\",\"width\":1320,\"height\":2560},{\"@type\":\"BreadcrumbList\",\"@id\":\"https:\/\/www.lamigraf.com\/tr\/designs\/conjo-oak\/#breadcrumb\",\"itemListElement\":[{\"@type\":\"ListItem\",\"position\":1,\"name\":\"Home\",\"item\":\"https:\/\/www.lamigraf.com\/tr\/\"},{\"@type\":\"ListItem\",\"position\":2,\"name\":\"Designs\",\"item\":\"https:\/\/www.lamigraf.com\/designs\/\"},{\"@type\":\"ListItem\",\"position\":3,\"name\":\"CONJO OAK\"}]},{\"@type\":\"WebSite\",\"@id\":\"https:\/\/www.lamigraf.com\/#website\",\"url\":\"https:\/\/www.lamigraf.com\/\",\"name\":\"Lamigraf\",\"description\":\"\",\"publisher\":{\"@id\":\"https:\/\/www.lamigraf.com\/#organization\"},\"potentialAction\":[{\"@type\":\"SearchAction\",\"target\":{\"@type\":\"EntryPoint\",\"urlTemplate\":\"https:\/\/www.lamigraf.com\/?s={search_term_string}\"},\"query-input\":{\"@type\":\"PropertyValueSpecification\",\"valueRequired\":true,\"valueName\":\"search_term_string\"}}],\"inLanguage\":\"tr\"},{\"@type\":\"Organization\",\"@id\":\"https:\/\/www.lamigraf.com\/#organization\",\"name\":\"Lamigraf\",\"url\":\"https:\/\/www.lamigraf.com\/\",\"logo\":{\"@type\":\"ImageObject\",\"inLanguage\":\"tr\",\"@id\":\"https:\/\/www.lamigraf.com\/#\/schema\/logo\/image\/\",\"url\":\"https:\/\/www.lamigraf.com\/wp-content\/uploads\/2024\/05\/Logo-white.svg\",\"contentUrl\":\"https:\/\/www.lamigraf.com\/wp-content\/uploads\/2024\/05\/Logo-white.svg\",\"width\":147,\"height\":36,\"caption\":\"Lamigraf\"},\"image\":{\"@id\":\"https:\/\/www.lamigraf.com\/#\/schema\/logo\/image\/\"}}]}<\/script>\n<!-- \/ Yoast SEO plugin. -->","yoast_head_json":{"title":"CONJO OAK - Lamigraf","robots":{"index":"index","follow":"follow","max-snippet":"max-snippet:-1","max-image-preview":"max-image-preview:large","max-video-preview":"max-video-preview:-1"},"canonical":"https:\/\/www.lamigraf.com\/tr\/designs\/conjo-oak\/","og_locale":"tr_TR","og_type":"article","og_title":"CONJO OAK - Lamigraf","og_description":"Rustik ve \u015f\u0131k bir ah\u015fap olan Conjo Oak, d\u00fc\u011f\u00fcmleri, hafif \u00e7atlaklar\u0131 ve d\u00fczensiz g\u00fczelli\u011fini ve belirgin do\u011fal \u00f6zelliklerini kutlayan \u00f6\u011feleriyle zaman i\u00e7indeki yolculu\u011funun hikayesini anlat\u0131r. A\u00e7\u0131k kahverenginden koyu kahverengine kadar uzanan toprak tonlar\u0131 ve organik renklerle, bu tasar\u0131m do\u011fayla ba\u011flant\u0131 hissi uyand\u0131r\u0131r, do\u011fal ortamlar\u0131n huzurunu ve s\u0131cakl\u0131\u011f\u0131n\u0131 i\u00e7 mekanlara ta\u015f\u0131r.","og_url":"https:\/\/www.lamigraf.com\/tr\/designs\/conjo-oak\/","og_site_name":"Lamigraf","article_modified_time":"2025-04-02T14:48:34+00:00","og_image":[{"width":1320,"height":2560,"url":"https:\/\/www.lamigraf.com\/wp-content\/uploads\/2024\/06\/02968-O-scaled.jpg","type":"image\/jpeg"}],"twitter_card":"summary_large_image","schema":{"@context":"https:\/\/schema.org","@graph":[{"@type":"WebPage","@id":"https:\/\/www.lamigraf.com\/tr\/designs\/conjo-oak\/","url":"https:\/\/www.lamigraf.com\/tr\/designs\/conjo-oak\/","name":"CONJO OAK - Lamigraf","isPartOf":{"@id":"https:\/\/www.lamigraf.com\/#website"},"primaryImageOfPage":{"@id":"https:\/\/www.lamigraf.com\/tr\/designs\/conjo-oak\/#primaryimage"},"image":{"@id":"https:\/\/www.lamigraf.com\/tr\/designs\/conjo-oak\/#primaryimage"},"thumbnailUrl":"https:\/\/www.lamigraf.com\/wp-content\/uploads\/2024\/06\/02968-O-scaled.jpg","datePublished":"2025-04-02T14:48:33+00:00","dateModified":"2025-04-02T14:48:34+00:00","breadcrumb":{"@id":"https:\/\/www.lamigraf.com\/tr\/designs\/conjo-oak\/#breadcrumb"},"inLanguage":"tr","potentialAction":[{"@type":"ReadAction","target":["https:\/\/www.lamigraf.com\/tr\/designs\/conjo-oak\/"]}]},{"@type":"ImageObject","inLanguage":"tr","@id":"https:\/\/www.lamigraf.com\/tr\/designs\/conjo-oak\/#primaryimage","url":"https:\/\/www.lamigraf.com\/wp-content\/uploads\/2024\/06\/02968-O-scaled.jpg","contentUrl":"https:\/\/www.lamigraf.com\/wp-content\/uploads\/2024\/06\/02968-O-scaled.jpg","width":1320,"height":2560},{"@type":"BreadcrumbList","@id":"https:\/\/www.lamigraf.com\/tr\/designs\/conjo-oak\/#breadcrumb","itemListElement":[{"@type":"ListItem","position":1,"name":"Home","item":"https:\/\/www.lamigraf.com\/tr\/"},{"@type":"ListItem","position":2,"name":"Designs","item":"https:\/\/www.lamigraf.com\/designs\/"},{"@type":"ListItem","position":3,"name":"CONJO OAK"}]},{"@type":"WebSite","@id":"https:\/\/www.lamigraf.com\/#website","url":"https:\/\/www.lamigraf.com\/","name":"Lamigraf","description":"","publisher":{"@id":"https:\/\/www.lamigraf.com\/#organization"},"potentialAction":[{"@type":"SearchAction","target":{"@type":"EntryPoint","urlTemplate":"https:\/\/www.lamigraf.com\/?s={search_term_string}"},"query-input":{"@type":"PropertyValueSpecification","valueRequired":true,"valueName":"search_term_string"}}],"inLanguage":"tr"},{"@type":"Organization","@id":"https:\/\/www.lamigraf.com\/#organization","name":"Lamigraf","url":"https:\/\/www.lamigraf.com\/","logo":{"@type":"ImageObject","inLanguage":"tr","@id":"https:\/\/www.lamigraf.com\/#\/schema\/logo\/image\/","url":"https:\/\/www.lamigraf.com\/wp-content\/uploads\/2024\/05\/Logo-white.svg","contentUrl":"https:\/\/www.lamigraf.com\/wp-content\/uploads\/2024\/05\/Logo-white.svg","width":147,"height":36,"caption":"Lamigraf"},"image":{"@id":"https:\/\/www.lamigraf.com\/#\/schema\/logo\/image\/"}}]}},"_links":{"self":[{"href":"https:\/\/www.lamigraf.com\/tr\/wp-json\/wp\/v2\/product\/87065","targetHints":{"allow":["GET"]}}],"collection":[{"href":"https:\/\/www.lamigraf.com\/tr\/wp-json\/wp\/v2\/product"}],"about":[{"href":"https:\/\/www.lamigraf.com\/tr\/wp-json\/wp\/v2\/types\/product"}],"version-history":[{"count":1,"href":"https:\/\/www.lamigraf.com\/tr\/wp-json\/wp\/v2\/product\/87065\/revisions"}],"predecessor-version":[{"id":87066,"href":"https:\/\/www.lamigraf.com\/tr\/wp-json\/wp\/v2\/product\/87065\/revisions\/87066"}],"acf:attachment":[{"embeddable":true,"href":"https:\/\/www.lamigraf.com\/tr\/wp-json\/wp\/v2\/media\/80232"},{"embeddable":true,"href":"https:\/\/www.lamigraf.com\/tr\/wp-json\/wp\/v2\/media\/12753"}],"wp:featuredmedia":[{"embeddable":true,"href":"https:\/\/www.lamigraf.com\/tr\/wp-json\/wp\/v2\/media\/12746"}],"wp:attachment":[{"href":"https:\/\/www.lamigraf.com\/tr\/wp-json\/wp\/v2\/media?parent=87065"}],"wp:term":[{"taxonomy":"product_applications","embeddable":true,"href":"https:\/\/www.lamigraf.com\/tr\/wp-json\/wp\/v2\/applications?post=87065"},{"taxonomy":"product_type","embeddable":true,"href":"https:\/\/www.lamigraf.com\/tr\/wp-json\/wp\/v2\/design-types?post=87065"},{"taxonomy":"product_characteristics","embeddable":true,"href":"https:\/\/www.lamigraf.com\/tr\/wp-json\/wp\/v2\/characteristics?post=87065"},{"taxonomy":"product_apparence","embeddable":true,"href":"https:\/\/www.lamigraf.com\/tr\/wp-json\/wp\/v2\/appearance?post=87065"}],"curies":[{"name":"wp","href":"https:\/\/api.w.org\/{rel}","templated":true}]}}