{"id":87087,"date":"2025-04-02T22:09:17","date_gmt":"2025-04-02T20:09:17","guid":{"rendered":"http:\/\/lamigraf.com\/designs\/aris\/"},"modified":"2025-04-02T22:14:47","modified_gmt":"2025-04-02T20:14:47","slug":"aris","status":"publish","type":"product","link":"https:\/\/www.lamigraf.com\/tr\/designs\/aris\/","title":{"rendered":"\u00c1RIS"},"content":{"rendered":"\n<p>\u00c1ris, son d\u00f6nemdeki b\u00fcy\u00fck tasar\u0131m fuarlar\u0131nda \u00f6ne \u00e7\u0131kan yeni metallerin y\u00fckselen trendleriyle m\u00fckemmel bir uyum i\u00e7inde olan ger\u00e7ekten \u00e7ok y\u00f6nl\u00fc bir tasar\u0131m\u0131 temsil eder. A\u00e7\u0131k ve koyu tonlar aras\u0131nda ge\u00e7i\u015f yapma konusunda benzersiz bir yetene\u011fe sahip olan bu konsept, yumu\u015fak ve davetkar renklerde uyguland\u0131\u011f\u0131nda d\u00fcz renkler ve tek tip metaller i\u00e7in m\u00fckemmel bir alternatif sunar. Ancak, daha canl\u0131 ve doygun tonlarda sunuldu\u011funda, \u00c1ris b\u00fcy\u00fcleyici ve sofistike bir varl\u0131\u011f\u0131yla mek\u00e2nlar\u0131n tart\u0131\u015fmas\u0131z ba\u015frol oyuncusu haline gelir.<\/p>\n","protected":false},"excerpt":{"rendered":"<p>\u00c1ris, son d\u00f6nemdeki b\u00fcy\u00fck tasar\u0131m fuarlar\u0131nda \u00f6ne \u00e7\u0131kan yeni metallerin y\u00fckselen trendleriyle m\u00fckemmel bir uyum i\u00e7inde olan ger\u00e7ekten \u00e7ok y\u00f6nl\u00fc bir tasar\u0131m\u0131 temsil eder. A\u00e7\u0131k ve koyu tonlar aras\u0131nda ge\u00e7i\u015f yapma konusunda benzersiz bir yetene\u011fe sahip olan bu konsept, yumu\u015fak ve davetkar renklerde uyguland\u0131\u011f\u0131nda d\u00fcz renkler ve tek tip metaller i\u00e7in m\u00fckemmel bir alternatif sunar. [&hellip;]<\/p>\n","protected":false},"featured_media":97513,"template":"","meta":{"_acf_changed":false,"_gspb_post_css":"","footnotes":""},"applications":[1062],"design-types":[881,890],"characteristics":[1014],"appearance":[],"class_list":["post-87087","product","type-product","status-publish","has-post-thumbnail","hentry","product_applications-furniture-tk","product_type-cementmetal-tk","product_type-fantasy-tk","product_characteristics-metallic-effect-tk"],"acf":{"code":"2996","peripheral_development":"1250","axial_development":"650","cylinders":"2","data_sheet":79664,"collections":[{"code":"2996-0106","thumbnail":12662,"render":97455},{"code":"2996-0107","thumbnail":12669,"render":97462},{"code":"2996-0108","thumbnail":12676,"render":97469},{"code":"2996-0110","thumbnail":12704,"render":97476}],"usages":[97483,97490],"inspiration":{"top":{"title":"Mutfak tezgahlar\u0131","thumbnail":18836,"reference":"2596-D001"},"bottom_title":"Mobilya"},"hover_image":97490,"eir":"","collaborator":{"name":"","link":""},"synchro_wood":false,"novedad":false},"yoast_head":"<!-- This site is optimized with the Yoast SEO plugin v25.2 - https:\/\/yoast.com\/wordpress\/plugins\/seo\/ -->\n<title>\u00c1RIS - Lamigraf<\/title>\n<meta name=\"robots\" content=\"index, follow, max-snippet:-1, max-image-preview:large, max-video-preview:-1\" \/>\n<link rel=\"canonical\" href=\"https:\/\/www.lamigraf.com\/tr\/designs\/aris\/\" \/>\n<meta property=\"og:locale\" content=\"tr_TR\" \/>\n<meta property=\"og:type\" content=\"article\" \/>\n<meta property=\"og:title\" content=\"\u00c1RIS - Lamigraf\" \/>\n<meta property=\"og:description\" content=\"\u00c1ris, son d\u00f6nemdeki b\u00fcy\u00fck tasar\u0131m fuarlar\u0131nda \u00f6ne \u00e7\u0131kan yeni metallerin y\u00fckselen trendleriyle m\u00fckemmel bir uyum i\u00e7inde olan ger\u00e7ekten \u00e7ok y\u00f6nl\u00fc bir tasar\u0131m\u0131 temsil eder. A\u00e7\u0131k ve koyu tonlar aras\u0131nda ge\u00e7i\u015f yapma konusunda benzersiz bir yetene\u011fe sahip olan bu konsept, yumu\u015fak ve davetkar renklerde uyguland\u0131\u011f\u0131nda d\u00fcz renkler ve tek tip metaller i\u00e7in m\u00fckemmel bir alternatif sunar. [&hellip;]\" \/>\n<meta property=\"og:url\" content=\"https:\/\/www.lamigraf.com\/tr\/designs\/aris\/\" \/>\n<meta property=\"og:site_name\" content=\"Lamigraf\" \/>\n<meta property=\"article:modified_time\" content=\"2025-04-02T20:14:47+00:00\" \/>\n<meta property=\"og:image\" content=\"https:\/\/www.lamigraf.com\/wp-content\/uploads\/2024\/06\/02996-O-scaled.jpg\" \/>\n\t<meta property=\"og:image:width\" content=\"1331\" \/>\n\t<meta property=\"og:image:height\" content=\"2560\" \/>\n\t<meta property=\"og:image:type\" content=\"image\/jpeg\" \/>\n<meta name=\"twitter:card\" content=\"summary_large_image\" \/>\n<meta name=\"twitter:label1\" content=\"Tahmini okuma s\u00fcresi\" \/>\n\t<meta name=\"twitter:data1\" content=\"1 dakika\" \/>\n<script type=\"application\/ld+json\" class=\"yoast-schema-graph\">{\"@context\":\"https:\/\/schema.org\",\"@graph\":[{\"@type\":\"WebPage\",\"@id\":\"https:\/\/www.lamigraf.com\/tr\/designs\/aris\/\",\"url\":\"https:\/\/www.lamigraf.com\/tr\/designs\/aris\/\",\"name\":\"\u00c1RIS - Lamigraf\",\"isPartOf\":{\"@id\":\"https:\/\/www.lamigraf.com\/#website\"},\"primaryImageOfPage\":{\"@id\":\"https:\/\/www.lamigraf.com\/tr\/designs\/aris\/#primaryimage\"},\"image\":{\"@id\":\"https:\/\/www.lamigraf.com\/tr\/designs\/aris\/#primaryimage\"},\"thumbnailUrl\":\"https:\/\/www.lamigraf.com\/wp-content\/uploads\/2024\/06\/02996-0110.jpg\",\"datePublished\":\"2025-04-02T20:09:17+00:00\",\"dateModified\":\"2025-04-02T20:14:47+00:00\",\"breadcrumb\":{\"@id\":\"https:\/\/www.lamigraf.com\/tr\/designs\/aris\/#breadcrumb\"},\"inLanguage\":\"tr\",\"potentialAction\":[{\"@type\":\"ReadAction\",\"target\":[\"https:\/\/www.lamigraf.com\/tr\/designs\/aris\/\"]}]},{\"@type\":\"ImageObject\",\"inLanguage\":\"tr\",\"@id\":\"https:\/\/www.lamigraf.com\/tr\/designs\/aris\/#primaryimage\",\"url\":\"https:\/\/www.lamigraf.com\/wp-content\/uploads\/2024\/06\/02996-0110.jpg\",\"contentUrl\":\"https:\/\/www.lamigraf.com\/wp-content\/uploads\/2024\/06\/02996-0110.jpg\",\"width\":998,\"height\":1920},{\"@type\":\"BreadcrumbList\",\"@id\":\"https:\/\/www.lamigraf.com\/tr\/designs\/aris\/#breadcrumb\",\"itemListElement\":[{\"@type\":\"ListItem\",\"position\":1,\"name\":\"Home\",\"item\":\"https:\/\/www.lamigraf.com\/tr\/\"},{\"@type\":\"ListItem\",\"position\":2,\"name\":\"Designs\",\"item\":\"https:\/\/www.lamigraf.com\/designs\/\"},{\"@type\":\"ListItem\",\"position\":3,\"name\":\"\u00c1RIS\"}]},{\"@type\":\"WebSite\",\"@id\":\"https:\/\/www.lamigraf.com\/#website\",\"url\":\"https:\/\/www.lamigraf.com\/\",\"name\":\"Lamigraf\",\"description\":\"\",\"publisher\":{\"@id\":\"https:\/\/www.lamigraf.com\/#organization\"},\"potentialAction\":[{\"@type\":\"SearchAction\",\"target\":{\"@type\":\"EntryPoint\",\"urlTemplate\":\"https:\/\/www.lamigraf.com\/?s={search_term_string}\"},\"query-input\":{\"@type\":\"PropertyValueSpecification\",\"valueRequired\":true,\"valueName\":\"search_term_string\"}}],\"inLanguage\":\"tr\"},{\"@type\":\"Organization\",\"@id\":\"https:\/\/www.lamigraf.com\/#organization\",\"name\":\"Lamigraf\",\"url\":\"https:\/\/www.lamigraf.com\/\",\"logo\":{\"@type\":\"ImageObject\",\"inLanguage\":\"tr\",\"@id\":\"https:\/\/www.lamigraf.com\/#\/schema\/logo\/image\/\",\"url\":\"https:\/\/www.lamigraf.com\/wp-content\/uploads\/2024\/05\/Logo-white.svg\",\"contentUrl\":\"https:\/\/www.lamigraf.com\/wp-content\/uploads\/2024\/05\/Logo-white.svg\",\"width\":147,\"height\":36,\"caption\":\"Lamigraf\"},\"image\":{\"@id\":\"https:\/\/www.lamigraf.com\/#\/schema\/logo\/image\/\"}}]}<\/script>\n<!-- \/ Yoast SEO plugin. -->","yoast_head_json":{"title":"\u00c1RIS - Lamigraf","robots":{"index":"index","follow":"follow","max-snippet":"max-snippet:-1","max-image-preview":"max-image-preview:large","max-video-preview":"max-video-preview:-1"},"canonical":"https:\/\/www.lamigraf.com\/tr\/designs\/aris\/","og_locale":"tr_TR","og_type":"article","og_title":"\u00c1RIS - Lamigraf","og_description":"\u00c1ris, son d\u00f6nemdeki b\u00fcy\u00fck tasar\u0131m fuarlar\u0131nda \u00f6ne \u00e7\u0131kan yeni metallerin y\u00fckselen trendleriyle m\u00fckemmel bir uyum i\u00e7inde olan ger\u00e7ekten \u00e7ok y\u00f6nl\u00fc bir tasar\u0131m\u0131 temsil eder. A\u00e7\u0131k ve koyu tonlar aras\u0131nda ge\u00e7i\u015f yapma konusunda benzersiz bir yetene\u011fe sahip olan bu konsept, yumu\u015fak ve davetkar renklerde uyguland\u0131\u011f\u0131nda d\u00fcz renkler ve tek tip metaller i\u00e7in m\u00fckemmel bir alternatif sunar. [&hellip;]","og_url":"https:\/\/www.lamigraf.com\/tr\/designs\/aris\/","og_site_name":"Lamigraf","article_modified_time":"2025-04-02T20:14:47+00:00","og_image":[{"width":1331,"height":2560,"url":"https:\/\/www.lamigraf.com\/wp-content\/uploads\/2024\/06\/02996-O-scaled.jpg","type":"image\/jpeg"}],"twitter_card":"summary_large_image","twitter_misc":{"Tahmini okuma s\u00fcresi":"1 dakika"},"schema":{"@context":"https:\/\/schema.org","@graph":[{"@type":"WebPage","@id":"https:\/\/www.lamigraf.com\/tr\/designs\/aris\/","url":"https:\/\/www.lamigraf.com\/tr\/designs\/aris\/","name":"\u00c1RIS - Lamigraf","isPartOf":{"@id":"https:\/\/www.lamigraf.com\/#website"},"primaryImageOfPage":{"@id":"https:\/\/www.lamigraf.com\/tr\/designs\/aris\/#primaryimage"},"image":{"@id":"https:\/\/www.lamigraf.com\/tr\/designs\/aris\/#primaryimage"},"thumbnailUrl":"https:\/\/www.lamigraf.com\/wp-content\/uploads\/2024\/06\/02996-0110.jpg","datePublished":"2025-04-02T20:09:17+00:00","dateModified":"2025-04-02T20:14:47+00:00","breadcrumb":{"@id":"https:\/\/www.lamigraf.com\/tr\/designs\/aris\/#breadcrumb"},"inLanguage":"tr","potentialAction":[{"@type":"ReadAction","target":["https:\/\/www.lamigraf.com\/tr\/designs\/aris\/"]}]},{"@type":"ImageObject","inLanguage":"tr","@id":"https:\/\/www.lamigraf.com\/tr\/designs\/aris\/#primaryimage","url":"https:\/\/www.lamigraf.com\/wp-content\/uploads\/2024\/06\/02996-0110.jpg","contentUrl":"https:\/\/www.lamigraf.com\/wp-content\/uploads\/2024\/06\/02996-0110.jpg","width":998,"height":1920},{"@type":"BreadcrumbList","@id":"https:\/\/www.lamigraf.com\/tr\/designs\/aris\/#breadcrumb","itemListElement":[{"@type":"ListItem","position":1,"name":"Home","item":"https:\/\/www.lamigraf.com\/tr\/"},{"@type":"ListItem","position":2,"name":"Designs","item":"https:\/\/www.lamigraf.com\/designs\/"},{"@type":"ListItem","position":3,"name":"\u00c1RIS"}]},{"@type":"WebSite","@id":"https:\/\/www.lamigraf.com\/#website","url":"https:\/\/www.lamigraf.com\/","name":"Lamigraf","description":"","publisher":{"@id":"https:\/\/www.lamigraf.com\/#organization"},"potentialAction":[{"@type":"SearchAction","target":{"@type":"EntryPoint","urlTemplate":"https:\/\/www.lamigraf.com\/?s={search_term_string}"},"query-input":{"@type":"PropertyValueSpecification","valueRequired":true,"valueName":"search_term_string"}}],"inLanguage":"tr"},{"@type":"Organization","@id":"https:\/\/www.lamigraf.com\/#organization","name":"Lamigraf","url":"https:\/\/www.lamigraf.com\/","logo":{"@type":"ImageObject","inLanguage":"tr","@id":"https:\/\/www.lamigraf.com\/#\/schema\/logo\/image\/","url":"https:\/\/www.lamigraf.com\/wp-content\/uploads\/2024\/05\/Logo-white.svg","contentUrl":"https:\/\/www.lamigraf.com\/wp-content\/uploads\/2024\/05\/Logo-white.svg","width":147,"height":36,"caption":"Lamigraf"},"image":{"@id":"https:\/\/www.lamigraf.com\/#\/schema\/logo\/image\/"}}]}},"_links":{"self":[{"href":"https:\/\/www.lamigraf.com\/tr\/wp-json\/wp\/v2\/product\/87087","targetHints":{"allow":["GET"]}}],"collection":[{"href":"https:\/\/www.lamigraf.com\/tr\/wp-json\/wp\/v2\/product"}],"about":[{"href":"https:\/\/www.lamigraf.com\/tr\/wp-json\/wp\/v2\/types\/product"}],"version-history":[{"count":2,"href":"https:\/\/www.lamigraf.com\/tr\/wp-json\/wp\/v2\/product\/87087\/revisions"}],"predecessor-version":[{"id":87106,"href":"https:\/\/www.lamigraf.com\/tr\/wp-json\/wp\/v2\/product\/87087\/revisions\/87106"}],"acf:attachment":[{"embeddable":true,"href":"https:\/\/www.lamigraf.com\/tr\/wp-json\/wp\/v2\/media\/97490"},{"embeddable":true,"href":"https:\/\/www.lamigraf.com\/tr\/wp-json\/wp\/v2\/media\/97483"}],"wp:featuredmedia":[{"embeddable":true,"href":"https:\/\/www.lamigraf.com\/tr\/wp-json\/wp\/v2\/media\/97513"}],"wp:attachment":[{"href":"https:\/\/www.lamigraf.com\/tr\/wp-json\/wp\/v2\/media?parent=87087"}],"wp:term":[{"taxonomy":"product_applications","embeddable":true,"href":"https:\/\/www.lamigraf.com\/tr\/wp-json\/wp\/v2\/applications?post=87087"},{"taxonomy":"product_type","embeddable":true,"href":"https:\/\/www.lamigraf.com\/tr\/wp-json\/wp\/v2\/design-types?post=87087"},{"taxonomy":"product_characteristics","embeddable":true,"href":"https:\/\/www.lamigraf.com\/tr\/wp-json\/wp\/v2\/characteristics?post=87087"},{"taxonomy":"product_apparence","embeddable":true,"href":"https:\/\/www.lamigraf.com\/tr\/wp-json\/wp\/v2\/appearance?post=87087"}],"curies":[{"name":"wp","href":"https:\/\/api.w.org\/{rel}","templated":true}]}}