{"id":87150,"date":"2025-04-03T11:22:32","date_gmt":"2025-04-03T09:22:32","guid":{"rendered":"http:\/\/lamigraf.com\/?post_type=product&#038;p=87150"},"modified":"2025-04-03T11:33:18","modified_gmt":"2025-04-03T09:33:18","slug":"manitu","status":"publish","type":"product","link":"https:\/\/www.lamigraf.com\/tr\/designs\/manitu\/","title":{"rendered":"MANITU"},"content":{"rendered":"\n<p>Geleneksel ve klasik akasyalardan kendini ay\u0131ran Manitu, bu egzotik a\u011fac\u0131n yeniden yorumlanmas\u0131n\u0131 davet ediyor ve sonu\u00e7 olarak daha yumu\u015fak ve \u00e7a\u011fda\u015f bir final esteti\u011fi sunuyor, s\u0131cak ve do\u011fal tonlarla zenginle\u015fiyor. Dikkate de\u011fer derecede \u015f\u0131k ve \u00e7ok y\u00f6nl\u00fc olan bu malzeme, her t\u00fcrl\u00fc mek\u00e2na uyum i\u00e7inde entegre olur, \u00e7e\u015fitli tasar\u0131m stillerine kolayca adapte olur. Uygulamas\u0131, farkl\u0131 malzeme t\u00fcrleriyle do\u011fal ve uyumlu bir \u015fekilde birle\u015febilme yetene\u011fiyle kolayla\u015f\u0131r ve her i\u00e7 mek\u00e2na sofistike bir dokunu\u015f ve s\u0131cakl\u0131k katar.<\/p>\n\n\n\n<p><\/p>\n","protected":false},"excerpt":{"rendered":"<p>Geleneksel ve klasik akasyalardan kendini ay\u0131ran Manitu, bu egzotik a\u011fac\u0131n yeniden yorumlanmas\u0131n\u0131 davet ediyor ve sonu\u00e7 olarak daha yumu\u015fak ve \u00e7a\u011fda\u015f bir final esteti\u011fi sunuyor, s\u0131cak ve do\u011fal tonlarla zenginle\u015fiyor. Dikkate de\u011fer derecede \u015f\u0131k ve \u00e7ok y\u00f6nl\u00fc olan bu malzeme, her t\u00fcrl\u00fc mek\u00e2na uyum i\u00e7inde entegre olur, \u00e7e\u015fitli tasar\u0131m stillerine kolayca adapte olur. Uygulamas\u0131, farkl\u0131 [&hellip;]<\/p>\n","protected":false},"featured_media":97398,"template":"","meta":{"_acf_changed":false,"_gspb_post_css":"","footnotes":""},"applications":[1062],"design-types":[929,932],"characteristics":[1009,1015],"appearance":[],"class_list":["post-87150","product","type-product","status-publish","has-post-thumbnail","hentry","product_applications-furniture-tk","product_type-wood-tk","product_type-acacy-tk","product_characteristics-2-3-cathedrals-tk","product_characteristics-planked-tk"],"acf":{"code":"2994","peripheral_development":"1250","axial_development":"2200","cylinders":"3","data_sheet":79678,"collections":[{"code":"2994-0301","thumbnail":97377,"render":97426},{"code":"2994-0302","thumbnail":97391,"render":97433},{"code":"2994-0305","thumbnail":97405,"render":97440},{"code":"2994-0306","thumbnail":97419,"render":97447}],"usages":[97412,97384],"inspiration":{"top":{"title":"Yatak mobilyas\u0131 i\u00e7i","thumbnail":14398,"reference":"2883-302"},"bottom_title":"Yatak ve masa"},"hover_image":97412,"eir":"","collaborator":{"name":"","link":""},"synchro_wood":false,"novedad":false},"yoast_head":"<!-- This site is optimized with the Yoast SEO plugin v25.2 - https:\/\/yoast.com\/wordpress\/plugins\/seo\/ -->\n<title>MANITU - Lamigraf<\/title>\n<meta name=\"robots\" content=\"index, follow, max-snippet:-1, max-image-preview:large, max-video-preview:-1\" \/>\n<link rel=\"canonical\" href=\"https:\/\/www.lamigraf.com\/tr\/designs\/manitu\/\" \/>\n<meta property=\"og:locale\" content=\"tr_TR\" \/>\n<meta property=\"og:type\" content=\"article\" \/>\n<meta property=\"og:title\" content=\"MANITU - Lamigraf\" \/>\n<meta property=\"og:description\" content=\"Geleneksel ve klasik akasyalardan kendini ay\u0131ran Manitu, bu egzotik a\u011fac\u0131n yeniden yorumlanmas\u0131n\u0131 davet ediyor ve sonu\u00e7 olarak daha yumu\u015fak ve \u00e7a\u011fda\u015f bir final esteti\u011fi sunuyor, s\u0131cak ve do\u011fal tonlarla zenginle\u015fiyor. Dikkate de\u011fer derecede \u015f\u0131k ve \u00e7ok y\u00f6nl\u00fc olan bu malzeme, her t\u00fcrl\u00fc mek\u00e2na uyum i\u00e7inde entegre olur, \u00e7e\u015fitli tasar\u0131m stillerine kolayca adapte olur. Uygulamas\u0131, farkl\u0131 [&hellip;]\" \/>\n<meta property=\"og:url\" content=\"https:\/\/www.lamigraf.com\/tr\/designs\/manitu\/\" \/>\n<meta property=\"og:site_name\" content=\"Lamigraf\" \/>\n<meta property=\"article:modified_time\" content=\"2025-04-03T09:33:18+00:00\" \/>\n<meta property=\"og:image\" content=\"https:\/\/www.lamigraf.com\/wp-content\/uploads\/2024\/06\/02994-O.jpg\" \/>\n\t<meta property=\"og:image:width\" content=\"1920\" \/>\n\t<meta property=\"og:image:height\" content=\"1091\" \/>\n\t<meta property=\"og:image:type\" content=\"image\/jpeg\" \/>\n<meta name=\"twitter:card\" content=\"summary_large_image\" \/>\n<meta name=\"twitter:label1\" content=\"Tahmini okuma s\u00fcresi\" \/>\n\t<meta name=\"twitter:data1\" content=\"1 dakika\" \/>\n<script type=\"application\/ld+json\" class=\"yoast-schema-graph\">{\"@context\":\"https:\/\/schema.org\",\"@graph\":[{\"@type\":\"WebPage\",\"@id\":\"https:\/\/www.lamigraf.com\/tr\/designs\/manitu\/\",\"url\":\"https:\/\/www.lamigraf.com\/tr\/designs\/manitu\/\",\"name\":\"MANITU - Lamigraf\",\"isPartOf\":{\"@id\":\"https:\/\/www.lamigraf.com\/#website\"},\"primaryImageOfPage\":{\"@id\":\"https:\/\/www.lamigraf.com\/tr\/designs\/manitu\/#primaryimage\"},\"image\":{\"@id\":\"https:\/\/www.lamigraf.com\/tr\/designs\/manitu\/#primaryimage\"},\"thumbnailUrl\":\"https:\/\/www.lamigraf.com\/wp-content\/uploads\/2024\/06\/02994-0302.jpg\",\"datePublished\":\"2025-04-03T09:22:32+00:00\",\"dateModified\":\"2025-04-03T09:33:18+00:00\",\"breadcrumb\":{\"@id\":\"https:\/\/www.lamigraf.com\/tr\/designs\/manitu\/#breadcrumb\"},\"inLanguage\":\"tr\",\"potentialAction\":[{\"@type\":\"ReadAction\",\"target\":[\"https:\/\/www.lamigraf.com\/tr\/designs\/manitu\/\"]}]},{\"@type\":\"ImageObject\",\"inLanguage\":\"tr\",\"@id\":\"https:\/\/www.lamigraf.com\/tr\/designs\/manitu\/#primaryimage\",\"url\":\"https:\/\/www.lamigraf.com\/wp-content\/uploads\/2024\/06\/02994-0302.jpg\",\"contentUrl\":\"https:\/\/www.lamigraf.com\/wp-content\/uploads\/2024\/06\/02994-0302.jpg\",\"width\":1091,\"height\":1920},{\"@type\":\"BreadcrumbList\",\"@id\":\"https:\/\/www.lamigraf.com\/tr\/designs\/manitu\/#breadcrumb\",\"itemListElement\":[{\"@type\":\"ListItem\",\"position\":1,\"name\":\"Home\",\"item\":\"https:\/\/www.lamigraf.com\/tr\/\"},{\"@type\":\"ListItem\",\"position\":2,\"name\":\"Designs\",\"item\":\"https:\/\/www.lamigraf.com\/designs\/\"},{\"@type\":\"ListItem\",\"position\":3,\"name\":\"MANITU\"}]},{\"@type\":\"WebSite\",\"@id\":\"https:\/\/www.lamigraf.com\/#website\",\"url\":\"https:\/\/www.lamigraf.com\/\",\"name\":\"Lamigraf\",\"description\":\"\",\"publisher\":{\"@id\":\"https:\/\/www.lamigraf.com\/#organization\"},\"potentialAction\":[{\"@type\":\"SearchAction\",\"target\":{\"@type\":\"EntryPoint\",\"urlTemplate\":\"https:\/\/www.lamigraf.com\/?s={search_term_string}\"},\"query-input\":{\"@type\":\"PropertyValueSpecification\",\"valueRequired\":true,\"valueName\":\"search_term_string\"}}],\"inLanguage\":\"tr\"},{\"@type\":\"Organization\",\"@id\":\"https:\/\/www.lamigraf.com\/#organization\",\"name\":\"Lamigraf\",\"url\":\"https:\/\/www.lamigraf.com\/\",\"logo\":{\"@type\":\"ImageObject\",\"inLanguage\":\"tr\",\"@id\":\"https:\/\/www.lamigraf.com\/#\/schema\/logo\/image\/\",\"url\":\"https:\/\/www.lamigraf.com\/wp-content\/uploads\/2024\/05\/Logo-white.svg\",\"contentUrl\":\"https:\/\/www.lamigraf.com\/wp-content\/uploads\/2024\/05\/Logo-white.svg\",\"width\":147,\"height\":36,\"caption\":\"Lamigraf\"},\"image\":{\"@id\":\"https:\/\/www.lamigraf.com\/#\/schema\/logo\/image\/\"}}]}<\/script>\n<!-- \/ Yoast SEO plugin. -->","yoast_head_json":{"title":"MANITU - Lamigraf","robots":{"index":"index","follow":"follow","max-snippet":"max-snippet:-1","max-image-preview":"max-image-preview:large","max-video-preview":"max-video-preview:-1"},"canonical":"https:\/\/www.lamigraf.com\/tr\/designs\/manitu\/","og_locale":"tr_TR","og_type":"article","og_title":"MANITU - Lamigraf","og_description":"Geleneksel ve klasik akasyalardan kendini ay\u0131ran Manitu, bu egzotik a\u011fac\u0131n yeniden yorumlanmas\u0131n\u0131 davet ediyor ve sonu\u00e7 olarak daha yumu\u015fak ve \u00e7a\u011fda\u015f bir final esteti\u011fi sunuyor, s\u0131cak ve do\u011fal tonlarla zenginle\u015fiyor. Dikkate de\u011fer derecede \u015f\u0131k ve \u00e7ok y\u00f6nl\u00fc olan bu malzeme, her t\u00fcrl\u00fc mek\u00e2na uyum i\u00e7inde entegre olur, \u00e7e\u015fitli tasar\u0131m stillerine kolayca adapte olur. Uygulamas\u0131, farkl\u0131 [&hellip;]","og_url":"https:\/\/www.lamigraf.com\/tr\/designs\/manitu\/","og_site_name":"Lamigraf","article_modified_time":"2025-04-03T09:33:18+00:00","og_image":[{"width":1920,"height":1091,"url":"https:\/\/www.lamigraf.com\/wp-content\/uploads\/2024\/06\/02994-O.jpg","type":"image\/jpeg"}],"twitter_card":"summary_large_image","twitter_misc":{"Tahmini okuma s\u00fcresi":"1 dakika"},"schema":{"@context":"https:\/\/schema.org","@graph":[{"@type":"WebPage","@id":"https:\/\/www.lamigraf.com\/tr\/designs\/manitu\/","url":"https:\/\/www.lamigraf.com\/tr\/designs\/manitu\/","name":"MANITU - Lamigraf","isPartOf":{"@id":"https:\/\/www.lamigraf.com\/#website"},"primaryImageOfPage":{"@id":"https:\/\/www.lamigraf.com\/tr\/designs\/manitu\/#primaryimage"},"image":{"@id":"https:\/\/www.lamigraf.com\/tr\/designs\/manitu\/#primaryimage"},"thumbnailUrl":"https:\/\/www.lamigraf.com\/wp-content\/uploads\/2024\/06\/02994-0302.jpg","datePublished":"2025-04-03T09:22:32+00:00","dateModified":"2025-04-03T09:33:18+00:00","breadcrumb":{"@id":"https:\/\/www.lamigraf.com\/tr\/designs\/manitu\/#breadcrumb"},"inLanguage":"tr","potentialAction":[{"@type":"ReadAction","target":["https:\/\/www.lamigraf.com\/tr\/designs\/manitu\/"]}]},{"@type":"ImageObject","inLanguage":"tr","@id":"https:\/\/www.lamigraf.com\/tr\/designs\/manitu\/#primaryimage","url":"https:\/\/www.lamigraf.com\/wp-content\/uploads\/2024\/06\/02994-0302.jpg","contentUrl":"https:\/\/www.lamigraf.com\/wp-content\/uploads\/2024\/06\/02994-0302.jpg","width":1091,"height":1920},{"@type":"BreadcrumbList","@id":"https:\/\/www.lamigraf.com\/tr\/designs\/manitu\/#breadcrumb","itemListElement":[{"@type":"ListItem","position":1,"name":"Home","item":"https:\/\/www.lamigraf.com\/tr\/"},{"@type":"ListItem","position":2,"name":"Designs","item":"https:\/\/www.lamigraf.com\/designs\/"},{"@type":"ListItem","position":3,"name":"MANITU"}]},{"@type":"WebSite","@id":"https:\/\/www.lamigraf.com\/#website","url":"https:\/\/www.lamigraf.com\/","name":"Lamigraf","description":"","publisher":{"@id":"https:\/\/www.lamigraf.com\/#organization"},"potentialAction":[{"@type":"SearchAction","target":{"@type":"EntryPoint","urlTemplate":"https:\/\/www.lamigraf.com\/?s={search_term_string}"},"query-input":{"@type":"PropertyValueSpecification","valueRequired":true,"valueName":"search_term_string"}}],"inLanguage":"tr"},{"@type":"Organization","@id":"https:\/\/www.lamigraf.com\/#organization","name":"Lamigraf","url":"https:\/\/www.lamigraf.com\/","logo":{"@type":"ImageObject","inLanguage":"tr","@id":"https:\/\/www.lamigraf.com\/#\/schema\/logo\/image\/","url":"https:\/\/www.lamigraf.com\/wp-content\/uploads\/2024\/05\/Logo-white.svg","contentUrl":"https:\/\/www.lamigraf.com\/wp-content\/uploads\/2024\/05\/Logo-white.svg","width":147,"height":36,"caption":"Lamigraf"},"image":{"@id":"https:\/\/www.lamigraf.com\/#\/schema\/logo\/image\/"}}]}},"_links":{"self":[{"href":"https:\/\/www.lamigraf.com\/tr\/wp-json\/wp\/v2\/product\/87150","targetHints":{"allow":["GET"]}}],"collection":[{"href":"https:\/\/www.lamigraf.com\/tr\/wp-json\/wp\/v2\/product"}],"about":[{"href":"https:\/\/www.lamigraf.com\/tr\/wp-json\/wp\/v2\/types\/product"}],"version-history":[{"count":2,"href":"https:\/\/www.lamigraf.com\/tr\/wp-json\/wp\/v2\/product\/87150\/revisions"}],"predecessor-version":[{"id":87152,"href":"https:\/\/www.lamigraf.com\/tr\/wp-json\/wp\/v2\/product\/87150\/revisions\/87152"}],"acf:attachment":[{"embeddable":true,"href":"https:\/\/www.lamigraf.com\/tr\/wp-json\/wp\/v2\/media\/97384"},{"embeddable":true,"href":"https:\/\/www.lamigraf.com\/tr\/wp-json\/wp\/v2\/media\/97412"}],"wp:featuredmedia":[{"embeddable":true,"href":"https:\/\/www.lamigraf.com\/tr\/wp-json\/wp\/v2\/media\/97398"}],"wp:attachment":[{"href":"https:\/\/www.lamigraf.com\/tr\/wp-json\/wp\/v2\/media?parent=87150"}],"wp:term":[{"taxonomy":"product_applications","embeddable":true,"href":"https:\/\/www.lamigraf.com\/tr\/wp-json\/wp\/v2\/applications?post=87150"},{"taxonomy":"product_type","embeddable":true,"href":"https:\/\/www.lamigraf.com\/tr\/wp-json\/wp\/v2\/design-types?post=87150"},{"taxonomy":"product_characteristics","embeddable":true,"href":"https:\/\/www.lamigraf.com\/tr\/wp-json\/wp\/v2\/characteristics?post=87150"},{"taxonomy":"product_apparence","embeddable":true,"href":"https:\/\/www.lamigraf.com\/tr\/wp-json\/wp\/v2\/appearance?post=87150"}],"curies":[{"name":"wp","href":"https:\/\/api.w.org\/{rel}","templated":true}]}}