{"id":87673,"date":"2025-04-07T18:23:58","date_gmt":"2025-04-07T16:23:58","guid":{"rendered":"https:\/\/www.lamigraf.com\/?post_type=product&#038;p=87673"},"modified":"2025-04-07T18:23:59","modified_gmt":"2025-04-07T16:23:59","slug":"terranova","status":"publish","type":"product","link":"https:\/\/www.lamigraf.com\/tr\/designs\/terranova\/","title":{"rendered":"TERRANOVA"},"content":{"rendered":"\n<p>Do\u011fal g\u00fczelli\u011fiyle takdir edilen Terranova, \u00e7a\u011fda\u015f modernlik ile Alabastron ta\u015f\u0131n\u0131n zamans\u0131z huzuru aras\u0131nda m\u00fckemmel bir f\u00fczyon sunar. &#8220;Eski zamanlar\u0131n oniksi&#8221; olarak bilinen bu malzeme, zamans\u0131z bir \u00e7ekicilik ve zarif bir sofistikelik aura yayar. Ho\u015f, \u00e7ok y\u00f6nl\u00fc ve sofistike do\u011fas\u0131, her ortama bir dokunu\u015f parlakl\u0131k ve konfor katmak i\u00e7in ideal bir se\u00e7im yapar ve mekanlar\u0131 b\u00fcy\u00fcleyici ve huzurlu varl\u0131\u011f\u0131yla d\u00f6n\u00fc\u015ft\u00fcr\u00fcr.<\/p>\n","protected":false},"excerpt":{"rendered":"<p>Do\u011fal g\u00fczelli\u011fiyle takdir edilen Terranova, \u00e7a\u011fda\u015f modernlik ile Alabastron ta\u015f\u0131n\u0131n zamans\u0131z huzuru aras\u0131nda m\u00fckemmel bir f\u00fczyon sunar. &#8220;Eski zamanlar\u0131n oniksi&#8221; olarak bilinen bu malzeme, zamans\u0131z bir \u00e7ekicilik ve zarif bir sofistikelik aura yayar. Ho\u015f, \u00e7ok y\u00f6nl\u00fc ve sofistike do\u011fas\u0131, her ortama bir dokunu\u015f parlakl\u0131k ve konfor katmak i\u00e7in ideal bir se\u00e7im yapar ve mekanlar\u0131 b\u00fcy\u00fcleyici [&hellip;]<\/p>\n","protected":false},"featured_media":97334,"template":"","meta":{"_acf_changed":false,"_gspb_post_css":"","footnotes":""},"applications":[1062],"design-types":[918,899],"characteristics":[1014],"appearance":[],"class_list":["post-87673","product","type-product","status-publish","has-post-thumbnail","hentry","product_applications-furniture-tk","product_type-stone-tk-tr","product_type-stone-tk","product_characteristics-metallic-effect-tk"],"acf":{"code":"2992","peripheral_development":"1300","axial_development":"2200","cylinders":"4","data_sheet":79692,"collections":[{"code":"2992-0201","thumbnail":97306,"render":97355},{"code":"2992-0205","thumbnail":97320,"render":97362},{"code":"2992-0206","thumbnail":97348,"render":97369}],"usages":[97341,97327,97362],"inspiration":{"top":{"title":"Dolap","thumbnail":13145,"reference":"3014-0303"},"bottom_title":"Masa tezgah\u0131"},"hover_image":97313,"eir":"","collaborator":{"name":"","link":""},"synchro_wood":false,"novedad":false},"yoast_head":"<!-- This site is optimized with the Yoast SEO plugin v25.2 - https:\/\/yoast.com\/wordpress\/plugins\/seo\/ -->\n<title>TERRANOVA - Lamigraf<\/title>\n<meta name=\"robots\" content=\"index, follow, max-snippet:-1, max-image-preview:large, max-video-preview:-1\" \/>\n<link rel=\"canonical\" href=\"https:\/\/www.lamigraf.com\/tr\/designs\/terranova\/\" \/>\n<meta property=\"og:locale\" content=\"tr_TR\" \/>\n<meta property=\"og:type\" content=\"article\" \/>\n<meta property=\"og:title\" content=\"TERRANOVA - Lamigraf\" \/>\n<meta property=\"og:description\" content=\"Do\u011fal g\u00fczelli\u011fiyle takdir edilen Terranova, \u00e7a\u011fda\u015f modernlik ile Alabastron ta\u015f\u0131n\u0131n zamans\u0131z huzuru aras\u0131nda m\u00fckemmel bir f\u00fczyon sunar. &#8220;Eski zamanlar\u0131n oniksi&#8221; olarak bilinen bu malzeme, zamans\u0131z bir \u00e7ekicilik ve zarif bir sofistikelik aura yayar. Ho\u015f, \u00e7ok y\u00f6nl\u00fc ve sofistike do\u011fas\u0131, her ortama bir dokunu\u015f parlakl\u0131k ve konfor katmak i\u00e7in ideal bir se\u00e7im yapar ve mekanlar\u0131 b\u00fcy\u00fcleyici [&hellip;]\" \/>\n<meta property=\"og:url\" content=\"https:\/\/www.lamigraf.com\/tr\/designs\/terranova\/\" \/>\n<meta property=\"og:site_name\" content=\"Lamigraf\" \/>\n<meta property=\"article:modified_time\" content=\"2025-04-07T16:23:59+00:00\" \/>\n<meta property=\"og:image\" content=\"https:\/\/www.lamigraf.com\/wp-content\/uploads\/2024\/06\/02992-O.jpg\" \/>\n\t<meta property=\"og:image:width\" content=\"1920\" \/>\n\t<meta property=\"og:image:height\" content=\"1135\" \/>\n\t<meta property=\"og:image:type\" content=\"image\/jpeg\" \/>\n<meta name=\"twitter:card\" content=\"summary_large_image\" \/>\n<meta name=\"twitter:label1\" content=\"Tahmini okuma s\u00fcresi\" \/>\n\t<meta name=\"twitter:data1\" content=\"1 dakika\" \/>\n<script type=\"application\/ld+json\" class=\"yoast-schema-graph\">{\"@context\":\"https:\/\/schema.org\",\"@graph\":[{\"@type\":\"WebPage\",\"@id\":\"https:\/\/www.lamigraf.com\/tr\/designs\/terranova\/\",\"url\":\"https:\/\/www.lamigraf.com\/tr\/designs\/terranova\/\",\"name\":\"TERRANOVA - Lamigraf\",\"isPartOf\":{\"@id\":\"https:\/\/www.lamigraf.com\/#website\"},\"primaryImageOfPage\":{\"@id\":\"https:\/\/www.lamigraf.com\/tr\/designs\/terranova\/#primaryimage\"},\"image\":{\"@id\":\"https:\/\/www.lamigraf.com\/tr\/designs\/terranova\/#primaryimage\"},\"thumbnailUrl\":\"https:\/\/www.lamigraf.com\/wp-content\/uploads\/2024\/06\/02992-0205.jpg\",\"datePublished\":\"2025-04-07T16:23:58+00:00\",\"dateModified\":\"2025-04-07T16:23:59+00:00\",\"breadcrumb\":{\"@id\":\"https:\/\/www.lamigraf.com\/tr\/designs\/terranova\/#breadcrumb\"},\"inLanguage\":\"tr\",\"potentialAction\":[{\"@type\":\"ReadAction\",\"target\":[\"https:\/\/www.lamigraf.com\/tr\/designs\/terranova\/\"]}]},{\"@type\":\"ImageObject\",\"inLanguage\":\"tr\",\"@id\":\"https:\/\/www.lamigraf.com\/tr\/designs\/terranova\/#primaryimage\",\"url\":\"https:\/\/www.lamigraf.com\/wp-content\/uploads\/2024\/06\/02992-0205.jpg\",\"contentUrl\":\"https:\/\/www.lamigraf.com\/wp-content\/uploads\/2024\/06\/02992-0205.jpg\",\"width\":1135,\"height\":1920},{\"@type\":\"BreadcrumbList\",\"@id\":\"https:\/\/www.lamigraf.com\/tr\/designs\/terranova\/#breadcrumb\",\"itemListElement\":[{\"@type\":\"ListItem\",\"position\":1,\"name\":\"Home\",\"item\":\"https:\/\/www.lamigraf.com\/tr\/\"},{\"@type\":\"ListItem\",\"position\":2,\"name\":\"Designs\",\"item\":\"https:\/\/www.lamigraf.com\/designs\/\"},{\"@type\":\"ListItem\",\"position\":3,\"name\":\"TERRANOVA\"}]},{\"@type\":\"WebSite\",\"@id\":\"https:\/\/www.lamigraf.com\/#website\",\"url\":\"https:\/\/www.lamigraf.com\/\",\"name\":\"Lamigraf\",\"description\":\"\",\"publisher\":{\"@id\":\"https:\/\/www.lamigraf.com\/#organization\"},\"potentialAction\":[{\"@type\":\"SearchAction\",\"target\":{\"@type\":\"EntryPoint\",\"urlTemplate\":\"https:\/\/www.lamigraf.com\/?s={search_term_string}\"},\"query-input\":{\"@type\":\"PropertyValueSpecification\",\"valueRequired\":true,\"valueName\":\"search_term_string\"}}],\"inLanguage\":\"tr\"},{\"@type\":\"Organization\",\"@id\":\"https:\/\/www.lamigraf.com\/#organization\",\"name\":\"Lamigraf\",\"url\":\"https:\/\/www.lamigraf.com\/\",\"logo\":{\"@type\":\"ImageObject\",\"inLanguage\":\"tr\",\"@id\":\"https:\/\/www.lamigraf.com\/#\/schema\/logo\/image\/\",\"url\":\"https:\/\/www.lamigraf.com\/wp-content\/uploads\/2024\/05\/Logo-white.svg\",\"contentUrl\":\"https:\/\/www.lamigraf.com\/wp-content\/uploads\/2024\/05\/Logo-white.svg\",\"width\":147,\"height\":36,\"caption\":\"Lamigraf\"},\"image\":{\"@id\":\"https:\/\/www.lamigraf.com\/#\/schema\/logo\/image\/\"}}]}<\/script>\n<!-- \/ Yoast SEO plugin. -->","yoast_head_json":{"title":"TERRANOVA - Lamigraf","robots":{"index":"index","follow":"follow","max-snippet":"max-snippet:-1","max-image-preview":"max-image-preview:large","max-video-preview":"max-video-preview:-1"},"canonical":"https:\/\/www.lamigraf.com\/tr\/designs\/terranova\/","og_locale":"tr_TR","og_type":"article","og_title":"TERRANOVA - Lamigraf","og_description":"Do\u011fal g\u00fczelli\u011fiyle takdir edilen Terranova, \u00e7a\u011fda\u015f modernlik ile Alabastron ta\u015f\u0131n\u0131n zamans\u0131z huzuru aras\u0131nda m\u00fckemmel bir f\u00fczyon sunar. &#8220;Eski zamanlar\u0131n oniksi&#8221; olarak bilinen bu malzeme, zamans\u0131z bir \u00e7ekicilik ve zarif bir sofistikelik aura yayar. Ho\u015f, \u00e7ok y\u00f6nl\u00fc ve sofistike do\u011fas\u0131, her ortama bir dokunu\u015f parlakl\u0131k ve konfor katmak i\u00e7in ideal bir se\u00e7im yapar ve mekanlar\u0131 b\u00fcy\u00fcleyici [&hellip;]","og_url":"https:\/\/www.lamigraf.com\/tr\/designs\/terranova\/","og_site_name":"Lamigraf","article_modified_time":"2025-04-07T16:23:59+00:00","og_image":[{"width":1920,"height":1135,"url":"https:\/\/www.lamigraf.com\/wp-content\/uploads\/2024\/06\/02992-O.jpg","type":"image\/jpeg"}],"twitter_card":"summary_large_image","twitter_misc":{"Tahmini okuma s\u00fcresi":"1 dakika"},"schema":{"@context":"https:\/\/schema.org","@graph":[{"@type":"WebPage","@id":"https:\/\/www.lamigraf.com\/tr\/designs\/terranova\/","url":"https:\/\/www.lamigraf.com\/tr\/designs\/terranova\/","name":"TERRANOVA - Lamigraf","isPartOf":{"@id":"https:\/\/www.lamigraf.com\/#website"},"primaryImageOfPage":{"@id":"https:\/\/www.lamigraf.com\/tr\/designs\/terranova\/#primaryimage"},"image":{"@id":"https:\/\/www.lamigraf.com\/tr\/designs\/terranova\/#primaryimage"},"thumbnailUrl":"https:\/\/www.lamigraf.com\/wp-content\/uploads\/2024\/06\/02992-0205.jpg","datePublished":"2025-04-07T16:23:58+00:00","dateModified":"2025-04-07T16:23:59+00:00","breadcrumb":{"@id":"https:\/\/www.lamigraf.com\/tr\/designs\/terranova\/#breadcrumb"},"inLanguage":"tr","potentialAction":[{"@type":"ReadAction","target":["https:\/\/www.lamigraf.com\/tr\/designs\/terranova\/"]}]},{"@type":"ImageObject","inLanguage":"tr","@id":"https:\/\/www.lamigraf.com\/tr\/designs\/terranova\/#primaryimage","url":"https:\/\/www.lamigraf.com\/wp-content\/uploads\/2024\/06\/02992-0205.jpg","contentUrl":"https:\/\/www.lamigraf.com\/wp-content\/uploads\/2024\/06\/02992-0205.jpg","width":1135,"height":1920},{"@type":"BreadcrumbList","@id":"https:\/\/www.lamigraf.com\/tr\/designs\/terranova\/#breadcrumb","itemListElement":[{"@type":"ListItem","position":1,"name":"Home","item":"https:\/\/www.lamigraf.com\/tr\/"},{"@type":"ListItem","position":2,"name":"Designs","item":"https:\/\/www.lamigraf.com\/designs\/"},{"@type":"ListItem","position":3,"name":"TERRANOVA"}]},{"@type":"WebSite","@id":"https:\/\/www.lamigraf.com\/#website","url":"https:\/\/www.lamigraf.com\/","name":"Lamigraf","description":"","publisher":{"@id":"https:\/\/www.lamigraf.com\/#organization"},"potentialAction":[{"@type":"SearchAction","target":{"@type":"EntryPoint","urlTemplate":"https:\/\/www.lamigraf.com\/?s={search_term_string}"},"query-input":{"@type":"PropertyValueSpecification","valueRequired":true,"valueName":"search_term_string"}}],"inLanguage":"tr"},{"@type":"Organization","@id":"https:\/\/www.lamigraf.com\/#organization","name":"Lamigraf","url":"https:\/\/www.lamigraf.com\/","logo":{"@type":"ImageObject","inLanguage":"tr","@id":"https:\/\/www.lamigraf.com\/#\/schema\/logo\/image\/","url":"https:\/\/www.lamigraf.com\/wp-content\/uploads\/2024\/05\/Logo-white.svg","contentUrl":"https:\/\/www.lamigraf.com\/wp-content\/uploads\/2024\/05\/Logo-white.svg","width":147,"height":36,"caption":"Lamigraf"},"image":{"@id":"https:\/\/www.lamigraf.com\/#\/schema\/logo\/image\/"}}]}},"_links":{"self":[{"href":"https:\/\/www.lamigraf.com\/tr\/wp-json\/wp\/v2\/product\/87673","targetHints":{"allow":["GET"]}}],"collection":[{"href":"https:\/\/www.lamigraf.com\/tr\/wp-json\/wp\/v2\/product"}],"about":[{"href":"https:\/\/www.lamigraf.com\/tr\/wp-json\/wp\/v2\/types\/product"}],"version-history":[{"count":1,"href":"https:\/\/www.lamigraf.com\/tr\/wp-json\/wp\/v2\/product\/87673\/revisions"}],"predecessor-version":[{"id":87674,"href":"https:\/\/www.lamigraf.com\/tr\/wp-json\/wp\/v2\/product\/87673\/revisions\/87674"}],"acf:attachment":[{"embeddable":true,"href":"https:\/\/www.lamigraf.com\/tr\/wp-json\/wp\/v2\/media\/97362"},{"embeddable":true,"href":"https:\/\/www.lamigraf.com\/tr\/wp-json\/wp\/v2\/media\/97327"},{"embeddable":true,"href":"https:\/\/www.lamigraf.com\/tr\/wp-json\/wp\/v2\/media\/97341"}],"wp:featuredmedia":[{"embeddable":true,"href":"https:\/\/www.lamigraf.com\/tr\/wp-json\/wp\/v2\/media\/97334"}],"wp:attachment":[{"href":"https:\/\/www.lamigraf.com\/tr\/wp-json\/wp\/v2\/media?parent=87673"}],"wp:term":[{"taxonomy":"product_applications","embeddable":true,"href":"https:\/\/www.lamigraf.com\/tr\/wp-json\/wp\/v2\/applications?post=87673"},{"taxonomy":"product_type","embeddable":true,"href":"https:\/\/www.lamigraf.com\/tr\/wp-json\/wp\/v2\/design-types?post=87673"},{"taxonomy":"product_characteristics","embeddable":true,"href":"https:\/\/www.lamigraf.com\/tr\/wp-json\/wp\/v2\/characteristics?post=87673"},{"taxonomy":"product_apparence","embeddable":true,"href":"https:\/\/www.lamigraf.com\/tr\/wp-json\/wp\/v2\/appearance?post=87673"}],"curies":[{"name":"wp","href":"https:\/\/api.w.org\/{rel}","templated":true}]}}