{"id":87681,"date":"2025-04-07T18:45:08","date_gmt":"2025-04-07T16:45:08","guid":{"rendered":"https:\/\/www.lamigraf.com\/?post_type=product&#038;p=87681"},"modified":"2025-04-07T18:45:08","modified_gmt":"2025-04-07T16:45:08","slug":"alcamo-travertine","status":"publish","type":"product","link":"https:\/\/www.lamigraf.com\/tr\/designs\/alcamo-travertine\/","title":{"rendered":"ALCAMO TRAVERTINE"},"content":{"rendered":"\n<p>Son d\u00f6nem b\u00fcy\u00fck fuarlarda g\u00f6r\u00fclen trendlerle uyumlu olarak, Alcamo Traverten, geleneksel traverteni modern bir \u015fekilde ve sofistike bir yorumla sunar. Do\u011fal g\u00fczelli\u011fini kutlarken, modern tasar\u0131m unsurlar\u0131n\u0131 da i\u00e7eriye entegre ederek huzurlu ve sonsuza kadar zarif bir tasar\u0131m yarat\u0131r. Travertenin do\u011fal g\u00fczelli\u011fini tamamlamak i\u00e7in n\u00f6tr bir renk paleti kullan\u0131lm\u0131\u015ft\u0131r; yumu\u015fak fildi\u015fi, krem ve gri tonlar\u0131, sakinlik ve huzur hissi verirken, mekanlara \u00e7ok y\u00f6nl\u00fcl\u00fck de sa\u011flar.<\/p>\n","protected":false},"excerpt":{"rendered":"<p>Son d\u00f6nem b\u00fcy\u00fck fuarlarda g\u00f6r\u00fclen trendlerle uyumlu olarak, Alcamo Traverten, geleneksel traverteni modern bir \u015fekilde ve sofistike bir yorumla sunar. Do\u011fal g\u00fczelli\u011fini kutlarken, modern tasar\u0131m unsurlar\u0131n\u0131 da i\u00e7eriye entegre ederek huzurlu ve sonsuza kadar zarif bir tasar\u0131m yarat\u0131r. Travertenin do\u011fal g\u00fczelli\u011fini tamamlamak i\u00e7in n\u00f6tr bir renk paleti kullan\u0131lm\u0131\u015ft\u0131r; yumu\u015fak fildi\u015fi, krem ve gri tonlar\u0131, sakinlik [&hellip;]<\/p>\n","protected":false},"featured_media":97521,"template":"","meta":{"_acf_changed":false,"_gspb_post_css":"","footnotes":""},"applications":[1062],"design-types":[899,923],"characteristics":[],"appearance":[],"class_list":["post-87681","product","type-product","status-publish","has-post-thumbnail","hentry","product_applications-furniture-tk","product_type-stone-tk","product_type-travertine-tk"],"acf":{"code":"2997","peripheral_development":"1300","axial_development":"2200","cylinders":"3","data_sheet":79657,"collections":[{"code":"2997-0201","thumbnail":12524,"render":97528},{"code":"2997-0301","thumbnail":12530,"render":97535},{"code":"2997-0303","thumbnail":12564,"render":97542},{"code":"2997-0305","thumbnail":12536,"render":97549}],"usages":[97584,97591,97577],"inspiration":{"top":{"title":"Dolap Duvar\u0131","thumbnail":84093,"reference":"3014-0303"},"bottom_title":"Ada Tezgah\u0131"},"hover_image":97584,"eir":"","collaborator":{"name":"","link":""},"synchro_wood":false,"novedad":false},"yoast_head":"<!-- This site is optimized with the Yoast SEO plugin v25.2 - https:\/\/yoast.com\/wordpress\/plugins\/seo\/ -->\n<title>ALCAMO TRAVERTINE - Lamigraf<\/title>\n<meta name=\"robots\" content=\"index, follow, max-snippet:-1, max-image-preview:large, max-video-preview:-1\" \/>\n<link rel=\"canonical\" href=\"https:\/\/www.lamigraf.com\/tr\/designs\/alcamo-travertine\/\" \/>\n<meta property=\"og:locale\" content=\"tr_TR\" \/>\n<meta property=\"og:type\" content=\"article\" \/>\n<meta property=\"og:title\" content=\"ALCAMO TRAVERTINE - Lamigraf\" \/>\n<meta property=\"og:description\" content=\"Son d\u00f6nem b\u00fcy\u00fck fuarlarda g\u00f6r\u00fclen trendlerle uyumlu olarak, Alcamo Traverten, geleneksel traverteni modern bir \u015fekilde ve sofistike bir yorumla sunar. Do\u011fal g\u00fczelli\u011fini kutlarken, modern tasar\u0131m unsurlar\u0131n\u0131 da i\u00e7eriye entegre ederek huzurlu ve sonsuza kadar zarif bir tasar\u0131m yarat\u0131r. Travertenin do\u011fal g\u00fczelli\u011fini tamamlamak i\u00e7in n\u00f6tr bir renk paleti kullan\u0131lm\u0131\u015ft\u0131r; yumu\u015fak fildi\u015fi, krem ve gri tonlar\u0131, sakinlik [&hellip;]\" \/>\n<meta property=\"og:url\" content=\"https:\/\/www.lamigraf.com\/tr\/designs\/alcamo-travertine\/\" \/>\n<meta property=\"og:site_name\" content=\"Lamigraf\" \/>\n<meta property=\"og:image\" content=\"https:\/\/www.lamigraf.com\/wp-content\/uploads\/2024\/06\/02997-O.jpg\" \/>\n\t<meta property=\"og:image:width\" content=\"1920\" \/>\n\t<meta property=\"og:image:height\" content=\"1135\" \/>\n\t<meta property=\"og:image:type\" content=\"image\/jpeg\" \/>\n<meta name=\"twitter:card\" content=\"summary_large_image\" \/>\n<meta name=\"twitter:label1\" content=\"Tahmini okuma s\u00fcresi\" \/>\n\t<meta name=\"twitter:data1\" content=\"1 dakika\" \/>\n<script type=\"application\/ld+json\" class=\"yoast-schema-graph\">{\"@context\":\"https:\/\/schema.org\",\"@graph\":[{\"@type\":\"WebPage\",\"@id\":\"https:\/\/www.lamigraf.com\/tr\/designs\/alcamo-travertine\/\",\"url\":\"https:\/\/www.lamigraf.com\/tr\/designs\/alcamo-travertine\/\",\"name\":\"ALCAMO TRAVERTINE - Lamigraf\",\"isPartOf\":{\"@id\":\"https:\/\/www.lamigraf.com\/#website\"},\"primaryImageOfPage\":{\"@id\":\"https:\/\/www.lamigraf.com\/tr\/designs\/alcamo-travertine\/#primaryimage\"},\"image\":{\"@id\":\"https:\/\/www.lamigraf.com\/tr\/designs\/alcamo-travertine\/#primaryimage\"},\"thumbnailUrl\":\"https:\/\/www.lamigraf.com\/wp-content\/uploads\/2024\/06\/02997-0303.jpg\",\"datePublished\":\"2025-04-07T16:45:08+00:00\",\"breadcrumb\":{\"@id\":\"https:\/\/www.lamigraf.com\/tr\/designs\/alcamo-travertine\/#breadcrumb\"},\"inLanguage\":\"tr\",\"potentialAction\":[{\"@type\":\"ReadAction\",\"target\":[\"https:\/\/www.lamigraf.com\/tr\/designs\/alcamo-travertine\/\"]}]},{\"@type\":\"ImageObject\",\"inLanguage\":\"tr\",\"@id\":\"https:\/\/www.lamigraf.com\/tr\/designs\/alcamo-travertine\/#primaryimage\",\"url\":\"https:\/\/www.lamigraf.com\/wp-content\/uploads\/2024\/06\/02997-0303.jpg\",\"contentUrl\":\"https:\/\/www.lamigraf.com\/wp-content\/uploads\/2024\/06\/02997-0303.jpg\",\"width\":1135,\"height\":1920},{\"@type\":\"BreadcrumbList\",\"@id\":\"https:\/\/www.lamigraf.com\/tr\/designs\/alcamo-travertine\/#breadcrumb\",\"itemListElement\":[{\"@type\":\"ListItem\",\"position\":1,\"name\":\"Home\",\"item\":\"https:\/\/www.lamigraf.com\/tr\/\"},{\"@type\":\"ListItem\",\"position\":2,\"name\":\"Designs\",\"item\":\"https:\/\/www.lamigraf.com\/designs\/\"},{\"@type\":\"ListItem\",\"position\":3,\"name\":\"ALCAMO TRAVERTINE\"}]},{\"@type\":\"WebSite\",\"@id\":\"https:\/\/www.lamigraf.com\/#website\",\"url\":\"https:\/\/www.lamigraf.com\/\",\"name\":\"Lamigraf\",\"description\":\"\",\"publisher\":{\"@id\":\"https:\/\/www.lamigraf.com\/#organization\"},\"potentialAction\":[{\"@type\":\"SearchAction\",\"target\":{\"@type\":\"EntryPoint\",\"urlTemplate\":\"https:\/\/www.lamigraf.com\/?s={search_term_string}\"},\"query-input\":{\"@type\":\"PropertyValueSpecification\",\"valueRequired\":true,\"valueName\":\"search_term_string\"}}],\"inLanguage\":\"tr\"},{\"@type\":\"Organization\",\"@id\":\"https:\/\/www.lamigraf.com\/#organization\",\"name\":\"Lamigraf\",\"url\":\"https:\/\/www.lamigraf.com\/\",\"logo\":{\"@type\":\"ImageObject\",\"inLanguage\":\"tr\",\"@id\":\"https:\/\/www.lamigraf.com\/#\/schema\/logo\/image\/\",\"url\":\"https:\/\/www.lamigraf.com\/wp-content\/uploads\/2024\/05\/Logo-white.svg\",\"contentUrl\":\"https:\/\/www.lamigraf.com\/wp-content\/uploads\/2024\/05\/Logo-white.svg\",\"width\":147,\"height\":36,\"caption\":\"Lamigraf\"},\"image\":{\"@id\":\"https:\/\/www.lamigraf.com\/#\/schema\/logo\/image\/\"}}]}<\/script>\n<!-- \/ Yoast SEO plugin. -->","yoast_head_json":{"title":"ALCAMO TRAVERTINE - Lamigraf","robots":{"index":"index","follow":"follow","max-snippet":"max-snippet:-1","max-image-preview":"max-image-preview:large","max-video-preview":"max-video-preview:-1"},"canonical":"https:\/\/www.lamigraf.com\/tr\/designs\/alcamo-travertine\/","og_locale":"tr_TR","og_type":"article","og_title":"ALCAMO TRAVERTINE - Lamigraf","og_description":"Son d\u00f6nem b\u00fcy\u00fck fuarlarda g\u00f6r\u00fclen trendlerle uyumlu olarak, Alcamo Traverten, geleneksel traverteni modern bir \u015fekilde ve sofistike bir yorumla sunar. Do\u011fal g\u00fczelli\u011fini kutlarken, modern tasar\u0131m unsurlar\u0131n\u0131 da i\u00e7eriye entegre ederek huzurlu ve sonsuza kadar zarif bir tasar\u0131m yarat\u0131r. Travertenin do\u011fal g\u00fczelli\u011fini tamamlamak i\u00e7in n\u00f6tr bir renk paleti kullan\u0131lm\u0131\u015ft\u0131r; yumu\u015fak fildi\u015fi, krem ve gri tonlar\u0131, sakinlik [&hellip;]","og_url":"https:\/\/www.lamigraf.com\/tr\/designs\/alcamo-travertine\/","og_site_name":"Lamigraf","og_image":[{"width":1920,"height":1135,"url":"https:\/\/www.lamigraf.com\/wp-content\/uploads\/2024\/06\/02997-O.jpg","type":"image\/jpeg"}],"twitter_card":"summary_large_image","twitter_misc":{"Tahmini okuma s\u00fcresi":"1 dakika"},"schema":{"@context":"https:\/\/schema.org","@graph":[{"@type":"WebPage","@id":"https:\/\/www.lamigraf.com\/tr\/designs\/alcamo-travertine\/","url":"https:\/\/www.lamigraf.com\/tr\/designs\/alcamo-travertine\/","name":"ALCAMO TRAVERTINE - Lamigraf","isPartOf":{"@id":"https:\/\/www.lamigraf.com\/#website"},"primaryImageOfPage":{"@id":"https:\/\/www.lamigraf.com\/tr\/designs\/alcamo-travertine\/#primaryimage"},"image":{"@id":"https:\/\/www.lamigraf.com\/tr\/designs\/alcamo-travertine\/#primaryimage"},"thumbnailUrl":"https:\/\/www.lamigraf.com\/wp-content\/uploads\/2024\/06\/02997-0303.jpg","datePublished":"2025-04-07T16:45:08+00:00","breadcrumb":{"@id":"https:\/\/www.lamigraf.com\/tr\/designs\/alcamo-travertine\/#breadcrumb"},"inLanguage":"tr","potentialAction":[{"@type":"ReadAction","target":["https:\/\/www.lamigraf.com\/tr\/designs\/alcamo-travertine\/"]}]},{"@type":"ImageObject","inLanguage":"tr","@id":"https:\/\/www.lamigraf.com\/tr\/designs\/alcamo-travertine\/#primaryimage","url":"https:\/\/www.lamigraf.com\/wp-content\/uploads\/2024\/06\/02997-0303.jpg","contentUrl":"https:\/\/www.lamigraf.com\/wp-content\/uploads\/2024\/06\/02997-0303.jpg","width":1135,"height":1920},{"@type":"BreadcrumbList","@id":"https:\/\/www.lamigraf.com\/tr\/designs\/alcamo-travertine\/#breadcrumb","itemListElement":[{"@type":"ListItem","position":1,"name":"Home","item":"https:\/\/www.lamigraf.com\/tr\/"},{"@type":"ListItem","position":2,"name":"Designs","item":"https:\/\/www.lamigraf.com\/designs\/"},{"@type":"ListItem","position":3,"name":"ALCAMO TRAVERTINE"}]},{"@type":"WebSite","@id":"https:\/\/www.lamigraf.com\/#website","url":"https:\/\/www.lamigraf.com\/","name":"Lamigraf","description":"","publisher":{"@id":"https:\/\/www.lamigraf.com\/#organization"},"potentialAction":[{"@type":"SearchAction","target":{"@type":"EntryPoint","urlTemplate":"https:\/\/www.lamigraf.com\/?s={search_term_string}"},"query-input":{"@type":"PropertyValueSpecification","valueRequired":true,"valueName":"search_term_string"}}],"inLanguage":"tr"},{"@type":"Organization","@id":"https:\/\/www.lamigraf.com\/#organization","name":"Lamigraf","url":"https:\/\/www.lamigraf.com\/","logo":{"@type":"ImageObject","inLanguage":"tr","@id":"https:\/\/www.lamigraf.com\/#\/schema\/logo\/image\/","url":"https:\/\/www.lamigraf.com\/wp-content\/uploads\/2024\/05\/Logo-white.svg","contentUrl":"https:\/\/www.lamigraf.com\/wp-content\/uploads\/2024\/05\/Logo-white.svg","width":147,"height":36,"caption":"Lamigraf"},"image":{"@id":"https:\/\/www.lamigraf.com\/#\/schema\/logo\/image\/"}}]}},"_links":{"self":[{"href":"https:\/\/www.lamigraf.com\/tr\/wp-json\/wp\/v2\/product\/87681","targetHints":{"allow":["GET"]}}],"collection":[{"href":"https:\/\/www.lamigraf.com\/tr\/wp-json\/wp\/v2\/product"}],"about":[{"href":"https:\/\/www.lamigraf.com\/tr\/wp-json\/wp\/v2\/types\/product"}],"version-history":[{"count":1,"href":"https:\/\/www.lamigraf.com\/tr\/wp-json\/wp\/v2\/product\/87681\/revisions"}],"predecessor-version":[{"id":87682,"href":"https:\/\/www.lamigraf.com\/tr\/wp-json\/wp\/v2\/product\/87681\/revisions\/87682"}],"acf:attachment":[{"embeddable":true,"href":"https:\/\/www.lamigraf.com\/tr\/wp-json\/wp\/v2\/media\/97577"},{"embeddable":true,"href":"https:\/\/www.lamigraf.com\/tr\/wp-json\/wp\/v2\/media\/97591"},{"embeddable":true,"href":"https:\/\/www.lamigraf.com\/tr\/wp-json\/wp\/v2\/media\/97584"}],"wp:featuredmedia":[{"embeddable":true,"href":"https:\/\/www.lamigraf.com\/tr\/wp-json\/wp\/v2\/media\/97521"}],"wp:attachment":[{"href":"https:\/\/www.lamigraf.com\/tr\/wp-json\/wp\/v2\/media?parent=87681"}],"wp:term":[{"taxonomy":"product_applications","embeddable":true,"href":"https:\/\/www.lamigraf.com\/tr\/wp-json\/wp\/v2\/applications?post=87681"},{"taxonomy":"product_type","embeddable":true,"href":"https:\/\/www.lamigraf.com\/tr\/wp-json\/wp\/v2\/design-types?post=87681"},{"taxonomy":"product_characteristics","embeddable":true,"href":"https:\/\/www.lamigraf.com\/tr\/wp-json\/wp\/v2\/characteristics?post=87681"},{"taxonomy":"product_apparence","embeddable":true,"href":"https:\/\/www.lamigraf.com\/tr\/wp-json\/wp\/v2\/appearance?post=87681"}],"curies":[{"name":"wp","href":"https:\/\/api.w.org\/{rel}","templated":true}]}}