{"id":87701,"date":"2025-04-07T18:56:45","date_gmt":"2025-04-07T16:56:45","guid":{"rendered":"https:\/\/www.lamigraf.com\/?post_type=product&#038;p=87701"},"modified":"2025-04-07T18:56:45","modified_gmt":"2025-04-07T16:56:45","slug":"litos","status":"publish","type":"product","link":"https:\/\/www.lamigraf.com\/tr\/designs\/litos\/","title":{"rendered":"LITOS"},"content":{"rendered":"\n<p>Litos, okalipt\u00fcs a\u011fac\u0131n\u0131n diren\u00e7lili\u011fini ve do\u011fal g\u00fczelli\u011fini kutlayan bir tasar\u0131md\u0131r ve bu egzotik ah\u015faba \u00e7a\u011fda\u015f ve zarif bir yakla\u015f\u0131m sunar. Temiz hatlar ve renk mod\u00fclasyonu ile Litos, benzersiz bir g\u00f6rsel ve dokunsal deneyime davet eder. \u00c7ok y\u00f6nl\u00fcl\u00fc\u011f\u00fc, farkl\u0131 ortamlara sorunsuz bir \u015fekilde entegrasyon sa\u011flamas\u0131na olanak tan\u0131r ve uyguland\u0131\u011f\u0131 her alanda sofistike ve huzurlu bir dokunu\u015f sunar.<\/p>\n","protected":false},"excerpt":{"rendered":"<p>Litos, okalipt\u00fcs a\u011fac\u0131n\u0131n diren\u00e7lili\u011fini ve do\u011fal g\u00fczelli\u011fini kutlayan bir tasar\u0131md\u0131r ve bu egzotik ah\u015faba \u00e7a\u011fda\u015f ve zarif bir yakla\u015f\u0131m sunar. Temiz hatlar ve renk mod\u00fclasyonu ile Litos, benzersiz bir g\u00f6rsel ve dokunsal deneyime davet eder. \u00c7ok y\u00f6nl\u00fcl\u00fc\u011f\u00fc, farkl\u0131 ortamlara sorunsuz bir \u015fekilde entegrasyon sa\u011flamas\u0131na olanak tan\u0131r ve uyguland\u0131\u011f\u0131 her alanda sofistike ve huzurlu bir dokunu\u015f [&hellip;]<\/p>\n","protected":false},"featured_media":12504,"template":"","meta":{"_acf_changed":false,"_gspb_post_css":"","footnotes":""},"applications":[1062],"design-types":[929,955,957],"characteristics":[1010,1016,1014,1015],"appearance":[],"class_list":["post-87701","product","type-product","status-publish","has-post-thumbnail","hentry","product_applications-furniture-tk","product_type-wood-tk","product_type-elm-tk","product_type-eucalyptus-tk","product_characteristics-butcher-block-tk","product_characteristics-striped-tk","product_characteristics-metallic-effect-tk","product_characteristics-planked-tk"],"acf":{"code":"2987","peripheral_development":"1300","axial_development":"698","cylinders":"4","data_sheet":79699,"collections":[{"code":"2987-0404","thumbnail":84546,"render":77678},{"code":"2987-0405","thumbnail":84552,"render":77684},{"code":"2987-0406","thumbnail":84558,"render":77690}],"usages":[12511,80377,80384],"inspiration":{"top":{"title":"Mutfak tezgah\u0131","thumbnail":17562,"reference":"2626-0306"},"bottom_title":"Raflar"},"hover_image":12511,"eir":"","collaborator":{"name":"","link":""},"synchro_wood":false,"novedad":false},"yoast_head":"<!-- This site is optimized with the Yoast SEO plugin v25.2 - https:\/\/yoast.com\/wordpress\/plugins\/seo\/ -->\n<title>LITOS - Lamigraf<\/title>\n<meta name=\"robots\" content=\"index, follow, max-snippet:-1, max-image-preview:large, max-video-preview:-1\" \/>\n<link rel=\"canonical\" href=\"https:\/\/www.lamigraf.com\/tr\/designs\/litos\/\" \/>\n<meta property=\"og:locale\" content=\"tr_TR\" \/>\n<meta property=\"og:type\" content=\"article\" \/>\n<meta property=\"og:title\" content=\"LITOS - Lamigraf\" \/>\n<meta property=\"og:description\" content=\"Litos, okalipt\u00fcs a\u011fac\u0131n\u0131n diren\u00e7lili\u011fini ve do\u011fal g\u00fczelli\u011fini kutlayan bir tasar\u0131md\u0131r ve bu egzotik ah\u015faba \u00e7a\u011fda\u015f ve zarif bir yakla\u015f\u0131m sunar. Temiz hatlar ve renk mod\u00fclasyonu ile Litos, benzersiz bir g\u00f6rsel ve dokunsal deneyime davet eder. \u00c7ok y\u00f6nl\u00fcl\u00fc\u011f\u00fc, farkl\u0131 ortamlara sorunsuz bir \u015fekilde entegrasyon sa\u011flamas\u0131na olanak tan\u0131r ve uyguland\u0131\u011f\u0131 her alanda sofistike ve huzurlu bir dokunu\u015f [&hellip;]\" \/>\n<meta property=\"og:url\" content=\"https:\/\/www.lamigraf.com\/tr\/designs\/litos\/\" \/>\n<meta property=\"og:site_name\" content=\"Lamigraf\" \/>\n<meta property=\"og:image\" content=\"https:\/\/www.lamigraf.com\/wp-content\/uploads\/2024\/06\/02987-O-scaled.jpg\" \/>\n\t<meta property=\"og:image:width\" content=\"1374\" \/>\n\t<meta property=\"og:image:height\" content=\"2560\" \/>\n\t<meta property=\"og:image:type\" content=\"image\/jpeg\" \/>\n<meta name=\"twitter:card\" content=\"summary_large_image\" \/>\n<meta name=\"twitter:label1\" content=\"Tahmini okuma s\u00fcresi\" \/>\n\t<meta name=\"twitter:data1\" content=\"1 dakika\" \/>\n<script type=\"application\/ld+json\" class=\"yoast-schema-graph\">{\"@context\":\"https:\/\/schema.org\",\"@graph\":[{\"@type\":\"WebPage\",\"@id\":\"https:\/\/www.lamigraf.com\/tr\/designs\/litos\/\",\"url\":\"https:\/\/www.lamigraf.com\/tr\/designs\/litos\/\",\"name\":\"LITOS - Lamigraf\",\"isPartOf\":{\"@id\":\"https:\/\/www.lamigraf.com\/#website\"},\"primaryImageOfPage\":{\"@id\":\"https:\/\/www.lamigraf.com\/tr\/designs\/litos\/#primaryimage\"},\"image\":{\"@id\":\"https:\/\/www.lamigraf.com\/tr\/designs\/litos\/#primaryimage\"},\"thumbnailUrl\":\"https:\/\/www.lamigraf.com\/wp-content\/uploads\/2024\/06\/02987-O-scaled.jpg\",\"datePublished\":\"2025-04-07T16:56:45+00:00\",\"breadcrumb\":{\"@id\":\"https:\/\/www.lamigraf.com\/tr\/designs\/litos\/#breadcrumb\"},\"inLanguage\":\"tr\",\"potentialAction\":[{\"@type\":\"ReadAction\",\"target\":[\"https:\/\/www.lamigraf.com\/tr\/designs\/litos\/\"]}]},{\"@type\":\"ImageObject\",\"inLanguage\":\"tr\",\"@id\":\"https:\/\/www.lamigraf.com\/tr\/designs\/litos\/#primaryimage\",\"url\":\"https:\/\/www.lamigraf.com\/wp-content\/uploads\/2024\/06\/02987-O-scaled.jpg\",\"contentUrl\":\"https:\/\/www.lamigraf.com\/wp-content\/uploads\/2024\/06\/02987-O-scaled.jpg\",\"width\":1374,\"height\":2560},{\"@type\":\"BreadcrumbList\",\"@id\":\"https:\/\/www.lamigraf.com\/tr\/designs\/litos\/#breadcrumb\",\"itemListElement\":[{\"@type\":\"ListItem\",\"position\":1,\"name\":\"Home\",\"item\":\"https:\/\/www.lamigraf.com\/tr\/\"},{\"@type\":\"ListItem\",\"position\":2,\"name\":\"Designs\",\"item\":\"https:\/\/www.lamigraf.com\/designs\/\"},{\"@type\":\"ListItem\",\"position\":3,\"name\":\"LITOS\"}]},{\"@type\":\"WebSite\",\"@id\":\"https:\/\/www.lamigraf.com\/#website\",\"url\":\"https:\/\/www.lamigraf.com\/\",\"name\":\"Lamigraf\",\"description\":\"\",\"publisher\":{\"@id\":\"https:\/\/www.lamigraf.com\/#organization\"},\"potentialAction\":[{\"@type\":\"SearchAction\",\"target\":{\"@type\":\"EntryPoint\",\"urlTemplate\":\"https:\/\/www.lamigraf.com\/?s={search_term_string}\"},\"query-input\":{\"@type\":\"PropertyValueSpecification\",\"valueRequired\":true,\"valueName\":\"search_term_string\"}}],\"inLanguage\":\"tr\"},{\"@type\":\"Organization\",\"@id\":\"https:\/\/www.lamigraf.com\/#organization\",\"name\":\"Lamigraf\",\"url\":\"https:\/\/www.lamigraf.com\/\",\"logo\":{\"@type\":\"ImageObject\",\"inLanguage\":\"tr\",\"@id\":\"https:\/\/www.lamigraf.com\/#\/schema\/logo\/image\/\",\"url\":\"https:\/\/www.lamigraf.com\/wp-content\/uploads\/2024\/05\/Logo-white.svg\",\"contentUrl\":\"https:\/\/www.lamigraf.com\/wp-content\/uploads\/2024\/05\/Logo-white.svg\",\"width\":147,\"height\":36,\"caption\":\"Lamigraf\"},\"image\":{\"@id\":\"https:\/\/www.lamigraf.com\/#\/schema\/logo\/image\/\"}}]}<\/script>\n<!-- \/ Yoast SEO plugin. -->","yoast_head_json":{"title":"LITOS - Lamigraf","robots":{"index":"index","follow":"follow","max-snippet":"max-snippet:-1","max-image-preview":"max-image-preview:large","max-video-preview":"max-video-preview:-1"},"canonical":"https:\/\/www.lamigraf.com\/tr\/designs\/litos\/","og_locale":"tr_TR","og_type":"article","og_title":"LITOS - Lamigraf","og_description":"Litos, okalipt\u00fcs a\u011fac\u0131n\u0131n diren\u00e7lili\u011fini ve do\u011fal g\u00fczelli\u011fini kutlayan bir tasar\u0131md\u0131r ve bu egzotik ah\u015faba \u00e7a\u011fda\u015f ve zarif bir yakla\u015f\u0131m sunar. Temiz hatlar ve renk mod\u00fclasyonu ile Litos, benzersiz bir g\u00f6rsel ve dokunsal deneyime davet eder. \u00c7ok y\u00f6nl\u00fcl\u00fc\u011f\u00fc, farkl\u0131 ortamlara sorunsuz bir \u015fekilde entegrasyon sa\u011flamas\u0131na olanak tan\u0131r ve uyguland\u0131\u011f\u0131 her alanda sofistike ve huzurlu bir dokunu\u015f [&hellip;]","og_url":"https:\/\/www.lamigraf.com\/tr\/designs\/litos\/","og_site_name":"Lamigraf","og_image":[{"width":1374,"height":2560,"url":"https:\/\/www.lamigraf.com\/wp-content\/uploads\/2024\/06\/02987-O-scaled.jpg","type":"image\/jpeg"}],"twitter_card":"summary_large_image","twitter_misc":{"Tahmini okuma s\u00fcresi":"1 dakika"},"schema":{"@context":"https:\/\/schema.org","@graph":[{"@type":"WebPage","@id":"https:\/\/www.lamigraf.com\/tr\/designs\/litos\/","url":"https:\/\/www.lamigraf.com\/tr\/designs\/litos\/","name":"LITOS - Lamigraf","isPartOf":{"@id":"https:\/\/www.lamigraf.com\/#website"},"primaryImageOfPage":{"@id":"https:\/\/www.lamigraf.com\/tr\/designs\/litos\/#primaryimage"},"image":{"@id":"https:\/\/www.lamigraf.com\/tr\/designs\/litos\/#primaryimage"},"thumbnailUrl":"https:\/\/www.lamigraf.com\/wp-content\/uploads\/2024\/06\/02987-O-scaled.jpg","datePublished":"2025-04-07T16:56:45+00:00","breadcrumb":{"@id":"https:\/\/www.lamigraf.com\/tr\/designs\/litos\/#breadcrumb"},"inLanguage":"tr","potentialAction":[{"@type":"ReadAction","target":["https:\/\/www.lamigraf.com\/tr\/designs\/litos\/"]}]},{"@type":"ImageObject","inLanguage":"tr","@id":"https:\/\/www.lamigraf.com\/tr\/designs\/litos\/#primaryimage","url":"https:\/\/www.lamigraf.com\/wp-content\/uploads\/2024\/06\/02987-O-scaled.jpg","contentUrl":"https:\/\/www.lamigraf.com\/wp-content\/uploads\/2024\/06\/02987-O-scaled.jpg","width":1374,"height":2560},{"@type":"BreadcrumbList","@id":"https:\/\/www.lamigraf.com\/tr\/designs\/litos\/#breadcrumb","itemListElement":[{"@type":"ListItem","position":1,"name":"Home","item":"https:\/\/www.lamigraf.com\/tr\/"},{"@type":"ListItem","position":2,"name":"Designs","item":"https:\/\/www.lamigraf.com\/designs\/"},{"@type":"ListItem","position":3,"name":"LITOS"}]},{"@type":"WebSite","@id":"https:\/\/www.lamigraf.com\/#website","url":"https:\/\/www.lamigraf.com\/","name":"Lamigraf","description":"","publisher":{"@id":"https:\/\/www.lamigraf.com\/#organization"},"potentialAction":[{"@type":"SearchAction","target":{"@type":"EntryPoint","urlTemplate":"https:\/\/www.lamigraf.com\/?s={search_term_string}"},"query-input":{"@type":"PropertyValueSpecification","valueRequired":true,"valueName":"search_term_string"}}],"inLanguage":"tr"},{"@type":"Organization","@id":"https:\/\/www.lamigraf.com\/#organization","name":"Lamigraf","url":"https:\/\/www.lamigraf.com\/","logo":{"@type":"ImageObject","inLanguage":"tr","@id":"https:\/\/www.lamigraf.com\/#\/schema\/logo\/image\/","url":"https:\/\/www.lamigraf.com\/wp-content\/uploads\/2024\/05\/Logo-white.svg","contentUrl":"https:\/\/www.lamigraf.com\/wp-content\/uploads\/2024\/05\/Logo-white.svg","width":147,"height":36,"caption":"Lamigraf"},"image":{"@id":"https:\/\/www.lamigraf.com\/#\/schema\/logo\/image\/"}}]}},"_links":{"self":[{"href":"https:\/\/www.lamigraf.com\/tr\/wp-json\/wp\/v2\/product\/87701","targetHints":{"allow":["GET"]}}],"collection":[{"href":"https:\/\/www.lamigraf.com\/tr\/wp-json\/wp\/v2\/product"}],"about":[{"href":"https:\/\/www.lamigraf.com\/tr\/wp-json\/wp\/v2\/types\/product"}],"version-history":[{"count":1,"href":"https:\/\/www.lamigraf.com\/tr\/wp-json\/wp\/v2\/product\/87701\/revisions"}],"predecessor-version":[{"id":87702,"href":"https:\/\/www.lamigraf.com\/tr\/wp-json\/wp\/v2\/product\/87701\/revisions\/87702"}],"acf:attachment":[{"embeddable":true,"href":"https:\/\/www.lamigraf.com\/tr\/wp-json\/wp\/v2\/media\/80384"},{"embeddable":true,"href":"https:\/\/www.lamigraf.com\/tr\/wp-json\/wp\/v2\/media\/80377"},{"embeddable":true,"href":"https:\/\/www.lamigraf.com\/tr\/wp-json\/wp\/v2\/media\/12511"}],"wp:featuredmedia":[{"embeddable":true,"href":"https:\/\/www.lamigraf.com\/tr\/wp-json\/wp\/v2\/media\/12504"}],"wp:attachment":[{"href":"https:\/\/www.lamigraf.com\/tr\/wp-json\/wp\/v2\/media?parent=87701"}],"wp:term":[{"taxonomy":"product_applications","embeddable":true,"href":"https:\/\/www.lamigraf.com\/tr\/wp-json\/wp\/v2\/applications?post=87701"},{"taxonomy":"product_type","embeddable":true,"href":"https:\/\/www.lamigraf.com\/tr\/wp-json\/wp\/v2\/design-types?post=87701"},{"taxonomy":"product_characteristics","embeddable":true,"href":"https:\/\/www.lamigraf.com\/tr\/wp-json\/wp\/v2\/characteristics?post=87701"},{"taxonomy":"product_apparence","embeddable":true,"href":"https:\/\/www.lamigraf.com\/tr\/wp-json\/wp\/v2\/appearance?post=87701"}],"curies":[{"name":"wp","href":"https:\/\/api.w.org\/{rel}","templated":true}]}}