{"id":87924,"date":"2024-06-07T09:50:59","date_gmt":"2024-06-07T07:50:59","guid":{"rendered":"https:\/\/www.lamigraf.com\/designs\/everest\/"},"modified":"2025-04-09T10:52:10","modified_gmt":"2025-04-09T08:52:10","slug":"everest","status":"publish","type":"product","link":"https:\/\/www.lamigraf.com\/tr\/designs\/everest\/","title":{"rendered":"EVEREST"},"content":{"rendered":"\n<p>Zirvelerden ve vadilerden ilham alan Everest, \u00e7izgili ah\u015fap kavram\u0131n\u0131 yeni bir bak\u0131\u015f a\u00e7\u0131s\u0131yla yeniden d\u00fc\u015f\u00fcnmemizi sa\u011fl\u0131yor. Modern ve \u00e7ok y\u00f6nl\u00fc esteti\u011fi, g\u00f6rsel olarak etkileyici, ayn\u0131 zamanda s\u0131cak ve davetkar alanlar yaratarak beklentilerin \u00f6tesine ge\u00e7meyi vaat ediyor. Ah\u015fab\u0131n do\u011fal g\u00fczelli\u011fini \u00e7a\u011fda\u015f tasar\u0131mla birle\u015ftiren Everest, herkesin b\u00fcy\u00fcleyici atmosferine ad\u0131m atmas\u0131n\u0131 te\u015fvik eden g\u00f6rsel olarak \u00e7arp\u0131c\u0131 ve modern ortamlar sunmay\u0131 vaat ediyor.<\/p>\n","protected":false},"excerpt":{"rendered":"<p>Zirvelerden ve vadilerden ilham alan Everest, \u00e7izgili ah\u015fap kavram\u0131n\u0131 yeni bir bak\u0131\u015f a\u00e7\u0131s\u0131yla yeniden d\u00fc\u015f\u00fcnmemizi sa\u011fl\u0131yor. Modern ve \u00e7ok y\u00f6nl\u00fc esteti\u011fi, g\u00f6rsel olarak etkileyici, ayn\u0131 zamanda s\u0131cak ve davetkar alanlar yaratarak beklentilerin \u00f6tesine ge\u00e7meyi vaat ediyor. Ah\u015fab\u0131n do\u011fal g\u00fczelli\u011fini \u00e7a\u011fda\u015f tasar\u0131mla birle\u015ftiren Everest, herkesin b\u00fcy\u00fcleyici atmosferine ad\u0131m atmas\u0131n\u0131 te\u015fvik eden g\u00f6rsel olarak \u00e7arp\u0131c\u0131 ve modern [&hellip;]<\/p>\n","protected":false},"featured_media":12462,"template":"","meta":{"_acf_changed":false,"_gspb_post_css":"","footnotes":""},"applications":[1062],"design-types":[890,884],"characteristics":[1016],"appearance":[],"class_list":["post-87924","product","type-product","status-publish","has-post-thumbnail","hentry","product_applications-furniture-tk","product_type-fantasy-tk","product_type-creatives-tk","product_characteristics-striped-tk"],"acf":{"code":"3005","peripheral_development":"1250","axial_development":"2200","cylinders":"1","data_sheet":79650,"collections":[{"code":"3005-0301","thumbnail":12476,"render":84328},{"code":"3005-0302","thumbnail":12434,"render":84334},{"code":"3005-0303","thumbnail":12441,"render":84340},{"code":"3005-0304","thumbnail":12448,"render":84346}],"usages":[12469],"inspiration":{"top":{"title":"Panel duvar\u0131","thumbnail":16806,"reference":"2690-0301"},"bottom_title":"Dolap"},"hover_image":12469,"eir":"","collaborator":{"name":"","link":""},"synchro_wood":false,"novedad":false},"yoast_head":"<!-- This site is optimized with the Yoast SEO plugin v25.2 - https:\/\/yoast.com\/wordpress\/plugins\/seo\/ -->\n<title>EVEREST - Lamigraf<\/title>\n<meta name=\"robots\" content=\"index, follow, max-snippet:-1, max-image-preview:large, max-video-preview:-1\" \/>\n<link rel=\"canonical\" href=\"https:\/\/www.lamigraf.com\/tr\/designs\/everest\/\" \/>\n<meta property=\"og:locale\" content=\"tr_TR\" \/>\n<meta property=\"og:type\" content=\"article\" \/>\n<meta property=\"og:title\" content=\"EVEREST - Lamigraf\" \/>\n<meta property=\"og:description\" content=\"Zirvelerden ve vadilerden ilham alan Everest, \u00e7izgili ah\u015fap kavram\u0131n\u0131 yeni bir bak\u0131\u015f a\u00e7\u0131s\u0131yla yeniden d\u00fc\u015f\u00fcnmemizi sa\u011fl\u0131yor. Modern ve \u00e7ok y\u00f6nl\u00fc esteti\u011fi, g\u00f6rsel olarak etkileyici, ayn\u0131 zamanda s\u0131cak ve davetkar alanlar yaratarak beklentilerin \u00f6tesine ge\u00e7meyi vaat ediyor. Ah\u015fab\u0131n do\u011fal g\u00fczelli\u011fini \u00e7a\u011fda\u015f tasar\u0131mla birle\u015ftiren Everest, herkesin b\u00fcy\u00fcleyici atmosferine ad\u0131m atmas\u0131n\u0131 te\u015fvik eden g\u00f6rsel olarak \u00e7arp\u0131c\u0131 ve modern [&hellip;]\" \/>\n<meta property=\"og:url\" content=\"https:\/\/www.lamigraf.com\/tr\/designs\/everest\/\" \/>\n<meta property=\"og:site_name\" content=\"Lamigraf\" \/>\n<meta property=\"article:modified_time\" content=\"2025-04-09T08:52:10+00:00\" \/>\n<meta property=\"og:image\" content=\"https:\/\/www.lamigraf.com\/wp-content\/uploads\/2024\/06\/03005-O-scaled.jpg\" \/>\n\t<meta property=\"og:image:width\" content=\"1229\" \/>\n\t<meta property=\"og:image:height\" content=\"2560\" \/>\n\t<meta property=\"og:image:type\" content=\"image\/jpeg\" \/>\n<meta name=\"twitter:card\" content=\"summary_large_image\" \/>\n<meta name=\"twitter:label1\" content=\"Tahmini okuma s\u00fcresi\" \/>\n\t<meta name=\"twitter:data1\" content=\"1 dakika\" \/>\n<script type=\"application\/ld+json\" class=\"yoast-schema-graph\">{\"@context\":\"https:\/\/schema.org\",\"@graph\":[{\"@type\":\"WebPage\",\"@id\":\"https:\/\/www.lamigraf.com\/tr\/designs\/everest\/\",\"url\":\"https:\/\/www.lamigraf.com\/tr\/designs\/everest\/\",\"name\":\"EVEREST - Lamigraf\",\"isPartOf\":{\"@id\":\"https:\/\/www.lamigraf.com\/#website\"},\"primaryImageOfPage\":{\"@id\":\"https:\/\/www.lamigraf.com\/tr\/designs\/everest\/#primaryimage\"},\"image\":{\"@id\":\"https:\/\/www.lamigraf.com\/tr\/designs\/everest\/#primaryimage\"},\"thumbnailUrl\":\"https:\/\/www.lamigraf.com\/wp-content\/uploads\/2024\/06\/03005-O-scaled.jpg\",\"datePublished\":\"2024-06-07T07:50:59+00:00\",\"dateModified\":\"2025-04-09T08:52:10+00:00\",\"breadcrumb\":{\"@id\":\"https:\/\/www.lamigraf.com\/tr\/designs\/everest\/#breadcrumb\"},\"inLanguage\":\"tr\",\"potentialAction\":[{\"@type\":\"ReadAction\",\"target\":[\"https:\/\/www.lamigraf.com\/tr\/designs\/everest\/\"]}]},{\"@type\":\"ImageObject\",\"inLanguage\":\"tr\",\"@id\":\"https:\/\/www.lamigraf.com\/tr\/designs\/everest\/#primaryimage\",\"url\":\"https:\/\/www.lamigraf.com\/wp-content\/uploads\/2024\/06\/03005-O-scaled.jpg\",\"contentUrl\":\"https:\/\/www.lamigraf.com\/wp-content\/uploads\/2024\/06\/03005-O-scaled.jpg\",\"width\":1229,\"height\":2560},{\"@type\":\"BreadcrumbList\",\"@id\":\"https:\/\/www.lamigraf.com\/tr\/designs\/everest\/#breadcrumb\",\"itemListElement\":[{\"@type\":\"ListItem\",\"position\":1,\"name\":\"Home\",\"item\":\"https:\/\/www.lamigraf.com\/tr\/\"},{\"@type\":\"ListItem\",\"position\":2,\"name\":\"Designs\",\"item\":\"https:\/\/www.lamigraf.com\/designs\/\"},{\"@type\":\"ListItem\",\"position\":3,\"name\":\"EVEREST\"}]},{\"@type\":\"WebSite\",\"@id\":\"https:\/\/www.lamigraf.com\/#website\",\"url\":\"https:\/\/www.lamigraf.com\/\",\"name\":\"Lamigraf\",\"description\":\"\",\"publisher\":{\"@id\":\"https:\/\/www.lamigraf.com\/#organization\"},\"potentialAction\":[{\"@type\":\"SearchAction\",\"target\":{\"@type\":\"EntryPoint\",\"urlTemplate\":\"https:\/\/www.lamigraf.com\/?s={search_term_string}\"},\"query-input\":{\"@type\":\"PropertyValueSpecification\",\"valueRequired\":true,\"valueName\":\"search_term_string\"}}],\"inLanguage\":\"tr\"},{\"@type\":\"Organization\",\"@id\":\"https:\/\/www.lamigraf.com\/#organization\",\"name\":\"Lamigraf\",\"url\":\"https:\/\/www.lamigraf.com\/\",\"logo\":{\"@type\":\"ImageObject\",\"inLanguage\":\"tr\",\"@id\":\"https:\/\/www.lamigraf.com\/#\/schema\/logo\/image\/\",\"url\":\"https:\/\/www.lamigraf.com\/wp-content\/uploads\/2024\/05\/Logo-white.svg\",\"contentUrl\":\"https:\/\/www.lamigraf.com\/wp-content\/uploads\/2024\/05\/Logo-white.svg\",\"width\":147,\"height\":36,\"caption\":\"Lamigraf\"},\"image\":{\"@id\":\"https:\/\/www.lamigraf.com\/#\/schema\/logo\/image\/\"}}]}<\/script>\n<!-- \/ Yoast SEO plugin. -->","yoast_head_json":{"title":"EVEREST - Lamigraf","robots":{"index":"index","follow":"follow","max-snippet":"max-snippet:-1","max-image-preview":"max-image-preview:large","max-video-preview":"max-video-preview:-1"},"canonical":"https:\/\/www.lamigraf.com\/tr\/designs\/everest\/","og_locale":"tr_TR","og_type":"article","og_title":"EVEREST - Lamigraf","og_description":"Zirvelerden ve vadilerden ilham alan Everest, \u00e7izgili ah\u015fap kavram\u0131n\u0131 yeni bir bak\u0131\u015f a\u00e7\u0131s\u0131yla yeniden d\u00fc\u015f\u00fcnmemizi sa\u011fl\u0131yor. Modern ve \u00e7ok y\u00f6nl\u00fc esteti\u011fi, g\u00f6rsel olarak etkileyici, ayn\u0131 zamanda s\u0131cak ve davetkar alanlar yaratarak beklentilerin \u00f6tesine ge\u00e7meyi vaat ediyor. Ah\u015fab\u0131n do\u011fal g\u00fczelli\u011fini \u00e7a\u011fda\u015f tasar\u0131mla birle\u015ftiren Everest, herkesin b\u00fcy\u00fcleyici atmosferine ad\u0131m atmas\u0131n\u0131 te\u015fvik eden g\u00f6rsel olarak \u00e7arp\u0131c\u0131 ve modern [&hellip;]","og_url":"https:\/\/www.lamigraf.com\/tr\/designs\/everest\/","og_site_name":"Lamigraf","article_modified_time":"2025-04-09T08:52:10+00:00","og_image":[{"width":1229,"height":2560,"url":"https:\/\/www.lamigraf.com\/wp-content\/uploads\/2024\/06\/03005-O-scaled.jpg","type":"image\/jpeg"}],"twitter_card":"summary_large_image","twitter_misc":{"Tahmini okuma s\u00fcresi":"1 dakika"},"schema":{"@context":"https:\/\/schema.org","@graph":[{"@type":"WebPage","@id":"https:\/\/www.lamigraf.com\/tr\/designs\/everest\/","url":"https:\/\/www.lamigraf.com\/tr\/designs\/everest\/","name":"EVEREST - Lamigraf","isPartOf":{"@id":"https:\/\/www.lamigraf.com\/#website"},"primaryImageOfPage":{"@id":"https:\/\/www.lamigraf.com\/tr\/designs\/everest\/#primaryimage"},"image":{"@id":"https:\/\/www.lamigraf.com\/tr\/designs\/everest\/#primaryimage"},"thumbnailUrl":"https:\/\/www.lamigraf.com\/wp-content\/uploads\/2024\/06\/03005-O-scaled.jpg","datePublished":"2024-06-07T07:50:59+00:00","dateModified":"2025-04-09T08:52:10+00:00","breadcrumb":{"@id":"https:\/\/www.lamigraf.com\/tr\/designs\/everest\/#breadcrumb"},"inLanguage":"tr","potentialAction":[{"@type":"ReadAction","target":["https:\/\/www.lamigraf.com\/tr\/designs\/everest\/"]}]},{"@type":"ImageObject","inLanguage":"tr","@id":"https:\/\/www.lamigraf.com\/tr\/designs\/everest\/#primaryimage","url":"https:\/\/www.lamigraf.com\/wp-content\/uploads\/2024\/06\/03005-O-scaled.jpg","contentUrl":"https:\/\/www.lamigraf.com\/wp-content\/uploads\/2024\/06\/03005-O-scaled.jpg","width":1229,"height":2560},{"@type":"BreadcrumbList","@id":"https:\/\/www.lamigraf.com\/tr\/designs\/everest\/#breadcrumb","itemListElement":[{"@type":"ListItem","position":1,"name":"Home","item":"https:\/\/www.lamigraf.com\/tr\/"},{"@type":"ListItem","position":2,"name":"Designs","item":"https:\/\/www.lamigraf.com\/designs\/"},{"@type":"ListItem","position":3,"name":"EVEREST"}]},{"@type":"WebSite","@id":"https:\/\/www.lamigraf.com\/#website","url":"https:\/\/www.lamigraf.com\/","name":"Lamigraf","description":"","publisher":{"@id":"https:\/\/www.lamigraf.com\/#organization"},"potentialAction":[{"@type":"SearchAction","target":{"@type":"EntryPoint","urlTemplate":"https:\/\/www.lamigraf.com\/?s={search_term_string}"},"query-input":{"@type":"PropertyValueSpecification","valueRequired":true,"valueName":"search_term_string"}}],"inLanguage":"tr"},{"@type":"Organization","@id":"https:\/\/www.lamigraf.com\/#organization","name":"Lamigraf","url":"https:\/\/www.lamigraf.com\/","logo":{"@type":"ImageObject","inLanguage":"tr","@id":"https:\/\/www.lamigraf.com\/#\/schema\/logo\/image\/","url":"https:\/\/www.lamigraf.com\/wp-content\/uploads\/2024\/05\/Logo-white.svg","contentUrl":"https:\/\/www.lamigraf.com\/wp-content\/uploads\/2024\/05\/Logo-white.svg","width":147,"height":36,"caption":"Lamigraf"},"image":{"@id":"https:\/\/www.lamigraf.com\/#\/schema\/logo\/image\/"}}]}},"_links":{"self":[{"href":"https:\/\/www.lamigraf.com\/tr\/wp-json\/wp\/v2\/product\/87924","targetHints":{"allow":["GET"]}}],"collection":[{"href":"https:\/\/www.lamigraf.com\/tr\/wp-json\/wp\/v2\/product"}],"about":[{"href":"https:\/\/www.lamigraf.com\/tr\/wp-json\/wp\/v2\/types\/product"}],"version-history":[{"count":2,"href":"https:\/\/www.lamigraf.com\/tr\/wp-json\/wp\/v2\/product\/87924\/revisions"}],"predecessor-version":[{"id":87929,"href":"https:\/\/www.lamigraf.com\/tr\/wp-json\/wp\/v2\/product\/87924\/revisions\/87929"}],"acf:attachment":[{"embeddable":true,"href":"https:\/\/www.lamigraf.com\/tr\/wp-json\/wp\/v2\/media\/12469"}],"wp:featuredmedia":[{"embeddable":true,"href":"https:\/\/www.lamigraf.com\/tr\/wp-json\/wp\/v2\/media\/12462"}],"wp:attachment":[{"href":"https:\/\/www.lamigraf.com\/tr\/wp-json\/wp\/v2\/media?parent=87924"}],"wp:term":[{"taxonomy":"product_applications","embeddable":true,"href":"https:\/\/www.lamigraf.com\/tr\/wp-json\/wp\/v2\/applications?post=87924"},{"taxonomy":"product_type","embeddable":true,"href":"https:\/\/www.lamigraf.com\/tr\/wp-json\/wp\/v2\/design-types?post=87924"},{"taxonomy":"product_characteristics","embeddable":true,"href":"https:\/\/www.lamigraf.com\/tr\/wp-json\/wp\/v2\/characteristics?post=87924"},{"taxonomy":"product_apparence","embeddable":true,"href":"https:\/\/www.lamigraf.com\/tr\/wp-json\/wp\/v2\/appearance?post=87924"}],"curies":[{"name":"wp","href":"https:\/\/api.w.org\/{rel}","templated":true}]}}