{"id":87940,"date":"2024-06-07T09:50:58","date_gmt":"2024-06-07T07:50:58","guid":{"rendered":"https:\/\/www.lamigraf.com\/designs\/levante\/"},"modified":"2025-04-09T11:27:00","modified_gmt":"2025-04-09T09:27:00","slug":"levante","status":"publish","type":"product","link":"https:\/\/www.lamigraf.com\/tr\/designs\/levante\/","title":{"rendered":"LEVANTE"},"content":{"rendered":"\n<p>Levante, sadece bir ah\u015fap par\u00e7as\u0131 de\u011fil; tan\u0131d\u0131k bir malzemenin yenilik\u00e7i ve \u00e7a\u011fda\u015f bir yakla\u015f\u0131mla kullan\u0131m\u0131na dayanan, zaman\u0131n ge\u00e7i\u015fine dair nostaljik bir anlat\u0131d\u0131r. Geometrik \u015fekillerin estetik ve ifade g\u00fcc\u00fcn\u00fc ke\u015ffederek,\u00a0Levante\u00a0bizi duygusal ve g\u00f6rsel olarak etkileyici bir yolculu\u011fa \u00e7\u0131kar\u0131r. Geometriyle yarat\u0131lan dinamik desenler ve dokular, ah\u015fap y\u00fczeye derinlik ve g\u00f6rsel ilgi katman\u0131 ekleyerek onun \u00f6zg\u00fcnl\u00fc\u011f\u00fcn\u00fc yeniden tan\u0131mlar. Ah\u015fab\u0131n do\u011fal g\u00fczelli\u011fini geometrik hassasiyetle birle\u015ftiren bu konsept, sadece g\u00f6rsel olarak \u00e7arp\u0131c\u0131 de\u011fil, ayn\u0131 zamanda i\u015flevsel ve ilham verici alanlar yarat\u0131r; bizi ge\u00e7mi\u015f ve \u015fimdi, nostalji ve yenilik aras\u0131ndaki kesi\u015fimi ke\u015ffetmeye davet eder.<\/p>\n","protected":false},"excerpt":{"rendered":"<p>Levante, sadece bir ah\u015fap par\u00e7as\u0131 de\u011fil; tan\u0131d\u0131k bir malzemenin yenilik\u00e7i ve \u00e7a\u011fda\u015f bir yakla\u015f\u0131mla kullan\u0131m\u0131na dayanan, zaman\u0131n ge\u00e7i\u015fine dair nostaljik bir anlat\u0131d\u0131r. Geometrik \u015fekillerin estetik ve ifade g\u00fcc\u00fcn\u00fc ke\u015ffederek,\u00a0Levante\u00a0bizi duygusal ve g\u00f6rsel olarak etkileyici bir yolculu\u011fa \u00e7\u0131kar\u0131r. Geometriyle yarat\u0131lan dinamik desenler ve dokular, ah\u015fap y\u00fczeye derinlik ve g\u00f6rsel ilgi katman\u0131 ekleyerek onun \u00f6zg\u00fcnl\u00fc\u011f\u00fcn\u00fc yeniden tan\u0131mlar. [&hellip;]<\/p>\n","protected":false},"featured_media":97670,"template":"","meta":{"_acf_changed":false,"_gspb_post_css":"","footnotes":""},"applications":[1062],"design-types":[887,897,884],"characteristics":[],"appearance":[],"class_list":["post-87940","product","type-product","status-publish","has-post-thumbnail","hentry","product_applications-furniture-tk","product_type-digital-print-innovations-tk","product_type-geometrics-es-tr","product_type-creatives-tk"],"acf":{"code":"3013","peripheral_development":"1300","axial_development":"850","cylinders":"0","data_sheet":79622,"collections":[{"code":"3013-J002","thumbnail":13089,"render":97698},{"code":"3013-J003","thumbnail":13096,"render":97691},{"code":"3013-J009","thumbnail":13124,"render":97684},{"code":"3013-J015","thumbnail":13103,"render":97677}],"usages":[97705,97684],"inspiration":{"top":{"title":"Panel duvar\u0131","thumbnail":16379,"reference":"2698-0302"},"bottom_title":"Ba\u015fl\u0131k"},"hover_image":97705,"eir":"","collaborator":{"name":"","link":""},"synchro_wood":false,"novedad":false},"yoast_head":"<!-- This site is optimized with the Yoast SEO plugin v25.2 - https:\/\/yoast.com\/wordpress\/plugins\/seo\/ -->\n<title>LEVANTE - Lamigraf<\/title>\n<meta name=\"robots\" content=\"index, follow, max-snippet:-1, max-image-preview:large, max-video-preview:-1\" \/>\n<link rel=\"canonical\" href=\"https:\/\/www.lamigraf.com\/tr\/designs\/levante\/\" \/>\n<meta property=\"og:locale\" content=\"tr_TR\" \/>\n<meta property=\"og:type\" content=\"article\" \/>\n<meta property=\"og:title\" content=\"LEVANTE - Lamigraf\" \/>\n<meta property=\"og:description\" content=\"Levante, sadece bir ah\u015fap par\u00e7as\u0131 de\u011fil; tan\u0131d\u0131k bir malzemenin yenilik\u00e7i ve \u00e7a\u011fda\u015f bir yakla\u015f\u0131mla kullan\u0131m\u0131na dayanan, zaman\u0131n ge\u00e7i\u015fine dair nostaljik bir anlat\u0131d\u0131r. Geometrik \u015fekillerin estetik ve ifade g\u00fcc\u00fcn\u00fc ke\u015ffederek,\u00a0Levante\u00a0bizi duygusal ve g\u00f6rsel olarak etkileyici bir yolculu\u011fa \u00e7\u0131kar\u0131r. Geometriyle yarat\u0131lan dinamik desenler ve dokular, ah\u015fap y\u00fczeye derinlik ve g\u00f6rsel ilgi katman\u0131 ekleyerek onun \u00f6zg\u00fcnl\u00fc\u011f\u00fcn\u00fc yeniden tan\u0131mlar. [&hellip;]\" \/>\n<meta property=\"og:url\" content=\"https:\/\/www.lamigraf.com\/tr\/designs\/levante\/\" \/>\n<meta property=\"og:site_name\" content=\"Lamigraf\" \/>\n<meta property=\"article:modified_time\" content=\"2025-04-09T09:27:00+00:00\" \/>\n<meta property=\"og:image\" content=\"https:\/\/www.lamigraf.com\/wp-content\/uploads\/2024\/06\/03013-O-scaled.jpg\" \/>\n\t<meta property=\"og:image:width\" content=\"1674\" \/>\n\t<meta property=\"og:image:height\" content=\"2560\" \/>\n\t<meta property=\"og:image:type\" content=\"image\/jpeg\" \/>\n<meta name=\"twitter:card\" content=\"summary_large_image\" \/>\n<meta name=\"twitter:label1\" content=\"Tahmini okuma s\u00fcresi\" \/>\n\t<meta name=\"twitter:data1\" content=\"1 dakika\" \/>\n<script type=\"application\/ld+json\" class=\"yoast-schema-graph\">{\"@context\":\"https:\/\/schema.org\",\"@graph\":[{\"@type\":\"WebPage\",\"@id\":\"https:\/\/www.lamigraf.com\/tr\/designs\/levante\/\",\"url\":\"https:\/\/www.lamigraf.com\/tr\/designs\/levante\/\",\"name\":\"LEVANTE - Lamigraf\",\"isPartOf\":{\"@id\":\"https:\/\/www.lamigraf.com\/#website\"},\"primaryImageOfPage\":{\"@id\":\"https:\/\/www.lamigraf.com\/tr\/designs\/levante\/#primaryimage\"},\"image\":{\"@id\":\"https:\/\/www.lamigraf.com\/tr\/designs\/levante\/#primaryimage\"},\"thumbnailUrl\":\"https:\/\/www.lamigraf.com\/wp-content\/uploads\/2024\/06\/03013-J009.jpg\",\"datePublished\":\"2024-06-07T07:50:58+00:00\",\"dateModified\":\"2025-04-09T09:27:00+00:00\",\"breadcrumb\":{\"@id\":\"https:\/\/www.lamigraf.com\/tr\/designs\/levante\/#breadcrumb\"},\"inLanguage\":\"tr\",\"potentialAction\":[{\"@type\":\"ReadAction\",\"target\":[\"https:\/\/www.lamigraf.com\/tr\/designs\/levante\/\"]}]},{\"@type\":\"ImageObject\",\"inLanguage\":\"tr\",\"@id\":\"https:\/\/www.lamigraf.com\/tr\/designs\/levante\/#primaryimage\",\"url\":\"https:\/\/www.lamigraf.com\/wp-content\/uploads\/2024\/06\/03013-J009.jpg\",\"contentUrl\":\"https:\/\/www.lamigraf.com\/wp-content\/uploads\/2024\/06\/03013-J009.jpg\",\"width\":1256,\"height\":1920},{\"@type\":\"BreadcrumbList\",\"@id\":\"https:\/\/www.lamigraf.com\/tr\/designs\/levante\/#breadcrumb\",\"itemListElement\":[{\"@type\":\"ListItem\",\"position\":1,\"name\":\"Home\",\"item\":\"https:\/\/www.lamigraf.com\/tr\/\"},{\"@type\":\"ListItem\",\"position\":2,\"name\":\"Designs\",\"item\":\"https:\/\/www.lamigraf.com\/designs\/\"},{\"@type\":\"ListItem\",\"position\":3,\"name\":\"LEVANTE\"}]},{\"@type\":\"WebSite\",\"@id\":\"https:\/\/www.lamigraf.com\/#website\",\"url\":\"https:\/\/www.lamigraf.com\/\",\"name\":\"Lamigraf\",\"description\":\"\",\"publisher\":{\"@id\":\"https:\/\/www.lamigraf.com\/#organization\"},\"potentialAction\":[{\"@type\":\"SearchAction\",\"target\":{\"@type\":\"EntryPoint\",\"urlTemplate\":\"https:\/\/www.lamigraf.com\/?s={search_term_string}\"},\"query-input\":{\"@type\":\"PropertyValueSpecification\",\"valueRequired\":true,\"valueName\":\"search_term_string\"}}],\"inLanguage\":\"tr\"},{\"@type\":\"Organization\",\"@id\":\"https:\/\/www.lamigraf.com\/#organization\",\"name\":\"Lamigraf\",\"url\":\"https:\/\/www.lamigraf.com\/\",\"logo\":{\"@type\":\"ImageObject\",\"inLanguage\":\"tr\",\"@id\":\"https:\/\/www.lamigraf.com\/#\/schema\/logo\/image\/\",\"url\":\"https:\/\/www.lamigraf.com\/wp-content\/uploads\/2024\/05\/Logo-white.svg\",\"contentUrl\":\"https:\/\/www.lamigraf.com\/wp-content\/uploads\/2024\/05\/Logo-white.svg\",\"width\":147,\"height\":36,\"caption\":\"Lamigraf\"},\"image\":{\"@id\":\"https:\/\/www.lamigraf.com\/#\/schema\/logo\/image\/\"}}]}<\/script>\n<!-- \/ Yoast SEO plugin. -->","yoast_head_json":{"title":"LEVANTE - Lamigraf","robots":{"index":"index","follow":"follow","max-snippet":"max-snippet:-1","max-image-preview":"max-image-preview:large","max-video-preview":"max-video-preview:-1"},"canonical":"https:\/\/www.lamigraf.com\/tr\/designs\/levante\/","og_locale":"tr_TR","og_type":"article","og_title":"LEVANTE - Lamigraf","og_description":"Levante, sadece bir ah\u015fap par\u00e7as\u0131 de\u011fil; tan\u0131d\u0131k bir malzemenin yenilik\u00e7i ve \u00e7a\u011fda\u015f bir yakla\u015f\u0131mla kullan\u0131m\u0131na dayanan, zaman\u0131n ge\u00e7i\u015fine dair nostaljik bir anlat\u0131d\u0131r. Geometrik \u015fekillerin estetik ve ifade g\u00fcc\u00fcn\u00fc ke\u015ffederek,\u00a0Levante\u00a0bizi duygusal ve g\u00f6rsel olarak etkileyici bir yolculu\u011fa \u00e7\u0131kar\u0131r. Geometriyle yarat\u0131lan dinamik desenler ve dokular, ah\u015fap y\u00fczeye derinlik ve g\u00f6rsel ilgi katman\u0131 ekleyerek onun \u00f6zg\u00fcnl\u00fc\u011f\u00fcn\u00fc yeniden tan\u0131mlar. [&hellip;]","og_url":"https:\/\/www.lamigraf.com\/tr\/designs\/levante\/","og_site_name":"Lamigraf","article_modified_time":"2025-04-09T09:27:00+00:00","og_image":[{"width":1674,"height":2560,"url":"https:\/\/www.lamigraf.com\/wp-content\/uploads\/2024\/06\/03013-O-scaled.jpg","type":"image\/jpeg"}],"twitter_card":"summary_large_image","twitter_misc":{"Tahmini okuma s\u00fcresi":"1 dakika"},"schema":{"@context":"https:\/\/schema.org","@graph":[{"@type":"WebPage","@id":"https:\/\/www.lamigraf.com\/tr\/designs\/levante\/","url":"https:\/\/www.lamigraf.com\/tr\/designs\/levante\/","name":"LEVANTE - Lamigraf","isPartOf":{"@id":"https:\/\/www.lamigraf.com\/#website"},"primaryImageOfPage":{"@id":"https:\/\/www.lamigraf.com\/tr\/designs\/levante\/#primaryimage"},"image":{"@id":"https:\/\/www.lamigraf.com\/tr\/designs\/levante\/#primaryimage"},"thumbnailUrl":"https:\/\/www.lamigraf.com\/wp-content\/uploads\/2024\/06\/03013-J009.jpg","datePublished":"2024-06-07T07:50:58+00:00","dateModified":"2025-04-09T09:27:00+00:00","breadcrumb":{"@id":"https:\/\/www.lamigraf.com\/tr\/designs\/levante\/#breadcrumb"},"inLanguage":"tr","potentialAction":[{"@type":"ReadAction","target":["https:\/\/www.lamigraf.com\/tr\/designs\/levante\/"]}]},{"@type":"ImageObject","inLanguage":"tr","@id":"https:\/\/www.lamigraf.com\/tr\/designs\/levante\/#primaryimage","url":"https:\/\/www.lamigraf.com\/wp-content\/uploads\/2024\/06\/03013-J009.jpg","contentUrl":"https:\/\/www.lamigraf.com\/wp-content\/uploads\/2024\/06\/03013-J009.jpg","width":1256,"height":1920},{"@type":"BreadcrumbList","@id":"https:\/\/www.lamigraf.com\/tr\/designs\/levante\/#breadcrumb","itemListElement":[{"@type":"ListItem","position":1,"name":"Home","item":"https:\/\/www.lamigraf.com\/tr\/"},{"@type":"ListItem","position":2,"name":"Designs","item":"https:\/\/www.lamigraf.com\/designs\/"},{"@type":"ListItem","position":3,"name":"LEVANTE"}]},{"@type":"WebSite","@id":"https:\/\/www.lamigraf.com\/#website","url":"https:\/\/www.lamigraf.com\/","name":"Lamigraf","description":"","publisher":{"@id":"https:\/\/www.lamigraf.com\/#organization"},"potentialAction":[{"@type":"SearchAction","target":{"@type":"EntryPoint","urlTemplate":"https:\/\/www.lamigraf.com\/?s={search_term_string}"},"query-input":{"@type":"PropertyValueSpecification","valueRequired":true,"valueName":"search_term_string"}}],"inLanguage":"tr"},{"@type":"Organization","@id":"https:\/\/www.lamigraf.com\/#organization","name":"Lamigraf","url":"https:\/\/www.lamigraf.com\/","logo":{"@type":"ImageObject","inLanguage":"tr","@id":"https:\/\/www.lamigraf.com\/#\/schema\/logo\/image\/","url":"https:\/\/www.lamigraf.com\/wp-content\/uploads\/2024\/05\/Logo-white.svg","contentUrl":"https:\/\/www.lamigraf.com\/wp-content\/uploads\/2024\/05\/Logo-white.svg","width":147,"height":36,"caption":"Lamigraf"},"image":{"@id":"https:\/\/www.lamigraf.com\/#\/schema\/logo\/image\/"}}]}},"_links":{"self":[{"href":"https:\/\/www.lamigraf.com\/tr\/wp-json\/wp\/v2\/product\/87940","targetHints":{"allow":["GET"]}}],"collection":[{"href":"https:\/\/www.lamigraf.com\/tr\/wp-json\/wp\/v2\/product"}],"about":[{"href":"https:\/\/www.lamigraf.com\/tr\/wp-json\/wp\/v2\/types\/product"}],"version-history":[{"count":1,"href":"https:\/\/www.lamigraf.com\/tr\/wp-json\/wp\/v2\/product\/87940\/revisions"}],"predecessor-version":[{"id":87941,"href":"https:\/\/www.lamigraf.com\/tr\/wp-json\/wp\/v2\/product\/87940\/revisions\/87941"}],"acf:attachment":[{"embeddable":true,"href":"https:\/\/www.lamigraf.com\/tr\/wp-json\/wp\/v2\/media\/97684"},{"embeddable":true,"href":"https:\/\/www.lamigraf.com\/tr\/wp-json\/wp\/v2\/media\/97705"}],"wp:featuredmedia":[{"embeddable":true,"href":"https:\/\/www.lamigraf.com\/tr\/wp-json\/wp\/v2\/media\/97670"}],"wp:attachment":[{"href":"https:\/\/www.lamigraf.com\/tr\/wp-json\/wp\/v2\/media?parent=87940"}],"wp:term":[{"taxonomy":"product_applications","embeddable":true,"href":"https:\/\/www.lamigraf.com\/tr\/wp-json\/wp\/v2\/applications?post=87940"},{"taxonomy":"product_type","embeddable":true,"href":"https:\/\/www.lamigraf.com\/tr\/wp-json\/wp\/v2\/design-types?post=87940"},{"taxonomy":"product_characteristics","embeddable":true,"href":"https:\/\/www.lamigraf.com\/tr\/wp-json\/wp\/v2\/characteristics?post=87940"},{"taxonomy":"product_apparence","embeddable":true,"href":"https:\/\/www.lamigraf.com\/tr\/wp-json\/wp\/v2\/appearance?post=87940"}],"curies":[{"name":"wp","href":"https:\/\/api.w.org\/{rel}","templated":true}]}}