{"id":87950,"date":"2024-06-07T09:50:58","date_gmt":"2024-06-07T07:50:58","guid":{"rendered":"https:\/\/www.lamigraf.com\/designs\/iris\/"},"modified":"2025-04-09T12:06:26","modified_gmt":"2025-04-09T10:06:26","slug":"iris","status":"publish","type":"product","link":"https:\/\/www.lamigraf.com\/tr\/designs\/iris\/","title":{"rendered":"IRIS"},"content":{"rendered":"\n<p>\u00c7imentonun sa\u011flaml\u0131\u011f\u0131n\u0131 dokuman\u0131n zarafetiyle birle\u015ftiren tasar\u0131m\u0131yla Iris, modern end\u00fcstriyel tarz\u0131 el i\u015f\u00e7ili\u011finin inceli\u011fiyle harmanlayarak g\u00f6z al\u0131c\u0131 ve her mek\u00e2na ki\u015filik katan bir par\u00e7a ortaya \u00e7\u0131kar\u0131yor. Iris, yo\u011fun g\u00fcnl\u00fck ya\u015famlar\u0131m\u0131zda ferahlat\u0131c\u0131 bir nefes gibi; bir duraklama daveti, yeni olas\u0131l\u0131klar\u0131 yeniden yorumlama ve ke\u015ffetme f\u0131rsat\u0131 sunuyor. Hibrit tasar\u0131m\u0131, z\u0131t malzemelerin birle\u015fimindeki g\u00fczelli\u011fi takdir etmemiz i\u00e7in bizi te\u015fvik ediyor ve g\u00fcnl\u00fck tela\u015f\u0131n ortas\u0131nda bir anl\u0131k ilham ve d\u00fc\u015f\u00fcnme f\u0131rsat\u0131 sa\u011fl\u0131yor.<\/p>\n","protected":false},"excerpt":{"rendered":"<p>\u00c7imentonun sa\u011flaml\u0131\u011f\u0131n\u0131 dokuman\u0131n zarafetiyle birle\u015ftiren tasar\u0131m\u0131yla Iris, modern end\u00fcstriyel tarz\u0131 el i\u015f\u00e7ili\u011finin inceli\u011fiyle harmanlayarak g\u00f6z al\u0131c\u0131 ve her mek\u00e2na ki\u015filik katan bir par\u00e7a ortaya \u00e7\u0131kar\u0131yor. Iris, yo\u011fun g\u00fcnl\u00fck ya\u015famlar\u0131m\u0131zda ferahlat\u0131c\u0131 bir nefes gibi; bir duraklama daveti, yeni olas\u0131l\u0131klar\u0131 yeniden yorumlama ve ke\u015ffetme f\u0131rsat\u0131 sunuyor. Hibrit tasar\u0131m\u0131, z\u0131t malzemelerin birle\u015fimindeki g\u00fczelli\u011fi takdir etmemiz i\u00e7in bizi te\u015fvik [&hellip;]<\/p>\n","protected":false},"featured_media":13061,"template":"","meta":{"_acf_changed":false,"_gspb_post_css":"","footnotes":""},"applications":[1062],"design-types":[887,893,884],"characteristics":[],"appearance":[],"class_list":["post-87950","product","type-product","status-publish","has-post-thumbnail","hentry","product_applications-furniture-tk","product_type-digital-print-innovations-tk","product_type-fusions-hybrids-tk","product_type-creatives-tk"],"acf":{"code":"3015","peripheral_development":"1300","axial_development":"850","cylinders":"","data_sheet":79584,"collections":[{"code":"3015-J001","thumbnail":13040,"render":79590},{"code":"3015-J005","thumbnail":13075,"render":79596},{"code":"3015-J009","thumbnail":13047,"render":79602},{"code":"3015-J012","thumbnail":13054,"render":79608}],"usages":[77741,79596,13068],"inspiration":{"top":{"title":"Dolap","thumbnail":12935,"reference":"3012-0303"},"bottom_title":" \u00d6n panel"},"hover_image":13068,"eir":"","collaborator":{"name":"","link":""},"synchro_wood":false,"novedad":false},"yoast_head":"<!-- This site is optimized with the Yoast SEO plugin v25.2 - https:\/\/yoast.com\/wordpress\/plugins\/seo\/ -->\n<title>IRIS - Lamigraf<\/title>\n<meta name=\"robots\" content=\"index, follow, max-snippet:-1, max-image-preview:large, max-video-preview:-1\" \/>\n<link rel=\"canonical\" href=\"https:\/\/www.lamigraf.com\/tr\/designs\/iris\/\" \/>\n<meta property=\"og:locale\" content=\"tr_TR\" \/>\n<meta property=\"og:type\" content=\"article\" \/>\n<meta property=\"og:title\" content=\"IRIS - Lamigraf\" \/>\n<meta property=\"og:description\" content=\"\u00c7imentonun sa\u011flaml\u0131\u011f\u0131n\u0131 dokuman\u0131n zarafetiyle birle\u015ftiren tasar\u0131m\u0131yla Iris, modern end\u00fcstriyel tarz\u0131 el i\u015f\u00e7ili\u011finin inceli\u011fiyle harmanlayarak g\u00f6z al\u0131c\u0131 ve her mek\u00e2na ki\u015filik katan bir par\u00e7a ortaya \u00e7\u0131kar\u0131yor. Iris, yo\u011fun g\u00fcnl\u00fck ya\u015famlar\u0131m\u0131zda ferahlat\u0131c\u0131 bir nefes gibi; bir duraklama daveti, yeni olas\u0131l\u0131klar\u0131 yeniden yorumlama ve ke\u015ffetme f\u0131rsat\u0131 sunuyor. Hibrit tasar\u0131m\u0131, z\u0131t malzemelerin birle\u015fimindeki g\u00fczelli\u011fi takdir etmemiz i\u00e7in bizi te\u015fvik [&hellip;]\" \/>\n<meta property=\"og:url\" content=\"https:\/\/www.lamigraf.com\/tr\/designs\/iris\/\" \/>\n<meta property=\"og:site_name\" content=\"Lamigraf\" \/>\n<meta property=\"article:modified_time\" content=\"2025-04-09T10:06:26+00:00\" \/>\n<meta property=\"og:image\" content=\"https:\/\/www.lamigraf.com\/wp-content\/uploads\/2024\/06\/03015-O-670x1024.jpg\" \/>\n\t<meta property=\"og:image:width\" content=\"670\" \/>\n\t<meta property=\"og:image:height\" content=\"1024\" \/>\n\t<meta property=\"og:image:type\" content=\"image\/jpeg\" \/>\n<meta name=\"twitter:card\" content=\"summary_large_image\" \/>\n<meta name=\"twitter:label1\" content=\"Tahmini okuma s\u00fcresi\" \/>\n\t<meta name=\"twitter:data1\" content=\"1 dakika\" \/>\n<script type=\"application\/ld+json\" class=\"yoast-schema-graph\">{\"@context\":\"https:\/\/schema.org\",\"@graph\":[{\"@type\":\"WebPage\",\"@id\":\"https:\/\/www.lamigraf.com\/tr\/designs\/iris\/\",\"url\":\"https:\/\/www.lamigraf.com\/tr\/designs\/iris\/\",\"name\":\"IRIS - Lamigraf\",\"isPartOf\":{\"@id\":\"https:\/\/www.lamigraf.com\/#website\"},\"primaryImageOfPage\":{\"@id\":\"https:\/\/www.lamigraf.com\/tr\/designs\/iris\/#primaryimage\"},\"image\":{\"@id\":\"https:\/\/www.lamigraf.com\/tr\/designs\/iris\/#primaryimage\"},\"thumbnailUrl\":\"https:\/\/www.lamigraf.com\/wp-content\/uploads\/2024\/06\/03015-O-scaled.jpg\",\"datePublished\":\"2024-06-07T07:50:58+00:00\",\"dateModified\":\"2025-04-09T10:06:26+00:00\",\"breadcrumb\":{\"@id\":\"https:\/\/www.lamigraf.com\/tr\/designs\/iris\/#breadcrumb\"},\"inLanguage\":\"tr\",\"potentialAction\":[{\"@type\":\"ReadAction\",\"target\":[\"https:\/\/www.lamigraf.com\/tr\/designs\/iris\/\"]}]},{\"@type\":\"ImageObject\",\"inLanguage\":\"tr\",\"@id\":\"https:\/\/www.lamigraf.com\/tr\/designs\/iris\/#primaryimage\",\"url\":\"https:\/\/www.lamigraf.com\/wp-content\/uploads\/2024\/06\/03015-O-scaled.jpg\",\"contentUrl\":\"https:\/\/www.lamigraf.com\/wp-content\/uploads\/2024\/06\/03015-O-scaled.jpg\",\"width\":1674,\"height\":2560},{\"@type\":\"BreadcrumbList\",\"@id\":\"https:\/\/www.lamigraf.com\/tr\/designs\/iris\/#breadcrumb\",\"itemListElement\":[{\"@type\":\"ListItem\",\"position\":1,\"name\":\"Home\",\"item\":\"https:\/\/www.lamigraf.com\/tr\/\"},{\"@type\":\"ListItem\",\"position\":2,\"name\":\"Designs\",\"item\":\"https:\/\/www.lamigraf.com\/designs\/\"},{\"@type\":\"ListItem\",\"position\":3,\"name\":\"IRIS\"}]},{\"@type\":\"WebSite\",\"@id\":\"https:\/\/www.lamigraf.com\/#website\",\"url\":\"https:\/\/www.lamigraf.com\/\",\"name\":\"Lamigraf\",\"description\":\"\",\"publisher\":{\"@id\":\"https:\/\/www.lamigraf.com\/#organization\"},\"potentialAction\":[{\"@type\":\"SearchAction\",\"target\":{\"@type\":\"EntryPoint\",\"urlTemplate\":\"https:\/\/www.lamigraf.com\/?s={search_term_string}\"},\"query-input\":{\"@type\":\"PropertyValueSpecification\",\"valueRequired\":true,\"valueName\":\"search_term_string\"}}],\"inLanguage\":\"tr\"},{\"@type\":\"Organization\",\"@id\":\"https:\/\/www.lamigraf.com\/#organization\",\"name\":\"Lamigraf\",\"url\":\"https:\/\/www.lamigraf.com\/\",\"logo\":{\"@type\":\"ImageObject\",\"inLanguage\":\"tr\",\"@id\":\"https:\/\/www.lamigraf.com\/#\/schema\/logo\/image\/\",\"url\":\"https:\/\/www.lamigraf.com\/wp-content\/uploads\/2024\/05\/Logo-white.svg\",\"contentUrl\":\"https:\/\/www.lamigraf.com\/wp-content\/uploads\/2024\/05\/Logo-white.svg\",\"width\":147,\"height\":36,\"caption\":\"Lamigraf\"},\"image\":{\"@id\":\"https:\/\/www.lamigraf.com\/#\/schema\/logo\/image\/\"}}]}<\/script>\n<!-- \/ Yoast SEO plugin. -->","yoast_head_json":{"title":"IRIS - Lamigraf","robots":{"index":"index","follow":"follow","max-snippet":"max-snippet:-1","max-image-preview":"max-image-preview:large","max-video-preview":"max-video-preview:-1"},"canonical":"https:\/\/www.lamigraf.com\/tr\/designs\/iris\/","og_locale":"tr_TR","og_type":"article","og_title":"IRIS - Lamigraf","og_description":"\u00c7imentonun sa\u011flaml\u0131\u011f\u0131n\u0131 dokuman\u0131n zarafetiyle birle\u015ftiren tasar\u0131m\u0131yla Iris, modern end\u00fcstriyel tarz\u0131 el i\u015f\u00e7ili\u011finin inceli\u011fiyle harmanlayarak g\u00f6z al\u0131c\u0131 ve her mek\u00e2na ki\u015filik katan bir par\u00e7a ortaya \u00e7\u0131kar\u0131yor. Iris, yo\u011fun g\u00fcnl\u00fck ya\u015famlar\u0131m\u0131zda ferahlat\u0131c\u0131 bir nefes gibi; bir duraklama daveti, yeni olas\u0131l\u0131klar\u0131 yeniden yorumlama ve ke\u015ffetme f\u0131rsat\u0131 sunuyor. Hibrit tasar\u0131m\u0131, z\u0131t malzemelerin birle\u015fimindeki g\u00fczelli\u011fi takdir etmemiz i\u00e7in bizi te\u015fvik [&hellip;]","og_url":"https:\/\/www.lamigraf.com\/tr\/designs\/iris\/","og_site_name":"Lamigraf","article_modified_time":"2025-04-09T10:06:26+00:00","og_image":[{"width":670,"height":1024,"url":"https:\/\/www.lamigraf.com\/wp-content\/uploads\/2024\/06\/03015-O-670x1024.jpg","type":"image\/jpeg"}],"twitter_card":"summary_large_image","twitter_misc":{"Tahmini okuma s\u00fcresi":"1 dakika"},"schema":{"@context":"https:\/\/schema.org","@graph":[{"@type":"WebPage","@id":"https:\/\/www.lamigraf.com\/tr\/designs\/iris\/","url":"https:\/\/www.lamigraf.com\/tr\/designs\/iris\/","name":"IRIS - Lamigraf","isPartOf":{"@id":"https:\/\/www.lamigraf.com\/#website"},"primaryImageOfPage":{"@id":"https:\/\/www.lamigraf.com\/tr\/designs\/iris\/#primaryimage"},"image":{"@id":"https:\/\/www.lamigraf.com\/tr\/designs\/iris\/#primaryimage"},"thumbnailUrl":"https:\/\/www.lamigraf.com\/wp-content\/uploads\/2024\/06\/03015-O-scaled.jpg","datePublished":"2024-06-07T07:50:58+00:00","dateModified":"2025-04-09T10:06:26+00:00","breadcrumb":{"@id":"https:\/\/www.lamigraf.com\/tr\/designs\/iris\/#breadcrumb"},"inLanguage":"tr","potentialAction":[{"@type":"ReadAction","target":["https:\/\/www.lamigraf.com\/tr\/designs\/iris\/"]}]},{"@type":"ImageObject","inLanguage":"tr","@id":"https:\/\/www.lamigraf.com\/tr\/designs\/iris\/#primaryimage","url":"https:\/\/www.lamigraf.com\/wp-content\/uploads\/2024\/06\/03015-O-scaled.jpg","contentUrl":"https:\/\/www.lamigraf.com\/wp-content\/uploads\/2024\/06\/03015-O-scaled.jpg","width":1674,"height":2560},{"@type":"BreadcrumbList","@id":"https:\/\/www.lamigraf.com\/tr\/designs\/iris\/#breadcrumb","itemListElement":[{"@type":"ListItem","position":1,"name":"Home","item":"https:\/\/www.lamigraf.com\/tr\/"},{"@type":"ListItem","position":2,"name":"Designs","item":"https:\/\/www.lamigraf.com\/designs\/"},{"@type":"ListItem","position":3,"name":"IRIS"}]},{"@type":"WebSite","@id":"https:\/\/www.lamigraf.com\/#website","url":"https:\/\/www.lamigraf.com\/","name":"Lamigraf","description":"","publisher":{"@id":"https:\/\/www.lamigraf.com\/#organization"},"potentialAction":[{"@type":"SearchAction","target":{"@type":"EntryPoint","urlTemplate":"https:\/\/www.lamigraf.com\/?s={search_term_string}"},"query-input":{"@type":"PropertyValueSpecification","valueRequired":true,"valueName":"search_term_string"}}],"inLanguage":"tr"},{"@type":"Organization","@id":"https:\/\/www.lamigraf.com\/#organization","name":"Lamigraf","url":"https:\/\/www.lamigraf.com\/","logo":{"@type":"ImageObject","inLanguage":"tr","@id":"https:\/\/www.lamigraf.com\/#\/schema\/logo\/image\/","url":"https:\/\/www.lamigraf.com\/wp-content\/uploads\/2024\/05\/Logo-white.svg","contentUrl":"https:\/\/www.lamigraf.com\/wp-content\/uploads\/2024\/05\/Logo-white.svg","width":147,"height":36,"caption":"Lamigraf"},"image":{"@id":"https:\/\/www.lamigraf.com\/#\/schema\/logo\/image\/"}}]}},"_links":{"self":[{"href":"https:\/\/www.lamigraf.com\/tr\/wp-json\/wp\/v2\/product\/87950","targetHints":{"allow":["GET"]}}],"collection":[{"href":"https:\/\/www.lamigraf.com\/tr\/wp-json\/wp\/v2\/product"}],"about":[{"href":"https:\/\/www.lamigraf.com\/tr\/wp-json\/wp\/v2\/types\/product"}],"version-history":[{"count":1,"href":"https:\/\/www.lamigraf.com\/tr\/wp-json\/wp\/v2\/product\/87950\/revisions"}],"predecessor-version":[{"id":87951,"href":"https:\/\/www.lamigraf.com\/tr\/wp-json\/wp\/v2\/product\/87950\/revisions\/87951"}],"acf:attachment":[{"embeddable":true,"href":"https:\/\/www.lamigraf.com\/tr\/wp-json\/wp\/v2\/media\/13068"},{"embeddable":true,"href":"https:\/\/www.lamigraf.com\/tr\/wp-json\/wp\/v2\/media\/79596"},{"embeddable":true,"href":"https:\/\/www.lamigraf.com\/tr\/wp-json\/wp\/v2\/media\/77741"}],"wp:featuredmedia":[{"embeddable":true,"href":"https:\/\/www.lamigraf.com\/tr\/wp-json\/wp\/v2\/media\/13061"}],"wp:attachment":[{"href":"https:\/\/www.lamigraf.com\/tr\/wp-json\/wp\/v2\/media?parent=87950"}],"wp:term":[{"taxonomy":"product_applications","embeddable":true,"href":"https:\/\/www.lamigraf.com\/tr\/wp-json\/wp\/v2\/applications?post=87950"},{"taxonomy":"product_type","embeddable":true,"href":"https:\/\/www.lamigraf.com\/tr\/wp-json\/wp\/v2\/design-types?post=87950"},{"taxonomy":"product_characteristics","embeddable":true,"href":"https:\/\/www.lamigraf.com\/tr\/wp-json\/wp\/v2\/characteristics?post=87950"},{"taxonomy":"product_apparence","embeddable":true,"href":"https:\/\/www.lamigraf.com\/tr\/wp-json\/wp\/v2\/appearance?post=87950"}],"curies":[{"name":"wp","href":"https:\/\/api.w.org\/{rel}","templated":true}]}}