{"id":87957,"date":"2024-06-07T09:50:58","date_gmt":"2024-06-07T07:50:58","guid":{"rendered":"https:\/\/www.lamigraf.com\/designs\/cairo\/"},"modified":"2025-04-09T12:47:26","modified_gmt":"2025-04-09T10:47:26","slug":"cairo","status":"publish","type":"product","link":"https:\/\/www.lamigraf.com\/tr\/designs\/cairo\/","title":{"rendered":"CAIRO"},"content":{"rendered":"\n<p>Artan \u00e7evresel kayg\u0131lar do\u011frultusunda Kahire, s\u00fcrd\u00fcr\u00fclebilirli\u011fi temel bir ilke olarak benimsemekte ve \u00e7a\u011fda\u015f unsurlar\u0131 harmanlayarak ger\u00e7ekten benzersiz, modern bir tasar\u0131m ortaya koymaktad\u0131r. Kendine \u00f6zg\u00fc esteti\u011fi, yumu\u015fak ve davetkar bir renk paletiyle birle\u015ferek yaln\u0131zca g\u00f6rsel olarak etkileyici alanlar yaratmakla kalmaz, ayn\u0131 zamanda kal\u0131c\u0131 bir ekolojik ba\u011fl\u0131l\u0131k ilham\u0131 sunar.<\/p>\n\n\n\n<p><\/p>\n","protected":false},"excerpt":{"rendered":"<p>Artan \u00e7evresel kayg\u0131lar do\u011frultusunda Kahire, s\u00fcrd\u00fcr\u00fclebilirli\u011fi temel bir ilke olarak benimsemekte ve \u00e7a\u011fda\u015f unsurlar\u0131 harmanlayarak ger\u00e7ekten benzersiz, modern bir tasar\u0131m ortaya koymaktad\u0131r. Kendine \u00f6zg\u00fc esteti\u011fi, yumu\u015fak ve davetkar bir renk paletiyle birle\u015ferek yaln\u0131zca g\u00f6rsel olarak etkileyici alanlar yaratmakla kalmaz, ayn\u0131 zamanda kal\u0131c\u0131 bir ekolojik ba\u011fl\u0131l\u0131k ilham\u0131 sunar.<\/p>\n","protected":false},"featured_media":13012,"template":"","meta":{"_acf_changed":false,"_gspb_post_css":"","footnotes":""},"applications":[1062],"design-types":[890,884],"characteristics":[],"appearance":[],"class_list":["post-87957","product","type-product","status-publish","has-post-thumbnail","hentry","product_applications-furniture-tk","product_type-fantasy-tk","product_type-creatives-tk"],"acf":{"code":"3016","peripheral_development":"1300","axial_development":"1250","cylinders":"2","data_sheet":79577,"collections":[{"code":"3016-0201","thumbnail":12991,"render":84040},{"code":"3016-0202","thumbnail":13026,"render":84046},{"code":"3016-0203","thumbnail":12998,"render":84052}],"usages":[13019,77728],"inspiration":{"top":{"title":"\u0130\u00e7 Mekan","thumbnail":12571,"reference":"2994-0301"},"bottom_title":"Dolap"},"hover_image":13019,"eir":"","collaborator":{"name":"","link":""},"synchro_wood":false,"novedad":false},"yoast_head":"<!-- This site is optimized with the Yoast SEO plugin v25.2 - https:\/\/yoast.com\/wordpress\/plugins\/seo\/ -->\n<title>CAIRO - Lamigraf<\/title>\n<meta name=\"robots\" content=\"index, follow, max-snippet:-1, max-image-preview:large, max-video-preview:-1\" \/>\n<link rel=\"canonical\" href=\"https:\/\/www.lamigraf.com\/tr\/designs\/cairo\/\" \/>\n<meta property=\"og:locale\" content=\"tr_TR\" \/>\n<meta property=\"og:type\" content=\"article\" \/>\n<meta property=\"og:title\" content=\"CAIRO - Lamigraf\" \/>\n<meta property=\"og:description\" content=\"Artan \u00e7evresel kayg\u0131lar do\u011frultusunda Kahire, s\u00fcrd\u00fcr\u00fclebilirli\u011fi temel bir ilke olarak benimsemekte ve \u00e7a\u011fda\u015f unsurlar\u0131 harmanlayarak ger\u00e7ekten benzersiz, modern bir tasar\u0131m ortaya koymaktad\u0131r. Kendine \u00f6zg\u00fc esteti\u011fi, yumu\u015fak ve davetkar bir renk paletiyle birle\u015ferek yaln\u0131zca g\u00f6rsel olarak etkileyici alanlar yaratmakla kalmaz, ayn\u0131 zamanda kal\u0131c\u0131 bir ekolojik ba\u011fl\u0131l\u0131k ilham\u0131 sunar.\" \/>\n<meta property=\"og:url\" content=\"https:\/\/www.lamigraf.com\/tr\/designs\/cairo\/\" \/>\n<meta property=\"og:site_name\" content=\"Lamigraf\" \/>\n<meta property=\"article:modified_time\" content=\"2025-04-09T10:47:26+00:00\" \/>\n<meta property=\"og:image\" content=\"https:\/\/www.lamigraf.com\/wp-content\/uploads\/2024\/06\/03016-O-985x1024.jpg\" \/>\n\t<meta property=\"og:image:width\" content=\"985\" \/>\n\t<meta property=\"og:image:height\" content=\"1024\" \/>\n\t<meta property=\"og:image:type\" content=\"image\/jpeg\" \/>\n<meta name=\"twitter:card\" content=\"summary_large_image\" \/>\n<meta name=\"twitter:label1\" content=\"Tahmini okuma s\u00fcresi\" \/>\n\t<meta name=\"twitter:data1\" content=\"1 dakika\" \/>\n<script type=\"application\/ld+json\" class=\"yoast-schema-graph\">{\"@context\":\"https:\/\/schema.org\",\"@graph\":[{\"@type\":\"WebPage\",\"@id\":\"https:\/\/www.lamigraf.com\/tr\/designs\/cairo\/\",\"url\":\"https:\/\/www.lamigraf.com\/tr\/designs\/cairo\/\",\"name\":\"CAIRO - Lamigraf\",\"isPartOf\":{\"@id\":\"https:\/\/www.lamigraf.com\/#website\"},\"primaryImageOfPage\":{\"@id\":\"https:\/\/www.lamigraf.com\/tr\/designs\/cairo\/#primaryimage\"},\"image\":{\"@id\":\"https:\/\/www.lamigraf.com\/tr\/designs\/cairo\/#primaryimage\"},\"thumbnailUrl\":\"https:\/\/www.lamigraf.com\/wp-content\/uploads\/2024\/06\/03016-O.jpg\",\"datePublished\":\"2024-06-07T07:50:58+00:00\",\"dateModified\":\"2025-04-09T10:47:26+00:00\",\"breadcrumb\":{\"@id\":\"https:\/\/www.lamigraf.com\/tr\/designs\/cairo\/#breadcrumb\"},\"inLanguage\":\"tr\",\"potentialAction\":[{\"@type\":\"ReadAction\",\"target\":[\"https:\/\/www.lamigraf.com\/tr\/designs\/cairo\/\"]}]},{\"@type\":\"ImageObject\",\"inLanguage\":\"tr\",\"@id\":\"https:\/\/www.lamigraf.com\/tr\/designs\/cairo\/#primaryimage\",\"url\":\"https:\/\/www.lamigraf.com\/wp-content\/uploads\/2024\/06\/03016-O.jpg\",\"contentUrl\":\"https:\/\/www.lamigraf.com\/wp-content\/uploads\/2024\/06\/03016-O.jpg\",\"width\":1920,\"height\":1997},{\"@type\":\"BreadcrumbList\",\"@id\":\"https:\/\/www.lamigraf.com\/tr\/designs\/cairo\/#breadcrumb\",\"itemListElement\":[{\"@type\":\"ListItem\",\"position\":1,\"name\":\"Home\",\"item\":\"https:\/\/www.lamigraf.com\/tr\/\"},{\"@type\":\"ListItem\",\"position\":2,\"name\":\"Designs\",\"item\":\"https:\/\/www.lamigraf.com\/designs\/\"},{\"@type\":\"ListItem\",\"position\":3,\"name\":\"CAIRO\"}]},{\"@type\":\"WebSite\",\"@id\":\"https:\/\/www.lamigraf.com\/#website\",\"url\":\"https:\/\/www.lamigraf.com\/\",\"name\":\"Lamigraf\",\"description\":\"\",\"publisher\":{\"@id\":\"https:\/\/www.lamigraf.com\/#organization\"},\"potentialAction\":[{\"@type\":\"SearchAction\",\"target\":{\"@type\":\"EntryPoint\",\"urlTemplate\":\"https:\/\/www.lamigraf.com\/?s={search_term_string}\"},\"query-input\":{\"@type\":\"PropertyValueSpecification\",\"valueRequired\":true,\"valueName\":\"search_term_string\"}}],\"inLanguage\":\"tr\"},{\"@type\":\"Organization\",\"@id\":\"https:\/\/www.lamigraf.com\/#organization\",\"name\":\"Lamigraf\",\"url\":\"https:\/\/www.lamigraf.com\/\",\"logo\":{\"@type\":\"ImageObject\",\"inLanguage\":\"tr\",\"@id\":\"https:\/\/www.lamigraf.com\/#\/schema\/logo\/image\/\",\"url\":\"https:\/\/www.lamigraf.com\/wp-content\/uploads\/2024\/05\/Logo-white.svg\",\"contentUrl\":\"https:\/\/www.lamigraf.com\/wp-content\/uploads\/2024\/05\/Logo-white.svg\",\"width\":147,\"height\":36,\"caption\":\"Lamigraf\"},\"image\":{\"@id\":\"https:\/\/www.lamigraf.com\/#\/schema\/logo\/image\/\"}}]}<\/script>\n<!-- \/ Yoast SEO plugin. -->","yoast_head_json":{"title":"CAIRO - Lamigraf","robots":{"index":"index","follow":"follow","max-snippet":"max-snippet:-1","max-image-preview":"max-image-preview:large","max-video-preview":"max-video-preview:-1"},"canonical":"https:\/\/www.lamigraf.com\/tr\/designs\/cairo\/","og_locale":"tr_TR","og_type":"article","og_title":"CAIRO - Lamigraf","og_description":"Artan \u00e7evresel kayg\u0131lar do\u011frultusunda Kahire, s\u00fcrd\u00fcr\u00fclebilirli\u011fi temel bir ilke olarak benimsemekte ve \u00e7a\u011fda\u015f unsurlar\u0131 harmanlayarak ger\u00e7ekten benzersiz, modern bir tasar\u0131m ortaya koymaktad\u0131r. Kendine \u00f6zg\u00fc esteti\u011fi, yumu\u015fak ve davetkar bir renk paletiyle birle\u015ferek yaln\u0131zca g\u00f6rsel olarak etkileyici alanlar yaratmakla kalmaz, ayn\u0131 zamanda kal\u0131c\u0131 bir ekolojik ba\u011fl\u0131l\u0131k ilham\u0131 sunar.","og_url":"https:\/\/www.lamigraf.com\/tr\/designs\/cairo\/","og_site_name":"Lamigraf","article_modified_time":"2025-04-09T10:47:26+00:00","og_image":[{"width":985,"height":1024,"url":"https:\/\/www.lamigraf.com\/wp-content\/uploads\/2024\/06\/03016-O-985x1024.jpg","type":"image\/jpeg"}],"twitter_card":"summary_large_image","twitter_misc":{"Tahmini okuma s\u00fcresi":"1 dakika"},"schema":{"@context":"https:\/\/schema.org","@graph":[{"@type":"WebPage","@id":"https:\/\/www.lamigraf.com\/tr\/designs\/cairo\/","url":"https:\/\/www.lamigraf.com\/tr\/designs\/cairo\/","name":"CAIRO - Lamigraf","isPartOf":{"@id":"https:\/\/www.lamigraf.com\/#website"},"primaryImageOfPage":{"@id":"https:\/\/www.lamigraf.com\/tr\/designs\/cairo\/#primaryimage"},"image":{"@id":"https:\/\/www.lamigraf.com\/tr\/designs\/cairo\/#primaryimage"},"thumbnailUrl":"https:\/\/www.lamigraf.com\/wp-content\/uploads\/2024\/06\/03016-O.jpg","datePublished":"2024-06-07T07:50:58+00:00","dateModified":"2025-04-09T10:47:26+00:00","breadcrumb":{"@id":"https:\/\/www.lamigraf.com\/tr\/designs\/cairo\/#breadcrumb"},"inLanguage":"tr","potentialAction":[{"@type":"ReadAction","target":["https:\/\/www.lamigraf.com\/tr\/designs\/cairo\/"]}]},{"@type":"ImageObject","inLanguage":"tr","@id":"https:\/\/www.lamigraf.com\/tr\/designs\/cairo\/#primaryimage","url":"https:\/\/www.lamigraf.com\/wp-content\/uploads\/2024\/06\/03016-O.jpg","contentUrl":"https:\/\/www.lamigraf.com\/wp-content\/uploads\/2024\/06\/03016-O.jpg","width":1920,"height":1997},{"@type":"BreadcrumbList","@id":"https:\/\/www.lamigraf.com\/tr\/designs\/cairo\/#breadcrumb","itemListElement":[{"@type":"ListItem","position":1,"name":"Home","item":"https:\/\/www.lamigraf.com\/tr\/"},{"@type":"ListItem","position":2,"name":"Designs","item":"https:\/\/www.lamigraf.com\/designs\/"},{"@type":"ListItem","position":3,"name":"CAIRO"}]},{"@type":"WebSite","@id":"https:\/\/www.lamigraf.com\/#website","url":"https:\/\/www.lamigraf.com\/","name":"Lamigraf","description":"","publisher":{"@id":"https:\/\/www.lamigraf.com\/#organization"},"potentialAction":[{"@type":"SearchAction","target":{"@type":"EntryPoint","urlTemplate":"https:\/\/www.lamigraf.com\/?s={search_term_string}"},"query-input":{"@type":"PropertyValueSpecification","valueRequired":true,"valueName":"search_term_string"}}],"inLanguage":"tr"},{"@type":"Organization","@id":"https:\/\/www.lamigraf.com\/#organization","name":"Lamigraf","url":"https:\/\/www.lamigraf.com\/","logo":{"@type":"ImageObject","inLanguage":"tr","@id":"https:\/\/www.lamigraf.com\/#\/schema\/logo\/image\/","url":"https:\/\/www.lamigraf.com\/wp-content\/uploads\/2024\/05\/Logo-white.svg","contentUrl":"https:\/\/www.lamigraf.com\/wp-content\/uploads\/2024\/05\/Logo-white.svg","width":147,"height":36,"caption":"Lamigraf"},"image":{"@id":"https:\/\/www.lamigraf.com\/#\/schema\/logo\/image\/"}}]}},"_links":{"self":[{"href":"https:\/\/www.lamigraf.com\/tr\/wp-json\/wp\/v2\/product\/87957","targetHints":{"allow":["GET"]}}],"collection":[{"href":"https:\/\/www.lamigraf.com\/tr\/wp-json\/wp\/v2\/product"}],"about":[{"href":"https:\/\/www.lamigraf.com\/tr\/wp-json\/wp\/v2\/types\/product"}],"version-history":[{"count":1,"href":"https:\/\/www.lamigraf.com\/tr\/wp-json\/wp\/v2\/product\/87957\/revisions"}],"predecessor-version":[{"id":87960,"href":"https:\/\/www.lamigraf.com\/tr\/wp-json\/wp\/v2\/product\/87957\/revisions\/87960"}],"acf:attachment":[{"embeddable":true,"href":"https:\/\/www.lamigraf.com\/tr\/wp-json\/wp\/v2\/media\/77728"},{"embeddable":true,"href":"https:\/\/www.lamigraf.com\/tr\/wp-json\/wp\/v2\/media\/13019"}],"wp:featuredmedia":[{"embeddable":true,"href":"https:\/\/www.lamigraf.com\/tr\/wp-json\/wp\/v2\/media\/13012"}],"wp:attachment":[{"href":"https:\/\/www.lamigraf.com\/tr\/wp-json\/wp\/v2\/media?parent=87957"}],"wp:term":[{"taxonomy":"product_applications","embeddable":true,"href":"https:\/\/www.lamigraf.com\/tr\/wp-json\/wp\/v2\/applications?post=87957"},{"taxonomy":"product_type","embeddable":true,"href":"https:\/\/www.lamigraf.com\/tr\/wp-json\/wp\/v2\/design-types?post=87957"},{"taxonomy":"product_characteristics","embeddable":true,"href":"https:\/\/www.lamigraf.com\/tr\/wp-json\/wp\/v2\/characteristics?post=87957"},{"taxonomy":"product_apparence","embeddable":true,"href":"https:\/\/www.lamigraf.com\/tr\/wp-json\/wp\/v2\/appearance?post=87957"}],"curies":[{"name":"wp","href":"https:\/\/api.w.org\/{rel}","templated":true}]}}