{"id":87967,"date":"2024-06-07T09:50:58","date_gmt":"2024-06-07T07:50:58","guid":{"rendered":"https:\/\/www.lamigraf.com\/designs\/bali\/"},"modified":"2025-04-09T12:55:28","modified_gmt":"2025-04-09T10:55:28","slug":"bali","status":"publish","type":"product","link":"https:\/\/www.lamigraf.com\/tr\/designs\/bali\/","title":{"rendered":"BALI"},"content":{"rendered":"\n<p>Bali, ceviz a\u011fac\u0131n\u0131n klasik g\u00fczelli\u011fi ile modern tasar\u0131mlar\u0131n \u00e7a\u011fda\u015f zarafetinin birle\u015fimine bir davettir; ortaya konfor, zarafet ve zamans\u0131zl\u0131k yayan alanlar \u00e7\u0131kar. Bali yaln\u0131zca \u00e7arp\u0131c\u0131 bir estetik sunmakla kalmaz, ayn\u0131 zamanda son derece i\u015flevseldir; farkl\u0131 uygulamalarda kullan\u0131labilir ve \u00e7e\u015fitli malzemelerle kombinlenerek farkl\u0131 atmosferler yarat\u0131labilir. A\u00e7\u0131k renklerin yumu\u015fakl\u0131\u011f\u0131ndan koyu tonlar\u0131n derinli\u011fine kadar bu tasar\u0131m, ceviz a\u011fac\u0131n\u0131 yeniden hayal eder ve bizi her \u015feyin m\u00fcmk\u00fcn oldu\u011fu alanlara ta\u015f\u0131r.<\/p>\n","protected":false},"excerpt":{"rendered":"<p>Bali, ceviz a\u011fac\u0131n\u0131n klasik g\u00fczelli\u011fi ile modern tasar\u0131mlar\u0131n \u00e7a\u011fda\u015f zarafetinin birle\u015fimine bir davettir; ortaya konfor, zarafet ve zamans\u0131zl\u0131k yayan alanlar \u00e7\u0131kar. Bali yaln\u0131zca \u00e7arp\u0131c\u0131 bir estetik sunmakla kalmaz, ayn\u0131 zamanda son derece i\u015flevseldir; farkl\u0131 uygulamalarda kullan\u0131labilir ve \u00e7e\u015fitli malzemelerle kombinlenerek farkl\u0131 atmosferler yarat\u0131labilir. A\u00e7\u0131k renklerin yumu\u015fakl\u0131\u011f\u0131ndan koyu tonlar\u0131n derinli\u011fine kadar bu tasar\u0131m, ceviz a\u011fac\u0131n\u0131 yeniden [&hellip;]<\/p>\n","protected":false},"featured_media":97599,"template":"","meta":{"_acf_changed":false,"_gspb_post_css":"","footnotes":""},"applications":[1062],"design-types":[929,1089],"characteristics":[1016,1014,1015],"appearance":[],"class_list":["post-87967","product","type-product","status-publish","has-post-thumbnail","hentry","product_applications-furniture-tk","product_type-wood-tk","product_type-walnut-tr","product_characteristics-striped-tk","product_characteristics-metallic-effect-tk","product_characteristics-planked-tk"],"acf":{"code":"3012","peripheral_development":"1300","axial_development":"2200","cylinders":"4","data_sheet":79629,"collections":[{"code":"3012-0302","thumbnail":97606,"render":97655},{"code":"3012-0303","thumbnail":97613,"render":97648},{"code":"3012-0401","thumbnail":97620,"render":97641},{"code":"3012-0402","thumbnail":97627,"render":97634}],"usages":[97634,97662],"inspiration":{"top":{"title":"Masa \u00fcst\u00fc","thumbnail":17947,"reference":"2636-0203"},"bottom_title":"Raf"},"hover_image":97662,"eir":"","collaborator":{"name":"","link":""},"synchro_wood":false,"novedad":false},"yoast_head":"<!-- This site is optimized with the Yoast SEO plugin v25.2 - https:\/\/yoast.com\/wordpress\/plugins\/seo\/ -->\n<title>BALI - Lamigraf<\/title>\n<meta name=\"robots\" content=\"index, follow, max-snippet:-1, max-image-preview:large, max-video-preview:-1\" \/>\n<link rel=\"canonical\" href=\"https:\/\/www.lamigraf.com\/tr\/designs\/bali\/\" \/>\n<meta property=\"og:locale\" content=\"tr_TR\" \/>\n<meta property=\"og:type\" content=\"article\" \/>\n<meta property=\"og:title\" content=\"BALI - Lamigraf\" \/>\n<meta property=\"og:description\" content=\"Bali, ceviz a\u011fac\u0131n\u0131n klasik g\u00fczelli\u011fi ile modern tasar\u0131mlar\u0131n \u00e7a\u011fda\u015f zarafetinin birle\u015fimine bir davettir; ortaya konfor, zarafet ve zamans\u0131zl\u0131k yayan alanlar \u00e7\u0131kar. Bali yaln\u0131zca \u00e7arp\u0131c\u0131 bir estetik sunmakla kalmaz, ayn\u0131 zamanda son derece i\u015flevseldir; farkl\u0131 uygulamalarda kullan\u0131labilir ve \u00e7e\u015fitli malzemelerle kombinlenerek farkl\u0131 atmosferler yarat\u0131labilir. A\u00e7\u0131k renklerin yumu\u015fakl\u0131\u011f\u0131ndan koyu tonlar\u0131n derinli\u011fine kadar bu tasar\u0131m, ceviz a\u011fac\u0131n\u0131 yeniden [&hellip;]\" \/>\n<meta property=\"og:url\" content=\"https:\/\/www.lamigraf.com\/tr\/designs\/bali\/\" \/>\n<meta property=\"og:site_name\" content=\"Lamigraf\" \/>\n<meta property=\"article:modified_time\" content=\"2025-04-09T10:55:28+00:00\" \/>\n<meta property=\"og:image\" content=\"https:\/\/www.lamigraf.com\/wp-content\/uploads\/2024\/06\/03012-O.jpg\" \/>\n\t<meta property=\"og:image:width\" content=\"1920\" \/>\n\t<meta property=\"og:image:height\" content=\"1135\" \/>\n\t<meta property=\"og:image:type\" content=\"image\/jpeg\" \/>\n<meta name=\"twitter:card\" content=\"summary_large_image\" \/>\n<meta name=\"twitter:label1\" content=\"Tahmini okuma s\u00fcresi\" \/>\n\t<meta name=\"twitter:data1\" content=\"1 dakika\" \/>\n<script type=\"application\/ld+json\" class=\"yoast-schema-graph\">{\"@context\":\"https:\/\/schema.org\",\"@graph\":[{\"@type\":\"WebPage\",\"@id\":\"https:\/\/www.lamigraf.com\/tr\/designs\/bali\/\",\"url\":\"https:\/\/www.lamigraf.com\/tr\/designs\/bali\/\",\"name\":\"BALI - Lamigraf\",\"isPartOf\":{\"@id\":\"https:\/\/www.lamigraf.com\/#website\"},\"primaryImageOfPage\":{\"@id\":\"https:\/\/www.lamigraf.com\/tr\/designs\/bali\/#primaryimage\"},\"image\":{\"@id\":\"https:\/\/www.lamigraf.com\/tr\/designs\/bali\/#primaryimage\"},\"thumbnailUrl\":\"https:\/\/www.lamigraf.com\/wp-content\/uploads\/2024\/06\/03012-0402.jpg\",\"datePublished\":\"2024-06-07T07:50:58+00:00\",\"dateModified\":\"2025-04-09T10:55:28+00:00\",\"breadcrumb\":{\"@id\":\"https:\/\/www.lamigraf.com\/tr\/designs\/bali\/#breadcrumb\"},\"inLanguage\":\"tr\",\"potentialAction\":[{\"@type\":\"ReadAction\",\"target\":[\"https:\/\/www.lamigraf.com\/tr\/designs\/bali\/\"]}]},{\"@type\":\"ImageObject\",\"inLanguage\":\"tr\",\"@id\":\"https:\/\/www.lamigraf.com\/tr\/designs\/bali\/#primaryimage\",\"url\":\"https:\/\/www.lamigraf.com\/wp-content\/uploads\/2024\/06\/03012-0402.jpg\",\"contentUrl\":\"https:\/\/www.lamigraf.com\/wp-content\/uploads\/2024\/06\/03012-0402.jpg\",\"width\":1135,\"height\":1920},{\"@type\":\"BreadcrumbList\",\"@id\":\"https:\/\/www.lamigraf.com\/tr\/designs\/bali\/#breadcrumb\",\"itemListElement\":[{\"@type\":\"ListItem\",\"position\":1,\"name\":\"Home\",\"item\":\"https:\/\/www.lamigraf.com\/tr\/\"},{\"@type\":\"ListItem\",\"position\":2,\"name\":\"Designs\",\"item\":\"https:\/\/www.lamigraf.com\/designs\/\"},{\"@type\":\"ListItem\",\"position\":3,\"name\":\"BALI\"}]},{\"@type\":\"WebSite\",\"@id\":\"https:\/\/www.lamigraf.com\/#website\",\"url\":\"https:\/\/www.lamigraf.com\/\",\"name\":\"Lamigraf\",\"description\":\"\",\"publisher\":{\"@id\":\"https:\/\/www.lamigraf.com\/#organization\"},\"potentialAction\":[{\"@type\":\"SearchAction\",\"target\":{\"@type\":\"EntryPoint\",\"urlTemplate\":\"https:\/\/www.lamigraf.com\/?s={search_term_string}\"},\"query-input\":{\"@type\":\"PropertyValueSpecification\",\"valueRequired\":true,\"valueName\":\"search_term_string\"}}],\"inLanguage\":\"tr\"},{\"@type\":\"Organization\",\"@id\":\"https:\/\/www.lamigraf.com\/#organization\",\"name\":\"Lamigraf\",\"url\":\"https:\/\/www.lamigraf.com\/\",\"logo\":{\"@type\":\"ImageObject\",\"inLanguage\":\"tr\",\"@id\":\"https:\/\/www.lamigraf.com\/#\/schema\/logo\/image\/\",\"url\":\"https:\/\/www.lamigraf.com\/wp-content\/uploads\/2024\/05\/Logo-white.svg\",\"contentUrl\":\"https:\/\/www.lamigraf.com\/wp-content\/uploads\/2024\/05\/Logo-white.svg\",\"width\":147,\"height\":36,\"caption\":\"Lamigraf\"},\"image\":{\"@id\":\"https:\/\/www.lamigraf.com\/#\/schema\/logo\/image\/\"}}]}<\/script>\n<!-- \/ Yoast SEO plugin. -->","yoast_head_json":{"title":"BALI - Lamigraf","robots":{"index":"index","follow":"follow","max-snippet":"max-snippet:-1","max-image-preview":"max-image-preview:large","max-video-preview":"max-video-preview:-1"},"canonical":"https:\/\/www.lamigraf.com\/tr\/designs\/bali\/","og_locale":"tr_TR","og_type":"article","og_title":"BALI - Lamigraf","og_description":"Bali, ceviz a\u011fac\u0131n\u0131n klasik g\u00fczelli\u011fi ile modern tasar\u0131mlar\u0131n \u00e7a\u011fda\u015f zarafetinin birle\u015fimine bir davettir; ortaya konfor, zarafet ve zamans\u0131zl\u0131k yayan alanlar \u00e7\u0131kar. Bali yaln\u0131zca \u00e7arp\u0131c\u0131 bir estetik sunmakla kalmaz, ayn\u0131 zamanda son derece i\u015flevseldir; farkl\u0131 uygulamalarda kullan\u0131labilir ve \u00e7e\u015fitli malzemelerle kombinlenerek farkl\u0131 atmosferler yarat\u0131labilir. A\u00e7\u0131k renklerin yumu\u015fakl\u0131\u011f\u0131ndan koyu tonlar\u0131n derinli\u011fine kadar bu tasar\u0131m, ceviz a\u011fac\u0131n\u0131 yeniden [&hellip;]","og_url":"https:\/\/www.lamigraf.com\/tr\/designs\/bali\/","og_site_name":"Lamigraf","article_modified_time":"2025-04-09T10:55:28+00:00","og_image":[{"width":1920,"height":1135,"url":"https:\/\/www.lamigraf.com\/wp-content\/uploads\/2024\/06\/03012-O.jpg","type":"image\/jpeg"}],"twitter_card":"summary_large_image","twitter_misc":{"Tahmini okuma s\u00fcresi":"1 dakika"},"schema":{"@context":"https:\/\/schema.org","@graph":[{"@type":"WebPage","@id":"https:\/\/www.lamigraf.com\/tr\/designs\/bali\/","url":"https:\/\/www.lamigraf.com\/tr\/designs\/bali\/","name":"BALI - Lamigraf","isPartOf":{"@id":"https:\/\/www.lamigraf.com\/#website"},"primaryImageOfPage":{"@id":"https:\/\/www.lamigraf.com\/tr\/designs\/bali\/#primaryimage"},"image":{"@id":"https:\/\/www.lamigraf.com\/tr\/designs\/bali\/#primaryimage"},"thumbnailUrl":"https:\/\/www.lamigraf.com\/wp-content\/uploads\/2024\/06\/03012-0402.jpg","datePublished":"2024-06-07T07:50:58+00:00","dateModified":"2025-04-09T10:55:28+00:00","breadcrumb":{"@id":"https:\/\/www.lamigraf.com\/tr\/designs\/bali\/#breadcrumb"},"inLanguage":"tr","potentialAction":[{"@type":"ReadAction","target":["https:\/\/www.lamigraf.com\/tr\/designs\/bali\/"]}]},{"@type":"ImageObject","inLanguage":"tr","@id":"https:\/\/www.lamigraf.com\/tr\/designs\/bali\/#primaryimage","url":"https:\/\/www.lamigraf.com\/wp-content\/uploads\/2024\/06\/03012-0402.jpg","contentUrl":"https:\/\/www.lamigraf.com\/wp-content\/uploads\/2024\/06\/03012-0402.jpg","width":1135,"height":1920},{"@type":"BreadcrumbList","@id":"https:\/\/www.lamigraf.com\/tr\/designs\/bali\/#breadcrumb","itemListElement":[{"@type":"ListItem","position":1,"name":"Home","item":"https:\/\/www.lamigraf.com\/tr\/"},{"@type":"ListItem","position":2,"name":"Designs","item":"https:\/\/www.lamigraf.com\/designs\/"},{"@type":"ListItem","position":3,"name":"BALI"}]},{"@type":"WebSite","@id":"https:\/\/www.lamigraf.com\/#website","url":"https:\/\/www.lamigraf.com\/","name":"Lamigraf","description":"","publisher":{"@id":"https:\/\/www.lamigraf.com\/#organization"},"potentialAction":[{"@type":"SearchAction","target":{"@type":"EntryPoint","urlTemplate":"https:\/\/www.lamigraf.com\/?s={search_term_string}"},"query-input":{"@type":"PropertyValueSpecification","valueRequired":true,"valueName":"search_term_string"}}],"inLanguage":"tr"},{"@type":"Organization","@id":"https:\/\/www.lamigraf.com\/#organization","name":"Lamigraf","url":"https:\/\/www.lamigraf.com\/","logo":{"@type":"ImageObject","inLanguage":"tr","@id":"https:\/\/www.lamigraf.com\/#\/schema\/logo\/image\/","url":"https:\/\/www.lamigraf.com\/wp-content\/uploads\/2024\/05\/Logo-white.svg","contentUrl":"https:\/\/www.lamigraf.com\/wp-content\/uploads\/2024\/05\/Logo-white.svg","width":147,"height":36,"caption":"Lamigraf"},"image":{"@id":"https:\/\/www.lamigraf.com\/#\/schema\/logo\/image\/"}}]}},"_links":{"self":[{"href":"https:\/\/www.lamigraf.com\/tr\/wp-json\/wp\/v2\/product\/87967","targetHints":{"allow":["GET"]}}],"collection":[{"href":"https:\/\/www.lamigraf.com\/tr\/wp-json\/wp\/v2\/product"}],"about":[{"href":"https:\/\/www.lamigraf.com\/tr\/wp-json\/wp\/v2\/types\/product"}],"version-history":[{"count":1,"href":"https:\/\/www.lamigraf.com\/tr\/wp-json\/wp\/v2\/product\/87967\/revisions"}],"predecessor-version":[{"id":87968,"href":"https:\/\/www.lamigraf.com\/tr\/wp-json\/wp\/v2\/product\/87967\/revisions\/87968"}],"acf:attachment":[{"embeddable":true,"href":"https:\/\/www.lamigraf.com\/tr\/wp-json\/wp\/v2\/media\/97662"},{"embeddable":true,"href":"https:\/\/www.lamigraf.com\/tr\/wp-json\/wp\/v2\/media\/97634"}],"wp:featuredmedia":[{"embeddable":true,"href":"https:\/\/www.lamigraf.com\/tr\/wp-json\/wp\/v2\/media\/97599"}],"wp:attachment":[{"href":"https:\/\/www.lamigraf.com\/tr\/wp-json\/wp\/v2\/media?parent=87967"}],"wp:term":[{"taxonomy":"product_applications","embeddable":true,"href":"https:\/\/www.lamigraf.com\/tr\/wp-json\/wp\/v2\/applications?post=87967"},{"taxonomy":"product_type","embeddable":true,"href":"https:\/\/www.lamigraf.com\/tr\/wp-json\/wp\/v2\/design-types?post=87967"},{"taxonomy":"product_characteristics","embeddable":true,"href":"https:\/\/www.lamigraf.com\/tr\/wp-json\/wp\/v2\/characteristics?post=87967"},{"taxonomy":"product_apparence","embeddable":true,"href":"https:\/\/www.lamigraf.com\/tr\/wp-json\/wp\/v2\/appearance?post=87967"}],"curies":[{"name":"wp","href":"https:\/\/api.w.org\/{rel}","templated":true}]}}