{"id":87973,"date":"2025-04-09T13:01:44","date_gmt":"2025-04-09T11:01:44","guid":{"rendered":"https:\/\/www.lamigraf.com\/designs\/java\/"},"modified":"2025-04-09T13:01:45","modified_gmt":"2025-04-09T11:01:45","slug":"java","status":"publish","type":"product","link":"https:\/\/www.lamigraf.com\/tr\/designs\/java\/","title":{"rendered":"JAVA"},"content":{"rendered":"\n<p>Java, me\u015fe a\u011fac\u0131n\u0131n do\u011fal ve uyumlu g\u00fczelli\u011fini kutlayan, onun zamans\u0131z ve zarif \u00f6z\u00fcn\u00fc yakalamay\u0131 ama\u00e7layan bir tasar\u0131md\u0131r. Modern unsurlarla harmanlanan bu tasar\u0131m, \u00e7ok y\u00f6nl\u00fc bir zarafetin ifadesidir ve hem \u015f\u0131k hem de uyumlu bir tasar\u0131m par\u00e7as\u0131 yarat\u0131r. Farkl\u0131 mekanlara ve dekorasyon tarzlar\u0131na uyum sa\u011flayacak \u015fekilde tasarlanan yap\u0131s\u0131, dokular ve tonlar a\u00e7\u0131s\u0131ndan sundu\u011fu esneklik sayesinde her ortama zarif ve ak\u0131c\u0131 bir \u015fekilde entegre olmas\u0131n\u0131 sa\u011flar.<\/p>\n","protected":false},"excerpt":{"rendered":"<p>Java, me\u015fe a\u011fac\u0131n\u0131n do\u011fal ve uyumlu g\u00fczelli\u011fini kutlayan, onun zamans\u0131z ve zarif \u00f6z\u00fcn\u00fc yakalamay\u0131 ama\u00e7layan bir tasar\u0131md\u0131r. Modern unsurlarla harmanlanan bu tasar\u0131m, \u00e7ok y\u00f6nl\u00fc bir zarafetin ifadesidir ve hem \u015f\u0131k hem de uyumlu bir tasar\u0131m par\u00e7as\u0131 yarat\u0131r. Farkl\u0131 mekanlara ve dekorasyon tarzlar\u0131na uyum sa\u011flayacak \u015fekilde tasarlanan yap\u0131s\u0131, dokular ve tonlar a\u00e7\u0131s\u0131ndan sundu\u011fu esneklik sayesinde her [&hellip;]<\/p>\n","protected":false},"featured_media":12907,"template":"","meta":{"_acf_changed":false,"_gspb_post_css":"","footnotes":""},"applications":[1062],"design-types":[929,977],"characteristics":[1012,1006,1015],"appearance":[],"class_list":["post-87973","product","type-product","status-publish","has-post-thumbnail","hentry","product_applications-furniture-tk","product_type-wood-tk","product_type-oak-tk","product_characteristics-knots-tk","product_characteristics-cathedrals-tk","product_characteristics-planked-tk"],"acf":{"code":"3017","peripheral_development":"1400","axial_development":"1220","cylinders":"3","data_sheet":79570,"collections":[{"code":"3017-0201","thumbnail":84004,"render":83973},{"code":"3017-0301","thumbnail":84010,"render":83979},{"code":"3017-0302","thumbnail":84016,"render":83985},{"code":"3017-0303","thumbnail":84022,"render":83991},{"code":"3017-0304","thumbnail":84028,"render":83997}],"usages":[12914,77813],"inspiration":{"top":{"title":"Mutfak tezgah\u0131","thumbnail":50560,"reference":"2397-0309"},"bottom_title":"Raflar"},"hover_image":12914,"eir":"","collaborator":{"name":"","link":""},"synchro_wood":false,"novedad":false},"yoast_head":"<!-- This site is optimized with the Yoast SEO plugin v25.2 - https:\/\/yoast.com\/wordpress\/plugins\/seo\/ -->\n<title>JAVA - Lamigraf<\/title>\n<meta name=\"robots\" content=\"index, follow, max-snippet:-1, max-image-preview:large, max-video-preview:-1\" \/>\n<link rel=\"canonical\" href=\"https:\/\/www.lamigraf.com\/tr\/designs\/java\/\" \/>\n<meta property=\"og:locale\" content=\"tr_TR\" \/>\n<meta property=\"og:type\" content=\"article\" \/>\n<meta property=\"og:title\" content=\"JAVA - Lamigraf\" \/>\n<meta property=\"og:description\" content=\"Java, me\u015fe a\u011fac\u0131n\u0131n do\u011fal ve uyumlu g\u00fczelli\u011fini kutlayan, onun zamans\u0131z ve zarif \u00f6z\u00fcn\u00fc yakalamay\u0131 ama\u00e7layan bir tasar\u0131md\u0131r. Modern unsurlarla harmanlanan bu tasar\u0131m, \u00e7ok y\u00f6nl\u00fc bir zarafetin ifadesidir ve hem \u015f\u0131k hem de uyumlu bir tasar\u0131m par\u00e7as\u0131 yarat\u0131r. Farkl\u0131 mekanlara ve dekorasyon tarzlar\u0131na uyum sa\u011flayacak \u015fekilde tasarlanan yap\u0131s\u0131, dokular ve tonlar a\u00e7\u0131s\u0131ndan sundu\u011fu esneklik sayesinde her [&hellip;]\" \/>\n<meta property=\"og:url\" content=\"https:\/\/www.lamigraf.com\/tr\/designs\/java\/\" \/>\n<meta property=\"og:site_name\" content=\"Lamigraf\" \/>\n<meta property=\"article:modified_time\" content=\"2025-04-09T11:01:45+00:00\" \/>\n<meta property=\"og:image\" content=\"https:\/\/www.lamigraf.com\/wp-content\/uploads\/2024\/06\/03017-O.jpg\" \/>\n\t<meta property=\"og:image:width\" content=\"1920\" \/>\n\t<meta property=\"og:image:height\" content=\"1135\" \/>\n\t<meta property=\"og:image:type\" content=\"image\/jpeg\" \/>\n<meta name=\"twitter:card\" content=\"summary_large_image\" \/>\n<script type=\"application\/ld+json\" class=\"yoast-schema-graph\">{\"@context\":\"https:\/\/schema.org\",\"@graph\":[{\"@type\":\"WebPage\",\"@id\":\"https:\/\/www.lamigraf.com\/tr\/designs\/java\/\",\"url\":\"https:\/\/www.lamigraf.com\/tr\/designs\/java\/\",\"name\":\"JAVA - Lamigraf\",\"isPartOf\":{\"@id\":\"https:\/\/www.lamigraf.com\/#website\"},\"primaryImageOfPage\":{\"@id\":\"https:\/\/www.lamigraf.com\/tr\/designs\/java\/#primaryimage\"},\"image\":{\"@id\":\"https:\/\/www.lamigraf.com\/tr\/designs\/java\/#primaryimage\"},\"thumbnailUrl\":\"https:\/\/www.lamigraf.com\/wp-content\/uploads\/2024\/06\/03017-O.jpg\",\"datePublished\":\"2025-04-09T11:01:44+00:00\",\"dateModified\":\"2025-04-09T11:01:45+00:00\",\"breadcrumb\":{\"@id\":\"https:\/\/www.lamigraf.com\/tr\/designs\/java\/#breadcrumb\"},\"inLanguage\":\"tr\",\"potentialAction\":[{\"@type\":\"ReadAction\",\"target\":[\"https:\/\/www.lamigraf.com\/tr\/designs\/java\/\"]}]},{\"@type\":\"ImageObject\",\"inLanguage\":\"tr\",\"@id\":\"https:\/\/www.lamigraf.com\/tr\/designs\/java\/#primaryimage\",\"url\":\"https:\/\/www.lamigraf.com\/wp-content\/uploads\/2024\/06\/03017-O.jpg\",\"contentUrl\":\"https:\/\/www.lamigraf.com\/wp-content\/uploads\/2024\/06\/03017-O.jpg\",\"width\":1920,\"height\":1135},{\"@type\":\"BreadcrumbList\",\"@id\":\"https:\/\/www.lamigraf.com\/tr\/designs\/java\/#breadcrumb\",\"itemListElement\":[{\"@type\":\"ListItem\",\"position\":1,\"name\":\"Home\",\"item\":\"https:\/\/www.lamigraf.com\/tr\/\"},{\"@type\":\"ListItem\",\"position\":2,\"name\":\"Designs\",\"item\":\"https:\/\/www.lamigraf.com\/designs\/\"},{\"@type\":\"ListItem\",\"position\":3,\"name\":\"JAVA\"}]},{\"@type\":\"WebSite\",\"@id\":\"https:\/\/www.lamigraf.com\/#website\",\"url\":\"https:\/\/www.lamigraf.com\/\",\"name\":\"Lamigraf\",\"description\":\"\",\"publisher\":{\"@id\":\"https:\/\/www.lamigraf.com\/#organization\"},\"potentialAction\":[{\"@type\":\"SearchAction\",\"target\":{\"@type\":\"EntryPoint\",\"urlTemplate\":\"https:\/\/www.lamigraf.com\/?s={search_term_string}\"},\"query-input\":{\"@type\":\"PropertyValueSpecification\",\"valueRequired\":true,\"valueName\":\"search_term_string\"}}],\"inLanguage\":\"tr\"},{\"@type\":\"Organization\",\"@id\":\"https:\/\/www.lamigraf.com\/#organization\",\"name\":\"Lamigraf\",\"url\":\"https:\/\/www.lamigraf.com\/\",\"logo\":{\"@type\":\"ImageObject\",\"inLanguage\":\"tr\",\"@id\":\"https:\/\/www.lamigraf.com\/#\/schema\/logo\/image\/\",\"url\":\"https:\/\/www.lamigraf.com\/wp-content\/uploads\/2024\/05\/Logo-white.svg\",\"contentUrl\":\"https:\/\/www.lamigraf.com\/wp-content\/uploads\/2024\/05\/Logo-white.svg\",\"width\":147,\"height\":36,\"caption\":\"Lamigraf\"},\"image\":{\"@id\":\"https:\/\/www.lamigraf.com\/#\/schema\/logo\/image\/\"}}]}<\/script>\n<!-- \/ Yoast SEO plugin. -->","yoast_head_json":{"title":"JAVA - Lamigraf","robots":{"index":"index","follow":"follow","max-snippet":"max-snippet:-1","max-image-preview":"max-image-preview:large","max-video-preview":"max-video-preview:-1"},"canonical":"https:\/\/www.lamigraf.com\/tr\/designs\/java\/","og_locale":"tr_TR","og_type":"article","og_title":"JAVA - Lamigraf","og_description":"Java, me\u015fe a\u011fac\u0131n\u0131n do\u011fal ve uyumlu g\u00fczelli\u011fini kutlayan, onun zamans\u0131z ve zarif \u00f6z\u00fcn\u00fc yakalamay\u0131 ama\u00e7layan bir tasar\u0131md\u0131r. Modern unsurlarla harmanlanan bu tasar\u0131m, \u00e7ok y\u00f6nl\u00fc bir zarafetin ifadesidir ve hem \u015f\u0131k hem de uyumlu bir tasar\u0131m par\u00e7as\u0131 yarat\u0131r. Farkl\u0131 mekanlara ve dekorasyon tarzlar\u0131na uyum sa\u011flayacak \u015fekilde tasarlanan yap\u0131s\u0131, dokular ve tonlar a\u00e7\u0131s\u0131ndan sundu\u011fu esneklik sayesinde her [&hellip;]","og_url":"https:\/\/www.lamigraf.com\/tr\/designs\/java\/","og_site_name":"Lamigraf","article_modified_time":"2025-04-09T11:01:45+00:00","og_image":[{"width":1920,"height":1135,"url":"https:\/\/www.lamigraf.com\/wp-content\/uploads\/2024\/06\/03017-O.jpg","type":"image\/jpeg"}],"twitter_card":"summary_large_image","schema":{"@context":"https:\/\/schema.org","@graph":[{"@type":"WebPage","@id":"https:\/\/www.lamigraf.com\/tr\/designs\/java\/","url":"https:\/\/www.lamigraf.com\/tr\/designs\/java\/","name":"JAVA - Lamigraf","isPartOf":{"@id":"https:\/\/www.lamigraf.com\/#website"},"primaryImageOfPage":{"@id":"https:\/\/www.lamigraf.com\/tr\/designs\/java\/#primaryimage"},"image":{"@id":"https:\/\/www.lamigraf.com\/tr\/designs\/java\/#primaryimage"},"thumbnailUrl":"https:\/\/www.lamigraf.com\/wp-content\/uploads\/2024\/06\/03017-O.jpg","datePublished":"2025-04-09T11:01:44+00:00","dateModified":"2025-04-09T11:01:45+00:00","breadcrumb":{"@id":"https:\/\/www.lamigraf.com\/tr\/designs\/java\/#breadcrumb"},"inLanguage":"tr","potentialAction":[{"@type":"ReadAction","target":["https:\/\/www.lamigraf.com\/tr\/designs\/java\/"]}]},{"@type":"ImageObject","inLanguage":"tr","@id":"https:\/\/www.lamigraf.com\/tr\/designs\/java\/#primaryimage","url":"https:\/\/www.lamigraf.com\/wp-content\/uploads\/2024\/06\/03017-O.jpg","contentUrl":"https:\/\/www.lamigraf.com\/wp-content\/uploads\/2024\/06\/03017-O.jpg","width":1920,"height":1135},{"@type":"BreadcrumbList","@id":"https:\/\/www.lamigraf.com\/tr\/designs\/java\/#breadcrumb","itemListElement":[{"@type":"ListItem","position":1,"name":"Home","item":"https:\/\/www.lamigraf.com\/tr\/"},{"@type":"ListItem","position":2,"name":"Designs","item":"https:\/\/www.lamigraf.com\/designs\/"},{"@type":"ListItem","position":3,"name":"JAVA"}]},{"@type":"WebSite","@id":"https:\/\/www.lamigraf.com\/#website","url":"https:\/\/www.lamigraf.com\/","name":"Lamigraf","description":"","publisher":{"@id":"https:\/\/www.lamigraf.com\/#organization"},"potentialAction":[{"@type":"SearchAction","target":{"@type":"EntryPoint","urlTemplate":"https:\/\/www.lamigraf.com\/?s={search_term_string}"},"query-input":{"@type":"PropertyValueSpecification","valueRequired":true,"valueName":"search_term_string"}}],"inLanguage":"tr"},{"@type":"Organization","@id":"https:\/\/www.lamigraf.com\/#organization","name":"Lamigraf","url":"https:\/\/www.lamigraf.com\/","logo":{"@type":"ImageObject","inLanguage":"tr","@id":"https:\/\/www.lamigraf.com\/#\/schema\/logo\/image\/","url":"https:\/\/www.lamigraf.com\/wp-content\/uploads\/2024\/05\/Logo-white.svg","contentUrl":"https:\/\/www.lamigraf.com\/wp-content\/uploads\/2024\/05\/Logo-white.svg","width":147,"height":36,"caption":"Lamigraf"},"image":{"@id":"https:\/\/www.lamigraf.com\/#\/schema\/logo\/image\/"}}]}},"_links":{"self":[{"href":"https:\/\/www.lamigraf.com\/tr\/wp-json\/wp\/v2\/product\/87973","targetHints":{"allow":["GET"]}}],"collection":[{"href":"https:\/\/www.lamigraf.com\/tr\/wp-json\/wp\/v2\/product"}],"about":[{"href":"https:\/\/www.lamigraf.com\/tr\/wp-json\/wp\/v2\/types\/product"}],"version-history":[{"count":1,"href":"https:\/\/www.lamigraf.com\/tr\/wp-json\/wp\/v2\/product\/87973\/revisions"}],"predecessor-version":[{"id":87974,"href":"https:\/\/www.lamigraf.com\/tr\/wp-json\/wp\/v2\/product\/87973\/revisions\/87974"}],"acf:attachment":[{"embeddable":true,"href":"https:\/\/www.lamigraf.com\/tr\/wp-json\/wp\/v2\/media\/77813"},{"embeddable":true,"href":"https:\/\/www.lamigraf.com\/tr\/wp-json\/wp\/v2\/media\/12914"}],"wp:featuredmedia":[{"embeddable":true,"href":"https:\/\/www.lamigraf.com\/tr\/wp-json\/wp\/v2\/media\/12907"}],"wp:attachment":[{"href":"https:\/\/www.lamigraf.com\/tr\/wp-json\/wp\/v2\/media?parent=87973"}],"wp:term":[{"taxonomy":"product_applications","embeddable":true,"href":"https:\/\/www.lamigraf.com\/tr\/wp-json\/wp\/v2\/applications?post=87973"},{"taxonomy":"product_type","embeddable":true,"href":"https:\/\/www.lamigraf.com\/tr\/wp-json\/wp\/v2\/design-types?post=87973"},{"taxonomy":"product_characteristics","embeddable":true,"href":"https:\/\/www.lamigraf.com\/tr\/wp-json\/wp\/v2\/characteristics?post=87973"},{"taxonomy":"product_apparence","embeddable":true,"href":"https:\/\/www.lamigraf.com\/tr\/wp-json\/wp\/v2\/appearance?post=87973"}],"curies":[{"name":"wp","href":"https:\/\/api.w.org\/{rel}","templated":true}]}}