{"id":87981,"date":"2024-06-07T09:50:58","date_gmt":"2024-06-07T07:50:58","guid":{"rendered":"https:\/\/www.lamigraf.com\/designs\/austin-2\/"},"modified":"2025-04-09T13:09:26","modified_gmt":"2025-04-09T11:09:26","slug":"austin-2","status":"publish","type":"product","link":"https:\/\/www.lamigraf.com\/tr\/designs\/austin-2\/","title":{"rendered":"AUSTIN"},"content":{"rendered":"\n<p>Ki\u015filik ve \u00f6zg\u00fcnl\u00fckle dolu Austin, \u00e7am a\u011fac\u0131n\u0131n modern ve zarif bir ifadesidir. Yumu\u015fak \u00e7atlaklar\u0131 ve canl\u0131 ton skalas\u0131yla m\u00fckemmel bir denge kurar; orta ve koyu tonlarda sunuldu\u011funda mek\u00e2nlar\u0131n ba\u015frol\u00fc olabilirken, a\u00e7\u0131k ve dingin renklerde kullan\u0131ld\u0131\u011f\u0131nda yumu\u015fak ve kolay uyum sa\u011flayan bir ah\u015fap haline gelir. Bu \u00e7ok y\u00f6nl\u00fcl\u00fck, Austin\u2019i \u00e7e\u015fitli tasar\u0131m stilleri i\u00e7in m\u00fckemmel bir se\u00e7enek yapar ve her i\u00e7 mek\u00e2na uyumlu bir \u015fekilde entegre olmas\u0131n\u0131 sa\u011flar.<\/p>\n","protected":false},"excerpt":{"rendered":"<p>Ki\u015filik ve \u00f6zg\u00fcnl\u00fckle dolu Austin, \u00e7am a\u011fac\u0131n\u0131n modern ve zarif bir ifadesidir. Yumu\u015fak \u00e7atlaklar\u0131 ve canl\u0131 ton skalas\u0131yla m\u00fckemmel bir denge kurar; orta ve koyu tonlarda sunuldu\u011funda mek\u00e2nlar\u0131n ba\u015frol\u00fc olabilirken, a\u00e7\u0131k ve dingin renklerde kullan\u0131ld\u0131\u011f\u0131nda yumu\u015fak ve kolay uyum sa\u011flayan bir ah\u015fap haline gelir. Bu \u00e7ok y\u00f6nl\u00fcl\u00fck, Austin\u2019i \u00e7e\u015fitli tasar\u0131m stilleri i\u00e7in m\u00fckemmel bir se\u00e7enek [&hellip;]<\/p>\n","protected":false},"featured_media":12851,"template":"","meta":{"_acf_changed":false,"_gspb_post_css":"","footnotes":""},"applications":[1062],"design-types":[929,988],"characteristics":[1011,1015],"appearance":[],"class_list":["post-87981","product","type-product","status-publish","has-post-thumbnail","hentry","product_applications-furniture-tk","product_type-wood-tk","product_type-pine-tk","product_characteristics-cracks-tk","product_characteristics-planked-tk"],"acf":{"code":"2995","peripheral_development":"1300","axial_development":"2200","cylinders":"3","data_sheet":79671,"collections":[{"code":"2995-0201","thumbnail":12816,"render":""},{"code":"2995-0301","thumbnail":12865,"render":77832},{"code":"2995-0302","thumbnail":12823,"render":77838},{"code":"2995-0303","thumbnail":12830,"render":77844},{"code":"2995-0304","thumbnail":12837,"render":77850}],"usages":[77832,12858],"inspiration":{"top":{"title":"Zemin kaplamas\u0131","thumbnail":16911,"reference":"2622-0206"},"bottom_title":"Raflar"},"hover_image":12858,"eir":"","collaborator":{"name":"","link":""},"synchro_wood":false,"novedad":false},"yoast_head":"<!-- This site is optimized with the Yoast SEO plugin v25.2 - https:\/\/yoast.com\/wordpress\/plugins\/seo\/ -->\n<title>AUSTIN - Lamigraf<\/title>\n<meta name=\"robots\" content=\"index, follow, max-snippet:-1, max-image-preview:large, max-video-preview:-1\" \/>\n<link rel=\"canonical\" href=\"https:\/\/www.lamigraf.com\/tr\/designs\/austin-2\/\" \/>\n<meta property=\"og:locale\" content=\"tr_TR\" \/>\n<meta property=\"og:type\" content=\"article\" \/>\n<meta property=\"og:title\" content=\"AUSTIN - Lamigraf\" \/>\n<meta property=\"og:description\" content=\"Ki\u015filik ve \u00f6zg\u00fcnl\u00fckle dolu Austin, \u00e7am a\u011fac\u0131n\u0131n modern ve zarif bir ifadesidir. Yumu\u015fak \u00e7atlaklar\u0131 ve canl\u0131 ton skalas\u0131yla m\u00fckemmel bir denge kurar; orta ve koyu tonlarda sunuldu\u011funda mek\u00e2nlar\u0131n ba\u015frol\u00fc olabilirken, a\u00e7\u0131k ve dingin renklerde kullan\u0131ld\u0131\u011f\u0131nda yumu\u015fak ve kolay uyum sa\u011flayan bir ah\u015fap haline gelir. Bu \u00e7ok y\u00f6nl\u00fcl\u00fck, Austin\u2019i \u00e7e\u015fitli tasar\u0131m stilleri i\u00e7in m\u00fckemmel bir se\u00e7enek [&hellip;]\" \/>\n<meta property=\"og:url\" content=\"https:\/\/www.lamigraf.com\/tr\/designs\/austin-2\/\" \/>\n<meta property=\"og:site_name\" content=\"Lamigraf\" \/>\n<meta property=\"article:modified_time\" content=\"2025-04-09T11:09:26+00:00\" \/>\n<meta property=\"og:image\" content=\"https:\/\/www.lamigraf.com\/wp-content\/uploads\/2024\/06\/02995-O.jpg\" \/>\n\t<meta property=\"og:image:width\" content=\"1920\" \/>\n\t<meta property=\"og:image:height\" content=\"1135\" \/>\n\t<meta property=\"og:image:type\" content=\"image\/jpeg\" \/>\n<meta name=\"twitter:card\" content=\"summary_large_image\" \/>\n<meta name=\"twitter:label1\" content=\"Tahmini okuma s\u00fcresi\" \/>\n\t<meta name=\"twitter:data1\" content=\"1 dakika\" \/>\n<script type=\"application\/ld+json\" class=\"yoast-schema-graph\">{\"@context\":\"https:\/\/schema.org\",\"@graph\":[{\"@type\":\"WebPage\",\"@id\":\"https:\/\/www.lamigraf.com\/tr\/designs\/austin-2\/\",\"url\":\"https:\/\/www.lamigraf.com\/tr\/designs\/austin-2\/\",\"name\":\"AUSTIN - Lamigraf\",\"isPartOf\":{\"@id\":\"https:\/\/www.lamigraf.com\/#website\"},\"primaryImageOfPage\":{\"@id\":\"https:\/\/www.lamigraf.com\/tr\/designs\/austin-2\/#primaryimage\"},\"image\":{\"@id\":\"https:\/\/www.lamigraf.com\/tr\/designs\/austin-2\/#primaryimage\"},\"thumbnailUrl\":\"https:\/\/www.lamigraf.com\/wp-content\/uploads\/2024\/06\/02995-O.jpg\",\"datePublished\":\"2024-06-07T07:50:58+00:00\",\"dateModified\":\"2025-04-09T11:09:26+00:00\",\"breadcrumb\":{\"@id\":\"https:\/\/www.lamigraf.com\/tr\/designs\/austin-2\/#breadcrumb\"},\"inLanguage\":\"tr\",\"potentialAction\":[{\"@type\":\"ReadAction\",\"target\":[\"https:\/\/www.lamigraf.com\/tr\/designs\/austin-2\/\"]}]},{\"@type\":\"ImageObject\",\"inLanguage\":\"tr\",\"@id\":\"https:\/\/www.lamigraf.com\/tr\/designs\/austin-2\/#primaryimage\",\"url\":\"https:\/\/www.lamigraf.com\/wp-content\/uploads\/2024\/06\/02995-O.jpg\",\"contentUrl\":\"https:\/\/www.lamigraf.com\/wp-content\/uploads\/2024\/06\/02995-O.jpg\",\"width\":1920,\"height\":1135},{\"@type\":\"BreadcrumbList\",\"@id\":\"https:\/\/www.lamigraf.com\/tr\/designs\/austin-2\/#breadcrumb\",\"itemListElement\":[{\"@type\":\"ListItem\",\"position\":1,\"name\":\"Home\",\"item\":\"https:\/\/www.lamigraf.com\/tr\/\"},{\"@type\":\"ListItem\",\"position\":2,\"name\":\"Designs\",\"item\":\"https:\/\/www.lamigraf.com\/designs\/\"},{\"@type\":\"ListItem\",\"position\":3,\"name\":\"AUSTIN\"}]},{\"@type\":\"WebSite\",\"@id\":\"https:\/\/www.lamigraf.com\/#website\",\"url\":\"https:\/\/www.lamigraf.com\/\",\"name\":\"Lamigraf\",\"description\":\"\",\"publisher\":{\"@id\":\"https:\/\/www.lamigraf.com\/#organization\"},\"potentialAction\":[{\"@type\":\"SearchAction\",\"target\":{\"@type\":\"EntryPoint\",\"urlTemplate\":\"https:\/\/www.lamigraf.com\/?s={search_term_string}\"},\"query-input\":{\"@type\":\"PropertyValueSpecification\",\"valueRequired\":true,\"valueName\":\"search_term_string\"}}],\"inLanguage\":\"tr\"},{\"@type\":\"Organization\",\"@id\":\"https:\/\/www.lamigraf.com\/#organization\",\"name\":\"Lamigraf\",\"url\":\"https:\/\/www.lamigraf.com\/\",\"logo\":{\"@type\":\"ImageObject\",\"inLanguage\":\"tr\",\"@id\":\"https:\/\/www.lamigraf.com\/#\/schema\/logo\/image\/\",\"url\":\"https:\/\/www.lamigraf.com\/wp-content\/uploads\/2024\/05\/Logo-white.svg\",\"contentUrl\":\"https:\/\/www.lamigraf.com\/wp-content\/uploads\/2024\/05\/Logo-white.svg\",\"width\":147,\"height\":36,\"caption\":\"Lamigraf\"},\"image\":{\"@id\":\"https:\/\/www.lamigraf.com\/#\/schema\/logo\/image\/\"}}]}<\/script>\n<!-- \/ Yoast SEO plugin. -->","yoast_head_json":{"title":"AUSTIN - Lamigraf","robots":{"index":"index","follow":"follow","max-snippet":"max-snippet:-1","max-image-preview":"max-image-preview:large","max-video-preview":"max-video-preview:-1"},"canonical":"https:\/\/www.lamigraf.com\/tr\/designs\/austin-2\/","og_locale":"tr_TR","og_type":"article","og_title":"AUSTIN - Lamigraf","og_description":"Ki\u015filik ve \u00f6zg\u00fcnl\u00fckle dolu Austin, \u00e7am a\u011fac\u0131n\u0131n modern ve zarif bir ifadesidir. Yumu\u015fak \u00e7atlaklar\u0131 ve canl\u0131 ton skalas\u0131yla m\u00fckemmel bir denge kurar; orta ve koyu tonlarda sunuldu\u011funda mek\u00e2nlar\u0131n ba\u015frol\u00fc olabilirken, a\u00e7\u0131k ve dingin renklerde kullan\u0131ld\u0131\u011f\u0131nda yumu\u015fak ve kolay uyum sa\u011flayan bir ah\u015fap haline gelir. Bu \u00e7ok y\u00f6nl\u00fcl\u00fck, Austin\u2019i \u00e7e\u015fitli tasar\u0131m stilleri i\u00e7in m\u00fckemmel bir se\u00e7enek [&hellip;]","og_url":"https:\/\/www.lamigraf.com\/tr\/designs\/austin-2\/","og_site_name":"Lamigraf","article_modified_time":"2025-04-09T11:09:26+00:00","og_image":[{"width":1920,"height":1135,"url":"https:\/\/www.lamigraf.com\/wp-content\/uploads\/2024\/06\/02995-O.jpg","type":"image\/jpeg"}],"twitter_card":"summary_large_image","twitter_misc":{"Tahmini okuma s\u00fcresi":"1 dakika"},"schema":{"@context":"https:\/\/schema.org","@graph":[{"@type":"WebPage","@id":"https:\/\/www.lamigraf.com\/tr\/designs\/austin-2\/","url":"https:\/\/www.lamigraf.com\/tr\/designs\/austin-2\/","name":"AUSTIN - Lamigraf","isPartOf":{"@id":"https:\/\/www.lamigraf.com\/#website"},"primaryImageOfPage":{"@id":"https:\/\/www.lamigraf.com\/tr\/designs\/austin-2\/#primaryimage"},"image":{"@id":"https:\/\/www.lamigraf.com\/tr\/designs\/austin-2\/#primaryimage"},"thumbnailUrl":"https:\/\/www.lamigraf.com\/wp-content\/uploads\/2024\/06\/02995-O.jpg","datePublished":"2024-06-07T07:50:58+00:00","dateModified":"2025-04-09T11:09:26+00:00","breadcrumb":{"@id":"https:\/\/www.lamigraf.com\/tr\/designs\/austin-2\/#breadcrumb"},"inLanguage":"tr","potentialAction":[{"@type":"ReadAction","target":["https:\/\/www.lamigraf.com\/tr\/designs\/austin-2\/"]}]},{"@type":"ImageObject","inLanguage":"tr","@id":"https:\/\/www.lamigraf.com\/tr\/designs\/austin-2\/#primaryimage","url":"https:\/\/www.lamigraf.com\/wp-content\/uploads\/2024\/06\/02995-O.jpg","contentUrl":"https:\/\/www.lamigraf.com\/wp-content\/uploads\/2024\/06\/02995-O.jpg","width":1920,"height":1135},{"@type":"BreadcrumbList","@id":"https:\/\/www.lamigraf.com\/tr\/designs\/austin-2\/#breadcrumb","itemListElement":[{"@type":"ListItem","position":1,"name":"Home","item":"https:\/\/www.lamigraf.com\/tr\/"},{"@type":"ListItem","position":2,"name":"Designs","item":"https:\/\/www.lamigraf.com\/designs\/"},{"@type":"ListItem","position":3,"name":"AUSTIN"}]},{"@type":"WebSite","@id":"https:\/\/www.lamigraf.com\/#website","url":"https:\/\/www.lamigraf.com\/","name":"Lamigraf","description":"","publisher":{"@id":"https:\/\/www.lamigraf.com\/#organization"},"potentialAction":[{"@type":"SearchAction","target":{"@type":"EntryPoint","urlTemplate":"https:\/\/www.lamigraf.com\/?s={search_term_string}"},"query-input":{"@type":"PropertyValueSpecification","valueRequired":true,"valueName":"search_term_string"}}],"inLanguage":"tr"},{"@type":"Organization","@id":"https:\/\/www.lamigraf.com\/#organization","name":"Lamigraf","url":"https:\/\/www.lamigraf.com\/","logo":{"@type":"ImageObject","inLanguage":"tr","@id":"https:\/\/www.lamigraf.com\/#\/schema\/logo\/image\/","url":"https:\/\/www.lamigraf.com\/wp-content\/uploads\/2024\/05\/Logo-white.svg","contentUrl":"https:\/\/www.lamigraf.com\/wp-content\/uploads\/2024\/05\/Logo-white.svg","width":147,"height":36,"caption":"Lamigraf"},"image":{"@id":"https:\/\/www.lamigraf.com\/#\/schema\/logo\/image\/"}}]}},"_links":{"self":[{"href":"https:\/\/www.lamigraf.com\/tr\/wp-json\/wp\/v2\/product\/87981","targetHints":{"allow":["GET"]}}],"collection":[{"href":"https:\/\/www.lamigraf.com\/tr\/wp-json\/wp\/v2\/product"}],"about":[{"href":"https:\/\/www.lamigraf.com\/tr\/wp-json\/wp\/v2\/types\/product"}],"version-history":[{"count":1,"href":"https:\/\/www.lamigraf.com\/tr\/wp-json\/wp\/v2\/product\/87981\/revisions"}],"predecessor-version":[{"id":87982,"href":"https:\/\/www.lamigraf.com\/tr\/wp-json\/wp\/v2\/product\/87981\/revisions\/87982"}],"acf:attachment":[{"embeddable":true,"href":"https:\/\/www.lamigraf.com\/tr\/wp-json\/wp\/v2\/media\/12858"},{"embeddable":true,"href":"https:\/\/www.lamigraf.com\/tr\/wp-json\/wp\/v2\/media\/77832"}],"wp:featuredmedia":[{"embeddable":true,"href":"https:\/\/www.lamigraf.com\/tr\/wp-json\/wp\/v2\/media\/12851"}],"wp:attachment":[{"href":"https:\/\/www.lamigraf.com\/tr\/wp-json\/wp\/v2\/media?parent=87981"}],"wp:term":[{"taxonomy":"product_applications","embeddable":true,"href":"https:\/\/www.lamigraf.com\/tr\/wp-json\/wp\/v2\/applications?post=87981"},{"taxonomy":"product_type","embeddable":true,"href":"https:\/\/www.lamigraf.com\/tr\/wp-json\/wp\/v2\/design-types?post=87981"},{"taxonomy":"product_characteristics","embeddable":true,"href":"https:\/\/www.lamigraf.com\/tr\/wp-json\/wp\/v2\/characteristics?post=87981"},{"taxonomy":"product_apparence","embeddable":true,"href":"https:\/\/www.lamigraf.com\/tr\/wp-json\/wp\/v2\/appearance?post=87981"}],"curies":[{"name":"wp","href":"https:\/\/api.w.org\/{rel}","templated":true}]}}