{"id":88014,"date":"2024-06-07T09:50:57","date_gmt":"2024-06-07T07:50:57","guid":{"rendered":"https:\/\/www.lamigraf.com\/designs\/dallas\/"},"modified":"2025-04-09T13:31:21","modified_gmt":"2025-04-09T11:31:21","slug":"dallas","status":"publish","type":"product","link":"https:\/\/www.lamigraf.com\/tr\/designs\/dallas\/","title":{"rendered":"DALLAS"},"content":{"rendered":"\n<p>Ah\u015fap ile hayal g\u00fcc\u00fcn\u00fcn uyumlu birle\u015fiminde, yenilik\u00e7i ve e\u015fsiz Dallas tasar\u0131m\u0131 ortaya \u00e7\u0131kar. Al\u0131\u015f\u0131lagelmi\u015fin d\u0131\u015f\u0131nda olan bu tasar\u0131m, taze ve \u00e7a\u011fda\u015f bir vizyon sunarak ger\u00e7ekten benzersiz bir g\u00f6rsel deneyim sa\u011flar. Yumu\u015fak ve sakin bir renk paletinde sunuldu\u011funda huzurlu ve davetk\u00e2r bir atmosfer yayarken, orta ve koyu tonlar zarafet ve ihti\u015fam hissi verir. Dallas yaln\u0131zca b\u00fcy\u00fcleyici bir estetik sunmakla kalmaz, ayn\u0131 zamanda benzersiz bir duyusal deneyim sunar ve mek\u00e2nlar\u0131 stil ve sofistike anlam\u0131nda yeni bir seviyeye ta\u015f\u0131r.<\/p>\n","protected":false},"excerpt":{"rendered":"<p>Ah\u015fap ile hayal g\u00fcc\u00fcn\u00fcn uyumlu birle\u015fiminde, yenilik\u00e7i ve e\u015fsiz Dallas tasar\u0131m\u0131 ortaya \u00e7\u0131kar. Al\u0131\u015f\u0131lagelmi\u015fin d\u0131\u015f\u0131nda olan bu tasar\u0131m, taze ve \u00e7a\u011fda\u015f bir vizyon sunarak ger\u00e7ekten benzersiz bir g\u00f6rsel deneyim sa\u011flar. Yumu\u015fak ve sakin bir renk paletinde sunuldu\u011funda huzurlu ve davetk\u00e2r bir atmosfer yayarken, orta ve koyu tonlar zarafet ve ihti\u015fam hissi verir. Dallas yaln\u0131zca b\u00fcy\u00fcleyici [&hellip;]<\/p>\n","protected":false},"featured_media":13264,"template":"","meta":{"_acf_changed":false,"_gspb_post_css":"","footnotes":""},"applications":[1062],"design-types":[890,884],"characteristics":[],"appearance":[],"class_list":["post-88014","product","type-product","status-publish","has-post-thumbnail","hentry","product_applications-furniture-tk","product_type-fantasy-tk","product_type-creatives-tk"],"acf":{"code":"3006","peripheral_development":"1300","axial_development":"2200","cylinders":"3","data_sheet":79643,"collections":[{"code":"3006-0301","thumbnail":84300,"render":77858},{"code":"3006-0302","thumbnail":84306,"render":77864},{"code":"3006-0303","thumbnail":84312,"render":77870},{"code":"3006-0304","thumbnail":84318,"render":77876}],"usages":[13271,77858],"inspiration":{"top":{"title":"\u0130\u00e7 raflar","thumbnail":12578,"reference":"2994-0305"},"bottom_title":"Panel duvar\u0131"},"hover_image":77858,"eir":"","collaborator":{"name":"","link":""},"synchro_wood":false,"novedad":false},"yoast_head":"<!-- This site is optimized with the Yoast SEO plugin v25.2 - https:\/\/yoast.com\/wordpress\/plugins\/seo\/ -->\n<title>DALLAS - Lamigraf<\/title>\n<meta name=\"robots\" content=\"index, follow, max-snippet:-1, max-image-preview:large, max-video-preview:-1\" \/>\n<link rel=\"canonical\" href=\"https:\/\/www.lamigraf.com\/tr\/designs\/dallas\/\" \/>\n<meta property=\"og:locale\" content=\"tr_TR\" \/>\n<meta property=\"og:type\" content=\"article\" \/>\n<meta property=\"og:title\" content=\"DALLAS - Lamigraf\" \/>\n<meta property=\"og:description\" content=\"Ah\u015fap ile hayal g\u00fcc\u00fcn\u00fcn uyumlu birle\u015fiminde, yenilik\u00e7i ve e\u015fsiz Dallas tasar\u0131m\u0131 ortaya \u00e7\u0131kar. Al\u0131\u015f\u0131lagelmi\u015fin d\u0131\u015f\u0131nda olan bu tasar\u0131m, taze ve \u00e7a\u011fda\u015f bir vizyon sunarak ger\u00e7ekten benzersiz bir g\u00f6rsel deneyim sa\u011flar. Yumu\u015fak ve sakin bir renk paletinde sunuldu\u011funda huzurlu ve davetk\u00e2r bir atmosfer yayarken, orta ve koyu tonlar zarafet ve ihti\u015fam hissi verir. Dallas yaln\u0131zca b\u00fcy\u00fcleyici [&hellip;]\" \/>\n<meta property=\"og:url\" content=\"https:\/\/www.lamigraf.com\/tr\/designs\/dallas\/\" \/>\n<meta property=\"og:site_name\" content=\"Lamigraf\" \/>\n<meta property=\"article:modified_time\" content=\"2025-04-09T11:31:21+00:00\" \/>\n<meta property=\"og:image\" content=\"https:\/\/www.lamigraf.com\/wp-content\/uploads\/2024\/06\/03006-O.jpg\" \/>\n\t<meta property=\"og:image:width\" content=\"1920\" \/>\n\t<meta property=\"og:image:height\" content=\"1135\" \/>\n\t<meta property=\"og:image:type\" content=\"image\/jpeg\" \/>\n<meta name=\"twitter:card\" content=\"summary_large_image\" \/>\n<meta name=\"twitter:label1\" content=\"Tahmini okuma s\u00fcresi\" \/>\n\t<meta name=\"twitter:data1\" content=\"1 dakika\" \/>\n<script type=\"application\/ld+json\" class=\"yoast-schema-graph\">{\"@context\":\"https:\/\/schema.org\",\"@graph\":[{\"@type\":\"WebPage\",\"@id\":\"https:\/\/www.lamigraf.com\/tr\/designs\/dallas\/\",\"url\":\"https:\/\/www.lamigraf.com\/tr\/designs\/dallas\/\",\"name\":\"DALLAS - Lamigraf\",\"isPartOf\":{\"@id\":\"https:\/\/www.lamigraf.com\/#website\"},\"primaryImageOfPage\":{\"@id\":\"https:\/\/www.lamigraf.com\/tr\/designs\/dallas\/#primaryimage\"},\"image\":{\"@id\":\"https:\/\/www.lamigraf.com\/tr\/designs\/dallas\/#primaryimage\"},\"thumbnailUrl\":\"https:\/\/www.lamigraf.com\/wp-content\/uploads\/2024\/06\/03006-O.jpg\",\"datePublished\":\"2024-06-07T07:50:57+00:00\",\"dateModified\":\"2025-04-09T11:31:21+00:00\",\"breadcrumb\":{\"@id\":\"https:\/\/www.lamigraf.com\/tr\/designs\/dallas\/#breadcrumb\"},\"inLanguage\":\"tr\",\"potentialAction\":[{\"@type\":\"ReadAction\",\"target\":[\"https:\/\/www.lamigraf.com\/tr\/designs\/dallas\/\"]}]},{\"@type\":\"ImageObject\",\"inLanguage\":\"tr\",\"@id\":\"https:\/\/www.lamigraf.com\/tr\/designs\/dallas\/#primaryimage\",\"url\":\"https:\/\/www.lamigraf.com\/wp-content\/uploads\/2024\/06\/03006-O.jpg\",\"contentUrl\":\"https:\/\/www.lamigraf.com\/wp-content\/uploads\/2024\/06\/03006-O.jpg\",\"width\":1920,\"height\":1135},{\"@type\":\"BreadcrumbList\",\"@id\":\"https:\/\/www.lamigraf.com\/tr\/designs\/dallas\/#breadcrumb\",\"itemListElement\":[{\"@type\":\"ListItem\",\"position\":1,\"name\":\"Home\",\"item\":\"https:\/\/www.lamigraf.com\/tr\/\"},{\"@type\":\"ListItem\",\"position\":2,\"name\":\"Designs\",\"item\":\"https:\/\/www.lamigraf.com\/designs\/\"},{\"@type\":\"ListItem\",\"position\":3,\"name\":\"DALLAS\"}]},{\"@type\":\"WebSite\",\"@id\":\"https:\/\/www.lamigraf.com\/#website\",\"url\":\"https:\/\/www.lamigraf.com\/\",\"name\":\"Lamigraf\",\"description\":\"\",\"publisher\":{\"@id\":\"https:\/\/www.lamigraf.com\/#organization\"},\"potentialAction\":[{\"@type\":\"SearchAction\",\"target\":{\"@type\":\"EntryPoint\",\"urlTemplate\":\"https:\/\/www.lamigraf.com\/?s={search_term_string}\"},\"query-input\":{\"@type\":\"PropertyValueSpecification\",\"valueRequired\":true,\"valueName\":\"search_term_string\"}}],\"inLanguage\":\"tr\"},{\"@type\":\"Organization\",\"@id\":\"https:\/\/www.lamigraf.com\/#organization\",\"name\":\"Lamigraf\",\"url\":\"https:\/\/www.lamigraf.com\/\",\"logo\":{\"@type\":\"ImageObject\",\"inLanguage\":\"tr\",\"@id\":\"https:\/\/www.lamigraf.com\/#\/schema\/logo\/image\/\",\"url\":\"https:\/\/www.lamigraf.com\/wp-content\/uploads\/2024\/05\/Logo-white.svg\",\"contentUrl\":\"https:\/\/www.lamigraf.com\/wp-content\/uploads\/2024\/05\/Logo-white.svg\",\"width\":147,\"height\":36,\"caption\":\"Lamigraf\"},\"image\":{\"@id\":\"https:\/\/www.lamigraf.com\/#\/schema\/logo\/image\/\"}}]}<\/script>\n<!-- \/ Yoast SEO plugin. -->","yoast_head_json":{"title":"DALLAS - Lamigraf","robots":{"index":"index","follow":"follow","max-snippet":"max-snippet:-1","max-image-preview":"max-image-preview:large","max-video-preview":"max-video-preview:-1"},"canonical":"https:\/\/www.lamigraf.com\/tr\/designs\/dallas\/","og_locale":"tr_TR","og_type":"article","og_title":"DALLAS - Lamigraf","og_description":"Ah\u015fap ile hayal g\u00fcc\u00fcn\u00fcn uyumlu birle\u015fiminde, yenilik\u00e7i ve e\u015fsiz Dallas tasar\u0131m\u0131 ortaya \u00e7\u0131kar. Al\u0131\u015f\u0131lagelmi\u015fin d\u0131\u015f\u0131nda olan bu tasar\u0131m, taze ve \u00e7a\u011fda\u015f bir vizyon sunarak ger\u00e7ekten benzersiz bir g\u00f6rsel deneyim sa\u011flar. Yumu\u015fak ve sakin bir renk paletinde sunuldu\u011funda huzurlu ve davetk\u00e2r bir atmosfer yayarken, orta ve koyu tonlar zarafet ve ihti\u015fam hissi verir. Dallas yaln\u0131zca b\u00fcy\u00fcleyici [&hellip;]","og_url":"https:\/\/www.lamigraf.com\/tr\/designs\/dallas\/","og_site_name":"Lamigraf","article_modified_time":"2025-04-09T11:31:21+00:00","og_image":[{"width":1920,"height":1135,"url":"https:\/\/www.lamigraf.com\/wp-content\/uploads\/2024\/06\/03006-O.jpg","type":"image\/jpeg"}],"twitter_card":"summary_large_image","twitter_misc":{"Tahmini okuma s\u00fcresi":"1 dakika"},"schema":{"@context":"https:\/\/schema.org","@graph":[{"@type":"WebPage","@id":"https:\/\/www.lamigraf.com\/tr\/designs\/dallas\/","url":"https:\/\/www.lamigraf.com\/tr\/designs\/dallas\/","name":"DALLAS - Lamigraf","isPartOf":{"@id":"https:\/\/www.lamigraf.com\/#website"},"primaryImageOfPage":{"@id":"https:\/\/www.lamigraf.com\/tr\/designs\/dallas\/#primaryimage"},"image":{"@id":"https:\/\/www.lamigraf.com\/tr\/designs\/dallas\/#primaryimage"},"thumbnailUrl":"https:\/\/www.lamigraf.com\/wp-content\/uploads\/2024\/06\/03006-O.jpg","datePublished":"2024-06-07T07:50:57+00:00","dateModified":"2025-04-09T11:31:21+00:00","breadcrumb":{"@id":"https:\/\/www.lamigraf.com\/tr\/designs\/dallas\/#breadcrumb"},"inLanguage":"tr","potentialAction":[{"@type":"ReadAction","target":["https:\/\/www.lamigraf.com\/tr\/designs\/dallas\/"]}]},{"@type":"ImageObject","inLanguage":"tr","@id":"https:\/\/www.lamigraf.com\/tr\/designs\/dallas\/#primaryimage","url":"https:\/\/www.lamigraf.com\/wp-content\/uploads\/2024\/06\/03006-O.jpg","contentUrl":"https:\/\/www.lamigraf.com\/wp-content\/uploads\/2024\/06\/03006-O.jpg","width":1920,"height":1135},{"@type":"BreadcrumbList","@id":"https:\/\/www.lamigraf.com\/tr\/designs\/dallas\/#breadcrumb","itemListElement":[{"@type":"ListItem","position":1,"name":"Home","item":"https:\/\/www.lamigraf.com\/tr\/"},{"@type":"ListItem","position":2,"name":"Designs","item":"https:\/\/www.lamigraf.com\/designs\/"},{"@type":"ListItem","position":3,"name":"DALLAS"}]},{"@type":"WebSite","@id":"https:\/\/www.lamigraf.com\/#website","url":"https:\/\/www.lamigraf.com\/","name":"Lamigraf","description":"","publisher":{"@id":"https:\/\/www.lamigraf.com\/#organization"},"potentialAction":[{"@type":"SearchAction","target":{"@type":"EntryPoint","urlTemplate":"https:\/\/www.lamigraf.com\/?s={search_term_string}"},"query-input":{"@type":"PropertyValueSpecification","valueRequired":true,"valueName":"search_term_string"}}],"inLanguage":"tr"},{"@type":"Organization","@id":"https:\/\/www.lamigraf.com\/#organization","name":"Lamigraf","url":"https:\/\/www.lamigraf.com\/","logo":{"@type":"ImageObject","inLanguage":"tr","@id":"https:\/\/www.lamigraf.com\/#\/schema\/logo\/image\/","url":"https:\/\/www.lamigraf.com\/wp-content\/uploads\/2024\/05\/Logo-white.svg","contentUrl":"https:\/\/www.lamigraf.com\/wp-content\/uploads\/2024\/05\/Logo-white.svg","width":147,"height":36,"caption":"Lamigraf"},"image":{"@id":"https:\/\/www.lamigraf.com\/#\/schema\/logo\/image\/"}}]}},"_links":{"self":[{"href":"https:\/\/www.lamigraf.com\/tr\/wp-json\/wp\/v2\/product\/88014","targetHints":{"allow":["GET"]}}],"collection":[{"href":"https:\/\/www.lamigraf.com\/tr\/wp-json\/wp\/v2\/product"}],"about":[{"href":"https:\/\/www.lamigraf.com\/tr\/wp-json\/wp\/v2\/types\/product"}],"version-history":[{"count":1,"href":"https:\/\/www.lamigraf.com\/tr\/wp-json\/wp\/v2\/product\/88014\/revisions"}],"predecessor-version":[{"id":88015,"href":"https:\/\/www.lamigraf.com\/tr\/wp-json\/wp\/v2\/product\/88014\/revisions\/88015"}],"acf:attachment":[{"embeddable":true,"href":"https:\/\/www.lamigraf.com\/tr\/wp-json\/wp\/v2\/media\/77858"},{"embeddable":true,"href":"https:\/\/www.lamigraf.com\/tr\/wp-json\/wp\/v2\/media\/13271"}],"wp:featuredmedia":[{"embeddable":true,"href":"https:\/\/www.lamigraf.com\/tr\/wp-json\/wp\/v2\/media\/13264"}],"wp:attachment":[{"href":"https:\/\/www.lamigraf.com\/tr\/wp-json\/wp\/v2\/media?parent=88014"}],"wp:term":[{"taxonomy":"product_applications","embeddable":true,"href":"https:\/\/www.lamigraf.com\/tr\/wp-json\/wp\/v2\/applications?post=88014"},{"taxonomy":"product_type","embeddable":true,"href":"https:\/\/www.lamigraf.com\/tr\/wp-json\/wp\/v2\/design-types?post=88014"},{"taxonomy":"product_characteristics","embeddable":true,"href":"https:\/\/www.lamigraf.com\/tr\/wp-json\/wp\/v2\/characteristics?post=88014"},{"taxonomy":"product_apparence","embeddable":true,"href":"https:\/\/www.lamigraf.com\/tr\/wp-json\/wp\/v2\/appearance?post=88014"}],"curies":[{"name":"wp","href":"https:\/\/api.w.org\/{rel}","templated":true}]}}