{"id":88206,"date":"2024-06-07T09:50:56","date_gmt":"2024-06-07T07:50:56","guid":{"rendered":"https:\/\/www.lamigraf.com\/designs\/frappe-walnut\/"},"modified":"2025-04-10T12:31:10","modified_gmt":"2025-04-10T10:31:10","slug":"frappe-walnut","status":"publish","type":"product","link":"https:\/\/www.lamigraf.com\/tr\/designs\/frappe-walnut\/","title":{"rendered":"FRAPPE WALNUT"},"content":{"rendered":"\n<p>Tam \u00e7i\u00e7ek desenlerine sahip ve \u00e7izgili unsurlarla kombinlenen bir Amerikan cevizi. Genel ifade biraz daha rustik olup, renk d\u00fczeni klasik tutulmu\u015ftur. \u0130nce \u00e7atlaklar, tasar\u0131ma g\u00f6ze batmayan, hafif rustik bir karakter kazand\u0131r\u0131r.<\/p>\n","protected":false},"excerpt":{"rendered":"<p>Tam \u00e7i\u00e7ek desenlerine sahip ve \u00e7izgili unsurlarla kombinlenen bir Amerikan cevizi. Genel ifade biraz daha rustik olup, renk d\u00fczeni klasik tutulmu\u015ftur. \u0130nce \u00e7atlaklar, tasar\u0131ma g\u00f6ze batmayan, hafif rustik bir karakter kazand\u0131r\u0131r.<\/p>\n","protected":false},"featured_media":13726,"template":"","meta":{"_acf_changed":false,"_gspb_post_css":"","footnotes":""},"applications":[1062],"design-types":[929,1089],"characteristics":[1006,1015],"appearance":[1041,1043],"class_list":["post-88206","product","type-product","status-publish","has-post-thumbnail","hentry","product_applications-furniture-tk","product_type-wood-tk","product_type-walnut-tr","product_characteristics-cathedrals-tk","product_characteristics-planked-tk","product_apparence-brushed-tk","product_apparence-oiled-varnished-tk"],"acf":{"code":"2842","peripheral_development":"1250","axial_development":"2200","cylinders":"4","data_sheet":78805,"collections":[{"code":"2842-0301","thumbnail":84923,"render":78004},{"code":"2842-0302","thumbnail":84929,"render":78010},{"code":"2842-0304","thumbnail":84935,"render":78016},{"code":"2842-0305","thumbnail":84941,"render":78022}],"usages":[13733,13740,13747,78016],"inspiration":{"top":{"title":"Mutfak tezgah\u0131","thumbnail":13929,"reference":"02882-0301"},"bottom_title":"Raflar"},"hover_image":13733,"eir":"","collaborator":{"name":"","link":""},"synchro_wood":false,"novedad":false},"yoast_head":"<!-- This site is optimized with the Yoast SEO plugin v25.2 - https:\/\/yoast.com\/wordpress\/plugins\/seo\/ -->\n<title>FRAPPE WALNUT - Lamigraf<\/title>\n<meta name=\"robots\" content=\"index, follow, max-snippet:-1, max-image-preview:large, max-video-preview:-1\" \/>\n<link rel=\"canonical\" href=\"https:\/\/www.lamigraf.com\/tr\/designs\/frappe-walnut\/\" \/>\n<meta property=\"og:locale\" content=\"tr_TR\" \/>\n<meta property=\"og:type\" content=\"article\" \/>\n<meta property=\"og:title\" content=\"FRAPPE WALNUT - Lamigraf\" \/>\n<meta property=\"og:description\" content=\"Tam \u00e7i\u00e7ek desenlerine sahip ve \u00e7izgili unsurlarla kombinlenen bir Amerikan cevizi. Genel ifade biraz daha rustik olup, renk d\u00fczeni klasik tutulmu\u015ftur. \u0130nce \u00e7atlaklar, tasar\u0131ma g\u00f6ze batmayan, hafif rustik bir karakter kazand\u0131r\u0131r.\" \/>\n<meta property=\"og:url\" content=\"https:\/\/www.lamigraf.com\/tr\/designs\/frappe-walnut\/\" \/>\n<meta property=\"og:site_name\" content=\"Lamigraf\" \/>\n<meta property=\"article:modified_time\" content=\"2025-04-10T10:31:10+00:00\" \/>\n<meta property=\"og:image\" content=\"https:\/\/www.lamigraf.com\/wp-content\/uploads\/2024\/06\/02842-O-scaled.jpg\" \/>\n\t<meta property=\"og:image:width\" content=\"1327\" \/>\n\t<meta property=\"og:image:height\" content=\"2560\" \/>\n\t<meta property=\"og:image:type\" content=\"image\/jpeg\" \/>\n<meta name=\"twitter:card\" content=\"summary_large_image\" \/>\n<meta name=\"twitter:label1\" content=\"Tahmini okuma s\u00fcresi\" \/>\n\t<meta name=\"twitter:data1\" content=\"1 dakika\" \/>\n<script type=\"application\/ld+json\" class=\"yoast-schema-graph\">{\"@context\":\"https:\/\/schema.org\",\"@graph\":[{\"@type\":\"WebPage\",\"@id\":\"https:\/\/www.lamigraf.com\/tr\/designs\/frappe-walnut\/\",\"url\":\"https:\/\/www.lamigraf.com\/tr\/designs\/frappe-walnut\/\",\"name\":\"FRAPPE WALNUT - Lamigraf\",\"isPartOf\":{\"@id\":\"https:\/\/www.lamigraf.com\/#website\"},\"primaryImageOfPage\":{\"@id\":\"https:\/\/www.lamigraf.com\/tr\/designs\/frappe-walnut\/#primaryimage\"},\"image\":{\"@id\":\"https:\/\/www.lamigraf.com\/tr\/designs\/frappe-walnut\/#primaryimage\"},\"thumbnailUrl\":\"https:\/\/www.lamigraf.com\/wp-content\/uploads\/2024\/06\/02842-O-scaled.jpg\",\"datePublished\":\"2024-06-07T07:50:56+00:00\",\"dateModified\":\"2025-04-10T10:31:10+00:00\",\"breadcrumb\":{\"@id\":\"https:\/\/www.lamigraf.com\/tr\/designs\/frappe-walnut\/#breadcrumb\"},\"inLanguage\":\"tr\",\"potentialAction\":[{\"@type\":\"ReadAction\",\"target\":[\"https:\/\/www.lamigraf.com\/tr\/designs\/frappe-walnut\/\"]}]},{\"@type\":\"ImageObject\",\"inLanguage\":\"tr\",\"@id\":\"https:\/\/www.lamigraf.com\/tr\/designs\/frappe-walnut\/#primaryimage\",\"url\":\"https:\/\/www.lamigraf.com\/wp-content\/uploads\/2024\/06\/02842-O-scaled.jpg\",\"contentUrl\":\"https:\/\/www.lamigraf.com\/wp-content\/uploads\/2024\/06\/02842-O-scaled.jpg\",\"width\":1327,\"height\":2560},{\"@type\":\"BreadcrumbList\",\"@id\":\"https:\/\/www.lamigraf.com\/tr\/designs\/frappe-walnut\/#breadcrumb\",\"itemListElement\":[{\"@type\":\"ListItem\",\"position\":1,\"name\":\"Home\",\"item\":\"https:\/\/www.lamigraf.com\/tr\/\"},{\"@type\":\"ListItem\",\"position\":2,\"name\":\"Designs\",\"item\":\"https:\/\/www.lamigraf.com\/designs\/\"},{\"@type\":\"ListItem\",\"position\":3,\"name\":\"FRAPPE WALNUT\"}]},{\"@type\":\"WebSite\",\"@id\":\"https:\/\/www.lamigraf.com\/#website\",\"url\":\"https:\/\/www.lamigraf.com\/\",\"name\":\"Lamigraf\",\"description\":\"\",\"publisher\":{\"@id\":\"https:\/\/www.lamigraf.com\/#organization\"},\"potentialAction\":[{\"@type\":\"SearchAction\",\"target\":{\"@type\":\"EntryPoint\",\"urlTemplate\":\"https:\/\/www.lamigraf.com\/?s={search_term_string}\"},\"query-input\":{\"@type\":\"PropertyValueSpecification\",\"valueRequired\":true,\"valueName\":\"search_term_string\"}}],\"inLanguage\":\"tr\"},{\"@type\":\"Organization\",\"@id\":\"https:\/\/www.lamigraf.com\/#organization\",\"name\":\"Lamigraf\",\"url\":\"https:\/\/www.lamigraf.com\/\",\"logo\":{\"@type\":\"ImageObject\",\"inLanguage\":\"tr\",\"@id\":\"https:\/\/www.lamigraf.com\/#\/schema\/logo\/image\/\",\"url\":\"https:\/\/www.lamigraf.com\/wp-content\/uploads\/2024\/05\/Logo-white.svg\",\"contentUrl\":\"https:\/\/www.lamigraf.com\/wp-content\/uploads\/2024\/05\/Logo-white.svg\",\"width\":147,\"height\":36,\"caption\":\"Lamigraf\"},\"image\":{\"@id\":\"https:\/\/www.lamigraf.com\/#\/schema\/logo\/image\/\"}}]}<\/script>\n<!-- \/ Yoast SEO plugin. -->","yoast_head_json":{"title":"FRAPPE WALNUT - Lamigraf","robots":{"index":"index","follow":"follow","max-snippet":"max-snippet:-1","max-image-preview":"max-image-preview:large","max-video-preview":"max-video-preview:-1"},"canonical":"https:\/\/www.lamigraf.com\/tr\/designs\/frappe-walnut\/","og_locale":"tr_TR","og_type":"article","og_title":"FRAPPE WALNUT - Lamigraf","og_description":"Tam \u00e7i\u00e7ek desenlerine sahip ve \u00e7izgili unsurlarla kombinlenen bir Amerikan cevizi. Genel ifade biraz daha rustik olup, renk d\u00fczeni klasik tutulmu\u015ftur. \u0130nce \u00e7atlaklar, tasar\u0131ma g\u00f6ze batmayan, hafif rustik bir karakter kazand\u0131r\u0131r.","og_url":"https:\/\/www.lamigraf.com\/tr\/designs\/frappe-walnut\/","og_site_name":"Lamigraf","article_modified_time":"2025-04-10T10:31:10+00:00","og_image":[{"width":1327,"height":2560,"url":"https:\/\/www.lamigraf.com\/wp-content\/uploads\/2024\/06\/02842-O-scaled.jpg","type":"image\/jpeg"}],"twitter_card":"summary_large_image","twitter_misc":{"Tahmini okuma s\u00fcresi":"1 dakika"},"schema":{"@context":"https:\/\/schema.org","@graph":[{"@type":"WebPage","@id":"https:\/\/www.lamigraf.com\/tr\/designs\/frappe-walnut\/","url":"https:\/\/www.lamigraf.com\/tr\/designs\/frappe-walnut\/","name":"FRAPPE WALNUT - Lamigraf","isPartOf":{"@id":"https:\/\/www.lamigraf.com\/#website"},"primaryImageOfPage":{"@id":"https:\/\/www.lamigraf.com\/tr\/designs\/frappe-walnut\/#primaryimage"},"image":{"@id":"https:\/\/www.lamigraf.com\/tr\/designs\/frappe-walnut\/#primaryimage"},"thumbnailUrl":"https:\/\/www.lamigraf.com\/wp-content\/uploads\/2024\/06\/02842-O-scaled.jpg","datePublished":"2024-06-07T07:50:56+00:00","dateModified":"2025-04-10T10:31:10+00:00","breadcrumb":{"@id":"https:\/\/www.lamigraf.com\/tr\/designs\/frappe-walnut\/#breadcrumb"},"inLanguage":"tr","potentialAction":[{"@type":"ReadAction","target":["https:\/\/www.lamigraf.com\/tr\/designs\/frappe-walnut\/"]}]},{"@type":"ImageObject","inLanguage":"tr","@id":"https:\/\/www.lamigraf.com\/tr\/designs\/frappe-walnut\/#primaryimage","url":"https:\/\/www.lamigraf.com\/wp-content\/uploads\/2024\/06\/02842-O-scaled.jpg","contentUrl":"https:\/\/www.lamigraf.com\/wp-content\/uploads\/2024\/06\/02842-O-scaled.jpg","width":1327,"height":2560},{"@type":"BreadcrumbList","@id":"https:\/\/www.lamigraf.com\/tr\/designs\/frappe-walnut\/#breadcrumb","itemListElement":[{"@type":"ListItem","position":1,"name":"Home","item":"https:\/\/www.lamigraf.com\/tr\/"},{"@type":"ListItem","position":2,"name":"Designs","item":"https:\/\/www.lamigraf.com\/designs\/"},{"@type":"ListItem","position":3,"name":"FRAPPE WALNUT"}]},{"@type":"WebSite","@id":"https:\/\/www.lamigraf.com\/#website","url":"https:\/\/www.lamigraf.com\/","name":"Lamigraf","description":"","publisher":{"@id":"https:\/\/www.lamigraf.com\/#organization"},"potentialAction":[{"@type":"SearchAction","target":{"@type":"EntryPoint","urlTemplate":"https:\/\/www.lamigraf.com\/?s={search_term_string}"},"query-input":{"@type":"PropertyValueSpecification","valueRequired":true,"valueName":"search_term_string"}}],"inLanguage":"tr"},{"@type":"Organization","@id":"https:\/\/www.lamigraf.com\/#organization","name":"Lamigraf","url":"https:\/\/www.lamigraf.com\/","logo":{"@type":"ImageObject","inLanguage":"tr","@id":"https:\/\/www.lamigraf.com\/#\/schema\/logo\/image\/","url":"https:\/\/www.lamigraf.com\/wp-content\/uploads\/2024\/05\/Logo-white.svg","contentUrl":"https:\/\/www.lamigraf.com\/wp-content\/uploads\/2024\/05\/Logo-white.svg","width":147,"height":36,"caption":"Lamigraf"},"image":{"@id":"https:\/\/www.lamigraf.com\/#\/schema\/logo\/image\/"}}]}},"_links":{"self":[{"href":"https:\/\/www.lamigraf.com\/tr\/wp-json\/wp\/v2\/product\/88206","targetHints":{"allow":["GET"]}}],"collection":[{"href":"https:\/\/www.lamigraf.com\/tr\/wp-json\/wp\/v2\/product"}],"about":[{"href":"https:\/\/www.lamigraf.com\/tr\/wp-json\/wp\/v2\/types\/product"}],"version-history":[{"count":1,"href":"https:\/\/www.lamigraf.com\/tr\/wp-json\/wp\/v2\/product\/88206\/revisions"}],"predecessor-version":[{"id":88211,"href":"https:\/\/www.lamigraf.com\/tr\/wp-json\/wp\/v2\/product\/88206\/revisions\/88211"}],"acf:attachment":[{"embeddable":true,"href":"https:\/\/www.lamigraf.com\/tr\/wp-json\/wp\/v2\/media\/78016"},{"embeddable":true,"href":"https:\/\/www.lamigraf.com\/tr\/wp-json\/wp\/v2\/media\/13747"},{"embeddable":true,"href":"https:\/\/www.lamigraf.com\/tr\/wp-json\/wp\/v2\/media\/13740"},{"embeddable":true,"href":"https:\/\/www.lamigraf.com\/tr\/wp-json\/wp\/v2\/media\/13733"}],"wp:featuredmedia":[{"embeddable":true,"href":"https:\/\/www.lamigraf.com\/tr\/wp-json\/wp\/v2\/media\/13726"}],"wp:attachment":[{"href":"https:\/\/www.lamigraf.com\/tr\/wp-json\/wp\/v2\/media?parent=88206"}],"wp:term":[{"taxonomy":"product_applications","embeddable":true,"href":"https:\/\/www.lamigraf.com\/tr\/wp-json\/wp\/v2\/applications?post=88206"},{"taxonomy":"product_type","embeddable":true,"href":"https:\/\/www.lamigraf.com\/tr\/wp-json\/wp\/v2\/design-types?post=88206"},{"taxonomy":"product_characteristics","embeddable":true,"href":"https:\/\/www.lamigraf.com\/tr\/wp-json\/wp\/v2\/characteristics?post=88206"},{"taxonomy":"product_apparence","embeddable":true,"href":"https:\/\/www.lamigraf.com\/tr\/wp-json\/wp\/v2\/appearance?post=88206"}],"curies":[{"name":"wp","href":"https:\/\/api.w.org\/{rel}","templated":true}]}}