{"id":88273,"date":"2024-06-07T09:50:55","date_gmt":"2024-06-07T07:50:55","guid":{"rendered":"https:\/\/www.lamigraf.com\/designs\/fuji\/"},"modified":"2025-04-10T13:46:25","modified_gmt":"2025-04-10T11:46:25","slug":"fuji","status":"publish","type":"product","link":"https:\/\/www.lamigraf.com\/tr\/designs\/fuji\/","title":{"rendered":"FUJI"},"content":{"rendered":"\n<p>Fuji, mermer ve metal levha kar\u0131\u015f\u0131m\u0131ndan olu\u015fan g\u00fc\u00e7l\u00fc bir ki\u015fili\u011fe sahip bir dekorasyondur. Bu tasar\u0131m, yap\u0131s\u0131nda bir\u00e7ok renk bar\u0131nd\u0131r\u0131r. Bu dekoru bir tezgah olarak veya tamamlanm\u0131\u015f bir mobilya par\u00e7as\u0131 olarak uygulamak, mek\u00e2na rustik bir dokunu\u015f katarken ayn\u0131 zamanda zarif ve \u00e7a\u011fda\u015f bir etki sa\u011flar.<\/p>\n","protected":false},"excerpt":{"rendered":"<p>Fuji, mermer ve metal levha kar\u0131\u015f\u0131m\u0131ndan olu\u015fan g\u00fc\u00e7l\u00fc bir ki\u015fili\u011fe sahip bir dekorasyondur. Bu tasar\u0131m, yap\u0131s\u0131nda bir\u00e7ok renk bar\u0131nd\u0131r\u0131r. Bu dekoru bir tezgah olarak veya tamamlanm\u0131\u015f bir mobilya par\u00e7as\u0131 olarak uygulamak, mek\u00e2na rustik bir dokunu\u015f katarken ayn\u0131 zamanda zarif ve \u00e7a\u011fda\u015f bir etki sa\u011flar.<\/p>\n","protected":false},"featured_media":14076,"template":"","meta":{"_acf_changed":false,"_gspb_post_css":"","footnotes":""},"applications":[1062],"design-types":[905,899],"characteristics":[1013],"appearance":[],"class_list":["post-88273","product","type-product","status-publish","has-post-thumbnail","hentry","product_applications-furniture-tk","product_type-marble-tk","product_type-stone-tk","product_characteristics-material-mix-tk"],"acf":{"code":"2908","peripheral_development":"1250","axial_development":"2200","cylinders":"3","data_sheet":78651,"collections":[{"code":"2908-0301","thumbnail":14097,"render":78136},{"code":"2908-0302","thumbnail":14041,"render":78142},{"code":"2908-0303","thumbnail":14048,"render":78148},{"code":"2908-0304","thumbnail":14055,"render":78154},{"code":"2908-0305","thumbnail":14062,"render":78160}],"usages":[14083,14090,78136],"inspiration":{"top":{"title":"Raflar","thumbnail":13551,"reference":"02904-0303"},"bottom_title":"Mutfak tezgah\u0131"},"hover_image":78611,"eir":"","collaborator":{"name":"","link":""},"synchro_wood":false,"novedad":false},"yoast_head":"<!-- This site is optimized with the Yoast SEO plugin v25.2 - https:\/\/yoast.com\/wordpress\/plugins\/seo\/ -->\n<title>FUJI - Lamigraf<\/title>\n<meta name=\"robots\" content=\"index, follow, max-snippet:-1, max-image-preview:large, max-video-preview:-1\" \/>\n<link rel=\"canonical\" href=\"https:\/\/www.lamigraf.com\/tr\/designs\/fuji\/\" \/>\n<meta property=\"og:locale\" content=\"tr_TR\" \/>\n<meta property=\"og:type\" content=\"article\" \/>\n<meta property=\"og:title\" content=\"FUJI - Lamigraf\" \/>\n<meta property=\"og:description\" content=\"Fuji, mermer ve metal levha kar\u0131\u015f\u0131m\u0131ndan olu\u015fan g\u00fc\u00e7l\u00fc bir ki\u015fili\u011fe sahip bir dekorasyondur. Bu tasar\u0131m, yap\u0131s\u0131nda bir\u00e7ok renk bar\u0131nd\u0131r\u0131r. Bu dekoru bir tezgah olarak veya tamamlanm\u0131\u015f bir mobilya par\u00e7as\u0131 olarak uygulamak, mek\u00e2na rustik bir dokunu\u015f katarken ayn\u0131 zamanda zarif ve \u00e7a\u011fda\u015f bir etki sa\u011flar.\" \/>\n<meta property=\"og:url\" content=\"https:\/\/www.lamigraf.com\/tr\/designs\/fuji\/\" \/>\n<meta property=\"og:site_name\" content=\"Lamigraf\" \/>\n<meta property=\"article:modified_time\" content=\"2025-04-10T11:46:25+00:00\" \/>\n<meta property=\"og:image\" content=\"https:\/\/www.lamigraf.com\/wp-content\/uploads\/2024\/06\/02908-O.jpg\" \/>\n\t<meta property=\"og:image:width\" content=\"1920\" \/>\n\t<meta property=\"og:image:height\" content=\"1091\" \/>\n\t<meta property=\"og:image:type\" content=\"image\/jpeg\" \/>\n<meta name=\"twitter:card\" content=\"summary_large_image\" \/>\n<meta name=\"twitter:label1\" content=\"Tahmini okuma s\u00fcresi\" \/>\n\t<meta name=\"twitter:data1\" content=\"1 dakika\" \/>\n<script type=\"application\/ld+json\" class=\"yoast-schema-graph\">{\"@context\":\"https:\/\/schema.org\",\"@graph\":[{\"@type\":\"WebPage\",\"@id\":\"https:\/\/www.lamigraf.com\/tr\/designs\/fuji\/\",\"url\":\"https:\/\/www.lamigraf.com\/tr\/designs\/fuji\/\",\"name\":\"FUJI - Lamigraf\",\"isPartOf\":{\"@id\":\"https:\/\/www.lamigraf.com\/#website\"},\"primaryImageOfPage\":{\"@id\":\"https:\/\/www.lamigraf.com\/tr\/designs\/fuji\/#primaryimage\"},\"image\":{\"@id\":\"https:\/\/www.lamigraf.com\/tr\/designs\/fuji\/#primaryimage\"},\"thumbnailUrl\":\"https:\/\/www.lamigraf.com\/wp-content\/uploads\/2024\/06\/02908-O.jpg\",\"datePublished\":\"2024-06-07T07:50:55+00:00\",\"dateModified\":\"2025-04-10T11:46:25+00:00\",\"breadcrumb\":{\"@id\":\"https:\/\/www.lamigraf.com\/tr\/designs\/fuji\/#breadcrumb\"},\"inLanguage\":\"tr\",\"potentialAction\":[{\"@type\":\"ReadAction\",\"target\":[\"https:\/\/www.lamigraf.com\/tr\/designs\/fuji\/\"]}]},{\"@type\":\"ImageObject\",\"inLanguage\":\"tr\",\"@id\":\"https:\/\/www.lamigraf.com\/tr\/designs\/fuji\/#primaryimage\",\"url\":\"https:\/\/www.lamigraf.com\/wp-content\/uploads\/2024\/06\/02908-O.jpg\",\"contentUrl\":\"https:\/\/www.lamigraf.com\/wp-content\/uploads\/2024\/06\/02908-O.jpg\",\"width\":1920,\"height\":1091},{\"@type\":\"BreadcrumbList\",\"@id\":\"https:\/\/www.lamigraf.com\/tr\/designs\/fuji\/#breadcrumb\",\"itemListElement\":[{\"@type\":\"ListItem\",\"position\":1,\"name\":\"Home\",\"item\":\"https:\/\/www.lamigraf.com\/tr\/\"},{\"@type\":\"ListItem\",\"position\":2,\"name\":\"Designs\",\"item\":\"https:\/\/www.lamigraf.com\/designs\/\"},{\"@type\":\"ListItem\",\"position\":3,\"name\":\"FUJI\"}]},{\"@type\":\"WebSite\",\"@id\":\"https:\/\/www.lamigraf.com\/#website\",\"url\":\"https:\/\/www.lamigraf.com\/\",\"name\":\"Lamigraf\",\"description\":\"\",\"publisher\":{\"@id\":\"https:\/\/www.lamigraf.com\/#organization\"},\"potentialAction\":[{\"@type\":\"SearchAction\",\"target\":{\"@type\":\"EntryPoint\",\"urlTemplate\":\"https:\/\/www.lamigraf.com\/?s={search_term_string}\"},\"query-input\":{\"@type\":\"PropertyValueSpecification\",\"valueRequired\":true,\"valueName\":\"search_term_string\"}}],\"inLanguage\":\"tr\"},{\"@type\":\"Organization\",\"@id\":\"https:\/\/www.lamigraf.com\/#organization\",\"name\":\"Lamigraf\",\"url\":\"https:\/\/www.lamigraf.com\/\",\"logo\":{\"@type\":\"ImageObject\",\"inLanguage\":\"tr\",\"@id\":\"https:\/\/www.lamigraf.com\/#\/schema\/logo\/image\/\",\"url\":\"https:\/\/www.lamigraf.com\/wp-content\/uploads\/2024\/05\/Logo-white.svg\",\"contentUrl\":\"https:\/\/www.lamigraf.com\/wp-content\/uploads\/2024\/05\/Logo-white.svg\",\"width\":147,\"height\":36,\"caption\":\"Lamigraf\"},\"image\":{\"@id\":\"https:\/\/www.lamigraf.com\/#\/schema\/logo\/image\/\"}}]}<\/script>\n<!-- \/ Yoast SEO plugin. -->","yoast_head_json":{"title":"FUJI - Lamigraf","robots":{"index":"index","follow":"follow","max-snippet":"max-snippet:-1","max-image-preview":"max-image-preview:large","max-video-preview":"max-video-preview:-1"},"canonical":"https:\/\/www.lamigraf.com\/tr\/designs\/fuji\/","og_locale":"tr_TR","og_type":"article","og_title":"FUJI - Lamigraf","og_description":"Fuji, mermer ve metal levha kar\u0131\u015f\u0131m\u0131ndan olu\u015fan g\u00fc\u00e7l\u00fc bir ki\u015fili\u011fe sahip bir dekorasyondur. Bu tasar\u0131m, yap\u0131s\u0131nda bir\u00e7ok renk bar\u0131nd\u0131r\u0131r. Bu dekoru bir tezgah olarak veya tamamlanm\u0131\u015f bir mobilya par\u00e7as\u0131 olarak uygulamak, mek\u00e2na rustik bir dokunu\u015f katarken ayn\u0131 zamanda zarif ve \u00e7a\u011fda\u015f bir etki sa\u011flar.","og_url":"https:\/\/www.lamigraf.com\/tr\/designs\/fuji\/","og_site_name":"Lamigraf","article_modified_time":"2025-04-10T11:46:25+00:00","og_image":[{"width":1920,"height":1091,"url":"https:\/\/www.lamigraf.com\/wp-content\/uploads\/2024\/06\/02908-O.jpg","type":"image\/jpeg"}],"twitter_card":"summary_large_image","twitter_misc":{"Tahmini okuma s\u00fcresi":"1 dakika"},"schema":{"@context":"https:\/\/schema.org","@graph":[{"@type":"WebPage","@id":"https:\/\/www.lamigraf.com\/tr\/designs\/fuji\/","url":"https:\/\/www.lamigraf.com\/tr\/designs\/fuji\/","name":"FUJI - Lamigraf","isPartOf":{"@id":"https:\/\/www.lamigraf.com\/#website"},"primaryImageOfPage":{"@id":"https:\/\/www.lamigraf.com\/tr\/designs\/fuji\/#primaryimage"},"image":{"@id":"https:\/\/www.lamigraf.com\/tr\/designs\/fuji\/#primaryimage"},"thumbnailUrl":"https:\/\/www.lamigraf.com\/wp-content\/uploads\/2024\/06\/02908-O.jpg","datePublished":"2024-06-07T07:50:55+00:00","dateModified":"2025-04-10T11:46:25+00:00","breadcrumb":{"@id":"https:\/\/www.lamigraf.com\/tr\/designs\/fuji\/#breadcrumb"},"inLanguage":"tr","potentialAction":[{"@type":"ReadAction","target":["https:\/\/www.lamigraf.com\/tr\/designs\/fuji\/"]}]},{"@type":"ImageObject","inLanguage":"tr","@id":"https:\/\/www.lamigraf.com\/tr\/designs\/fuji\/#primaryimage","url":"https:\/\/www.lamigraf.com\/wp-content\/uploads\/2024\/06\/02908-O.jpg","contentUrl":"https:\/\/www.lamigraf.com\/wp-content\/uploads\/2024\/06\/02908-O.jpg","width":1920,"height":1091},{"@type":"BreadcrumbList","@id":"https:\/\/www.lamigraf.com\/tr\/designs\/fuji\/#breadcrumb","itemListElement":[{"@type":"ListItem","position":1,"name":"Home","item":"https:\/\/www.lamigraf.com\/tr\/"},{"@type":"ListItem","position":2,"name":"Designs","item":"https:\/\/www.lamigraf.com\/designs\/"},{"@type":"ListItem","position":3,"name":"FUJI"}]},{"@type":"WebSite","@id":"https:\/\/www.lamigraf.com\/#website","url":"https:\/\/www.lamigraf.com\/","name":"Lamigraf","description":"","publisher":{"@id":"https:\/\/www.lamigraf.com\/#organization"},"potentialAction":[{"@type":"SearchAction","target":{"@type":"EntryPoint","urlTemplate":"https:\/\/www.lamigraf.com\/?s={search_term_string}"},"query-input":{"@type":"PropertyValueSpecification","valueRequired":true,"valueName":"search_term_string"}}],"inLanguage":"tr"},{"@type":"Organization","@id":"https:\/\/www.lamigraf.com\/#organization","name":"Lamigraf","url":"https:\/\/www.lamigraf.com\/","logo":{"@type":"ImageObject","inLanguage":"tr","@id":"https:\/\/www.lamigraf.com\/#\/schema\/logo\/image\/","url":"https:\/\/www.lamigraf.com\/wp-content\/uploads\/2024\/05\/Logo-white.svg","contentUrl":"https:\/\/www.lamigraf.com\/wp-content\/uploads\/2024\/05\/Logo-white.svg","width":147,"height":36,"caption":"Lamigraf"},"image":{"@id":"https:\/\/www.lamigraf.com\/#\/schema\/logo\/image\/"}}]}},"_links":{"self":[{"href":"https:\/\/www.lamigraf.com\/tr\/wp-json\/wp\/v2\/product\/88273","targetHints":{"allow":["GET"]}}],"collection":[{"href":"https:\/\/www.lamigraf.com\/tr\/wp-json\/wp\/v2\/product"}],"about":[{"href":"https:\/\/www.lamigraf.com\/tr\/wp-json\/wp\/v2\/types\/product"}],"version-history":[{"count":2,"href":"https:\/\/www.lamigraf.com\/tr\/wp-json\/wp\/v2\/product\/88273\/revisions"}],"predecessor-version":[{"id":88281,"href":"https:\/\/www.lamigraf.com\/tr\/wp-json\/wp\/v2\/product\/88273\/revisions\/88281"}],"acf:attachment":[{"embeddable":true,"href":"https:\/\/www.lamigraf.com\/tr\/wp-json\/wp\/v2\/media\/78136"},{"embeddable":true,"href":"https:\/\/www.lamigraf.com\/tr\/wp-json\/wp\/v2\/media\/14090"},{"embeddable":true,"href":"https:\/\/www.lamigraf.com\/tr\/wp-json\/wp\/v2\/media\/14083"}],"wp:featuredmedia":[{"embeddable":true,"href":"https:\/\/www.lamigraf.com\/tr\/wp-json\/wp\/v2\/media\/14076"}],"wp:attachment":[{"href":"https:\/\/www.lamigraf.com\/tr\/wp-json\/wp\/v2\/media?parent=88273"}],"wp:term":[{"taxonomy":"product_applications","embeddable":true,"href":"https:\/\/www.lamigraf.com\/tr\/wp-json\/wp\/v2\/applications?post=88273"},{"taxonomy":"product_type","embeddable":true,"href":"https:\/\/www.lamigraf.com\/tr\/wp-json\/wp\/v2\/design-types?post=88273"},{"taxonomy":"product_characteristics","embeddable":true,"href":"https:\/\/www.lamigraf.com\/tr\/wp-json\/wp\/v2\/characteristics?post=88273"},{"taxonomy":"product_apparence","embeddable":true,"href":"https:\/\/www.lamigraf.com\/tr\/wp-json\/wp\/v2\/appearance?post=88273"}],"curies":[{"name":"wp","href":"https:\/\/api.w.org\/{rel}","templated":true}]}}