{"id":88284,"date":"2024-06-07T09:50:55","date_gmt":"2024-06-07T07:50:55","guid":{"rendered":"https:\/\/www.lamigraf.com\/designs\/moonlight\/"},"modified":"2025-04-14T10:01:41","modified_gmt":"2025-04-14T08:01:41","slug":"moonlight","status":"publish","type":"product","link":"https:\/\/www.lamigraf.com\/tr\/designs\/moonlight\/","title":{"rendered":"MOONLIGHT"},"content":{"rendered":"\n<p>Moonlight, Piedra d&#8217;Avola ad\u0131 verilen zengin ve zarif bir kire\u00e7ta\u015f\u0131d\u0131r. A\u00e7\u0131k rengi ve karakteristik bulutlu dokusu, hem \u00e7ok y\u00f6nl\u00fc hem de zamans\u0131z olan benzersiz bir g\u00f6r\u00fcn\u00fcm sunar. Moonlight, her mek\u00e2nda dikkat \u00e7ekecek e\u015fsiz ve g\u00fczel bir ta\u015ft\u0131r.<\/p>\n","protected":false},"excerpt":{"rendered":"<p>Moonlight, Piedra d&#8217;Avola ad\u0131 verilen zengin ve zarif bir kire\u00e7ta\u015f\u0131d\u0131r. A\u00e7\u0131k rengi ve karakteristik bulutlu dokusu, hem \u00e7ok y\u00f6nl\u00fc hem de zamans\u0131z olan benzersiz bir g\u00f6r\u00fcn\u00fcm sunar. Moonlight, her mek\u00e2nda dikkat \u00e7ekecek e\u015fsiz ve g\u00fczel bir ta\u015ft\u0131r.<\/p>\n","protected":false},"featured_media":14013,"template":"","meta":{"_acf_changed":false,"_gspb_post_css":"","footnotes":""},"applications":[1062],"design-types":[980,909,899],"characteristics":[],"appearance":[],"class_list":["post-88284","product","type-product","status-publish","has-post-thumbnail","hentry","product_applications-furniture-tk","product_type-others-tk","product_type-other-tk","product_type-stone-tk"],"acf":{"code":"2894","peripheral_development":"1250","axial_development":"2200","cylinders":"3","data_sheet":78724,"collections":[{"code":"2894-0201","thumbnail":14034,"render":78730},{"code":"2894-0301","thumbnail":13985,"render":""},{"code":"2894-0302","thumbnail":13992,"render":78742},{"code":"2894-0303","thumbnail":13999,"render":78748}],"usages":[14027,77513,14020,78730],"inspiration":{"top":{"title":"Mutfak tezgah\u0131","thumbnail":14230,"reference":"02902-0304"},"bottom_title":"Raflar"},"hover_image":77499,"eir":"","collaborator":{"name":"","link":""},"synchro_wood":false,"novedad":false},"yoast_head":"<!-- This site is optimized with the Yoast SEO plugin v25.2 - https:\/\/yoast.com\/wordpress\/plugins\/seo\/ -->\n<title>MOONLIGHT - Lamigraf<\/title>\n<meta name=\"robots\" content=\"index, follow, max-snippet:-1, max-image-preview:large, max-video-preview:-1\" \/>\n<link rel=\"canonical\" href=\"https:\/\/www.lamigraf.com\/tr\/designs\/moonlight\/\" \/>\n<meta property=\"og:locale\" content=\"tr_TR\" \/>\n<meta property=\"og:type\" content=\"article\" \/>\n<meta property=\"og:title\" content=\"MOONLIGHT - Lamigraf\" \/>\n<meta property=\"og:description\" content=\"Moonlight, Piedra d&#8217;Avola ad\u0131 verilen zengin ve zarif bir kire\u00e7ta\u015f\u0131d\u0131r. A\u00e7\u0131k rengi ve karakteristik bulutlu dokusu, hem \u00e7ok y\u00f6nl\u00fc hem de zamans\u0131z olan benzersiz bir g\u00f6r\u00fcn\u00fcm sunar. Moonlight, her mek\u00e2nda dikkat \u00e7ekecek e\u015fsiz ve g\u00fczel bir ta\u015ft\u0131r.\" \/>\n<meta property=\"og:url\" content=\"https:\/\/www.lamigraf.com\/tr\/designs\/moonlight\/\" \/>\n<meta property=\"og:site_name\" content=\"Lamigraf\" \/>\n<meta property=\"article:modified_time\" content=\"2025-04-14T08:01:41+00:00\" \/>\n<meta property=\"og:image\" content=\"https:\/\/www.lamigraf.com\/wp-content\/uploads\/2024\/06\/02894-O.jpg\" \/>\n\t<meta property=\"og:image:width\" content=\"1920\" \/>\n\t<meta property=\"og:image:height\" content=\"1091\" \/>\n\t<meta property=\"og:image:type\" content=\"image\/jpeg\" \/>\n<meta name=\"twitter:card\" content=\"summary_large_image\" \/>\n<meta name=\"twitter:label1\" content=\"Tahmini okuma s\u00fcresi\" \/>\n\t<meta name=\"twitter:data1\" content=\"1 dakika\" \/>\n<script type=\"application\/ld+json\" class=\"yoast-schema-graph\">{\"@context\":\"https:\/\/schema.org\",\"@graph\":[{\"@type\":\"WebPage\",\"@id\":\"https:\/\/www.lamigraf.com\/tr\/designs\/moonlight\/\",\"url\":\"https:\/\/www.lamigraf.com\/tr\/designs\/moonlight\/\",\"name\":\"MOONLIGHT - Lamigraf\",\"isPartOf\":{\"@id\":\"https:\/\/www.lamigraf.com\/#website\"},\"primaryImageOfPage\":{\"@id\":\"https:\/\/www.lamigraf.com\/tr\/designs\/moonlight\/#primaryimage\"},\"image\":{\"@id\":\"https:\/\/www.lamigraf.com\/tr\/designs\/moonlight\/#primaryimage\"},\"thumbnailUrl\":\"https:\/\/www.lamigraf.com\/wp-content\/uploads\/2024\/06\/02894-O.jpg\",\"datePublished\":\"2024-06-07T07:50:55+00:00\",\"dateModified\":\"2025-04-14T08:01:41+00:00\",\"breadcrumb\":{\"@id\":\"https:\/\/www.lamigraf.com\/tr\/designs\/moonlight\/#breadcrumb\"},\"inLanguage\":\"tr\",\"potentialAction\":[{\"@type\":\"ReadAction\",\"target\":[\"https:\/\/www.lamigraf.com\/tr\/designs\/moonlight\/\"]}]},{\"@type\":\"ImageObject\",\"inLanguage\":\"tr\",\"@id\":\"https:\/\/www.lamigraf.com\/tr\/designs\/moonlight\/#primaryimage\",\"url\":\"https:\/\/www.lamigraf.com\/wp-content\/uploads\/2024\/06\/02894-O.jpg\",\"contentUrl\":\"https:\/\/www.lamigraf.com\/wp-content\/uploads\/2024\/06\/02894-O.jpg\",\"width\":1920,\"height\":1091},{\"@type\":\"BreadcrumbList\",\"@id\":\"https:\/\/www.lamigraf.com\/tr\/designs\/moonlight\/#breadcrumb\",\"itemListElement\":[{\"@type\":\"ListItem\",\"position\":1,\"name\":\"Home\",\"item\":\"https:\/\/www.lamigraf.com\/tr\/\"},{\"@type\":\"ListItem\",\"position\":2,\"name\":\"Designs\",\"item\":\"https:\/\/www.lamigraf.com\/designs\/\"},{\"@type\":\"ListItem\",\"position\":3,\"name\":\"MOONLIGHT\"}]},{\"@type\":\"WebSite\",\"@id\":\"https:\/\/www.lamigraf.com\/#website\",\"url\":\"https:\/\/www.lamigraf.com\/\",\"name\":\"Lamigraf\",\"description\":\"\",\"publisher\":{\"@id\":\"https:\/\/www.lamigraf.com\/#organization\"},\"potentialAction\":[{\"@type\":\"SearchAction\",\"target\":{\"@type\":\"EntryPoint\",\"urlTemplate\":\"https:\/\/www.lamigraf.com\/?s={search_term_string}\"},\"query-input\":{\"@type\":\"PropertyValueSpecification\",\"valueRequired\":true,\"valueName\":\"search_term_string\"}}],\"inLanguage\":\"tr\"},{\"@type\":\"Organization\",\"@id\":\"https:\/\/www.lamigraf.com\/#organization\",\"name\":\"Lamigraf\",\"url\":\"https:\/\/www.lamigraf.com\/\",\"logo\":{\"@type\":\"ImageObject\",\"inLanguage\":\"tr\",\"@id\":\"https:\/\/www.lamigraf.com\/#\/schema\/logo\/image\/\",\"url\":\"https:\/\/www.lamigraf.com\/wp-content\/uploads\/2024\/05\/Logo-white.svg\",\"contentUrl\":\"https:\/\/www.lamigraf.com\/wp-content\/uploads\/2024\/05\/Logo-white.svg\",\"width\":147,\"height\":36,\"caption\":\"Lamigraf\"},\"image\":{\"@id\":\"https:\/\/www.lamigraf.com\/#\/schema\/logo\/image\/\"}}]}<\/script>\n<!-- \/ Yoast SEO plugin. -->","yoast_head_json":{"title":"MOONLIGHT - Lamigraf","robots":{"index":"index","follow":"follow","max-snippet":"max-snippet:-1","max-image-preview":"max-image-preview:large","max-video-preview":"max-video-preview:-1"},"canonical":"https:\/\/www.lamigraf.com\/tr\/designs\/moonlight\/","og_locale":"tr_TR","og_type":"article","og_title":"MOONLIGHT - Lamigraf","og_description":"Moonlight, Piedra d&#8217;Avola ad\u0131 verilen zengin ve zarif bir kire\u00e7ta\u015f\u0131d\u0131r. A\u00e7\u0131k rengi ve karakteristik bulutlu dokusu, hem \u00e7ok y\u00f6nl\u00fc hem de zamans\u0131z olan benzersiz bir g\u00f6r\u00fcn\u00fcm sunar. Moonlight, her mek\u00e2nda dikkat \u00e7ekecek e\u015fsiz ve g\u00fczel bir ta\u015ft\u0131r.","og_url":"https:\/\/www.lamigraf.com\/tr\/designs\/moonlight\/","og_site_name":"Lamigraf","article_modified_time":"2025-04-14T08:01:41+00:00","og_image":[{"width":1920,"height":1091,"url":"https:\/\/www.lamigraf.com\/wp-content\/uploads\/2024\/06\/02894-O.jpg","type":"image\/jpeg"}],"twitter_card":"summary_large_image","twitter_misc":{"Tahmini okuma s\u00fcresi":"1 dakika"},"schema":{"@context":"https:\/\/schema.org","@graph":[{"@type":"WebPage","@id":"https:\/\/www.lamigraf.com\/tr\/designs\/moonlight\/","url":"https:\/\/www.lamigraf.com\/tr\/designs\/moonlight\/","name":"MOONLIGHT - Lamigraf","isPartOf":{"@id":"https:\/\/www.lamigraf.com\/#website"},"primaryImageOfPage":{"@id":"https:\/\/www.lamigraf.com\/tr\/designs\/moonlight\/#primaryimage"},"image":{"@id":"https:\/\/www.lamigraf.com\/tr\/designs\/moonlight\/#primaryimage"},"thumbnailUrl":"https:\/\/www.lamigraf.com\/wp-content\/uploads\/2024\/06\/02894-O.jpg","datePublished":"2024-06-07T07:50:55+00:00","dateModified":"2025-04-14T08:01:41+00:00","breadcrumb":{"@id":"https:\/\/www.lamigraf.com\/tr\/designs\/moonlight\/#breadcrumb"},"inLanguage":"tr","potentialAction":[{"@type":"ReadAction","target":["https:\/\/www.lamigraf.com\/tr\/designs\/moonlight\/"]}]},{"@type":"ImageObject","inLanguage":"tr","@id":"https:\/\/www.lamigraf.com\/tr\/designs\/moonlight\/#primaryimage","url":"https:\/\/www.lamigraf.com\/wp-content\/uploads\/2024\/06\/02894-O.jpg","contentUrl":"https:\/\/www.lamigraf.com\/wp-content\/uploads\/2024\/06\/02894-O.jpg","width":1920,"height":1091},{"@type":"BreadcrumbList","@id":"https:\/\/www.lamigraf.com\/tr\/designs\/moonlight\/#breadcrumb","itemListElement":[{"@type":"ListItem","position":1,"name":"Home","item":"https:\/\/www.lamigraf.com\/tr\/"},{"@type":"ListItem","position":2,"name":"Designs","item":"https:\/\/www.lamigraf.com\/designs\/"},{"@type":"ListItem","position":3,"name":"MOONLIGHT"}]},{"@type":"WebSite","@id":"https:\/\/www.lamigraf.com\/#website","url":"https:\/\/www.lamigraf.com\/","name":"Lamigraf","description":"","publisher":{"@id":"https:\/\/www.lamigraf.com\/#organization"},"potentialAction":[{"@type":"SearchAction","target":{"@type":"EntryPoint","urlTemplate":"https:\/\/www.lamigraf.com\/?s={search_term_string}"},"query-input":{"@type":"PropertyValueSpecification","valueRequired":true,"valueName":"search_term_string"}}],"inLanguage":"tr"},{"@type":"Organization","@id":"https:\/\/www.lamigraf.com\/#organization","name":"Lamigraf","url":"https:\/\/www.lamigraf.com\/","logo":{"@type":"ImageObject","inLanguage":"tr","@id":"https:\/\/www.lamigraf.com\/#\/schema\/logo\/image\/","url":"https:\/\/www.lamigraf.com\/wp-content\/uploads\/2024\/05\/Logo-white.svg","contentUrl":"https:\/\/www.lamigraf.com\/wp-content\/uploads\/2024\/05\/Logo-white.svg","width":147,"height":36,"caption":"Lamigraf"},"image":{"@id":"https:\/\/www.lamigraf.com\/#\/schema\/logo\/image\/"}}]}},"_links":{"self":[{"href":"https:\/\/www.lamigraf.com\/tr\/wp-json\/wp\/v2\/product\/88284","targetHints":{"allow":["GET"]}}],"collection":[{"href":"https:\/\/www.lamigraf.com\/tr\/wp-json\/wp\/v2\/product"}],"about":[{"href":"https:\/\/www.lamigraf.com\/tr\/wp-json\/wp\/v2\/types\/product"}],"version-history":[{"count":2,"href":"https:\/\/www.lamigraf.com\/tr\/wp-json\/wp\/v2\/product\/88284\/revisions"}],"predecessor-version":[{"id":88618,"href":"https:\/\/www.lamigraf.com\/tr\/wp-json\/wp\/v2\/product\/88284\/revisions\/88618"}],"acf:attachment":[{"embeddable":true,"href":"https:\/\/www.lamigraf.com\/tr\/wp-json\/wp\/v2\/media\/78730"},{"embeddable":true,"href":"https:\/\/www.lamigraf.com\/tr\/wp-json\/wp\/v2\/media\/14020"},{"embeddable":true,"href":"https:\/\/www.lamigraf.com\/tr\/wp-json\/wp\/v2\/media\/77513"},{"embeddable":true,"href":"https:\/\/www.lamigraf.com\/tr\/wp-json\/wp\/v2\/media\/14027"}],"wp:featuredmedia":[{"embeddable":true,"href":"https:\/\/www.lamigraf.com\/tr\/wp-json\/wp\/v2\/media\/14013"}],"wp:attachment":[{"href":"https:\/\/www.lamigraf.com\/tr\/wp-json\/wp\/v2\/media?parent=88284"}],"wp:term":[{"taxonomy":"product_applications","embeddable":true,"href":"https:\/\/www.lamigraf.com\/tr\/wp-json\/wp\/v2\/applications?post=88284"},{"taxonomy":"product_type","embeddable":true,"href":"https:\/\/www.lamigraf.com\/tr\/wp-json\/wp\/v2\/design-types?post=88284"},{"taxonomy":"product_characteristics","embeddable":true,"href":"https:\/\/www.lamigraf.com\/tr\/wp-json\/wp\/v2\/characteristics?post=88284"},{"taxonomy":"product_apparence","embeddable":true,"href":"https:\/\/www.lamigraf.com\/tr\/wp-json\/wp\/v2\/appearance?post=88284"}],"curies":[{"name":"wp","href":"https:\/\/api.w.org\/{rel}","templated":true}]}}