{"id":88621,"date":"2024-06-07T09:50:55","date_gmt":"2024-06-07T07:50:55","guid":{"rendered":"https:\/\/www.lamigraf.com\/designs\/brisa\/"},"modified":"2025-04-14T10:07:14","modified_gmt":"2025-04-14T08:07:14","slug":"brisa","status":"publish","type":"product","link":"https:\/\/www.lamigraf.com\/tr\/designs\/brisa\/","title":{"rendered":"BRISA"},"content":{"rendered":"\n<p>Brisa (\u0130ngilizce&#8217;de &#8220;breeze&#8221; yani esinti anlam\u0131na gelir), g\u00fcne\u015f \u0131\u015f\u0131\u011f\u0131nda ayd\u0131nlanan r\u00fczgar veya su hareketini an\u0131msatan bir kum ta\u015f\u0131d\u0131r ve do\u011fan\u0131n g\u00fczelli\u011fini her mek\u00e2na ta\u015f\u0131r. Brisa\u2019n\u0131n en benzersiz \u00f6zelliklerinden biri, dijital bir foto\u011frafta fark edilmesi zor olan 3D \u0131\u015f\u0131k etkisi yaratan dokunsal (haptik) y\u00fczeyidir.<\/p>\n","protected":false},"excerpt":{"rendered":"<p>Brisa (\u0130ngilizce&#8217;de &#8220;breeze&#8221; yani esinti anlam\u0131na gelir), g\u00fcne\u015f \u0131\u015f\u0131\u011f\u0131nda ayd\u0131nlanan r\u00fczgar veya su hareketini an\u0131msatan bir kum ta\u015f\u0131d\u0131r ve do\u011fan\u0131n g\u00fczelli\u011fini her mek\u00e2na ta\u015f\u0131r. Brisa\u2019n\u0131n en benzersiz \u00f6zelliklerinden biri, dijital bir foto\u011frafta fark edilmesi zor olan 3D \u0131\u015f\u0131k etkisi yaratan dokunsal (haptik) y\u00fczeyidir.<\/p>\n","protected":false},"featured_media":13957,"template":"","meta":{"_acf_changed":false,"_gspb_post_css":"","footnotes":""},"applications":[1062],"design-types":[902,899],"characteristics":[],"appearance":[1045],"class_list":["post-88621","product","type-product","status-publish","has-post-thumbnail","hentry","product_applications-furniture-tk","product_type-granite-tk","product_type-stone-tk","product_apparence-sandblasted-tk"],"acf":{"code":"2882","peripheral_development":"1300","axial_development":"2200","cylinders":"3","data_sheet":78790,"collections":[{"code":"2882-0301","thumbnail":84826,"render":78168},{"code":"2882-0302","thumbnail":84832,"render":78174},{"code":"2882-0303","thumbnail":84838,"render":78180},{"code":"2882-0304","thumbnail":84844,"render":78186}],"usages":[13964,13971,84851,84857,78174],"inspiration":{"top":{"title":"Dolap","thumbnail":81078,"reference":"02901-0301"},"bottom_title":"Duvar paneli"},"hover_image":13964,"eir":"","collaborator":{"name":"","link":""},"synchro_wood":false,"novedad":false},"yoast_head":"<!-- This site is optimized with the Yoast SEO plugin v25.2 - https:\/\/yoast.com\/wordpress\/plugins\/seo\/ -->\n<title>BRISA - Lamigraf<\/title>\n<meta name=\"robots\" content=\"index, follow, max-snippet:-1, max-image-preview:large, max-video-preview:-1\" \/>\n<link rel=\"canonical\" href=\"https:\/\/www.lamigraf.com\/tr\/designs\/brisa\/\" \/>\n<meta property=\"og:locale\" content=\"tr_TR\" \/>\n<meta property=\"og:type\" content=\"article\" \/>\n<meta property=\"og:title\" content=\"BRISA - Lamigraf\" \/>\n<meta property=\"og:description\" content=\"Brisa (\u0130ngilizce&#8217;de &#8220;breeze&#8221; yani esinti anlam\u0131na gelir), g\u00fcne\u015f \u0131\u015f\u0131\u011f\u0131nda ayd\u0131nlanan r\u00fczgar veya su hareketini an\u0131msatan bir kum ta\u015f\u0131d\u0131r ve do\u011fan\u0131n g\u00fczelli\u011fini her mek\u00e2na ta\u015f\u0131r. Brisa\u2019n\u0131n en benzersiz \u00f6zelliklerinden biri, dijital bir foto\u011frafta fark edilmesi zor olan 3D \u0131\u015f\u0131k etkisi yaratan dokunsal (haptik) y\u00fczeyidir.\" \/>\n<meta property=\"og:url\" content=\"https:\/\/www.lamigraf.com\/tr\/designs\/brisa\/\" \/>\n<meta property=\"og:site_name\" content=\"Lamigraf\" \/>\n<meta property=\"article:modified_time\" content=\"2025-04-14T08:07:14+00:00\" \/>\n<meta property=\"og:image\" content=\"https:\/\/www.lamigraf.com\/wp-content\/uploads\/2024\/06\/02882-O.jpg\" \/>\n\t<meta property=\"og:image:width\" content=\"1920\" \/>\n\t<meta property=\"og:image:height\" content=\"2080\" \/>\n\t<meta property=\"og:image:type\" content=\"image\/jpeg\" \/>\n<meta name=\"twitter:card\" content=\"summary_large_image\" \/>\n<meta name=\"twitter:label1\" content=\"Tahmini okuma s\u00fcresi\" \/>\n\t<meta name=\"twitter:data1\" content=\"1 dakika\" \/>\n<script type=\"application\/ld+json\" class=\"yoast-schema-graph\">{\"@context\":\"https:\/\/schema.org\",\"@graph\":[{\"@type\":\"WebPage\",\"@id\":\"https:\/\/www.lamigraf.com\/tr\/designs\/brisa\/\",\"url\":\"https:\/\/www.lamigraf.com\/tr\/designs\/brisa\/\",\"name\":\"BRISA - Lamigraf\",\"isPartOf\":{\"@id\":\"https:\/\/www.lamigraf.com\/#website\"},\"primaryImageOfPage\":{\"@id\":\"https:\/\/www.lamigraf.com\/tr\/designs\/brisa\/#primaryimage\"},\"image\":{\"@id\":\"https:\/\/www.lamigraf.com\/tr\/designs\/brisa\/#primaryimage\"},\"thumbnailUrl\":\"https:\/\/www.lamigraf.com\/wp-content\/uploads\/2024\/06\/02882-O.jpg\",\"datePublished\":\"2024-06-07T07:50:55+00:00\",\"dateModified\":\"2025-04-14T08:07:14+00:00\",\"breadcrumb\":{\"@id\":\"https:\/\/www.lamigraf.com\/tr\/designs\/brisa\/#breadcrumb\"},\"inLanguage\":\"tr\",\"potentialAction\":[{\"@type\":\"ReadAction\",\"target\":[\"https:\/\/www.lamigraf.com\/tr\/designs\/brisa\/\"]}]},{\"@type\":\"ImageObject\",\"inLanguage\":\"tr\",\"@id\":\"https:\/\/www.lamigraf.com\/tr\/designs\/brisa\/#primaryimage\",\"url\":\"https:\/\/www.lamigraf.com\/wp-content\/uploads\/2024\/06\/02882-O.jpg\",\"contentUrl\":\"https:\/\/www.lamigraf.com\/wp-content\/uploads\/2024\/06\/02882-O.jpg\",\"width\":1920,\"height\":2080},{\"@type\":\"BreadcrumbList\",\"@id\":\"https:\/\/www.lamigraf.com\/tr\/designs\/brisa\/#breadcrumb\",\"itemListElement\":[{\"@type\":\"ListItem\",\"position\":1,\"name\":\"Home\",\"item\":\"https:\/\/www.lamigraf.com\/tr\/\"},{\"@type\":\"ListItem\",\"position\":2,\"name\":\"Designs\",\"item\":\"https:\/\/www.lamigraf.com\/designs\/\"},{\"@type\":\"ListItem\",\"position\":3,\"name\":\"BRISA\"}]},{\"@type\":\"WebSite\",\"@id\":\"https:\/\/www.lamigraf.com\/#website\",\"url\":\"https:\/\/www.lamigraf.com\/\",\"name\":\"Lamigraf\",\"description\":\"\",\"publisher\":{\"@id\":\"https:\/\/www.lamigraf.com\/#organization\"},\"potentialAction\":[{\"@type\":\"SearchAction\",\"target\":{\"@type\":\"EntryPoint\",\"urlTemplate\":\"https:\/\/www.lamigraf.com\/?s={search_term_string}\"},\"query-input\":{\"@type\":\"PropertyValueSpecification\",\"valueRequired\":true,\"valueName\":\"search_term_string\"}}],\"inLanguage\":\"tr\"},{\"@type\":\"Organization\",\"@id\":\"https:\/\/www.lamigraf.com\/#organization\",\"name\":\"Lamigraf\",\"url\":\"https:\/\/www.lamigraf.com\/\",\"logo\":{\"@type\":\"ImageObject\",\"inLanguage\":\"tr\",\"@id\":\"https:\/\/www.lamigraf.com\/#\/schema\/logo\/image\/\",\"url\":\"https:\/\/www.lamigraf.com\/wp-content\/uploads\/2024\/05\/Logo-white.svg\",\"contentUrl\":\"https:\/\/www.lamigraf.com\/wp-content\/uploads\/2024\/05\/Logo-white.svg\",\"width\":147,\"height\":36,\"caption\":\"Lamigraf\"},\"image\":{\"@id\":\"https:\/\/www.lamigraf.com\/#\/schema\/logo\/image\/\"}}]}<\/script>\n<!-- \/ Yoast SEO plugin. -->","yoast_head_json":{"title":"BRISA - Lamigraf","robots":{"index":"index","follow":"follow","max-snippet":"max-snippet:-1","max-image-preview":"max-image-preview:large","max-video-preview":"max-video-preview:-1"},"canonical":"https:\/\/www.lamigraf.com\/tr\/designs\/brisa\/","og_locale":"tr_TR","og_type":"article","og_title":"BRISA - Lamigraf","og_description":"Brisa (\u0130ngilizce&#8217;de &#8220;breeze&#8221; yani esinti anlam\u0131na gelir), g\u00fcne\u015f \u0131\u015f\u0131\u011f\u0131nda ayd\u0131nlanan r\u00fczgar veya su hareketini an\u0131msatan bir kum ta\u015f\u0131d\u0131r ve do\u011fan\u0131n g\u00fczelli\u011fini her mek\u00e2na ta\u015f\u0131r. Brisa\u2019n\u0131n en benzersiz \u00f6zelliklerinden biri, dijital bir foto\u011frafta fark edilmesi zor olan 3D \u0131\u015f\u0131k etkisi yaratan dokunsal (haptik) y\u00fczeyidir.","og_url":"https:\/\/www.lamigraf.com\/tr\/designs\/brisa\/","og_site_name":"Lamigraf","article_modified_time":"2025-04-14T08:07:14+00:00","og_image":[{"width":1920,"height":2080,"url":"https:\/\/www.lamigraf.com\/wp-content\/uploads\/2024\/06\/02882-O.jpg","type":"image\/jpeg"}],"twitter_card":"summary_large_image","twitter_misc":{"Tahmini okuma s\u00fcresi":"1 dakika"},"schema":{"@context":"https:\/\/schema.org","@graph":[{"@type":"WebPage","@id":"https:\/\/www.lamigraf.com\/tr\/designs\/brisa\/","url":"https:\/\/www.lamigraf.com\/tr\/designs\/brisa\/","name":"BRISA - Lamigraf","isPartOf":{"@id":"https:\/\/www.lamigraf.com\/#website"},"primaryImageOfPage":{"@id":"https:\/\/www.lamigraf.com\/tr\/designs\/brisa\/#primaryimage"},"image":{"@id":"https:\/\/www.lamigraf.com\/tr\/designs\/brisa\/#primaryimage"},"thumbnailUrl":"https:\/\/www.lamigraf.com\/wp-content\/uploads\/2024\/06\/02882-O.jpg","datePublished":"2024-06-07T07:50:55+00:00","dateModified":"2025-04-14T08:07:14+00:00","breadcrumb":{"@id":"https:\/\/www.lamigraf.com\/tr\/designs\/brisa\/#breadcrumb"},"inLanguage":"tr","potentialAction":[{"@type":"ReadAction","target":["https:\/\/www.lamigraf.com\/tr\/designs\/brisa\/"]}]},{"@type":"ImageObject","inLanguage":"tr","@id":"https:\/\/www.lamigraf.com\/tr\/designs\/brisa\/#primaryimage","url":"https:\/\/www.lamigraf.com\/wp-content\/uploads\/2024\/06\/02882-O.jpg","contentUrl":"https:\/\/www.lamigraf.com\/wp-content\/uploads\/2024\/06\/02882-O.jpg","width":1920,"height":2080},{"@type":"BreadcrumbList","@id":"https:\/\/www.lamigraf.com\/tr\/designs\/brisa\/#breadcrumb","itemListElement":[{"@type":"ListItem","position":1,"name":"Home","item":"https:\/\/www.lamigraf.com\/tr\/"},{"@type":"ListItem","position":2,"name":"Designs","item":"https:\/\/www.lamigraf.com\/designs\/"},{"@type":"ListItem","position":3,"name":"BRISA"}]},{"@type":"WebSite","@id":"https:\/\/www.lamigraf.com\/#website","url":"https:\/\/www.lamigraf.com\/","name":"Lamigraf","description":"","publisher":{"@id":"https:\/\/www.lamigraf.com\/#organization"},"potentialAction":[{"@type":"SearchAction","target":{"@type":"EntryPoint","urlTemplate":"https:\/\/www.lamigraf.com\/?s={search_term_string}"},"query-input":{"@type":"PropertyValueSpecification","valueRequired":true,"valueName":"search_term_string"}}],"inLanguage":"tr"},{"@type":"Organization","@id":"https:\/\/www.lamigraf.com\/#organization","name":"Lamigraf","url":"https:\/\/www.lamigraf.com\/","logo":{"@type":"ImageObject","inLanguage":"tr","@id":"https:\/\/www.lamigraf.com\/#\/schema\/logo\/image\/","url":"https:\/\/www.lamigraf.com\/wp-content\/uploads\/2024\/05\/Logo-white.svg","contentUrl":"https:\/\/www.lamigraf.com\/wp-content\/uploads\/2024\/05\/Logo-white.svg","width":147,"height":36,"caption":"Lamigraf"},"image":{"@id":"https:\/\/www.lamigraf.com\/#\/schema\/logo\/image\/"}}]}},"_links":{"self":[{"href":"https:\/\/www.lamigraf.com\/tr\/wp-json\/wp\/v2\/product\/88621","targetHints":{"allow":["GET"]}}],"collection":[{"href":"https:\/\/www.lamigraf.com\/tr\/wp-json\/wp\/v2\/product"}],"about":[{"href":"https:\/\/www.lamigraf.com\/tr\/wp-json\/wp\/v2\/types\/product"}],"version-history":[{"count":2,"href":"https:\/\/www.lamigraf.com\/tr\/wp-json\/wp\/v2\/product\/88621\/revisions"}],"predecessor-version":[{"id":88629,"href":"https:\/\/www.lamigraf.com\/tr\/wp-json\/wp\/v2\/product\/88621\/revisions\/88629"}],"acf:attachment":[{"embeddable":true,"href":"https:\/\/www.lamigraf.com\/tr\/wp-json\/wp\/v2\/media\/78174"},{"embeddable":true,"href":"https:\/\/www.lamigraf.com\/tr\/wp-json\/wp\/v2\/media\/84857"},{"embeddable":true,"href":"https:\/\/www.lamigraf.com\/tr\/wp-json\/wp\/v2\/media\/84851"},{"embeddable":true,"href":"https:\/\/www.lamigraf.com\/tr\/wp-json\/wp\/v2\/media\/13971"},{"embeddable":true,"href":"https:\/\/www.lamigraf.com\/tr\/wp-json\/wp\/v2\/media\/13964"}],"wp:featuredmedia":[{"embeddable":true,"href":"https:\/\/www.lamigraf.com\/tr\/wp-json\/wp\/v2\/media\/13957"}],"wp:attachment":[{"href":"https:\/\/www.lamigraf.com\/tr\/wp-json\/wp\/v2\/media?parent=88621"}],"wp:term":[{"taxonomy":"product_applications","embeddable":true,"href":"https:\/\/www.lamigraf.com\/tr\/wp-json\/wp\/v2\/applications?post=88621"},{"taxonomy":"product_type","embeddable":true,"href":"https:\/\/www.lamigraf.com\/tr\/wp-json\/wp\/v2\/design-types?post=88621"},{"taxonomy":"product_characteristics","embeddable":true,"href":"https:\/\/www.lamigraf.com\/tr\/wp-json\/wp\/v2\/characteristics?post=88621"},{"taxonomy":"product_apparence","embeddable":true,"href":"https:\/\/www.lamigraf.com\/tr\/wp-json\/wp\/v2\/appearance?post=88621"}],"curies":[{"name":"wp","href":"https:\/\/api.w.org\/{rel}","templated":true}]}}