{"id":88640,"date":"2024-06-07T09:50:54","date_gmt":"2024-06-07T07:50:54","guid":{"rendered":"https:\/\/www.lamigraf.com\/designs\/morassina\/"},"modified":"2025-04-14T10:24:22","modified_gmt":"2025-04-14T08:24:22","slug":"morassina","status":"publish","type":"product","link":"https:\/\/www.lamigraf.com\/tr\/designs\/morassina\/","title":{"rendered":"MORASSINA"},"content":{"rendered":"\n<p>Morassina, 100 y\u0131ldan daha eski olan eski karolar\u0131n arka y\u00fczeyinden yap\u0131lm\u0131\u015ft\u0131r ve bu ona taklit edilmesi zor bir patina ve tarih hissi kazand\u0131r\u0131r. Her mobilya par\u00e7as\u0131na s\u0131cakl\u0131k ve karakter katan sakin ve ho\u015f bir etki yarat\u0131r. K\u0131r\u0131k k\u00f6\u015feler ve p\u00fcr\u00fczl\u00fc ta\u015flarla birlikte, \u00e7izgisel etkiyle \u00e7ok iyi uyum sa\u011flar.<\/p>\n","protected":false},"excerpt":{"rendered":"<p>Morassina, 100 y\u0131ldan daha eski olan eski karolar\u0131n arka y\u00fczeyinden yap\u0131lm\u0131\u015ft\u0131r ve bu ona taklit edilmesi zor bir patina ve tarih hissi kazand\u0131r\u0131r. Her mobilya par\u00e7as\u0131na s\u0131cakl\u0131k ve karakter katan sakin ve ho\u015f bir etki yarat\u0131r. K\u0131r\u0131k k\u00f6\u015feler ve p\u00fcr\u00fczl\u00fc ta\u015flarla birlikte, \u00e7izgisel etkiyle \u00e7ok iyi uyum sa\u011flar.<\/p>\n","protected":false},"featured_media":14489,"template":"","meta":{"_acf_changed":false,"_gspb_post_css":"","footnotes":""},"applications":[1062],"design-types":[909,899],"characteristics":[],"appearance":[],"class_list":["post-88640","product","type-product","status-publish","has-post-thumbnail","hentry","product_applications-furniture-tk","product_type-other-tk","product_type-stone-tk"],"acf":{"code":"2881","peripheral_development":"1300","axial_development":"2200","cylinders":"3","data_sheet":78797,"collections":[{"code":"2881-0201","thumbnail":84864,"render":78243},{"code":"2881-0301","thumbnail":84870,"render":78249},{"code":"2881-0303","thumbnail":84876,"render":78255},{"code":"2881-0304","thumbnail":84882,"render":78261}],"usages":[14496,14503,84890,78261],"inspiration":{"top":{"title":"Dolap","thumbnail":13894,"reference":"02901-0304"},"bottom_title":"Duvar paneli"},"hover_image":14503,"eir":"","collaborator":{"name":"","link":""},"synchro_wood":false,"novedad":false},"yoast_head":"<!-- This site is optimized with the Yoast SEO plugin v25.2 - https:\/\/yoast.com\/wordpress\/plugins\/seo\/ -->\n<title>MORASSINA - Lamigraf<\/title>\n<meta name=\"robots\" content=\"index, follow, max-snippet:-1, max-image-preview:large, max-video-preview:-1\" \/>\n<link rel=\"canonical\" href=\"https:\/\/www.lamigraf.com\/tr\/designs\/morassina\/\" \/>\n<meta property=\"og:locale\" content=\"tr_TR\" \/>\n<meta property=\"og:type\" content=\"article\" \/>\n<meta property=\"og:title\" content=\"MORASSINA - Lamigraf\" \/>\n<meta property=\"og:description\" content=\"Morassina, 100 y\u0131ldan daha eski olan eski karolar\u0131n arka y\u00fczeyinden yap\u0131lm\u0131\u015ft\u0131r ve bu ona taklit edilmesi zor bir patina ve tarih hissi kazand\u0131r\u0131r. Her mobilya par\u00e7as\u0131na s\u0131cakl\u0131k ve karakter katan sakin ve ho\u015f bir etki yarat\u0131r. K\u0131r\u0131k k\u00f6\u015feler ve p\u00fcr\u00fczl\u00fc ta\u015flarla birlikte, \u00e7izgisel etkiyle \u00e7ok iyi uyum sa\u011flar.\" \/>\n<meta property=\"og:url\" content=\"https:\/\/www.lamigraf.com\/tr\/designs\/morassina\/\" \/>\n<meta property=\"og:site_name\" content=\"Lamigraf\" \/>\n<meta property=\"article:modified_time\" content=\"2025-04-14T08:24:22+00:00\" \/>\n<meta property=\"og:image\" content=\"https:\/\/www.lamigraf.com\/wp-content\/uploads\/2024\/06\/02881-O-scaled.jpg\" \/>\n\t<meta property=\"og:image:width\" content=\"1280\" \/>\n\t<meta property=\"og:image:height\" content=\"2560\" \/>\n\t<meta property=\"og:image:type\" content=\"image\/jpeg\" \/>\n<meta name=\"twitter:card\" content=\"summary_large_image\" \/>\n<meta name=\"twitter:label1\" content=\"Tahmini okuma s\u00fcresi\" \/>\n\t<meta name=\"twitter:data1\" content=\"1 dakika\" \/>\n<script type=\"application\/ld+json\" class=\"yoast-schema-graph\">{\"@context\":\"https:\/\/schema.org\",\"@graph\":[{\"@type\":\"WebPage\",\"@id\":\"https:\/\/www.lamigraf.com\/tr\/designs\/morassina\/\",\"url\":\"https:\/\/www.lamigraf.com\/tr\/designs\/morassina\/\",\"name\":\"MORASSINA - Lamigraf\",\"isPartOf\":{\"@id\":\"https:\/\/www.lamigraf.com\/#website\"},\"primaryImageOfPage\":{\"@id\":\"https:\/\/www.lamigraf.com\/tr\/designs\/morassina\/#primaryimage\"},\"image\":{\"@id\":\"https:\/\/www.lamigraf.com\/tr\/designs\/morassina\/#primaryimage\"},\"thumbnailUrl\":\"https:\/\/www.lamigraf.com\/wp-content\/uploads\/2024\/06\/02881-O-scaled.jpg\",\"datePublished\":\"2024-06-07T07:50:54+00:00\",\"dateModified\":\"2025-04-14T08:24:22+00:00\",\"breadcrumb\":{\"@id\":\"https:\/\/www.lamigraf.com\/tr\/designs\/morassina\/#breadcrumb\"},\"inLanguage\":\"tr\",\"potentialAction\":[{\"@type\":\"ReadAction\",\"target\":[\"https:\/\/www.lamigraf.com\/tr\/designs\/morassina\/\"]}]},{\"@type\":\"ImageObject\",\"inLanguage\":\"tr\",\"@id\":\"https:\/\/www.lamigraf.com\/tr\/designs\/morassina\/#primaryimage\",\"url\":\"https:\/\/www.lamigraf.com\/wp-content\/uploads\/2024\/06\/02881-O-scaled.jpg\",\"contentUrl\":\"https:\/\/www.lamigraf.com\/wp-content\/uploads\/2024\/06\/02881-O-scaled.jpg\",\"width\":1280,\"height\":2560},{\"@type\":\"BreadcrumbList\",\"@id\":\"https:\/\/www.lamigraf.com\/tr\/designs\/morassina\/#breadcrumb\",\"itemListElement\":[{\"@type\":\"ListItem\",\"position\":1,\"name\":\"Home\",\"item\":\"https:\/\/www.lamigraf.com\/tr\/\"},{\"@type\":\"ListItem\",\"position\":2,\"name\":\"Designs\",\"item\":\"https:\/\/www.lamigraf.com\/designs\/\"},{\"@type\":\"ListItem\",\"position\":3,\"name\":\"MORASSINA\"}]},{\"@type\":\"WebSite\",\"@id\":\"https:\/\/www.lamigraf.com\/#website\",\"url\":\"https:\/\/www.lamigraf.com\/\",\"name\":\"Lamigraf\",\"description\":\"\",\"publisher\":{\"@id\":\"https:\/\/www.lamigraf.com\/#organization\"},\"potentialAction\":[{\"@type\":\"SearchAction\",\"target\":{\"@type\":\"EntryPoint\",\"urlTemplate\":\"https:\/\/www.lamigraf.com\/?s={search_term_string}\"},\"query-input\":{\"@type\":\"PropertyValueSpecification\",\"valueRequired\":true,\"valueName\":\"search_term_string\"}}],\"inLanguage\":\"tr\"},{\"@type\":\"Organization\",\"@id\":\"https:\/\/www.lamigraf.com\/#organization\",\"name\":\"Lamigraf\",\"url\":\"https:\/\/www.lamigraf.com\/\",\"logo\":{\"@type\":\"ImageObject\",\"inLanguage\":\"tr\",\"@id\":\"https:\/\/www.lamigraf.com\/#\/schema\/logo\/image\/\",\"url\":\"https:\/\/www.lamigraf.com\/wp-content\/uploads\/2024\/05\/Logo-white.svg\",\"contentUrl\":\"https:\/\/www.lamigraf.com\/wp-content\/uploads\/2024\/05\/Logo-white.svg\",\"width\":147,\"height\":36,\"caption\":\"Lamigraf\"},\"image\":{\"@id\":\"https:\/\/www.lamigraf.com\/#\/schema\/logo\/image\/\"}}]}<\/script>\n<!-- \/ Yoast SEO plugin. -->","yoast_head_json":{"title":"MORASSINA - Lamigraf","robots":{"index":"index","follow":"follow","max-snippet":"max-snippet:-1","max-image-preview":"max-image-preview:large","max-video-preview":"max-video-preview:-1"},"canonical":"https:\/\/www.lamigraf.com\/tr\/designs\/morassina\/","og_locale":"tr_TR","og_type":"article","og_title":"MORASSINA - Lamigraf","og_description":"Morassina, 100 y\u0131ldan daha eski olan eski karolar\u0131n arka y\u00fczeyinden yap\u0131lm\u0131\u015ft\u0131r ve bu ona taklit edilmesi zor bir patina ve tarih hissi kazand\u0131r\u0131r. Her mobilya par\u00e7as\u0131na s\u0131cakl\u0131k ve karakter katan sakin ve ho\u015f bir etki yarat\u0131r. K\u0131r\u0131k k\u00f6\u015feler ve p\u00fcr\u00fczl\u00fc ta\u015flarla birlikte, \u00e7izgisel etkiyle \u00e7ok iyi uyum sa\u011flar.","og_url":"https:\/\/www.lamigraf.com\/tr\/designs\/morassina\/","og_site_name":"Lamigraf","article_modified_time":"2025-04-14T08:24:22+00:00","og_image":[{"width":1280,"height":2560,"url":"https:\/\/www.lamigraf.com\/wp-content\/uploads\/2024\/06\/02881-O-scaled.jpg","type":"image\/jpeg"}],"twitter_card":"summary_large_image","twitter_misc":{"Tahmini okuma s\u00fcresi":"1 dakika"},"schema":{"@context":"https:\/\/schema.org","@graph":[{"@type":"WebPage","@id":"https:\/\/www.lamigraf.com\/tr\/designs\/morassina\/","url":"https:\/\/www.lamigraf.com\/tr\/designs\/morassina\/","name":"MORASSINA - Lamigraf","isPartOf":{"@id":"https:\/\/www.lamigraf.com\/#website"},"primaryImageOfPage":{"@id":"https:\/\/www.lamigraf.com\/tr\/designs\/morassina\/#primaryimage"},"image":{"@id":"https:\/\/www.lamigraf.com\/tr\/designs\/morassina\/#primaryimage"},"thumbnailUrl":"https:\/\/www.lamigraf.com\/wp-content\/uploads\/2024\/06\/02881-O-scaled.jpg","datePublished":"2024-06-07T07:50:54+00:00","dateModified":"2025-04-14T08:24:22+00:00","breadcrumb":{"@id":"https:\/\/www.lamigraf.com\/tr\/designs\/morassina\/#breadcrumb"},"inLanguage":"tr","potentialAction":[{"@type":"ReadAction","target":["https:\/\/www.lamigraf.com\/tr\/designs\/morassina\/"]}]},{"@type":"ImageObject","inLanguage":"tr","@id":"https:\/\/www.lamigraf.com\/tr\/designs\/morassina\/#primaryimage","url":"https:\/\/www.lamigraf.com\/wp-content\/uploads\/2024\/06\/02881-O-scaled.jpg","contentUrl":"https:\/\/www.lamigraf.com\/wp-content\/uploads\/2024\/06\/02881-O-scaled.jpg","width":1280,"height":2560},{"@type":"BreadcrumbList","@id":"https:\/\/www.lamigraf.com\/tr\/designs\/morassina\/#breadcrumb","itemListElement":[{"@type":"ListItem","position":1,"name":"Home","item":"https:\/\/www.lamigraf.com\/tr\/"},{"@type":"ListItem","position":2,"name":"Designs","item":"https:\/\/www.lamigraf.com\/designs\/"},{"@type":"ListItem","position":3,"name":"MORASSINA"}]},{"@type":"WebSite","@id":"https:\/\/www.lamigraf.com\/#website","url":"https:\/\/www.lamigraf.com\/","name":"Lamigraf","description":"","publisher":{"@id":"https:\/\/www.lamigraf.com\/#organization"},"potentialAction":[{"@type":"SearchAction","target":{"@type":"EntryPoint","urlTemplate":"https:\/\/www.lamigraf.com\/?s={search_term_string}"},"query-input":{"@type":"PropertyValueSpecification","valueRequired":true,"valueName":"search_term_string"}}],"inLanguage":"tr"},{"@type":"Organization","@id":"https:\/\/www.lamigraf.com\/#organization","name":"Lamigraf","url":"https:\/\/www.lamigraf.com\/","logo":{"@type":"ImageObject","inLanguage":"tr","@id":"https:\/\/www.lamigraf.com\/#\/schema\/logo\/image\/","url":"https:\/\/www.lamigraf.com\/wp-content\/uploads\/2024\/05\/Logo-white.svg","contentUrl":"https:\/\/www.lamigraf.com\/wp-content\/uploads\/2024\/05\/Logo-white.svg","width":147,"height":36,"caption":"Lamigraf"},"image":{"@id":"https:\/\/www.lamigraf.com\/#\/schema\/logo\/image\/"}}]}},"_links":{"self":[{"href":"https:\/\/www.lamigraf.com\/tr\/wp-json\/wp\/v2\/product\/88640","targetHints":{"allow":["GET"]}}],"collection":[{"href":"https:\/\/www.lamigraf.com\/tr\/wp-json\/wp\/v2\/product"}],"about":[{"href":"https:\/\/www.lamigraf.com\/tr\/wp-json\/wp\/v2\/types\/product"}],"version-history":[{"count":1,"href":"https:\/\/www.lamigraf.com\/tr\/wp-json\/wp\/v2\/product\/88640\/revisions"}],"predecessor-version":[{"id":88647,"href":"https:\/\/www.lamigraf.com\/tr\/wp-json\/wp\/v2\/product\/88640\/revisions\/88647"}],"acf:attachment":[{"embeddable":true,"href":"https:\/\/www.lamigraf.com\/tr\/wp-json\/wp\/v2\/media\/78261"},{"embeddable":true,"href":"https:\/\/www.lamigraf.com\/tr\/wp-json\/wp\/v2\/media\/84890"},{"embeddable":true,"href":"https:\/\/www.lamigraf.com\/tr\/wp-json\/wp\/v2\/media\/14503"},{"embeddable":true,"href":"https:\/\/www.lamigraf.com\/tr\/wp-json\/wp\/v2\/media\/14496"}],"wp:featuredmedia":[{"embeddable":true,"href":"https:\/\/www.lamigraf.com\/tr\/wp-json\/wp\/v2\/media\/14489"}],"wp:attachment":[{"href":"https:\/\/www.lamigraf.com\/tr\/wp-json\/wp\/v2\/media?parent=88640"}],"wp:term":[{"taxonomy":"product_applications","embeddable":true,"href":"https:\/\/www.lamigraf.com\/tr\/wp-json\/wp\/v2\/applications?post=88640"},{"taxonomy":"product_type","embeddable":true,"href":"https:\/\/www.lamigraf.com\/tr\/wp-json\/wp\/v2\/design-types?post=88640"},{"taxonomy":"product_characteristics","embeddable":true,"href":"https:\/\/www.lamigraf.com\/tr\/wp-json\/wp\/v2\/characteristics?post=88640"},{"taxonomy":"product_apparence","embeddable":true,"href":"https:\/\/www.lamigraf.com\/tr\/wp-json\/wp\/v2\/appearance?post=88640"}],"curies":[{"name":"wp","href":"https:\/\/api.w.org\/{rel}","templated":true}]}}