{"id":88650,"date":"2024-06-07T09:50:54","date_gmt":"2024-06-07T07:50:54","guid":{"rendered":"https:\/\/www.lamigraf.com\/designs\/wagami\/"},"modified":"2025-04-14T10:34:26","modified_gmt":"2025-04-14T08:34:26","slug":"wagami","status":"publish","type":"product","link":"https:\/\/www.lamigraf.com\/tr\/designs\/wagami\/","title":{"rendered":"WAGAMI"},"content":{"rendered":"\n<p>G\u00fczel ve s\u0131cak bir geri d\u00f6n\u00fc\u015ft\u00fcr\u00fclm\u00fc\u015f k\u00e2\u011f\u0131t malzemesi. Wagami, k\u00e2\u011f\u0131t, ta\u015f veya hibrit bir tasar\u0131m olarak kullan\u0131labilen bir dekordur. \u00c7al\u0131\u015fma masalar\u0131nda, dolaplarda veya duvar panellerinde uygulanabilir ve benzersiz, \u00e7ok y\u00f6nl\u00fc bir atmosfer yarat\u0131r.<\/p>\n\n\n\n<p><\/p>\n","protected":false},"excerpt":{"rendered":"<p>G\u00fczel ve s\u0131cak bir geri d\u00f6n\u00fc\u015ft\u00fcr\u00fclm\u00fc\u015f k\u00e2\u011f\u0131t malzemesi. Wagami, k\u00e2\u011f\u0131t, ta\u015f veya hibrit bir tasar\u0131m olarak kullan\u0131labilen bir dekordur. \u00c7al\u0131\u015fma masalar\u0131nda, dolaplarda veya duvar panellerinde uygulanabilir ve benzersiz, \u00e7ok y\u00f6nl\u00fc bir atmosfer yarat\u0131r.<\/p>\n","protected":false},"featured_media":14433,"template":"","meta":{"_acf_changed":false,"_gspb_post_css":"","footnotes":""},"applications":[1062,1065],"design-types":[890,884],"characteristics":[],"appearance":[],"class_list":["post-88650","product","type-product","status-publish","has-post-thumbnail","hentry","product_applications-furniture-tk","product_applications-flooring-tk","product_type-fantasy-tk","product_type-creatives-tk"],"acf":{"code":"2883","peripheral_development":"1300","axial_development":"2200","cylinders":"4","data_sheet":78783,"collections":[{"code":"2883-0302","thumbnail":14398,"render":78268},{"code":"2883-0303","thumbnail":14405,"render":78274},{"code":"2883-0304","thumbnail":14454,"render":78280},{"code":"2883-0402","thumbnail":14412,"render":78286},{"code":"2883-0405","thumbnail":14419,"render":78292}],"usages":[14440,14447,78280],"inspiration":{"top":{"title":"\u00c7al\u0131\u015fma masas\u0131","thumbnail":13824,"reference":"02890-0301"},"bottom_title":"Raflar"},"hover_image":14440,"eir":"","collaborator":{"name":"","link":""},"synchro_wood":false,"novedad":false},"yoast_head":"<!-- This site is optimized with the Yoast SEO plugin v25.2 - https:\/\/yoast.com\/wordpress\/plugins\/seo\/ -->\n<title>WAGAMI - Lamigraf<\/title>\n<meta name=\"robots\" content=\"index, follow, max-snippet:-1, max-image-preview:large, max-video-preview:-1\" \/>\n<link rel=\"canonical\" href=\"https:\/\/www.lamigraf.com\/tr\/designs\/wagami\/\" \/>\n<meta property=\"og:locale\" content=\"tr_TR\" \/>\n<meta property=\"og:type\" content=\"article\" \/>\n<meta property=\"og:title\" content=\"WAGAMI - Lamigraf\" \/>\n<meta property=\"og:description\" content=\"G\u00fczel ve s\u0131cak bir geri d\u00f6n\u00fc\u015ft\u00fcr\u00fclm\u00fc\u015f k\u00e2\u011f\u0131t malzemesi. Wagami, k\u00e2\u011f\u0131t, ta\u015f veya hibrit bir tasar\u0131m olarak kullan\u0131labilen bir dekordur. \u00c7al\u0131\u015fma masalar\u0131nda, dolaplarda veya duvar panellerinde uygulanabilir ve benzersiz, \u00e7ok y\u00f6nl\u00fc bir atmosfer yarat\u0131r.\" \/>\n<meta property=\"og:url\" content=\"https:\/\/www.lamigraf.com\/tr\/designs\/wagami\/\" \/>\n<meta property=\"og:site_name\" content=\"Lamigraf\" \/>\n<meta property=\"article:modified_time\" content=\"2025-04-14T08:34:26+00:00\" \/>\n<meta property=\"og:image\" content=\"https:\/\/www.lamigraf.com\/wp-content\/uploads\/2024\/06\/02883-O.jpg\" \/>\n\t<meta property=\"og:image:width\" content=\"1920\" \/>\n\t<meta property=\"og:image:height\" content=\"1135\" \/>\n\t<meta property=\"og:image:type\" content=\"image\/jpeg\" \/>\n<meta name=\"twitter:card\" content=\"summary_large_image\" \/>\n<meta name=\"twitter:label1\" content=\"Tahmini okuma s\u00fcresi\" \/>\n\t<meta name=\"twitter:data1\" content=\"1 dakika\" \/>\n<script type=\"application\/ld+json\" class=\"yoast-schema-graph\">{\"@context\":\"https:\/\/schema.org\",\"@graph\":[{\"@type\":\"WebPage\",\"@id\":\"https:\/\/www.lamigraf.com\/tr\/designs\/wagami\/\",\"url\":\"https:\/\/www.lamigraf.com\/tr\/designs\/wagami\/\",\"name\":\"WAGAMI - Lamigraf\",\"isPartOf\":{\"@id\":\"https:\/\/www.lamigraf.com\/#website\"},\"primaryImageOfPage\":{\"@id\":\"https:\/\/www.lamigraf.com\/tr\/designs\/wagami\/#primaryimage\"},\"image\":{\"@id\":\"https:\/\/www.lamigraf.com\/tr\/designs\/wagami\/#primaryimage\"},\"thumbnailUrl\":\"https:\/\/www.lamigraf.com\/wp-content\/uploads\/2024\/06\/02883-O.jpg\",\"datePublished\":\"2024-06-07T07:50:54+00:00\",\"dateModified\":\"2025-04-14T08:34:26+00:00\",\"breadcrumb\":{\"@id\":\"https:\/\/www.lamigraf.com\/tr\/designs\/wagami\/#breadcrumb\"},\"inLanguage\":\"tr\",\"potentialAction\":[{\"@type\":\"ReadAction\",\"target\":[\"https:\/\/www.lamigraf.com\/tr\/designs\/wagami\/\"]}]},{\"@type\":\"ImageObject\",\"inLanguage\":\"tr\",\"@id\":\"https:\/\/www.lamigraf.com\/tr\/designs\/wagami\/#primaryimage\",\"url\":\"https:\/\/www.lamigraf.com\/wp-content\/uploads\/2024\/06\/02883-O.jpg\",\"contentUrl\":\"https:\/\/www.lamigraf.com\/wp-content\/uploads\/2024\/06\/02883-O.jpg\",\"width\":1920,\"height\":1135},{\"@type\":\"BreadcrumbList\",\"@id\":\"https:\/\/www.lamigraf.com\/tr\/designs\/wagami\/#breadcrumb\",\"itemListElement\":[{\"@type\":\"ListItem\",\"position\":1,\"name\":\"Home\",\"item\":\"https:\/\/www.lamigraf.com\/tr\/\"},{\"@type\":\"ListItem\",\"position\":2,\"name\":\"Designs\",\"item\":\"https:\/\/www.lamigraf.com\/designs\/\"},{\"@type\":\"ListItem\",\"position\":3,\"name\":\"WAGAMI\"}]},{\"@type\":\"WebSite\",\"@id\":\"https:\/\/www.lamigraf.com\/#website\",\"url\":\"https:\/\/www.lamigraf.com\/\",\"name\":\"Lamigraf\",\"description\":\"\",\"publisher\":{\"@id\":\"https:\/\/www.lamigraf.com\/#organization\"},\"potentialAction\":[{\"@type\":\"SearchAction\",\"target\":{\"@type\":\"EntryPoint\",\"urlTemplate\":\"https:\/\/www.lamigraf.com\/?s={search_term_string}\"},\"query-input\":{\"@type\":\"PropertyValueSpecification\",\"valueRequired\":true,\"valueName\":\"search_term_string\"}}],\"inLanguage\":\"tr\"},{\"@type\":\"Organization\",\"@id\":\"https:\/\/www.lamigraf.com\/#organization\",\"name\":\"Lamigraf\",\"url\":\"https:\/\/www.lamigraf.com\/\",\"logo\":{\"@type\":\"ImageObject\",\"inLanguage\":\"tr\",\"@id\":\"https:\/\/www.lamigraf.com\/#\/schema\/logo\/image\/\",\"url\":\"https:\/\/www.lamigraf.com\/wp-content\/uploads\/2024\/05\/Logo-white.svg\",\"contentUrl\":\"https:\/\/www.lamigraf.com\/wp-content\/uploads\/2024\/05\/Logo-white.svg\",\"width\":147,\"height\":36,\"caption\":\"Lamigraf\"},\"image\":{\"@id\":\"https:\/\/www.lamigraf.com\/#\/schema\/logo\/image\/\"}}]}<\/script>\n<!-- \/ Yoast SEO plugin. -->","yoast_head_json":{"title":"WAGAMI - Lamigraf","robots":{"index":"index","follow":"follow","max-snippet":"max-snippet:-1","max-image-preview":"max-image-preview:large","max-video-preview":"max-video-preview:-1"},"canonical":"https:\/\/www.lamigraf.com\/tr\/designs\/wagami\/","og_locale":"tr_TR","og_type":"article","og_title":"WAGAMI - Lamigraf","og_description":"G\u00fczel ve s\u0131cak bir geri d\u00f6n\u00fc\u015ft\u00fcr\u00fclm\u00fc\u015f k\u00e2\u011f\u0131t malzemesi. Wagami, k\u00e2\u011f\u0131t, ta\u015f veya hibrit bir tasar\u0131m olarak kullan\u0131labilen bir dekordur. \u00c7al\u0131\u015fma masalar\u0131nda, dolaplarda veya duvar panellerinde uygulanabilir ve benzersiz, \u00e7ok y\u00f6nl\u00fc bir atmosfer yarat\u0131r.","og_url":"https:\/\/www.lamigraf.com\/tr\/designs\/wagami\/","og_site_name":"Lamigraf","article_modified_time":"2025-04-14T08:34:26+00:00","og_image":[{"width":1920,"height":1135,"url":"https:\/\/www.lamigraf.com\/wp-content\/uploads\/2024\/06\/02883-O.jpg","type":"image\/jpeg"}],"twitter_card":"summary_large_image","twitter_misc":{"Tahmini okuma s\u00fcresi":"1 dakika"},"schema":{"@context":"https:\/\/schema.org","@graph":[{"@type":"WebPage","@id":"https:\/\/www.lamigraf.com\/tr\/designs\/wagami\/","url":"https:\/\/www.lamigraf.com\/tr\/designs\/wagami\/","name":"WAGAMI - Lamigraf","isPartOf":{"@id":"https:\/\/www.lamigraf.com\/#website"},"primaryImageOfPage":{"@id":"https:\/\/www.lamigraf.com\/tr\/designs\/wagami\/#primaryimage"},"image":{"@id":"https:\/\/www.lamigraf.com\/tr\/designs\/wagami\/#primaryimage"},"thumbnailUrl":"https:\/\/www.lamigraf.com\/wp-content\/uploads\/2024\/06\/02883-O.jpg","datePublished":"2024-06-07T07:50:54+00:00","dateModified":"2025-04-14T08:34:26+00:00","breadcrumb":{"@id":"https:\/\/www.lamigraf.com\/tr\/designs\/wagami\/#breadcrumb"},"inLanguage":"tr","potentialAction":[{"@type":"ReadAction","target":["https:\/\/www.lamigraf.com\/tr\/designs\/wagami\/"]}]},{"@type":"ImageObject","inLanguage":"tr","@id":"https:\/\/www.lamigraf.com\/tr\/designs\/wagami\/#primaryimage","url":"https:\/\/www.lamigraf.com\/wp-content\/uploads\/2024\/06\/02883-O.jpg","contentUrl":"https:\/\/www.lamigraf.com\/wp-content\/uploads\/2024\/06\/02883-O.jpg","width":1920,"height":1135},{"@type":"BreadcrumbList","@id":"https:\/\/www.lamigraf.com\/tr\/designs\/wagami\/#breadcrumb","itemListElement":[{"@type":"ListItem","position":1,"name":"Home","item":"https:\/\/www.lamigraf.com\/tr\/"},{"@type":"ListItem","position":2,"name":"Designs","item":"https:\/\/www.lamigraf.com\/designs\/"},{"@type":"ListItem","position":3,"name":"WAGAMI"}]},{"@type":"WebSite","@id":"https:\/\/www.lamigraf.com\/#website","url":"https:\/\/www.lamigraf.com\/","name":"Lamigraf","description":"","publisher":{"@id":"https:\/\/www.lamigraf.com\/#organization"},"potentialAction":[{"@type":"SearchAction","target":{"@type":"EntryPoint","urlTemplate":"https:\/\/www.lamigraf.com\/?s={search_term_string}"},"query-input":{"@type":"PropertyValueSpecification","valueRequired":true,"valueName":"search_term_string"}}],"inLanguage":"tr"},{"@type":"Organization","@id":"https:\/\/www.lamigraf.com\/#organization","name":"Lamigraf","url":"https:\/\/www.lamigraf.com\/","logo":{"@type":"ImageObject","inLanguage":"tr","@id":"https:\/\/www.lamigraf.com\/#\/schema\/logo\/image\/","url":"https:\/\/www.lamigraf.com\/wp-content\/uploads\/2024\/05\/Logo-white.svg","contentUrl":"https:\/\/www.lamigraf.com\/wp-content\/uploads\/2024\/05\/Logo-white.svg","width":147,"height":36,"caption":"Lamigraf"},"image":{"@id":"https:\/\/www.lamigraf.com\/#\/schema\/logo\/image\/"}}]}},"_links":{"self":[{"href":"https:\/\/www.lamigraf.com\/tr\/wp-json\/wp\/v2\/product\/88650","targetHints":{"allow":["GET"]}}],"collection":[{"href":"https:\/\/www.lamigraf.com\/tr\/wp-json\/wp\/v2\/product"}],"about":[{"href":"https:\/\/www.lamigraf.com\/tr\/wp-json\/wp\/v2\/types\/product"}],"version-history":[{"count":2,"href":"https:\/\/www.lamigraf.com\/tr\/wp-json\/wp\/v2\/product\/88650\/revisions"}],"predecessor-version":[{"id":88658,"href":"https:\/\/www.lamigraf.com\/tr\/wp-json\/wp\/v2\/product\/88650\/revisions\/88658"}],"acf:attachment":[{"embeddable":true,"href":"https:\/\/www.lamigraf.com\/tr\/wp-json\/wp\/v2\/media\/78280"},{"embeddable":true,"href":"https:\/\/www.lamigraf.com\/tr\/wp-json\/wp\/v2\/media\/14447"},{"embeddable":true,"href":"https:\/\/www.lamigraf.com\/tr\/wp-json\/wp\/v2\/media\/14440"}],"wp:featuredmedia":[{"embeddable":true,"href":"https:\/\/www.lamigraf.com\/tr\/wp-json\/wp\/v2\/media\/14433"}],"wp:attachment":[{"href":"https:\/\/www.lamigraf.com\/tr\/wp-json\/wp\/v2\/media?parent=88650"}],"wp:term":[{"taxonomy":"product_applications","embeddable":true,"href":"https:\/\/www.lamigraf.com\/tr\/wp-json\/wp\/v2\/applications?post=88650"},{"taxonomy":"product_type","embeddable":true,"href":"https:\/\/www.lamigraf.com\/tr\/wp-json\/wp\/v2\/design-types?post=88650"},{"taxonomy":"product_characteristics","embeddable":true,"href":"https:\/\/www.lamigraf.com\/tr\/wp-json\/wp\/v2\/characteristics?post=88650"},{"taxonomy":"product_apparence","embeddable":true,"href":"https:\/\/www.lamigraf.com\/tr\/wp-json\/wp\/v2\/appearance?post=88650"}],"curies":[{"name":"wp","href":"https:\/\/api.w.org\/{rel}","templated":true}]}}