{"id":88678,"date":"2024-06-07T09:50:54","date_gmt":"2024-06-07T07:50:54","guid":{"rendered":"https:\/\/www.lamigraf.com\/designs\/brisbane\/"},"modified":"2025-04-14T10:52:20","modified_gmt":"2025-04-14T08:52:20","slug":"brisbane","status":"publish","type":"product","link":"https:\/\/www.lamigraf.com\/tr\/designs\/brisbane\/","title":{"rendered":"BRISBANE"},"content":{"rendered":"\n<p>K\u00fc\u00e7\u00fck g\u00f6zenekleriyle karakterize edilen bir ah\u015fap t\u00fcr\u00fcd\u00fcr; g\u00f6zenekler neredeyse ayn\u0131 boyutta olup tasar\u0131m boyunca e\u015fit \u015fekilde da\u011f\u0131lm\u0131\u015ft\u0131r. Brisbane, kendine has ve modern yay\u0131l\u0131ml\u0131 bir ah\u015fap olarak bilinir.<\/p>\n","protected":false},"excerpt":{"rendered":"<p>K\u00fc\u00e7\u00fck g\u00f6zenekleriyle karakterize edilen bir ah\u015fap t\u00fcr\u00fcd\u00fcr; g\u00f6zenekler neredeyse ayn\u0131 boyutta olup tasar\u0131m boyunca e\u015fit \u015fekilde da\u011f\u0131lm\u0131\u015ft\u0131r. Brisbane, kendine has ve modern yay\u0131l\u0131ml\u0131 bir ah\u015fap olarak bilinir.<\/p>\n","protected":false},"featured_media":14251,"template":"","meta":{"_acf_changed":false,"_gspb_post_css":"","footnotes":""},"applications":[1062],"design-types":[929,980],"characteristics":[1006],"appearance":[],"class_list":["post-88678","product","type-product","status-publish","has-post-thumbnail","hentry","product_applications-furniture-tk","product_type-wood-tk","product_type-others-tk","product_characteristics-cathedrals-tk"],"acf":{"code":"2902","peripheral_development":"1250","axial_development":"2200","cylinders":"3","data_sheet":78687,"collections":[{"code":"2902-0301","thumbnail":84759,"render":78325},{"code":"2902-0302","thumbnail":84765,"render":78331},{"code":"2902-0303","thumbnail":84771,"render":78337},{"code":"2902-0304","thumbnail":84777,"render":78343},{"code":"2902-0305","thumbnail":84783,"render":78349}],"usages":[14258,14265],"inspiration":{"top":{"title":"Mutfak tezgah\u0131","thumbnail":14034,"reference":"02894-0201"},"bottom_title":"Dolap"},"hover_image":14265,"eir":"","collaborator":{"name":"","link":""},"synchro_wood":false,"novedad":false},"yoast_head":"<!-- This site is optimized with the Yoast SEO plugin v25.2 - https:\/\/yoast.com\/wordpress\/plugins\/seo\/ -->\n<title>BRISBANE - Lamigraf<\/title>\n<meta name=\"robots\" content=\"index, follow, max-snippet:-1, max-image-preview:large, max-video-preview:-1\" \/>\n<link rel=\"canonical\" href=\"https:\/\/www.lamigraf.com\/tr\/designs\/brisbane\/\" \/>\n<meta property=\"og:locale\" content=\"tr_TR\" \/>\n<meta property=\"og:type\" content=\"article\" \/>\n<meta property=\"og:title\" content=\"BRISBANE - Lamigraf\" \/>\n<meta property=\"og:description\" content=\"K\u00fc\u00e7\u00fck g\u00f6zenekleriyle karakterize edilen bir ah\u015fap t\u00fcr\u00fcd\u00fcr; g\u00f6zenekler neredeyse ayn\u0131 boyutta olup tasar\u0131m boyunca e\u015fit \u015fekilde da\u011f\u0131lm\u0131\u015ft\u0131r. Brisbane, kendine has ve modern yay\u0131l\u0131ml\u0131 bir ah\u015fap olarak bilinir.\" \/>\n<meta property=\"og:url\" content=\"https:\/\/www.lamigraf.com\/tr\/designs\/brisbane\/\" \/>\n<meta property=\"og:site_name\" content=\"Lamigraf\" \/>\n<meta property=\"article:modified_time\" content=\"2025-04-14T08:52:20+00:00\" \/>\n<meta property=\"og:image\" content=\"https:\/\/www.lamigraf.com\/wp-content\/uploads\/2024\/06\/02902-O.jpg\" \/>\n\t<meta property=\"og:image:width\" content=\"1920\" \/>\n\t<meta property=\"og:image:height\" content=\"1091\" \/>\n\t<meta property=\"og:image:type\" content=\"image\/jpeg\" \/>\n<meta name=\"twitter:card\" content=\"summary_large_image\" \/>\n<meta name=\"twitter:label1\" content=\"Tahmini okuma s\u00fcresi\" \/>\n\t<meta name=\"twitter:data1\" content=\"1 dakika\" \/>\n<script type=\"application\/ld+json\" class=\"yoast-schema-graph\">{\"@context\":\"https:\/\/schema.org\",\"@graph\":[{\"@type\":\"WebPage\",\"@id\":\"https:\/\/www.lamigraf.com\/tr\/designs\/brisbane\/\",\"url\":\"https:\/\/www.lamigraf.com\/tr\/designs\/brisbane\/\",\"name\":\"BRISBANE - Lamigraf\",\"isPartOf\":{\"@id\":\"https:\/\/www.lamigraf.com\/#website\"},\"primaryImageOfPage\":{\"@id\":\"https:\/\/www.lamigraf.com\/tr\/designs\/brisbane\/#primaryimage\"},\"image\":{\"@id\":\"https:\/\/www.lamigraf.com\/tr\/designs\/brisbane\/#primaryimage\"},\"thumbnailUrl\":\"https:\/\/www.lamigraf.com\/wp-content\/uploads\/2024\/06\/02902-O.jpg\",\"datePublished\":\"2024-06-07T07:50:54+00:00\",\"dateModified\":\"2025-04-14T08:52:20+00:00\",\"breadcrumb\":{\"@id\":\"https:\/\/www.lamigraf.com\/tr\/designs\/brisbane\/#breadcrumb\"},\"inLanguage\":\"tr\",\"potentialAction\":[{\"@type\":\"ReadAction\",\"target\":[\"https:\/\/www.lamigraf.com\/tr\/designs\/brisbane\/\"]}]},{\"@type\":\"ImageObject\",\"inLanguage\":\"tr\",\"@id\":\"https:\/\/www.lamigraf.com\/tr\/designs\/brisbane\/#primaryimage\",\"url\":\"https:\/\/www.lamigraf.com\/wp-content\/uploads\/2024\/06\/02902-O.jpg\",\"contentUrl\":\"https:\/\/www.lamigraf.com\/wp-content\/uploads\/2024\/06\/02902-O.jpg\",\"width\":1920,\"height\":1091},{\"@type\":\"BreadcrumbList\",\"@id\":\"https:\/\/www.lamigraf.com\/tr\/designs\/brisbane\/#breadcrumb\",\"itemListElement\":[{\"@type\":\"ListItem\",\"position\":1,\"name\":\"Home\",\"item\":\"https:\/\/www.lamigraf.com\/tr\/\"},{\"@type\":\"ListItem\",\"position\":2,\"name\":\"Designs\",\"item\":\"https:\/\/www.lamigraf.com\/designs\/\"},{\"@type\":\"ListItem\",\"position\":3,\"name\":\"BRISBANE\"}]},{\"@type\":\"WebSite\",\"@id\":\"https:\/\/www.lamigraf.com\/#website\",\"url\":\"https:\/\/www.lamigraf.com\/\",\"name\":\"Lamigraf\",\"description\":\"\",\"publisher\":{\"@id\":\"https:\/\/www.lamigraf.com\/#organization\"},\"potentialAction\":[{\"@type\":\"SearchAction\",\"target\":{\"@type\":\"EntryPoint\",\"urlTemplate\":\"https:\/\/www.lamigraf.com\/?s={search_term_string}\"},\"query-input\":{\"@type\":\"PropertyValueSpecification\",\"valueRequired\":true,\"valueName\":\"search_term_string\"}}],\"inLanguage\":\"tr\"},{\"@type\":\"Organization\",\"@id\":\"https:\/\/www.lamigraf.com\/#organization\",\"name\":\"Lamigraf\",\"url\":\"https:\/\/www.lamigraf.com\/\",\"logo\":{\"@type\":\"ImageObject\",\"inLanguage\":\"tr\",\"@id\":\"https:\/\/www.lamigraf.com\/#\/schema\/logo\/image\/\",\"url\":\"https:\/\/www.lamigraf.com\/wp-content\/uploads\/2024\/05\/Logo-white.svg\",\"contentUrl\":\"https:\/\/www.lamigraf.com\/wp-content\/uploads\/2024\/05\/Logo-white.svg\",\"width\":147,\"height\":36,\"caption\":\"Lamigraf\"},\"image\":{\"@id\":\"https:\/\/www.lamigraf.com\/#\/schema\/logo\/image\/\"}}]}<\/script>\n<!-- \/ Yoast SEO plugin. -->","yoast_head_json":{"title":"BRISBANE - Lamigraf","robots":{"index":"index","follow":"follow","max-snippet":"max-snippet:-1","max-image-preview":"max-image-preview:large","max-video-preview":"max-video-preview:-1"},"canonical":"https:\/\/www.lamigraf.com\/tr\/designs\/brisbane\/","og_locale":"tr_TR","og_type":"article","og_title":"BRISBANE - Lamigraf","og_description":"K\u00fc\u00e7\u00fck g\u00f6zenekleriyle karakterize edilen bir ah\u015fap t\u00fcr\u00fcd\u00fcr; g\u00f6zenekler neredeyse ayn\u0131 boyutta olup tasar\u0131m boyunca e\u015fit \u015fekilde da\u011f\u0131lm\u0131\u015ft\u0131r. Brisbane, kendine has ve modern yay\u0131l\u0131ml\u0131 bir ah\u015fap olarak bilinir.","og_url":"https:\/\/www.lamigraf.com\/tr\/designs\/brisbane\/","og_site_name":"Lamigraf","article_modified_time":"2025-04-14T08:52:20+00:00","og_image":[{"width":1920,"height":1091,"url":"https:\/\/www.lamigraf.com\/wp-content\/uploads\/2024\/06\/02902-O.jpg","type":"image\/jpeg"}],"twitter_card":"summary_large_image","twitter_misc":{"Tahmini okuma s\u00fcresi":"1 dakika"},"schema":{"@context":"https:\/\/schema.org","@graph":[{"@type":"WebPage","@id":"https:\/\/www.lamigraf.com\/tr\/designs\/brisbane\/","url":"https:\/\/www.lamigraf.com\/tr\/designs\/brisbane\/","name":"BRISBANE - Lamigraf","isPartOf":{"@id":"https:\/\/www.lamigraf.com\/#website"},"primaryImageOfPage":{"@id":"https:\/\/www.lamigraf.com\/tr\/designs\/brisbane\/#primaryimage"},"image":{"@id":"https:\/\/www.lamigraf.com\/tr\/designs\/brisbane\/#primaryimage"},"thumbnailUrl":"https:\/\/www.lamigraf.com\/wp-content\/uploads\/2024\/06\/02902-O.jpg","datePublished":"2024-06-07T07:50:54+00:00","dateModified":"2025-04-14T08:52:20+00:00","breadcrumb":{"@id":"https:\/\/www.lamigraf.com\/tr\/designs\/brisbane\/#breadcrumb"},"inLanguage":"tr","potentialAction":[{"@type":"ReadAction","target":["https:\/\/www.lamigraf.com\/tr\/designs\/brisbane\/"]}]},{"@type":"ImageObject","inLanguage":"tr","@id":"https:\/\/www.lamigraf.com\/tr\/designs\/brisbane\/#primaryimage","url":"https:\/\/www.lamigraf.com\/wp-content\/uploads\/2024\/06\/02902-O.jpg","contentUrl":"https:\/\/www.lamigraf.com\/wp-content\/uploads\/2024\/06\/02902-O.jpg","width":1920,"height":1091},{"@type":"BreadcrumbList","@id":"https:\/\/www.lamigraf.com\/tr\/designs\/brisbane\/#breadcrumb","itemListElement":[{"@type":"ListItem","position":1,"name":"Home","item":"https:\/\/www.lamigraf.com\/tr\/"},{"@type":"ListItem","position":2,"name":"Designs","item":"https:\/\/www.lamigraf.com\/designs\/"},{"@type":"ListItem","position":3,"name":"BRISBANE"}]},{"@type":"WebSite","@id":"https:\/\/www.lamigraf.com\/#website","url":"https:\/\/www.lamigraf.com\/","name":"Lamigraf","description":"","publisher":{"@id":"https:\/\/www.lamigraf.com\/#organization"},"potentialAction":[{"@type":"SearchAction","target":{"@type":"EntryPoint","urlTemplate":"https:\/\/www.lamigraf.com\/?s={search_term_string}"},"query-input":{"@type":"PropertyValueSpecification","valueRequired":true,"valueName":"search_term_string"}}],"inLanguage":"tr"},{"@type":"Organization","@id":"https:\/\/www.lamigraf.com\/#organization","name":"Lamigraf","url":"https:\/\/www.lamigraf.com\/","logo":{"@type":"ImageObject","inLanguage":"tr","@id":"https:\/\/www.lamigraf.com\/#\/schema\/logo\/image\/","url":"https:\/\/www.lamigraf.com\/wp-content\/uploads\/2024\/05\/Logo-white.svg","contentUrl":"https:\/\/www.lamigraf.com\/wp-content\/uploads\/2024\/05\/Logo-white.svg","width":147,"height":36,"caption":"Lamigraf"},"image":{"@id":"https:\/\/www.lamigraf.com\/#\/schema\/logo\/image\/"}}]}},"_links":{"self":[{"href":"https:\/\/www.lamigraf.com\/tr\/wp-json\/wp\/v2\/product\/88678","targetHints":{"allow":["GET"]}}],"collection":[{"href":"https:\/\/www.lamigraf.com\/tr\/wp-json\/wp\/v2\/product"}],"about":[{"href":"https:\/\/www.lamigraf.com\/tr\/wp-json\/wp\/v2\/types\/product"}],"version-history":[{"count":1,"href":"https:\/\/www.lamigraf.com\/tr\/wp-json\/wp\/v2\/product\/88678\/revisions"}],"predecessor-version":[{"id":88683,"href":"https:\/\/www.lamigraf.com\/tr\/wp-json\/wp\/v2\/product\/88678\/revisions\/88683"}],"acf:attachment":[{"embeddable":true,"href":"https:\/\/www.lamigraf.com\/tr\/wp-json\/wp\/v2\/media\/14265"},{"embeddable":true,"href":"https:\/\/www.lamigraf.com\/tr\/wp-json\/wp\/v2\/media\/14258"}],"wp:featuredmedia":[{"embeddable":true,"href":"https:\/\/www.lamigraf.com\/tr\/wp-json\/wp\/v2\/media\/14251"}],"wp:attachment":[{"href":"https:\/\/www.lamigraf.com\/tr\/wp-json\/wp\/v2\/media?parent=88678"}],"wp:term":[{"taxonomy":"product_applications","embeddable":true,"href":"https:\/\/www.lamigraf.com\/tr\/wp-json\/wp\/v2\/applications?post=88678"},{"taxonomy":"product_type","embeddable":true,"href":"https:\/\/www.lamigraf.com\/tr\/wp-json\/wp\/v2\/design-types?post=88678"},{"taxonomy":"product_characteristics","embeddable":true,"href":"https:\/\/www.lamigraf.com\/tr\/wp-json\/wp\/v2\/characteristics?post=88678"},{"taxonomy":"product_apparence","embeddable":true,"href":"https:\/\/www.lamigraf.com\/tr\/wp-json\/wp\/v2\/appearance?post=88678"}],"curies":[{"name":"wp","href":"https:\/\/api.w.org\/{rel}","templated":true}]}}