{"id":88687,"date":"2024-06-07T09:50:53","date_gmt":"2024-06-07T07:50:53","guid":{"rendered":"https:\/\/www.lamigraf.com\/designs\/formigueiro\/"},"modified":"2025-04-14T10:58:37","modified_gmt":"2025-04-14T08:58:37","slug":"formigueiro","status":"publish","type":"product","link":"https:\/\/www.lamigraf.com\/tr\/designs\/formigueiro\/","title":{"rendered":"FORMIGUEIRO"},"content":{"rendered":"\n<p>Bu tasar\u0131m\u0131n ana \u00f6zelli\u011fi olan metalik etkiyle birlikte, iki farkl\u0131 damar t\u00fcr\u00fc farkl\u0131 metalik m\u00fcrekkeplerle birle\u015ftirilerek, olduk\u00e7a \u00f6zel ve farkl\u0131 homojen bir zeminin t\u00fcm \u0131\u015f\u0131lt\u0131s\u0131 maksimize edilir. Bu zemin, di\u011fer malzeme ve mek\u00e2nlarla kolayca uyum sa\u011flayabilir.<\/p>\n\n\n\n<p><\/p>\n","protected":false},"excerpt":{"rendered":"<p>Bu tasar\u0131m\u0131n ana \u00f6zelli\u011fi olan metalik etkiyle birlikte, iki farkl\u0131 damar t\u00fcr\u00fc farkl\u0131 metalik m\u00fcrekkeplerle birle\u015ftirilerek, olduk\u00e7a \u00f6zel ve farkl\u0131 homojen bir zeminin t\u00fcm \u0131\u015f\u0131lt\u0131s\u0131 maksimize edilir. Bu zemin, di\u011fer malzeme ve mek\u00e2nlarla kolayca uyum sa\u011flayabilir.<\/p>\n","protected":false},"featured_media":14853,"template":"","meta":{"_acf_changed":false,"_gspb_post_css":"","footnotes":""},"applications":[1062],"design-types":[890,884],"characteristics":[1014],"appearance":[],"class_list":["post-88687","product","type-product","status-publish","has-post-thumbnail","hentry","product_applications-furniture-tk","product_type-fantasy-tk","product_type-creatives-tk","product_characteristics-metallic-effect-tk"],"acf":{"code":"2686","peripheral_development":"950","axial_development":"2200","cylinders":"2","data_sheet":79043,"collections":[{"code":"2686-0216","thumbnail":14790,"render":""},{"code":"2686-0222","thumbnail":14797,"render":""},{"code":"2686-0225","thumbnail":14804,"render":""},{"code":"2686-0230","thumbnail":14811,"render":""}],"usages":[14860],"inspiration":{"top":{"title":"","thumbnail":"","reference":""},"bottom_title":""},"hover_image":14860,"eir":"","collaborator":{"name":"","link":""},"synchro_wood":false,"novedad":false},"yoast_head":"<!-- This site is optimized with the Yoast SEO plugin v25.2 - https:\/\/yoast.com\/wordpress\/plugins\/seo\/ -->\n<title>FORMIGUEIRO - Lamigraf<\/title>\n<meta name=\"robots\" content=\"index, follow, max-snippet:-1, max-image-preview:large, max-video-preview:-1\" \/>\n<link rel=\"canonical\" href=\"https:\/\/www.lamigraf.com\/tr\/designs\/formigueiro\/\" \/>\n<meta property=\"og:locale\" content=\"tr_TR\" \/>\n<meta property=\"og:type\" content=\"article\" \/>\n<meta property=\"og:title\" content=\"FORMIGUEIRO - Lamigraf\" \/>\n<meta property=\"og:description\" content=\"Bu tasar\u0131m\u0131n ana \u00f6zelli\u011fi olan metalik etkiyle birlikte, iki farkl\u0131 damar t\u00fcr\u00fc farkl\u0131 metalik m\u00fcrekkeplerle birle\u015ftirilerek, olduk\u00e7a \u00f6zel ve farkl\u0131 homojen bir zeminin t\u00fcm \u0131\u015f\u0131lt\u0131s\u0131 maksimize edilir. Bu zemin, di\u011fer malzeme ve mek\u00e2nlarla kolayca uyum sa\u011flayabilir.\" \/>\n<meta property=\"og:url\" content=\"https:\/\/www.lamigraf.com\/tr\/designs\/formigueiro\/\" \/>\n<meta property=\"og:site_name\" content=\"Lamigraf\" \/>\n<meta property=\"article:modified_time\" content=\"2025-04-14T08:58:37+00:00\" \/>\n<meta property=\"og:image\" content=\"https:\/\/www.lamigraf.com\/wp-content\/uploads\/2024\/06\/02686-O-scaled.jpg\" \/>\n\t<meta property=\"og:image:width\" content=\"1415\" \/>\n\t<meta property=\"og:image:height\" content=\"2560\" \/>\n\t<meta property=\"og:image:type\" content=\"image\/jpeg\" \/>\n<meta name=\"twitter:card\" content=\"summary_large_image\" \/>\n<meta name=\"twitter:label1\" content=\"Tahmini okuma s\u00fcresi\" \/>\n\t<meta name=\"twitter:data1\" content=\"1 dakika\" \/>\n<script type=\"application\/ld+json\" class=\"yoast-schema-graph\">{\"@context\":\"https:\/\/schema.org\",\"@graph\":[{\"@type\":\"WebPage\",\"@id\":\"https:\/\/www.lamigraf.com\/tr\/designs\/formigueiro\/\",\"url\":\"https:\/\/www.lamigraf.com\/tr\/designs\/formigueiro\/\",\"name\":\"FORMIGUEIRO - Lamigraf\",\"isPartOf\":{\"@id\":\"https:\/\/www.lamigraf.com\/#website\"},\"primaryImageOfPage\":{\"@id\":\"https:\/\/www.lamigraf.com\/tr\/designs\/formigueiro\/#primaryimage\"},\"image\":{\"@id\":\"https:\/\/www.lamigraf.com\/tr\/designs\/formigueiro\/#primaryimage\"},\"thumbnailUrl\":\"https:\/\/www.lamigraf.com\/wp-content\/uploads\/2024\/06\/02686-O-scaled.jpg\",\"datePublished\":\"2024-06-07T07:50:53+00:00\",\"dateModified\":\"2025-04-14T08:58:37+00:00\",\"breadcrumb\":{\"@id\":\"https:\/\/www.lamigraf.com\/tr\/designs\/formigueiro\/#breadcrumb\"},\"inLanguage\":\"tr\",\"potentialAction\":[{\"@type\":\"ReadAction\",\"target\":[\"https:\/\/www.lamigraf.com\/tr\/designs\/formigueiro\/\"]}]},{\"@type\":\"ImageObject\",\"inLanguage\":\"tr\",\"@id\":\"https:\/\/www.lamigraf.com\/tr\/designs\/formigueiro\/#primaryimage\",\"url\":\"https:\/\/www.lamigraf.com\/wp-content\/uploads\/2024\/06\/02686-O-scaled.jpg\",\"contentUrl\":\"https:\/\/www.lamigraf.com\/wp-content\/uploads\/2024\/06\/02686-O-scaled.jpg\",\"width\":1415,\"height\":2560},{\"@type\":\"BreadcrumbList\",\"@id\":\"https:\/\/www.lamigraf.com\/tr\/designs\/formigueiro\/#breadcrumb\",\"itemListElement\":[{\"@type\":\"ListItem\",\"position\":1,\"name\":\"Home\",\"item\":\"https:\/\/www.lamigraf.com\/tr\/\"},{\"@type\":\"ListItem\",\"position\":2,\"name\":\"Designs\",\"item\":\"https:\/\/www.lamigraf.com\/designs\/\"},{\"@type\":\"ListItem\",\"position\":3,\"name\":\"FORMIGUEIRO\"}]},{\"@type\":\"WebSite\",\"@id\":\"https:\/\/www.lamigraf.com\/#website\",\"url\":\"https:\/\/www.lamigraf.com\/\",\"name\":\"Lamigraf\",\"description\":\"\",\"publisher\":{\"@id\":\"https:\/\/www.lamigraf.com\/#organization\"},\"potentialAction\":[{\"@type\":\"SearchAction\",\"target\":{\"@type\":\"EntryPoint\",\"urlTemplate\":\"https:\/\/www.lamigraf.com\/?s={search_term_string}\"},\"query-input\":{\"@type\":\"PropertyValueSpecification\",\"valueRequired\":true,\"valueName\":\"search_term_string\"}}],\"inLanguage\":\"tr\"},{\"@type\":\"Organization\",\"@id\":\"https:\/\/www.lamigraf.com\/#organization\",\"name\":\"Lamigraf\",\"url\":\"https:\/\/www.lamigraf.com\/\",\"logo\":{\"@type\":\"ImageObject\",\"inLanguage\":\"tr\",\"@id\":\"https:\/\/www.lamigraf.com\/#\/schema\/logo\/image\/\",\"url\":\"https:\/\/www.lamigraf.com\/wp-content\/uploads\/2024\/05\/Logo-white.svg\",\"contentUrl\":\"https:\/\/www.lamigraf.com\/wp-content\/uploads\/2024\/05\/Logo-white.svg\",\"width\":147,\"height\":36,\"caption\":\"Lamigraf\"},\"image\":{\"@id\":\"https:\/\/www.lamigraf.com\/#\/schema\/logo\/image\/\"}}]}<\/script>\n<!-- \/ Yoast SEO plugin. -->","yoast_head_json":{"title":"FORMIGUEIRO - Lamigraf","robots":{"index":"index","follow":"follow","max-snippet":"max-snippet:-1","max-image-preview":"max-image-preview:large","max-video-preview":"max-video-preview:-1"},"canonical":"https:\/\/www.lamigraf.com\/tr\/designs\/formigueiro\/","og_locale":"tr_TR","og_type":"article","og_title":"FORMIGUEIRO - Lamigraf","og_description":"Bu tasar\u0131m\u0131n ana \u00f6zelli\u011fi olan metalik etkiyle birlikte, iki farkl\u0131 damar t\u00fcr\u00fc farkl\u0131 metalik m\u00fcrekkeplerle birle\u015ftirilerek, olduk\u00e7a \u00f6zel ve farkl\u0131 homojen bir zeminin t\u00fcm \u0131\u015f\u0131lt\u0131s\u0131 maksimize edilir. Bu zemin, di\u011fer malzeme ve mek\u00e2nlarla kolayca uyum sa\u011flayabilir.","og_url":"https:\/\/www.lamigraf.com\/tr\/designs\/formigueiro\/","og_site_name":"Lamigraf","article_modified_time":"2025-04-14T08:58:37+00:00","og_image":[{"width":1415,"height":2560,"url":"https:\/\/www.lamigraf.com\/wp-content\/uploads\/2024\/06\/02686-O-scaled.jpg","type":"image\/jpeg"}],"twitter_card":"summary_large_image","twitter_misc":{"Tahmini okuma s\u00fcresi":"1 dakika"},"schema":{"@context":"https:\/\/schema.org","@graph":[{"@type":"WebPage","@id":"https:\/\/www.lamigraf.com\/tr\/designs\/formigueiro\/","url":"https:\/\/www.lamigraf.com\/tr\/designs\/formigueiro\/","name":"FORMIGUEIRO - Lamigraf","isPartOf":{"@id":"https:\/\/www.lamigraf.com\/#website"},"primaryImageOfPage":{"@id":"https:\/\/www.lamigraf.com\/tr\/designs\/formigueiro\/#primaryimage"},"image":{"@id":"https:\/\/www.lamigraf.com\/tr\/designs\/formigueiro\/#primaryimage"},"thumbnailUrl":"https:\/\/www.lamigraf.com\/wp-content\/uploads\/2024\/06\/02686-O-scaled.jpg","datePublished":"2024-06-07T07:50:53+00:00","dateModified":"2025-04-14T08:58:37+00:00","breadcrumb":{"@id":"https:\/\/www.lamigraf.com\/tr\/designs\/formigueiro\/#breadcrumb"},"inLanguage":"tr","potentialAction":[{"@type":"ReadAction","target":["https:\/\/www.lamigraf.com\/tr\/designs\/formigueiro\/"]}]},{"@type":"ImageObject","inLanguage":"tr","@id":"https:\/\/www.lamigraf.com\/tr\/designs\/formigueiro\/#primaryimage","url":"https:\/\/www.lamigraf.com\/wp-content\/uploads\/2024\/06\/02686-O-scaled.jpg","contentUrl":"https:\/\/www.lamigraf.com\/wp-content\/uploads\/2024\/06\/02686-O-scaled.jpg","width":1415,"height":2560},{"@type":"BreadcrumbList","@id":"https:\/\/www.lamigraf.com\/tr\/designs\/formigueiro\/#breadcrumb","itemListElement":[{"@type":"ListItem","position":1,"name":"Home","item":"https:\/\/www.lamigraf.com\/tr\/"},{"@type":"ListItem","position":2,"name":"Designs","item":"https:\/\/www.lamigraf.com\/designs\/"},{"@type":"ListItem","position":3,"name":"FORMIGUEIRO"}]},{"@type":"WebSite","@id":"https:\/\/www.lamigraf.com\/#website","url":"https:\/\/www.lamigraf.com\/","name":"Lamigraf","description":"","publisher":{"@id":"https:\/\/www.lamigraf.com\/#organization"},"potentialAction":[{"@type":"SearchAction","target":{"@type":"EntryPoint","urlTemplate":"https:\/\/www.lamigraf.com\/?s={search_term_string}"},"query-input":{"@type":"PropertyValueSpecification","valueRequired":true,"valueName":"search_term_string"}}],"inLanguage":"tr"},{"@type":"Organization","@id":"https:\/\/www.lamigraf.com\/#organization","name":"Lamigraf","url":"https:\/\/www.lamigraf.com\/","logo":{"@type":"ImageObject","inLanguage":"tr","@id":"https:\/\/www.lamigraf.com\/#\/schema\/logo\/image\/","url":"https:\/\/www.lamigraf.com\/wp-content\/uploads\/2024\/05\/Logo-white.svg","contentUrl":"https:\/\/www.lamigraf.com\/wp-content\/uploads\/2024\/05\/Logo-white.svg","width":147,"height":36,"caption":"Lamigraf"},"image":{"@id":"https:\/\/www.lamigraf.com\/#\/schema\/logo\/image\/"}}]}},"_links":{"self":[{"href":"https:\/\/www.lamigraf.com\/tr\/wp-json\/wp\/v2\/product\/88687","targetHints":{"allow":["GET"]}}],"collection":[{"href":"https:\/\/www.lamigraf.com\/tr\/wp-json\/wp\/v2\/product"}],"about":[{"href":"https:\/\/www.lamigraf.com\/tr\/wp-json\/wp\/v2\/types\/product"}],"version-history":[{"count":1,"href":"https:\/\/www.lamigraf.com\/tr\/wp-json\/wp\/v2\/product\/88687\/revisions"}],"predecessor-version":[{"id":88692,"href":"https:\/\/www.lamigraf.com\/tr\/wp-json\/wp\/v2\/product\/88687\/revisions\/88692"}],"acf:attachment":[{"embeddable":true,"href":"https:\/\/www.lamigraf.com\/tr\/wp-json\/wp\/v2\/media\/14860"}],"wp:featuredmedia":[{"embeddable":true,"href":"https:\/\/www.lamigraf.com\/tr\/wp-json\/wp\/v2\/media\/14853"}],"wp:attachment":[{"href":"https:\/\/www.lamigraf.com\/tr\/wp-json\/wp\/v2\/media?parent=88687"}],"wp:term":[{"taxonomy":"product_applications","embeddable":true,"href":"https:\/\/www.lamigraf.com\/tr\/wp-json\/wp\/v2\/applications?post=88687"},{"taxonomy":"product_type","embeddable":true,"href":"https:\/\/www.lamigraf.com\/tr\/wp-json\/wp\/v2\/design-types?post=88687"},{"taxonomy":"product_characteristics","embeddable":true,"href":"https:\/\/www.lamigraf.com\/tr\/wp-json\/wp\/v2\/characteristics?post=88687"},{"taxonomy":"product_apparence","embeddable":true,"href":"https:\/\/www.lamigraf.com\/tr\/wp-json\/wp\/v2\/appearance?post=88687"}],"curies":[{"name":"wp","href":"https:\/\/api.w.org\/{rel}","templated":true}]}}