{"id":89642,"date":"2024-06-07T09:50:45","date_gmt":"2024-06-07T07:50:45","guid":{"rendered":"https:\/\/www.lamigraf.com\/designs\/boulevard\/"},"modified":"2025-04-23T15:36:15","modified_gmt":"2025-04-23T13:36:15","slug":"boulevard","status":"publish","type":"product","link":"https:\/\/www.lamigraf.com\/tr\/designs\/boulevard\/","title":{"rendered":"BOULEVARD"},"content":{"rendered":"\n<p>Uzun zamand\u0131r unutulmu\u015f Avrupa malzemelerinin ve a\u011fa\u00e7lar\u0131n\u0131n yeniden do\u011fu\u015fu.<br>Modern ve zamans\u0131z bir ak\u00e7aa\u011fa\u00e7; \u00e7ok modern mobilya fikirleri i\u00e7in ideal ve g\u00f6ze batmayan bir tasar\u0131m.<br>\u00c7izgili damarlar ile tam ve yar\u0131m a\u00e7\u0131lm\u0131\u015f \u00e7i\u00e7ekler ve katedral desenlerinin renk a\u00e7\u0131s\u0131ndan zengin birle\u015fimi bu tasar\u0131m\u0131n ay\u0131rt edici \u00f6zelliklerindendir.<br>Bu ak\u00e7aa\u011fa\u00e7, sar\u0131dan ceviz tonlar\u0131na kadar m\u00fckemmel \u015fekilde renklendirilebilir.<\/p>\n\n\n\n<p><\/p>\n","protected":false},"excerpt":{"rendered":"<p>Uzun zamand\u0131r unutulmu\u015f Avrupa malzemelerinin ve a\u011fa\u00e7lar\u0131n\u0131n yeniden do\u011fu\u015fu.Modern ve zamans\u0131z bir ak\u00e7aa\u011fa\u00e7; \u00e7ok modern mobilya fikirleri i\u00e7in ideal ve g\u00f6ze batmayan bir tasar\u0131m.\u00c7izgili damarlar ile tam ve yar\u0131m a\u00e7\u0131lm\u0131\u015f \u00e7i\u00e7ekler ve katedral desenlerinin renk a\u00e7\u0131s\u0131ndan zengin birle\u015fimi bu tasar\u0131m\u0131n ay\u0131rt edici \u00f6zelliklerindendir.Bu ak\u00e7aa\u011fa\u00e7, sar\u0131dan ceviz tonlar\u0131na kadar m\u00fckemmel \u015fekilde renklendirilebilir.<\/p>\n","protected":false},"featured_media":15042,"template":"","meta":{"_acf_changed":false,"_gspb_post_css":"","footnotes":""},"applications":[1062],"design-types":[929,974],"characteristics":[1015,1007],"appearance":[1043],"class_list":["post-89642","product","type-product","status-publish","has-post-thumbnail","hentry","product_applications-furniture-tk","product_type-wood-tk","product_type-maple-tk","product_characteristics-planked-tk","product_characteristics-half-cathedrals-tk","product_apparence-oiled-varnished-tk"],"acf":{"code":"2769","peripheral_development":"1300","axial_development":"2200","cylinders":"3","data_sheet":78883,"collections":[{"code":"2769-0301","thumbnail":85278,"render":78384},{"code":"2769-0302","thumbnail":85284,"render":78390},{"code":"2769-0303","thumbnail":85290,"render":78396},{"code":"2769-0304","thumbnail":85296,"render":78402}],"usages":[15049,15056,15063,85302],"inspiration":{"top":{"title":"Duvar paneli","thumbnail":48292,"reference":"02435-0103"},"bottom_title":"Raflar"},"hover_image":15063,"eir":"","collaborator":{"name":"","link":""},"synchro_wood":false,"novedad":false},"yoast_head":"<!-- This site is optimized with the Yoast SEO plugin v25.2 - https:\/\/yoast.com\/wordpress\/plugins\/seo\/ -->\n<title>BOULEVARD - Lamigraf<\/title>\n<meta name=\"robots\" content=\"index, follow, max-snippet:-1, max-image-preview:large, max-video-preview:-1\" \/>\n<link rel=\"canonical\" href=\"https:\/\/www.lamigraf.com\/tr\/designs\/boulevard\/\" \/>\n<meta property=\"og:locale\" content=\"tr_TR\" \/>\n<meta property=\"og:type\" content=\"article\" \/>\n<meta property=\"og:title\" content=\"BOULEVARD - Lamigraf\" \/>\n<meta property=\"og:description\" content=\"Uzun zamand\u0131r unutulmu\u015f Avrupa malzemelerinin ve a\u011fa\u00e7lar\u0131n\u0131n yeniden do\u011fu\u015fu.Modern ve zamans\u0131z bir ak\u00e7aa\u011fa\u00e7; \u00e7ok modern mobilya fikirleri i\u00e7in ideal ve g\u00f6ze batmayan bir tasar\u0131m.\u00c7izgili damarlar ile tam ve yar\u0131m a\u00e7\u0131lm\u0131\u015f \u00e7i\u00e7ekler ve katedral desenlerinin renk a\u00e7\u0131s\u0131ndan zengin birle\u015fimi bu tasar\u0131m\u0131n ay\u0131rt edici \u00f6zelliklerindendir.Bu ak\u00e7aa\u011fa\u00e7, sar\u0131dan ceviz tonlar\u0131na kadar m\u00fckemmel \u015fekilde renklendirilebilir.\" \/>\n<meta property=\"og:url\" content=\"https:\/\/www.lamigraf.com\/tr\/designs\/boulevard\/\" \/>\n<meta property=\"og:site_name\" content=\"Lamigraf\" \/>\n<meta property=\"article:modified_time\" content=\"2025-04-23T13:36:15+00:00\" \/>\n<meta property=\"og:image\" content=\"https:\/\/www.lamigraf.com\/wp-content\/uploads\/2024\/06\/02769-O-scaled.jpg\" \/>\n\t<meta property=\"og:image:width\" content=\"1339\" \/>\n\t<meta property=\"og:image:height\" content=\"2560\" \/>\n\t<meta property=\"og:image:type\" content=\"image\/jpeg\" \/>\n<meta name=\"twitter:card\" content=\"summary_large_image\" \/>\n<meta name=\"twitter:label1\" content=\"Tahmini okuma s\u00fcresi\" \/>\n\t<meta name=\"twitter:data1\" content=\"1 dakika\" \/>\n<script type=\"application\/ld+json\" class=\"yoast-schema-graph\">{\"@context\":\"https:\/\/schema.org\",\"@graph\":[{\"@type\":\"WebPage\",\"@id\":\"https:\/\/www.lamigraf.com\/tr\/designs\/boulevard\/\",\"url\":\"https:\/\/www.lamigraf.com\/tr\/designs\/boulevard\/\",\"name\":\"BOULEVARD - Lamigraf\",\"isPartOf\":{\"@id\":\"https:\/\/www.lamigraf.com\/#website\"},\"primaryImageOfPage\":{\"@id\":\"https:\/\/www.lamigraf.com\/tr\/designs\/boulevard\/#primaryimage\"},\"image\":{\"@id\":\"https:\/\/www.lamigraf.com\/tr\/designs\/boulevard\/#primaryimage\"},\"thumbnailUrl\":\"https:\/\/www.lamigraf.com\/wp-content\/uploads\/2024\/06\/02769-O-scaled.jpg\",\"datePublished\":\"2024-06-07T07:50:45+00:00\",\"dateModified\":\"2025-04-23T13:36:15+00:00\",\"breadcrumb\":{\"@id\":\"https:\/\/www.lamigraf.com\/tr\/designs\/boulevard\/#breadcrumb\"},\"inLanguage\":\"tr\",\"potentialAction\":[{\"@type\":\"ReadAction\",\"target\":[\"https:\/\/www.lamigraf.com\/tr\/designs\/boulevard\/\"]}]},{\"@type\":\"ImageObject\",\"inLanguage\":\"tr\",\"@id\":\"https:\/\/www.lamigraf.com\/tr\/designs\/boulevard\/#primaryimage\",\"url\":\"https:\/\/www.lamigraf.com\/wp-content\/uploads\/2024\/06\/02769-O-scaled.jpg\",\"contentUrl\":\"https:\/\/www.lamigraf.com\/wp-content\/uploads\/2024\/06\/02769-O-scaled.jpg\",\"width\":1339,\"height\":2560},{\"@type\":\"BreadcrumbList\",\"@id\":\"https:\/\/www.lamigraf.com\/tr\/designs\/boulevard\/#breadcrumb\",\"itemListElement\":[{\"@type\":\"ListItem\",\"position\":1,\"name\":\"Home\",\"item\":\"https:\/\/www.lamigraf.com\/tr\/\"},{\"@type\":\"ListItem\",\"position\":2,\"name\":\"Designs\",\"item\":\"https:\/\/www.lamigraf.com\/designs\/\"},{\"@type\":\"ListItem\",\"position\":3,\"name\":\"BOULEVARD\"}]},{\"@type\":\"WebSite\",\"@id\":\"https:\/\/www.lamigraf.com\/#website\",\"url\":\"https:\/\/www.lamigraf.com\/\",\"name\":\"Lamigraf\",\"description\":\"\",\"publisher\":{\"@id\":\"https:\/\/www.lamigraf.com\/#organization\"},\"potentialAction\":[{\"@type\":\"SearchAction\",\"target\":{\"@type\":\"EntryPoint\",\"urlTemplate\":\"https:\/\/www.lamigraf.com\/?s={search_term_string}\"},\"query-input\":{\"@type\":\"PropertyValueSpecification\",\"valueRequired\":true,\"valueName\":\"search_term_string\"}}],\"inLanguage\":\"tr\"},{\"@type\":\"Organization\",\"@id\":\"https:\/\/www.lamigraf.com\/#organization\",\"name\":\"Lamigraf\",\"url\":\"https:\/\/www.lamigraf.com\/\",\"logo\":{\"@type\":\"ImageObject\",\"inLanguage\":\"tr\",\"@id\":\"https:\/\/www.lamigraf.com\/#\/schema\/logo\/image\/\",\"url\":\"https:\/\/www.lamigraf.com\/wp-content\/uploads\/2024\/05\/Logo-white.svg\",\"contentUrl\":\"https:\/\/www.lamigraf.com\/wp-content\/uploads\/2024\/05\/Logo-white.svg\",\"width\":147,\"height\":36,\"caption\":\"Lamigraf\"},\"image\":{\"@id\":\"https:\/\/www.lamigraf.com\/#\/schema\/logo\/image\/\"}}]}<\/script>\n<!-- \/ Yoast SEO plugin. -->","yoast_head_json":{"title":"BOULEVARD - Lamigraf","robots":{"index":"index","follow":"follow","max-snippet":"max-snippet:-1","max-image-preview":"max-image-preview:large","max-video-preview":"max-video-preview:-1"},"canonical":"https:\/\/www.lamigraf.com\/tr\/designs\/boulevard\/","og_locale":"tr_TR","og_type":"article","og_title":"BOULEVARD - Lamigraf","og_description":"Uzun zamand\u0131r unutulmu\u015f Avrupa malzemelerinin ve a\u011fa\u00e7lar\u0131n\u0131n yeniden do\u011fu\u015fu.Modern ve zamans\u0131z bir ak\u00e7aa\u011fa\u00e7; \u00e7ok modern mobilya fikirleri i\u00e7in ideal ve g\u00f6ze batmayan bir tasar\u0131m.\u00c7izgili damarlar ile tam ve yar\u0131m a\u00e7\u0131lm\u0131\u015f \u00e7i\u00e7ekler ve katedral desenlerinin renk a\u00e7\u0131s\u0131ndan zengin birle\u015fimi bu tasar\u0131m\u0131n ay\u0131rt edici \u00f6zelliklerindendir.Bu ak\u00e7aa\u011fa\u00e7, sar\u0131dan ceviz tonlar\u0131na kadar m\u00fckemmel \u015fekilde renklendirilebilir.","og_url":"https:\/\/www.lamigraf.com\/tr\/designs\/boulevard\/","og_site_name":"Lamigraf","article_modified_time":"2025-04-23T13:36:15+00:00","og_image":[{"width":1339,"height":2560,"url":"https:\/\/www.lamigraf.com\/wp-content\/uploads\/2024\/06\/02769-O-scaled.jpg","type":"image\/jpeg"}],"twitter_card":"summary_large_image","twitter_misc":{"Tahmini okuma s\u00fcresi":"1 dakika"},"schema":{"@context":"https:\/\/schema.org","@graph":[{"@type":"WebPage","@id":"https:\/\/www.lamigraf.com\/tr\/designs\/boulevard\/","url":"https:\/\/www.lamigraf.com\/tr\/designs\/boulevard\/","name":"BOULEVARD - Lamigraf","isPartOf":{"@id":"https:\/\/www.lamigraf.com\/#website"},"primaryImageOfPage":{"@id":"https:\/\/www.lamigraf.com\/tr\/designs\/boulevard\/#primaryimage"},"image":{"@id":"https:\/\/www.lamigraf.com\/tr\/designs\/boulevard\/#primaryimage"},"thumbnailUrl":"https:\/\/www.lamigraf.com\/wp-content\/uploads\/2024\/06\/02769-O-scaled.jpg","datePublished":"2024-06-07T07:50:45+00:00","dateModified":"2025-04-23T13:36:15+00:00","breadcrumb":{"@id":"https:\/\/www.lamigraf.com\/tr\/designs\/boulevard\/#breadcrumb"},"inLanguage":"tr","potentialAction":[{"@type":"ReadAction","target":["https:\/\/www.lamigraf.com\/tr\/designs\/boulevard\/"]}]},{"@type":"ImageObject","inLanguage":"tr","@id":"https:\/\/www.lamigraf.com\/tr\/designs\/boulevard\/#primaryimage","url":"https:\/\/www.lamigraf.com\/wp-content\/uploads\/2024\/06\/02769-O-scaled.jpg","contentUrl":"https:\/\/www.lamigraf.com\/wp-content\/uploads\/2024\/06\/02769-O-scaled.jpg","width":1339,"height":2560},{"@type":"BreadcrumbList","@id":"https:\/\/www.lamigraf.com\/tr\/designs\/boulevard\/#breadcrumb","itemListElement":[{"@type":"ListItem","position":1,"name":"Home","item":"https:\/\/www.lamigraf.com\/tr\/"},{"@type":"ListItem","position":2,"name":"Designs","item":"https:\/\/www.lamigraf.com\/designs\/"},{"@type":"ListItem","position":3,"name":"BOULEVARD"}]},{"@type":"WebSite","@id":"https:\/\/www.lamigraf.com\/#website","url":"https:\/\/www.lamigraf.com\/","name":"Lamigraf","description":"","publisher":{"@id":"https:\/\/www.lamigraf.com\/#organization"},"potentialAction":[{"@type":"SearchAction","target":{"@type":"EntryPoint","urlTemplate":"https:\/\/www.lamigraf.com\/?s={search_term_string}"},"query-input":{"@type":"PropertyValueSpecification","valueRequired":true,"valueName":"search_term_string"}}],"inLanguage":"tr"},{"@type":"Organization","@id":"https:\/\/www.lamigraf.com\/#organization","name":"Lamigraf","url":"https:\/\/www.lamigraf.com\/","logo":{"@type":"ImageObject","inLanguage":"tr","@id":"https:\/\/www.lamigraf.com\/#\/schema\/logo\/image\/","url":"https:\/\/www.lamigraf.com\/wp-content\/uploads\/2024\/05\/Logo-white.svg","contentUrl":"https:\/\/www.lamigraf.com\/wp-content\/uploads\/2024\/05\/Logo-white.svg","width":147,"height":36,"caption":"Lamigraf"},"image":{"@id":"https:\/\/www.lamigraf.com\/#\/schema\/logo\/image\/"}}]}},"_links":{"self":[{"href":"https:\/\/www.lamigraf.com\/tr\/wp-json\/wp\/v2\/product\/89642","targetHints":{"allow":["GET"]}}],"collection":[{"href":"https:\/\/www.lamigraf.com\/tr\/wp-json\/wp\/v2\/product"}],"about":[{"href":"https:\/\/www.lamigraf.com\/tr\/wp-json\/wp\/v2\/types\/product"}],"version-history":[{"count":1,"href":"https:\/\/www.lamigraf.com\/tr\/wp-json\/wp\/v2\/product\/89642\/revisions"}],"predecessor-version":[{"id":89647,"href":"https:\/\/www.lamigraf.com\/tr\/wp-json\/wp\/v2\/product\/89642\/revisions\/89647"}],"acf:attachment":[{"embeddable":true,"href":"https:\/\/www.lamigraf.com\/tr\/wp-json\/wp\/v2\/media\/85302"},{"embeddable":true,"href":"https:\/\/www.lamigraf.com\/tr\/wp-json\/wp\/v2\/media\/15063"},{"embeddable":true,"href":"https:\/\/www.lamigraf.com\/tr\/wp-json\/wp\/v2\/media\/15056"},{"embeddable":true,"href":"https:\/\/www.lamigraf.com\/tr\/wp-json\/wp\/v2\/media\/15049"}],"wp:featuredmedia":[{"embeddable":true,"href":"https:\/\/www.lamigraf.com\/tr\/wp-json\/wp\/v2\/media\/15042"}],"wp:attachment":[{"href":"https:\/\/www.lamigraf.com\/tr\/wp-json\/wp\/v2\/media?parent=89642"}],"wp:term":[{"taxonomy":"product_applications","embeddable":true,"href":"https:\/\/www.lamigraf.com\/tr\/wp-json\/wp\/v2\/applications?post=89642"},{"taxonomy":"product_type","embeddable":true,"href":"https:\/\/www.lamigraf.com\/tr\/wp-json\/wp\/v2\/design-types?post=89642"},{"taxonomy":"product_characteristics","embeddable":true,"href":"https:\/\/www.lamigraf.com\/tr\/wp-json\/wp\/v2\/characteristics?post=89642"},{"taxonomy":"product_apparence","embeddable":true,"href":"https:\/\/www.lamigraf.com\/tr\/wp-json\/wp\/v2\/appearance?post=89642"}],"curies":[{"name":"wp","href":"https:\/\/api.w.org\/{rel}","templated":true}]}}