{"id":89650,"date":"2024-06-07T09:50:43","date_gmt":"2024-06-07T07:50:43","guid":{"rendered":"https:\/\/www.lamigraf.com\/designs\/wimberley-oak\/"},"modified":"2025-04-23T15:45:00","modified_gmt":"2025-04-23T13:45:00","slug":"wimberley-oak","status":"publish","type":"product","link":"https:\/\/www.lamigraf.com\/tr\/designs\/wimberley-oak\/","title":{"rendered":"WIMBERLEY OAK"},"content":{"rendered":"\n<p>Kendine has ve tan\u0131nabilir bir me\u015fe a\u011fac\u0131 bulmak giderek zorla\u015f\u0131yor. \u0130\u015fte tan\u0131d\u0131k \u00f6zelliklere sahip ama tamamen yeni bir yorumla sunulan bir me\u015fe t\u00fcr\u00fc. Yumu\u015fak bir \u015fekilde \u0131s\u0131l i\u015flem g\u00f6rm\u00fc\u015f, ah\u015fap deseninde daha sakin bir karaktere sahip ve arka planda kalan, tekstil dokusunu and\u0131ran \u00e7ok a\u00e7\u0131k tonlu bir testere kesimiyle tasar\u0131ma zarif bir rustik hava kat\u0131yor.<\/p>\n","protected":false},"excerpt":{"rendered":"<p>Kendine has ve tan\u0131nabilir bir me\u015fe a\u011fac\u0131 bulmak giderek zorla\u015f\u0131yor. \u0130\u015fte tan\u0131d\u0131k \u00f6zelliklere sahip ama tamamen yeni bir yorumla sunulan bir me\u015fe t\u00fcr\u00fc. Yumu\u015fak bir \u015fekilde \u0131s\u0131l i\u015flem g\u00f6rm\u00fc\u015f, ah\u015fap deseninde daha sakin bir karaktere sahip ve arka planda kalan, tekstil dokusunu and\u0131ran \u00e7ok a\u00e7\u0131k tonlu bir testere kesimiyle tasar\u0131ma zarif bir rustik hava kat\u0131yor.<\/p>\n","protected":false},"featured_media":15700,"template":"","meta":{"_acf_changed":false,"_gspb_post_css":"","footnotes":""},"applications":[1062],"design-types":[929,977],"characteristics":[],"appearance":[1041,1046],"class_list":["post-89650","product","type-product","status-publish","has-post-thumbnail","hentry","product_applications-furniture-tk","product_type-wood-tk","product_type-oak-tk","product_apparence-brushed-tk","product_apparence-thermally-treated-tk"],"acf":{"code":"2783","peripheral_development":"1300","axial_development":"702","cylinders":"3","data_sheet":78833,"collections":[{"code":"2783-0201","thumbnail":85039,"render":78469},{"code":"2783-0301","thumbnail":85045,"render":78475},{"code":"2783-0302","thumbnail":85051,"render":78481},{"code":"2783-0303","thumbnail":85057,"render":78487},{"code":"2783-0304","thumbnail":85063,"render":78493}],"usages":[15707,78493],"inspiration":{"top":{"title":"Raflar","thumbnail":15630,"reference":"02782-0311"},"bottom_title":"\u00c7al\u0131\u015fma masas\u0131"},"hover_image":15707,"eir":"","collaborator":{"name":"","link":""},"synchro_wood":false,"novedad":false},"yoast_head":"<!-- This site is optimized with the Yoast SEO plugin v25.2 - https:\/\/yoast.com\/wordpress\/plugins\/seo\/ -->\n<title>WIMBERLEY OAK - Lamigraf<\/title>\n<meta name=\"robots\" content=\"index, follow, max-snippet:-1, max-image-preview:large, max-video-preview:-1\" \/>\n<link rel=\"canonical\" href=\"https:\/\/www.lamigraf.com\/tr\/designs\/wimberley-oak\/\" \/>\n<meta property=\"og:locale\" content=\"tr_TR\" \/>\n<meta property=\"og:type\" content=\"article\" \/>\n<meta property=\"og:title\" content=\"WIMBERLEY OAK - Lamigraf\" \/>\n<meta property=\"og:description\" content=\"Kendine has ve tan\u0131nabilir bir me\u015fe a\u011fac\u0131 bulmak giderek zorla\u015f\u0131yor. \u0130\u015fte tan\u0131d\u0131k \u00f6zelliklere sahip ama tamamen yeni bir yorumla sunulan bir me\u015fe t\u00fcr\u00fc. Yumu\u015fak bir \u015fekilde \u0131s\u0131l i\u015flem g\u00f6rm\u00fc\u015f, ah\u015fap deseninde daha sakin bir karaktere sahip ve arka planda kalan, tekstil dokusunu and\u0131ran \u00e7ok a\u00e7\u0131k tonlu bir testere kesimiyle tasar\u0131ma zarif bir rustik hava kat\u0131yor.\" \/>\n<meta property=\"og:url\" content=\"https:\/\/www.lamigraf.com\/tr\/designs\/wimberley-oak\/\" \/>\n<meta property=\"og:site_name\" content=\"Lamigraf\" \/>\n<meta property=\"article:modified_time\" content=\"2025-04-23T13:45:00+00:00\" \/>\n<meta property=\"og:image\" content=\"https:\/\/www.lamigraf.com\/wp-content\/uploads\/2024\/06\/02783-O-scaled.jpg\" \/>\n\t<meta property=\"og:image:width\" content=\"1383\" \/>\n\t<meta property=\"og:image:height\" content=\"2560\" \/>\n\t<meta property=\"og:image:type\" content=\"image\/jpeg\" \/>\n<meta name=\"twitter:card\" content=\"summary_large_image\" \/>\n<meta name=\"twitter:label1\" content=\"Tahmini okuma s\u00fcresi\" \/>\n\t<meta name=\"twitter:data1\" content=\"1 dakika\" \/>\n<script type=\"application\/ld+json\" class=\"yoast-schema-graph\">{\"@context\":\"https:\/\/schema.org\",\"@graph\":[{\"@type\":\"WebPage\",\"@id\":\"https:\/\/www.lamigraf.com\/tr\/designs\/wimberley-oak\/\",\"url\":\"https:\/\/www.lamigraf.com\/tr\/designs\/wimberley-oak\/\",\"name\":\"WIMBERLEY OAK - Lamigraf\",\"isPartOf\":{\"@id\":\"https:\/\/www.lamigraf.com\/#website\"},\"primaryImageOfPage\":{\"@id\":\"https:\/\/www.lamigraf.com\/tr\/designs\/wimberley-oak\/#primaryimage\"},\"image\":{\"@id\":\"https:\/\/www.lamigraf.com\/tr\/designs\/wimberley-oak\/#primaryimage\"},\"thumbnailUrl\":\"https:\/\/www.lamigraf.com\/wp-content\/uploads\/2024\/06\/02783-O-scaled.jpg\",\"datePublished\":\"2024-06-07T07:50:43+00:00\",\"dateModified\":\"2025-04-23T13:45:00+00:00\",\"breadcrumb\":{\"@id\":\"https:\/\/www.lamigraf.com\/tr\/designs\/wimberley-oak\/#breadcrumb\"},\"inLanguage\":\"tr\",\"potentialAction\":[{\"@type\":\"ReadAction\",\"target\":[\"https:\/\/www.lamigraf.com\/tr\/designs\/wimberley-oak\/\"]}]},{\"@type\":\"ImageObject\",\"inLanguage\":\"tr\",\"@id\":\"https:\/\/www.lamigraf.com\/tr\/designs\/wimberley-oak\/#primaryimage\",\"url\":\"https:\/\/www.lamigraf.com\/wp-content\/uploads\/2024\/06\/02783-O-scaled.jpg\",\"contentUrl\":\"https:\/\/www.lamigraf.com\/wp-content\/uploads\/2024\/06\/02783-O-scaled.jpg\",\"width\":1383,\"height\":2560},{\"@type\":\"BreadcrumbList\",\"@id\":\"https:\/\/www.lamigraf.com\/tr\/designs\/wimberley-oak\/#breadcrumb\",\"itemListElement\":[{\"@type\":\"ListItem\",\"position\":1,\"name\":\"Home\",\"item\":\"https:\/\/www.lamigraf.com\/tr\/\"},{\"@type\":\"ListItem\",\"position\":2,\"name\":\"Designs\",\"item\":\"https:\/\/www.lamigraf.com\/designs\/\"},{\"@type\":\"ListItem\",\"position\":3,\"name\":\"WIMBERLEY OAK\"}]},{\"@type\":\"WebSite\",\"@id\":\"https:\/\/www.lamigraf.com\/#website\",\"url\":\"https:\/\/www.lamigraf.com\/\",\"name\":\"Lamigraf\",\"description\":\"\",\"publisher\":{\"@id\":\"https:\/\/www.lamigraf.com\/#organization\"},\"potentialAction\":[{\"@type\":\"SearchAction\",\"target\":{\"@type\":\"EntryPoint\",\"urlTemplate\":\"https:\/\/www.lamigraf.com\/?s={search_term_string}\"},\"query-input\":{\"@type\":\"PropertyValueSpecification\",\"valueRequired\":true,\"valueName\":\"search_term_string\"}}],\"inLanguage\":\"tr\"},{\"@type\":\"Organization\",\"@id\":\"https:\/\/www.lamigraf.com\/#organization\",\"name\":\"Lamigraf\",\"url\":\"https:\/\/www.lamigraf.com\/\",\"logo\":{\"@type\":\"ImageObject\",\"inLanguage\":\"tr\",\"@id\":\"https:\/\/www.lamigraf.com\/#\/schema\/logo\/image\/\",\"url\":\"https:\/\/www.lamigraf.com\/wp-content\/uploads\/2024\/05\/Logo-white.svg\",\"contentUrl\":\"https:\/\/www.lamigraf.com\/wp-content\/uploads\/2024\/05\/Logo-white.svg\",\"width\":147,\"height\":36,\"caption\":\"Lamigraf\"},\"image\":{\"@id\":\"https:\/\/www.lamigraf.com\/#\/schema\/logo\/image\/\"}}]}<\/script>\n<!-- \/ Yoast SEO plugin. -->","yoast_head_json":{"title":"WIMBERLEY OAK - Lamigraf","robots":{"index":"index","follow":"follow","max-snippet":"max-snippet:-1","max-image-preview":"max-image-preview:large","max-video-preview":"max-video-preview:-1"},"canonical":"https:\/\/www.lamigraf.com\/tr\/designs\/wimberley-oak\/","og_locale":"tr_TR","og_type":"article","og_title":"WIMBERLEY OAK - Lamigraf","og_description":"Kendine has ve tan\u0131nabilir bir me\u015fe a\u011fac\u0131 bulmak giderek zorla\u015f\u0131yor. \u0130\u015fte tan\u0131d\u0131k \u00f6zelliklere sahip ama tamamen yeni bir yorumla sunulan bir me\u015fe t\u00fcr\u00fc. Yumu\u015fak bir \u015fekilde \u0131s\u0131l i\u015flem g\u00f6rm\u00fc\u015f, ah\u015fap deseninde daha sakin bir karaktere sahip ve arka planda kalan, tekstil dokusunu and\u0131ran \u00e7ok a\u00e7\u0131k tonlu bir testere kesimiyle tasar\u0131ma zarif bir rustik hava kat\u0131yor.","og_url":"https:\/\/www.lamigraf.com\/tr\/designs\/wimberley-oak\/","og_site_name":"Lamigraf","article_modified_time":"2025-04-23T13:45:00+00:00","og_image":[{"width":1383,"height":2560,"url":"https:\/\/www.lamigraf.com\/wp-content\/uploads\/2024\/06\/02783-O-scaled.jpg","type":"image\/jpeg"}],"twitter_card":"summary_large_image","twitter_misc":{"Tahmini okuma s\u00fcresi":"1 dakika"},"schema":{"@context":"https:\/\/schema.org","@graph":[{"@type":"WebPage","@id":"https:\/\/www.lamigraf.com\/tr\/designs\/wimberley-oak\/","url":"https:\/\/www.lamigraf.com\/tr\/designs\/wimberley-oak\/","name":"WIMBERLEY OAK - Lamigraf","isPartOf":{"@id":"https:\/\/www.lamigraf.com\/#website"},"primaryImageOfPage":{"@id":"https:\/\/www.lamigraf.com\/tr\/designs\/wimberley-oak\/#primaryimage"},"image":{"@id":"https:\/\/www.lamigraf.com\/tr\/designs\/wimberley-oak\/#primaryimage"},"thumbnailUrl":"https:\/\/www.lamigraf.com\/wp-content\/uploads\/2024\/06\/02783-O-scaled.jpg","datePublished":"2024-06-07T07:50:43+00:00","dateModified":"2025-04-23T13:45:00+00:00","breadcrumb":{"@id":"https:\/\/www.lamigraf.com\/tr\/designs\/wimberley-oak\/#breadcrumb"},"inLanguage":"tr","potentialAction":[{"@type":"ReadAction","target":["https:\/\/www.lamigraf.com\/tr\/designs\/wimberley-oak\/"]}]},{"@type":"ImageObject","inLanguage":"tr","@id":"https:\/\/www.lamigraf.com\/tr\/designs\/wimberley-oak\/#primaryimage","url":"https:\/\/www.lamigraf.com\/wp-content\/uploads\/2024\/06\/02783-O-scaled.jpg","contentUrl":"https:\/\/www.lamigraf.com\/wp-content\/uploads\/2024\/06\/02783-O-scaled.jpg","width":1383,"height":2560},{"@type":"BreadcrumbList","@id":"https:\/\/www.lamigraf.com\/tr\/designs\/wimberley-oak\/#breadcrumb","itemListElement":[{"@type":"ListItem","position":1,"name":"Home","item":"https:\/\/www.lamigraf.com\/tr\/"},{"@type":"ListItem","position":2,"name":"Designs","item":"https:\/\/www.lamigraf.com\/designs\/"},{"@type":"ListItem","position":3,"name":"WIMBERLEY OAK"}]},{"@type":"WebSite","@id":"https:\/\/www.lamigraf.com\/#website","url":"https:\/\/www.lamigraf.com\/","name":"Lamigraf","description":"","publisher":{"@id":"https:\/\/www.lamigraf.com\/#organization"},"potentialAction":[{"@type":"SearchAction","target":{"@type":"EntryPoint","urlTemplate":"https:\/\/www.lamigraf.com\/?s={search_term_string}"},"query-input":{"@type":"PropertyValueSpecification","valueRequired":true,"valueName":"search_term_string"}}],"inLanguage":"tr"},{"@type":"Organization","@id":"https:\/\/www.lamigraf.com\/#organization","name":"Lamigraf","url":"https:\/\/www.lamigraf.com\/","logo":{"@type":"ImageObject","inLanguage":"tr","@id":"https:\/\/www.lamigraf.com\/#\/schema\/logo\/image\/","url":"https:\/\/www.lamigraf.com\/wp-content\/uploads\/2024\/05\/Logo-white.svg","contentUrl":"https:\/\/www.lamigraf.com\/wp-content\/uploads\/2024\/05\/Logo-white.svg","width":147,"height":36,"caption":"Lamigraf"},"image":{"@id":"https:\/\/www.lamigraf.com\/#\/schema\/logo\/image\/"}}]}},"_links":{"self":[{"href":"https:\/\/www.lamigraf.com\/tr\/wp-json\/wp\/v2\/product\/89650","targetHints":{"allow":["GET"]}}],"collection":[{"href":"https:\/\/www.lamigraf.com\/tr\/wp-json\/wp\/v2\/product"}],"about":[{"href":"https:\/\/www.lamigraf.com\/tr\/wp-json\/wp\/v2\/types\/product"}],"version-history":[{"count":1,"href":"https:\/\/www.lamigraf.com\/tr\/wp-json\/wp\/v2\/product\/89650\/revisions"}],"predecessor-version":[{"id":89655,"href":"https:\/\/www.lamigraf.com\/tr\/wp-json\/wp\/v2\/product\/89650\/revisions\/89655"}],"acf:attachment":[{"embeddable":true,"href":"https:\/\/www.lamigraf.com\/tr\/wp-json\/wp\/v2\/media\/78493"},{"embeddable":true,"href":"https:\/\/www.lamigraf.com\/tr\/wp-json\/wp\/v2\/media\/15707"}],"wp:featuredmedia":[{"embeddable":true,"href":"https:\/\/www.lamigraf.com\/tr\/wp-json\/wp\/v2\/media\/15700"}],"wp:attachment":[{"href":"https:\/\/www.lamigraf.com\/tr\/wp-json\/wp\/v2\/media?parent=89650"}],"wp:term":[{"taxonomy":"product_applications","embeddable":true,"href":"https:\/\/www.lamigraf.com\/tr\/wp-json\/wp\/v2\/applications?post=89650"},{"taxonomy":"product_type","embeddable":true,"href":"https:\/\/www.lamigraf.com\/tr\/wp-json\/wp\/v2\/design-types?post=89650"},{"taxonomy":"product_characteristics","embeddable":true,"href":"https:\/\/www.lamigraf.com\/tr\/wp-json\/wp\/v2\/characteristics?post=89650"},{"taxonomy":"product_apparence","embeddable":true,"href":"https:\/\/www.lamigraf.com\/tr\/wp-json\/wp\/v2\/appearance?post=89650"}],"curies":[{"name":"wp","href":"https:\/\/api.w.org\/{rel}","templated":true}]}}