{"id":89667,"date":"2024-06-07T09:50:44","date_gmt":"2024-06-07T07:50:44","guid":{"rendered":"https:\/\/www.lamigraf.com\/designs\/yucatan\/"},"modified":"2025-04-23T15:54:48","modified_gmt":"2025-04-23T13:54:48","slug":"yucatan","status":"publish","type":"product","link":"https:\/\/www.lamigraf.com\/tr\/designs\/yucatan\/","title":{"rendered":"YUCATAN"},"content":{"rendered":"\n<p>Do\u011frusal tasar\u0131mlara olan talep a\u00e7\u0131k\u00e7a g\u00f6r\u00fcl\u00fcyor ve Yucatan, bu t\u00fcr talepler i\u00e7in \u00e7ok taze ve \u00e7a\u011fda\u015f bir me\u015fe \u00f6nerisi sunuyor.<br>Hafif rustik dokusuyla ve rastgele da\u011f\u0131t\u0131lm\u0131\u015f ince \u015feritleriyle rahat ve modern bir tasar\u0131m elde ediliyor.<\/p>\n","protected":false},"excerpt":{"rendered":"<p>Do\u011frusal tasar\u0131mlara olan talep a\u00e7\u0131k\u00e7a g\u00f6r\u00fcl\u00fcyor ve Yucatan, bu t\u00fcr talepler i\u00e7in \u00e7ok taze ve \u00e7a\u011fda\u015f bir me\u015fe \u00f6nerisi sunuyor.Hafif rustik dokusuyla ve rastgele da\u011f\u0131t\u0131lm\u0131\u015f ince \u015feritleriyle rahat ve modern bir tasar\u0131m elde ediliyor.<\/p>\n","protected":false},"featured_media":15119,"template":"","meta":{"_acf_changed":false,"_gspb_post_css":"","footnotes":""},"applications":[1062],"design-types":[929,977],"characteristics":[1016],"appearance":[1041],"class_list":["post-89667","product","type-product","status-publish","has-post-thumbnail","hentry","product_applications-furniture-tk","product_type-wood-tk","product_type-oak-tk","product_characteristics-striped-tk","product_apparence-brushed-tk"],"acf":{"code":"2755","peripheral_development":"1300","axial_development":"2200","cylinders":"3","data_sheet":78939,"collections":[{"code":"2755-0303","thumbnail":15077,"render":78456},{"code":"2755-D013","thumbnail":15098,"render":78450},{"code":"2755-D025","thumbnail":15147,"render":78438},{"code":"2755-D031","thumbnail":15105,"render":78438}],"usages":[15126,15133,15140,78438],"inspiration":{"top":{"title":"","thumbnail":"","reference":""},"bottom_title":""},"hover_image":15140,"eir":"","collaborator":{"name":"","link":""},"synchro_wood":false,"novedad":false},"yoast_head":"<!-- This site is optimized with the Yoast SEO plugin v25.2 - https:\/\/yoast.com\/wordpress\/plugins\/seo\/ -->\n<title>YUCATAN - Lamigraf<\/title>\n<meta name=\"robots\" content=\"index, follow, max-snippet:-1, max-image-preview:large, max-video-preview:-1\" \/>\n<link rel=\"canonical\" href=\"https:\/\/www.lamigraf.com\/tr\/designs\/yucatan\/\" \/>\n<meta property=\"og:locale\" content=\"tr_TR\" \/>\n<meta property=\"og:type\" content=\"article\" \/>\n<meta property=\"og:title\" content=\"YUCATAN - Lamigraf\" \/>\n<meta property=\"og:description\" content=\"Do\u011frusal tasar\u0131mlara olan talep a\u00e7\u0131k\u00e7a g\u00f6r\u00fcl\u00fcyor ve Yucatan, bu t\u00fcr talepler i\u00e7in \u00e7ok taze ve \u00e7a\u011fda\u015f bir me\u015fe \u00f6nerisi sunuyor.Hafif rustik dokusuyla ve rastgele da\u011f\u0131t\u0131lm\u0131\u015f ince \u015feritleriyle rahat ve modern bir tasar\u0131m elde ediliyor.\" \/>\n<meta property=\"og:url\" content=\"https:\/\/www.lamigraf.com\/tr\/designs\/yucatan\/\" \/>\n<meta property=\"og:site_name\" content=\"Lamigraf\" \/>\n<meta property=\"article:modified_time\" content=\"2025-04-23T13:54:48+00:00\" \/>\n<meta property=\"og:image\" content=\"https:\/\/www.lamigraf.com\/wp-content\/uploads\/2024\/06\/02755-O-scaled.jpg\" \/>\n\t<meta property=\"og:image:width\" content=\"1354\" \/>\n\t<meta property=\"og:image:height\" content=\"2560\" \/>\n\t<meta property=\"og:image:type\" content=\"image\/jpeg\" \/>\n<meta name=\"twitter:card\" content=\"summary_large_image\" \/>\n<meta name=\"twitter:label1\" content=\"Tahmini okuma s\u00fcresi\" \/>\n\t<meta name=\"twitter:data1\" content=\"1 dakika\" \/>\n<script type=\"application\/ld+json\" class=\"yoast-schema-graph\">{\"@context\":\"https:\/\/schema.org\",\"@graph\":[{\"@type\":\"WebPage\",\"@id\":\"https:\/\/www.lamigraf.com\/tr\/designs\/yucatan\/\",\"url\":\"https:\/\/www.lamigraf.com\/tr\/designs\/yucatan\/\",\"name\":\"YUCATAN - Lamigraf\",\"isPartOf\":{\"@id\":\"https:\/\/www.lamigraf.com\/#website\"},\"primaryImageOfPage\":{\"@id\":\"https:\/\/www.lamigraf.com\/tr\/designs\/yucatan\/#primaryimage\"},\"image\":{\"@id\":\"https:\/\/www.lamigraf.com\/tr\/designs\/yucatan\/#primaryimage\"},\"thumbnailUrl\":\"https:\/\/www.lamigraf.com\/wp-content\/uploads\/2024\/06\/02755-O-scaled.jpg\",\"datePublished\":\"2024-06-07T07:50:44+00:00\",\"dateModified\":\"2025-04-23T13:54:48+00:00\",\"breadcrumb\":{\"@id\":\"https:\/\/www.lamigraf.com\/tr\/designs\/yucatan\/#breadcrumb\"},\"inLanguage\":\"tr\",\"potentialAction\":[{\"@type\":\"ReadAction\",\"target\":[\"https:\/\/www.lamigraf.com\/tr\/designs\/yucatan\/\"]}]},{\"@type\":\"ImageObject\",\"inLanguage\":\"tr\",\"@id\":\"https:\/\/www.lamigraf.com\/tr\/designs\/yucatan\/#primaryimage\",\"url\":\"https:\/\/www.lamigraf.com\/wp-content\/uploads\/2024\/06\/02755-O-scaled.jpg\",\"contentUrl\":\"https:\/\/www.lamigraf.com\/wp-content\/uploads\/2024\/06\/02755-O-scaled.jpg\",\"width\":1354,\"height\":2560},{\"@type\":\"BreadcrumbList\",\"@id\":\"https:\/\/www.lamigraf.com\/tr\/designs\/yucatan\/#breadcrumb\",\"itemListElement\":[{\"@type\":\"ListItem\",\"position\":1,\"name\":\"Home\",\"item\":\"https:\/\/www.lamigraf.com\/tr\/\"},{\"@type\":\"ListItem\",\"position\":2,\"name\":\"Designs\",\"item\":\"https:\/\/www.lamigraf.com\/designs\/\"},{\"@type\":\"ListItem\",\"position\":3,\"name\":\"YUCATAN\"}]},{\"@type\":\"WebSite\",\"@id\":\"https:\/\/www.lamigraf.com\/#website\",\"url\":\"https:\/\/www.lamigraf.com\/\",\"name\":\"Lamigraf\",\"description\":\"\",\"publisher\":{\"@id\":\"https:\/\/www.lamigraf.com\/#organization\"},\"potentialAction\":[{\"@type\":\"SearchAction\",\"target\":{\"@type\":\"EntryPoint\",\"urlTemplate\":\"https:\/\/www.lamigraf.com\/?s={search_term_string}\"},\"query-input\":{\"@type\":\"PropertyValueSpecification\",\"valueRequired\":true,\"valueName\":\"search_term_string\"}}],\"inLanguage\":\"tr\"},{\"@type\":\"Organization\",\"@id\":\"https:\/\/www.lamigraf.com\/#organization\",\"name\":\"Lamigraf\",\"url\":\"https:\/\/www.lamigraf.com\/\",\"logo\":{\"@type\":\"ImageObject\",\"inLanguage\":\"tr\",\"@id\":\"https:\/\/www.lamigraf.com\/#\/schema\/logo\/image\/\",\"url\":\"https:\/\/www.lamigraf.com\/wp-content\/uploads\/2024\/05\/Logo-white.svg\",\"contentUrl\":\"https:\/\/www.lamigraf.com\/wp-content\/uploads\/2024\/05\/Logo-white.svg\",\"width\":147,\"height\":36,\"caption\":\"Lamigraf\"},\"image\":{\"@id\":\"https:\/\/www.lamigraf.com\/#\/schema\/logo\/image\/\"}}]}<\/script>\n<!-- \/ Yoast SEO plugin. -->","yoast_head_json":{"title":"YUCATAN - Lamigraf","robots":{"index":"index","follow":"follow","max-snippet":"max-snippet:-1","max-image-preview":"max-image-preview:large","max-video-preview":"max-video-preview:-1"},"canonical":"https:\/\/www.lamigraf.com\/tr\/designs\/yucatan\/","og_locale":"tr_TR","og_type":"article","og_title":"YUCATAN - Lamigraf","og_description":"Do\u011frusal tasar\u0131mlara olan talep a\u00e7\u0131k\u00e7a g\u00f6r\u00fcl\u00fcyor ve Yucatan, bu t\u00fcr talepler i\u00e7in \u00e7ok taze ve \u00e7a\u011fda\u015f bir me\u015fe \u00f6nerisi sunuyor.Hafif rustik dokusuyla ve rastgele da\u011f\u0131t\u0131lm\u0131\u015f ince \u015feritleriyle rahat ve modern bir tasar\u0131m elde ediliyor.","og_url":"https:\/\/www.lamigraf.com\/tr\/designs\/yucatan\/","og_site_name":"Lamigraf","article_modified_time":"2025-04-23T13:54:48+00:00","og_image":[{"width":1354,"height":2560,"url":"https:\/\/www.lamigraf.com\/wp-content\/uploads\/2024\/06\/02755-O-scaled.jpg","type":"image\/jpeg"}],"twitter_card":"summary_large_image","twitter_misc":{"Tahmini okuma s\u00fcresi":"1 dakika"},"schema":{"@context":"https:\/\/schema.org","@graph":[{"@type":"WebPage","@id":"https:\/\/www.lamigraf.com\/tr\/designs\/yucatan\/","url":"https:\/\/www.lamigraf.com\/tr\/designs\/yucatan\/","name":"YUCATAN - Lamigraf","isPartOf":{"@id":"https:\/\/www.lamigraf.com\/#website"},"primaryImageOfPage":{"@id":"https:\/\/www.lamigraf.com\/tr\/designs\/yucatan\/#primaryimage"},"image":{"@id":"https:\/\/www.lamigraf.com\/tr\/designs\/yucatan\/#primaryimage"},"thumbnailUrl":"https:\/\/www.lamigraf.com\/wp-content\/uploads\/2024\/06\/02755-O-scaled.jpg","datePublished":"2024-06-07T07:50:44+00:00","dateModified":"2025-04-23T13:54:48+00:00","breadcrumb":{"@id":"https:\/\/www.lamigraf.com\/tr\/designs\/yucatan\/#breadcrumb"},"inLanguage":"tr","potentialAction":[{"@type":"ReadAction","target":["https:\/\/www.lamigraf.com\/tr\/designs\/yucatan\/"]}]},{"@type":"ImageObject","inLanguage":"tr","@id":"https:\/\/www.lamigraf.com\/tr\/designs\/yucatan\/#primaryimage","url":"https:\/\/www.lamigraf.com\/wp-content\/uploads\/2024\/06\/02755-O-scaled.jpg","contentUrl":"https:\/\/www.lamigraf.com\/wp-content\/uploads\/2024\/06\/02755-O-scaled.jpg","width":1354,"height":2560},{"@type":"BreadcrumbList","@id":"https:\/\/www.lamigraf.com\/tr\/designs\/yucatan\/#breadcrumb","itemListElement":[{"@type":"ListItem","position":1,"name":"Home","item":"https:\/\/www.lamigraf.com\/tr\/"},{"@type":"ListItem","position":2,"name":"Designs","item":"https:\/\/www.lamigraf.com\/designs\/"},{"@type":"ListItem","position":3,"name":"YUCATAN"}]},{"@type":"WebSite","@id":"https:\/\/www.lamigraf.com\/#website","url":"https:\/\/www.lamigraf.com\/","name":"Lamigraf","description":"","publisher":{"@id":"https:\/\/www.lamigraf.com\/#organization"},"potentialAction":[{"@type":"SearchAction","target":{"@type":"EntryPoint","urlTemplate":"https:\/\/www.lamigraf.com\/?s={search_term_string}"},"query-input":{"@type":"PropertyValueSpecification","valueRequired":true,"valueName":"search_term_string"}}],"inLanguage":"tr"},{"@type":"Organization","@id":"https:\/\/www.lamigraf.com\/#organization","name":"Lamigraf","url":"https:\/\/www.lamigraf.com\/","logo":{"@type":"ImageObject","inLanguage":"tr","@id":"https:\/\/www.lamigraf.com\/#\/schema\/logo\/image\/","url":"https:\/\/www.lamigraf.com\/wp-content\/uploads\/2024\/05\/Logo-white.svg","contentUrl":"https:\/\/www.lamigraf.com\/wp-content\/uploads\/2024\/05\/Logo-white.svg","width":147,"height":36,"caption":"Lamigraf"},"image":{"@id":"https:\/\/www.lamigraf.com\/#\/schema\/logo\/image\/"}}]}},"_links":{"self":[{"href":"https:\/\/www.lamigraf.com\/tr\/wp-json\/wp\/v2\/product\/89667","targetHints":{"allow":["GET"]}}],"collection":[{"href":"https:\/\/www.lamigraf.com\/tr\/wp-json\/wp\/v2\/product"}],"about":[{"href":"https:\/\/www.lamigraf.com\/tr\/wp-json\/wp\/v2\/types\/product"}],"version-history":[{"count":1,"href":"https:\/\/www.lamigraf.com\/tr\/wp-json\/wp\/v2\/product\/89667\/revisions"}],"predecessor-version":[{"id":89672,"href":"https:\/\/www.lamigraf.com\/tr\/wp-json\/wp\/v2\/product\/89667\/revisions\/89672"}],"acf:attachment":[{"embeddable":true,"href":"https:\/\/www.lamigraf.com\/tr\/wp-json\/wp\/v2\/media\/78438"},{"embeddable":true,"href":"https:\/\/www.lamigraf.com\/tr\/wp-json\/wp\/v2\/media\/15140"},{"embeddable":true,"href":"https:\/\/www.lamigraf.com\/tr\/wp-json\/wp\/v2\/media\/15133"},{"embeddable":true,"href":"https:\/\/www.lamigraf.com\/tr\/wp-json\/wp\/v2\/media\/15126"}],"wp:featuredmedia":[{"embeddable":true,"href":"https:\/\/www.lamigraf.com\/tr\/wp-json\/wp\/v2\/media\/15119"}],"wp:attachment":[{"href":"https:\/\/www.lamigraf.com\/tr\/wp-json\/wp\/v2\/media?parent=89667"}],"wp:term":[{"taxonomy":"product_applications","embeddable":true,"href":"https:\/\/www.lamigraf.com\/tr\/wp-json\/wp\/v2\/applications?post=89667"},{"taxonomy":"product_type","embeddable":true,"href":"https:\/\/www.lamigraf.com\/tr\/wp-json\/wp\/v2\/design-types?post=89667"},{"taxonomy":"product_characteristics","embeddable":true,"href":"https:\/\/www.lamigraf.com\/tr\/wp-json\/wp\/v2\/characteristics?post=89667"},{"taxonomy":"product_apparence","embeddable":true,"href":"https:\/\/www.lamigraf.com\/tr\/wp-json\/wp\/v2\/appearance?post=89667"}],"curies":[{"name":"wp","href":"https:\/\/api.w.org\/{rel}","templated":true}]}}