{"id":89675,"date":"2024-06-07T09:50:43","date_gmt":"2024-06-07T07:50:43","guid":{"rendered":"https:\/\/www.lamigraf.com\/designs\/dune-rosse\/"},"modified":"2025-04-23T16:02:07","modified_gmt":"2025-04-23T14:02:07","slug":"dune-rosse","status":"publish","type":"product","link":"https:\/\/www.lamigraf.com\/tr\/designs\/dune-rosse\/","title":{"rendered":"DUNE ROSSE"},"content":{"rendered":"\n<p>De\u011ferli hammadde at\u0131klar\u0131ndan olu\u015fturulmu\u015f bir tasar\u0131m. Dune Rosse, metal i\u015fleme s\u0131ras\u0131nda ortaya \u00e7\u0131kan tala\u015flardan olu\u015fturulmu\u015ftur. D\u00fcz bir y\u00fczeye d\u00fczensiz \u015fekilde hizalanm\u0131\u015f k\u00fc\u00e7\u00fck tala\u015flar, \u0131\u015f\u0131kla etkile\u015fim i\u00e7inde benzersiz, homojen olmayan ama ayn\u0131 zamanda sakin bir y\u00fczey olu\u015fturur. Bir\u00e7ok trend d\u00fcz renkle m\u00fckemmel uyum sa\u011flar ve yap\u0131 ile renk i\u00e7in yepyeni bir oyun alan\u0131 yarat\u0131r.<\/p>\n","protected":false},"excerpt":{"rendered":"<p>De\u011ferli hammadde at\u0131klar\u0131ndan olu\u015fturulmu\u015f bir tasar\u0131m. Dune Rosse, metal i\u015fleme s\u0131ras\u0131nda ortaya \u00e7\u0131kan tala\u015flardan olu\u015fturulmu\u015ftur. D\u00fcz bir y\u00fczeye d\u00fczensiz \u015fekilde hizalanm\u0131\u015f k\u00fc\u00e7\u00fck tala\u015flar, \u0131\u015f\u0131kla etkile\u015fim i\u00e7inde benzersiz, homojen olmayan ama ayn\u0131 zamanda sakin bir y\u00fczey olu\u015fturur. Bir\u00e7ok trend d\u00fcz renkle m\u00fckemmel uyum sa\u011flar ve yap\u0131 ile renk i\u00e7in yepyeni bir oyun alan\u0131 yarat\u0131r.<\/p>\n","protected":false},"featured_media":15637,"template":"","meta":{"_acf_changed":false,"_gspb_post_css":"","footnotes":""},"applications":[1062],"design-types":[890,884],"characteristics":[1014],"appearance":[],"class_list":["post-89675","product","type-product","status-publish","has-post-thumbnail","hentry","product_applications-furniture-tk","product_type-fantasy-tk","product_type-creatives-tk","product_characteristics-metallic-effect-tk"],"acf":{"code":"2782","peripheral_development":"1250","axial_development":"2200","cylinders":"3","data_sheet":78840,"collections":[{"code":"2782-0302","thumbnail":85071,"render":78500},{"code":"2782-0307","thumbnail":85077,"render":78506},{"code":"2782-0309","thumbnail":85083,"render":81178},{"code":"2782-0310","thumbnail":85089,"render":81184},{"code":"2782-0311","thumbnail":85095,"render":78512},{"code":"2782-0312","thumbnail":85101,"render":78518}],"usages":[15644,15651,78518],"inspiration":{"top":{"title":"Raflar","thumbnail":18297,"reference":"02667-0301"},"bottom_title":"Mutfak tezgah\u0131"},"hover_image":15644,"eir":"","collaborator":{"name":"","link":""},"synchro_wood":false,"novedad":false},"yoast_head":"<!-- This site is optimized with the Yoast SEO plugin v25.2 - https:\/\/yoast.com\/wordpress\/plugins\/seo\/ -->\n<title>DUNE ROSSE - Lamigraf<\/title>\n<meta name=\"robots\" content=\"index, follow, max-snippet:-1, max-image-preview:large, max-video-preview:-1\" \/>\n<link rel=\"canonical\" href=\"https:\/\/www.lamigraf.com\/tr\/designs\/dune-rosse\/\" \/>\n<meta property=\"og:locale\" content=\"tr_TR\" \/>\n<meta property=\"og:type\" content=\"article\" \/>\n<meta property=\"og:title\" content=\"DUNE ROSSE - Lamigraf\" \/>\n<meta property=\"og:description\" content=\"De\u011ferli hammadde at\u0131klar\u0131ndan olu\u015fturulmu\u015f bir tasar\u0131m. Dune Rosse, metal i\u015fleme s\u0131ras\u0131nda ortaya \u00e7\u0131kan tala\u015flardan olu\u015fturulmu\u015ftur. D\u00fcz bir y\u00fczeye d\u00fczensiz \u015fekilde hizalanm\u0131\u015f k\u00fc\u00e7\u00fck tala\u015flar, \u0131\u015f\u0131kla etkile\u015fim i\u00e7inde benzersiz, homojen olmayan ama ayn\u0131 zamanda sakin bir y\u00fczey olu\u015fturur. Bir\u00e7ok trend d\u00fcz renkle m\u00fckemmel uyum sa\u011flar ve yap\u0131 ile renk i\u00e7in yepyeni bir oyun alan\u0131 yarat\u0131r.\" \/>\n<meta property=\"og:url\" content=\"https:\/\/www.lamigraf.com\/tr\/designs\/dune-rosse\/\" \/>\n<meta property=\"og:site_name\" content=\"Lamigraf\" \/>\n<meta property=\"article:modified_time\" content=\"2025-04-23T14:02:07+00:00\" \/>\n<meta property=\"og:image\" content=\"https:\/\/www.lamigraf.com\/wp-content\/uploads\/2024\/06\/02782-O-scaled.jpg\" \/>\n\t<meta property=\"og:image:width\" content=\"1259\" \/>\n\t<meta property=\"og:image:height\" content=\"2560\" \/>\n\t<meta property=\"og:image:type\" content=\"image\/jpeg\" \/>\n<meta name=\"twitter:card\" content=\"summary_large_image\" \/>\n<meta name=\"twitter:label1\" content=\"Tahmini okuma s\u00fcresi\" \/>\n\t<meta name=\"twitter:data1\" content=\"1 dakika\" \/>\n<script type=\"application\/ld+json\" class=\"yoast-schema-graph\">{\"@context\":\"https:\/\/schema.org\",\"@graph\":[{\"@type\":\"WebPage\",\"@id\":\"https:\/\/www.lamigraf.com\/tr\/designs\/dune-rosse\/\",\"url\":\"https:\/\/www.lamigraf.com\/tr\/designs\/dune-rosse\/\",\"name\":\"DUNE ROSSE - Lamigraf\",\"isPartOf\":{\"@id\":\"https:\/\/www.lamigraf.com\/#website\"},\"primaryImageOfPage\":{\"@id\":\"https:\/\/www.lamigraf.com\/tr\/designs\/dune-rosse\/#primaryimage\"},\"image\":{\"@id\":\"https:\/\/www.lamigraf.com\/tr\/designs\/dune-rosse\/#primaryimage\"},\"thumbnailUrl\":\"https:\/\/www.lamigraf.com\/wp-content\/uploads\/2024\/06\/02782-O-scaled.jpg\",\"datePublished\":\"2024-06-07T07:50:43+00:00\",\"dateModified\":\"2025-04-23T14:02:07+00:00\",\"breadcrumb\":{\"@id\":\"https:\/\/www.lamigraf.com\/tr\/designs\/dune-rosse\/#breadcrumb\"},\"inLanguage\":\"tr\",\"potentialAction\":[{\"@type\":\"ReadAction\",\"target\":[\"https:\/\/www.lamigraf.com\/tr\/designs\/dune-rosse\/\"]}]},{\"@type\":\"ImageObject\",\"inLanguage\":\"tr\",\"@id\":\"https:\/\/www.lamigraf.com\/tr\/designs\/dune-rosse\/#primaryimage\",\"url\":\"https:\/\/www.lamigraf.com\/wp-content\/uploads\/2024\/06\/02782-O-scaled.jpg\",\"contentUrl\":\"https:\/\/www.lamigraf.com\/wp-content\/uploads\/2024\/06\/02782-O-scaled.jpg\",\"width\":1259,\"height\":2560},{\"@type\":\"BreadcrumbList\",\"@id\":\"https:\/\/www.lamigraf.com\/tr\/designs\/dune-rosse\/#breadcrumb\",\"itemListElement\":[{\"@type\":\"ListItem\",\"position\":1,\"name\":\"Home\",\"item\":\"https:\/\/www.lamigraf.com\/tr\/\"},{\"@type\":\"ListItem\",\"position\":2,\"name\":\"Designs\",\"item\":\"https:\/\/www.lamigraf.com\/designs\/\"},{\"@type\":\"ListItem\",\"position\":3,\"name\":\"DUNE ROSSE\"}]},{\"@type\":\"WebSite\",\"@id\":\"https:\/\/www.lamigraf.com\/#website\",\"url\":\"https:\/\/www.lamigraf.com\/\",\"name\":\"Lamigraf\",\"description\":\"\",\"publisher\":{\"@id\":\"https:\/\/www.lamigraf.com\/#organization\"},\"potentialAction\":[{\"@type\":\"SearchAction\",\"target\":{\"@type\":\"EntryPoint\",\"urlTemplate\":\"https:\/\/www.lamigraf.com\/?s={search_term_string}\"},\"query-input\":{\"@type\":\"PropertyValueSpecification\",\"valueRequired\":true,\"valueName\":\"search_term_string\"}}],\"inLanguage\":\"tr\"},{\"@type\":\"Organization\",\"@id\":\"https:\/\/www.lamigraf.com\/#organization\",\"name\":\"Lamigraf\",\"url\":\"https:\/\/www.lamigraf.com\/\",\"logo\":{\"@type\":\"ImageObject\",\"inLanguage\":\"tr\",\"@id\":\"https:\/\/www.lamigraf.com\/#\/schema\/logo\/image\/\",\"url\":\"https:\/\/www.lamigraf.com\/wp-content\/uploads\/2024\/05\/Logo-white.svg\",\"contentUrl\":\"https:\/\/www.lamigraf.com\/wp-content\/uploads\/2024\/05\/Logo-white.svg\",\"width\":147,\"height\":36,\"caption\":\"Lamigraf\"},\"image\":{\"@id\":\"https:\/\/www.lamigraf.com\/#\/schema\/logo\/image\/\"}}]}<\/script>\n<!-- \/ Yoast SEO plugin. -->","yoast_head_json":{"title":"DUNE ROSSE - Lamigraf","robots":{"index":"index","follow":"follow","max-snippet":"max-snippet:-1","max-image-preview":"max-image-preview:large","max-video-preview":"max-video-preview:-1"},"canonical":"https:\/\/www.lamigraf.com\/tr\/designs\/dune-rosse\/","og_locale":"tr_TR","og_type":"article","og_title":"DUNE ROSSE - Lamigraf","og_description":"De\u011ferli hammadde at\u0131klar\u0131ndan olu\u015fturulmu\u015f bir tasar\u0131m. Dune Rosse, metal i\u015fleme s\u0131ras\u0131nda ortaya \u00e7\u0131kan tala\u015flardan olu\u015fturulmu\u015ftur. D\u00fcz bir y\u00fczeye d\u00fczensiz \u015fekilde hizalanm\u0131\u015f k\u00fc\u00e7\u00fck tala\u015flar, \u0131\u015f\u0131kla etkile\u015fim i\u00e7inde benzersiz, homojen olmayan ama ayn\u0131 zamanda sakin bir y\u00fczey olu\u015fturur. Bir\u00e7ok trend d\u00fcz renkle m\u00fckemmel uyum sa\u011flar ve yap\u0131 ile renk i\u00e7in yepyeni bir oyun alan\u0131 yarat\u0131r.","og_url":"https:\/\/www.lamigraf.com\/tr\/designs\/dune-rosse\/","og_site_name":"Lamigraf","article_modified_time":"2025-04-23T14:02:07+00:00","og_image":[{"width":1259,"height":2560,"url":"https:\/\/www.lamigraf.com\/wp-content\/uploads\/2024\/06\/02782-O-scaled.jpg","type":"image\/jpeg"}],"twitter_card":"summary_large_image","twitter_misc":{"Tahmini okuma s\u00fcresi":"1 dakika"},"schema":{"@context":"https:\/\/schema.org","@graph":[{"@type":"WebPage","@id":"https:\/\/www.lamigraf.com\/tr\/designs\/dune-rosse\/","url":"https:\/\/www.lamigraf.com\/tr\/designs\/dune-rosse\/","name":"DUNE ROSSE - Lamigraf","isPartOf":{"@id":"https:\/\/www.lamigraf.com\/#website"},"primaryImageOfPage":{"@id":"https:\/\/www.lamigraf.com\/tr\/designs\/dune-rosse\/#primaryimage"},"image":{"@id":"https:\/\/www.lamigraf.com\/tr\/designs\/dune-rosse\/#primaryimage"},"thumbnailUrl":"https:\/\/www.lamigraf.com\/wp-content\/uploads\/2024\/06\/02782-O-scaled.jpg","datePublished":"2024-06-07T07:50:43+00:00","dateModified":"2025-04-23T14:02:07+00:00","breadcrumb":{"@id":"https:\/\/www.lamigraf.com\/tr\/designs\/dune-rosse\/#breadcrumb"},"inLanguage":"tr","potentialAction":[{"@type":"ReadAction","target":["https:\/\/www.lamigraf.com\/tr\/designs\/dune-rosse\/"]}]},{"@type":"ImageObject","inLanguage":"tr","@id":"https:\/\/www.lamigraf.com\/tr\/designs\/dune-rosse\/#primaryimage","url":"https:\/\/www.lamigraf.com\/wp-content\/uploads\/2024\/06\/02782-O-scaled.jpg","contentUrl":"https:\/\/www.lamigraf.com\/wp-content\/uploads\/2024\/06\/02782-O-scaled.jpg","width":1259,"height":2560},{"@type":"BreadcrumbList","@id":"https:\/\/www.lamigraf.com\/tr\/designs\/dune-rosse\/#breadcrumb","itemListElement":[{"@type":"ListItem","position":1,"name":"Home","item":"https:\/\/www.lamigraf.com\/tr\/"},{"@type":"ListItem","position":2,"name":"Designs","item":"https:\/\/www.lamigraf.com\/designs\/"},{"@type":"ListItem","position":3,"name":"DUNE ROSSE"}]},{"@type":"WebSite","@id":"https:\/\/www.lamigraf.com\/#website","url":"https:\/\/www.lamigraf.com\/","name":"Lamigraf","description":"","publisher":{"@id":"https:\/\/www.lamigraf.com\/#organization"},"potentialAction":[{"@type":"SearchAction","target":{"@type":"EntryPoint","urlTemplate":"https:\/\/www.lamigraf.com\/?s={search_term_string}"},"query-input":{"@type":"PropertyValueSpecification","valueRequired":true,"valueName":"search_term_string"}}],"inLanguage":"tr"},{"@type":"Organization","@id":"https:\/\/www.lamigraf.com\/#organization","name":"Lamigraf","url":"https:\/\/www.lamigraf.com\/","logo":{"@type":"ImageObject","inLanguage":"tr","@id":"https:\/\/www.lamigraf.com\/#\/schema\/logo\/image\/","url":"https:\/\/www.lamigraf.com\/wp-content\/uploads\/2024\/05\/Logo-white.svg","contentUrl":"https:\/\/www.lamigraf.com\/wp-content\/uploads\/2024\/05\/Logo-white.svg","width":147,"height":36,"caption":"Lamigraf"},"image":{"@id":"https:\/\/www.lamigraf.com\/#\/schema\/logo\/image\/"}}]}},"_links":{"self":[{"href":"https:\/\/www.lamigraf.com\/tr\/wp-json\/wp\/v2\/product\/89675","targetHints":{"allow":["GET"]}}],"collection":[{"href":"https:\/\/www.lamigraf.com\/tr\/wp-json\/wp\/v2\/product"}],"about":[{"href":"https:\/\/www.lamigraf.com\/tr\/wp-json\/wp\/v2\/types\/product"}],"version-history":[{"count":1,"href":"https:\/\/www.lamigraf.com\/tr\/wp-json\/wp\/v2\/product\/89675\/revisions"}],"predecessor-version":[{"id":89680,"href":"https:\/\/www.lamigraf.com\/tr\/wp-json\/wp\/v2\/product\/89675\/revisions\/89680"}],"acf:attachment":[{"embeddable":true,"href":"https:\/\/www.lamigraf.com\/tr\/wp-json\/wp\/v2\/media\/78518"},{"embeddable":true,"href":"https:\/\/www.lamigraf.com\/tr\/wp-json\/wp\/v2\/media\/15651"},{"embeddable":true,"href":"https:\/\/www.lamigraf.com\/tr\/wp-json\/wp\/v2\/media\/15644"}],"wp:featuredmedia":[{"embeddable":true,"href":"https:\/\/www.lamigraf.com\/tr\/wp-json\/wp\/v2\/media\/15637"}],"wp:attachment":[{"href":"https:\/\/www.lamigraf.com\/tr\/wp-json\/wp\/v2\/media?parent=89675"}],"wp:term":[{"taxonomy":"product_applications","embeddable":true,"href":"https:\/\/www.lamigraf.com\/tr\/wp-json\/wp\/v2\/applications?post=89675"},{"taxonomy":"product_type","embeddable":true,"href":"https:\/\/www.lamigraf.com\/tr\/wp-json\/wp\/v2\/design-types?post=89675"},{"taxonomy":"product_characteristics","embeddable":true,"href":"https:\/\/www.lamigraf.com\/tr\/wp-json\/wp\/v2\/characteristics?post=89675"},{"taxonomy":"product_apparence","embeddable":true,"href":"https:\/\/www.lamigraf.com\/tr\/wp-json\/wp\/v2\/appearance?post=89675"}],"curies":[{"name":"wp","href":"https:\/\/api.w.org\/{rel}","templated":true}]}}