{"id":89684,"date":"2024-06-07T09:50:45","date_gmt":"2024-06-07T07:50:45","guid":{"rendered":"https:\/\/www.lamigraf.com\/designs\/bimba\/"},"modified":"2025-04-23T16:09:13","modified_gmt":"2025-04-23T14:09:13","slug":"bimba","status":"publish","type":"product","link":"https:\/\/www.lamigraf.com\/tr\/designs\/bimba\/","title":{"rendered":"BIMBA"},"content":{"rendered":"\n<p>Bimba dekoru, benzersiz bir do\u011fall\u0131\u011fa sahip tekstil bir malzemedir. Bu tekstil serbest\u00e7e kesilebilir, y\u00f6ns\u00fcz ve homojen bir yap\u0131ya sahiptir. S\u0131cak ve uyumlu ya\u015fam alanlar\u0131 i\u00e7in idealdir.<br>Tasar\u0131m k\u00fc\u00e7\u00fck olsa da olduk\u00e7a dikkat \u00e7ekicidir.<\/p>\n","protected":false},"excerpt":{"rendered":"<p>Bimba dekoru, benzersiz bir do\u011fall\u0131\u011fa sahip tekstil bir malzemedir. Bu tekstil serbest\u00e7e kesilebilir, y\u00f6ns\u00fcz ve homojen bir yap\u0131ya sahiptir. S\u0131cak ve uyumlu ya\u015fam alanlar\u0131 i\u00e7in idealdir.Tasar\u0131m k\u00fc\u00e7\u00fck olsa da olduk\u00e7a dikkat \u00e7ekicidir.<\/p>\n","protected":false},"featured_media":14902,"template":"","meta":{"_acf_changed":false,"_gspb_post_css":"","footnotes":""},"applications":[1062],"design-types":[926],"characteristics":[1014],"appearance":[],"class_list":["post-89684","product","type-product","status-publish","has-post-thumbnail","hentry","product_applications-furniture-tk","product_type-textile-tk","product_characteristics-metallic-effect-tk"],"acf":{"code":"2779","peripheral_development":"1250","axial_development":"2220","cylinders":"4","data_sheet":78861,"collections":[{"code":"2779-0401","thumbnail":14874,"render":81153},{"code":"2779-0402","thumbnail":14881,"render":81159},{"code":"2779-0403","thumbnail":14916,"render":81165},{"code":"2779-0404","thumbnail":14888,"render":81171}],"usages":[14909,81153],"inspiration":{"top":{"title":"Gard\u0131rop","thumbnail":16372,"reference":"02698-0301"},"bottom_title":"\u00c7ekmeceler"},"hover_image":14909,"eir":"","collaborator":{"name":"","link":""},"synchro_wood":false,"novedad":false},"yoast_head":"<!-- This site is optimized with the Yoast SEO plugin v25.2 - https:\/\/yoast.com\/wordpress\/plugins\/seo\/ -->\n<title>BIMBA - Lamigraf<\/title>\n<meta name=\"robots\" content=\"index, follow, max-snippet:-1, max-image-preview:large, max-video-preview:-1\" \/>\n<link rel=\"canonical\" href=\"https:\/\/www.lamigraf.com\/tr\/designs\/bimba\/\" \/>\n<meta property=\"og:locale\" content=\"tr_TR\" \/>\n<meta property=\"og:type\" content=\"article\" \/>\n<meta property=\"og:title\" content=\"BIMBA - Lamigraf\" \/>\n<meta property=\"og:description\" content=\"Bimba dekoru, benzersiz bir do\u011fall\u0131\u011fa sahip tekstil bir malzemedir. Bu tekstil serbest\u00e7e kesilebilir, y\u00f6ns\u00fcz ve homojen bir yap\u0131ya sahiptir. S\u0131cak ve uyumlu ya\u015fam alanlar\u0131 i\u00e7in idealdir.Tasar\u0131m k\u00fc\u00e7\u00fck olsa da olduk\u00e7a dikkat \u00e7ekicidir.\" \/>\n<meta property=\"og:url\" content=\"https:\/\/www.lamigraf.com\/tr\/designs\/bimba\/\" \/>\n<meta property=\"og:site_name\" content=\"Lamigraf\" \/>\n<meta property=\"article:modified_time\" content=\"2025-04-23T14:09:13+00:00\" \/>\n<meta property=\"og:image\" content=\"https:\/\/www.lamigraf.com\/wp-content\/uploads\/2024\/06\/02779-O-533x1024.jpg\" \/>\n\t<meta property=\"og:image:width\" content=\"533\" \/>\n\t<meta property=\"og:image:height\" content=\"1024\" \/>\n\t<meta property=\"og:image:type\" content=\"image\/jpeg\" \/>\n<meta name=\"twitter:card\" content=\"summary_large_image\" \/>\n<meta name=\"twitter:label1\" content=\"Tahmini okuma s\u00fcresi\" \/>\n\t<meta name=\"twitter:data1\" content=\"1 dakika\" \/>\n<script type=\"application\/ld+json\" class=\"yoast-schema-graph\">{\"@context\":\"https:\/\/schema.org\",\"@graph\":[{\"@type\":\"WebPage\",\"@id\":\"https:\/\/www.lamigraf.com\/tr\/designs\/bimba\/\",\"url\":\"https:\/\/www.lamigraf.com\/tr\/designs\/bimba\/\",\"name\":\"BIMBA - Lamigraf\",\"isPartOf\":{\"@id\":\"https:\/\/www.lamigraf.com\/#website\"},\"primaryImageOfPage\":{\"@id\":\"https:\/\/www.lamigraf.com\/tr\/designs\/bimba\/#primaryimage\"},\"image\":{\"@id\":\"https:\/\/www.lamigraf.com\/tr\/designs\/bimba\/#primaryimage\"},\"thumbnailUrl\":\"https:\/\/www.lamigraf.com\/wp-content\/uploads\/2024\/06\/02779-O.jpg\",\"datePublished\":\"2024-06-07T07:50:45+00:00\",\"dateModified\":\"2025-04-23T14:09:13+00:00\",\"breadcrumb\":{\"@id\":\"https:\/\/www.lamigraf.com\/tr\/designs\/bimba\/#breadcrumb\"},\"inLanguage\":\"tr\",\"potentialAction\":[{\"@type\":\"ReadAction\",\"target\":[\"https:\/\/www.lamigraf.com\/tr\/designs\/bimba\/\"]}]},{\"@type\":\"ImageObject\",\"inLanguage\":\"tr\",\"@id\":\"https:\/\/www.lamigraf.com\/tr\/designs\/bimba\/#primaryimage\",\"url\":\"https:\/\/www.lamigraf.com\/wp-content\/uploads\/2024\/06\/02779-O.jpg\",\"contentUrl\":\"https:\/\/www.lamigraf.com\/wp-content\/uploads\/2024\/06\/02779-O.jpg\",\"width\":1000,\"height\":1920},{\"@type\":\"BreadcrumbList\",\"@id\":\"https:\/\/www.lamigraf.com\/tr\/designs\/bimba\/#breadcrumb\",\"itemListElement\":[{\"@type\":\"ListItem\",\"position\":1,\"name\":\"Home\",\"item\":\"https:\/\/www.lamigraf.com\/tr\/\"},{\"@type\":\"ListItem\",\"position\":2,\"name\":\"Designs\",\"item\":\"https:\/\/www.lamigraf.com\/designs\/\"},{\"@type\":\"ListItem\",\"position\":3,\"name\":\"BIMBA\"}]},{\"@type\":\"WebSite\",\"@id\":\"https:\/\/www.lamigraf.com\/#website\",\"url\":\"https:\/\/www.lamigraf.com\/\",\"name\":\"Lamigraf\",\"description\":\"\",\"publisher\":{\"@id\":\"https:\/\/www.lamigraf.com\/#organization\"},\"potentialAction\":[{\"@type\":\"SearchAction\",\"target\":{\"@type\":\"EntryPoint\",\"urlTemplate\":\"https:\/\/www.lamigraf.com\/?s={search_term_string}\"},\"query-input\":{\"@type\":\"PropertyValueSpecification\",\"valueRequired\":true,\"valueName\":\"search_term_string\"}}],\"inLanguage\":\"tr\"},{\"@type\":\"Organization\",\"@id\":\"https:\/\/www.lamigraf.com\/#organization\",\"name\":\"Lamigraf\",\"url\":\"https:\/\/www.lamigraf.com\/\",\"logo\":{\"@type\":\"ImageObject\",\"inLanguage\":\"tr\",\"@id\":\"https:\/\/www.lamigraf.com\/#\/schema\/logo\/image\/\",\"url\":\"https:\/\/www.lamigraf.com\/wp-content\/uploads\/2024\/05\/Logo-white.svg\",\"contentUrl\":\"https:\/\/www.lamigraf.com\/wp-content\/uploads\/2024\/05\/Logo-white.svg\",\"width\":147,\"height\":36,\"caption\":\"Lamigraf\"},\"image\":{\"@id\":\"https:\/\/www.lamigraf.com\/#\/schema\/logo\/image\/\"}}]}<\/script>\n<!-- \/ Yoast SEO plugin. -->","yoast_head_json":{"title":"BIMBA - Lamigraf","robots":{"index":"index","follow":"follow","max-snippet":"max-snippet:-1","max-image-preview":"max-image-preview:large","max-video-preview":"max-video-preview:-1"},"canonical":"https:\/\/www.lamigraf.com\/tr\/designs\/bimba\/","og_locale":"tr_TR","og_type":"article","og_title":"BIMBA - Lamigraf","og_description":"Bimba dekoru, benzersiz bir do\u011fall\u0131\u011fa sahip tekstil bir malzemedir. Bu tekstil serbest\u00e7e kesilebilir, y\u00f6ns\u00fcz ve homojen bir yap\u0131ya sahiptir. S\u0131cak ve uyumlu ya\u015fam alanlar\u0131 i\u00e7in idealdir.Tasar\u0131m k\u00fc\u00e7\u00fck olsa da olduk\u00e7a dikkat \u00e7ekicidir.","og_url":"https:\/\/www.lamigraf.com\/tr\/designs\/bimba\/","og_site_name":"Lamigraf","article_modified_time":"2025-04-23T14:09:13+00:00","og_image":[{"width":533,"height":1024,"url":"https:\/\/www.lamigraf.com\/wp-content\/uploads\/2024\/06\/02779-O-533x1024.jpg","type":"image\/jpeg"}],"twitter_card":"summary_large_image","twitter_misc":{"Tahmini okuma s\u00fcresi":"1 dakika"},"schema":{"@context":"https:\/\/schema.org","@graph":[{"@type":"WebPage","@id":"https:\/\/www.lamigraf.com\/tr\/designs\/bimba\/","url":"https:\/\/www.lamigraf.com\/tr\/designs\/bimba\/","name":"BIMBA - Lamigraf","isPartOf":{"@id":"https:\/\/www.lamigraf.com\/#website"},"primaryImageOfPage":{"@id":"https:\/\/www.lamigraf.com\/tr\/designs\/bimba\/#primaryimage"},"image":{"@id":"https:\/\/www.lamigraf.com\/tr\/designs\/bimba\/#primaryimage"},"thumbnailUrl":"https:\/\/www.lamigraf.com\/wp-content\/uploads\/2024\/06\/02779-O.jpg","datePublished":"2024-06-07T07:50:45+00:00","dateModified":"2025-04-23T14:09:13+00:00","breadcrumb":{"@id":"https:\/\/www.lamigraf.com\/tr\/designs\/bimba\/#breadcrumb"},"inLanguage":"tr","potentialAction":[{"@type":"ReadAction","target":["https:\/\/www.lamigraf.com\/tr\/designs\/bimba\/"]}]},{"@type":"ImageObject","inLanguage":"tr","@id":"https:\/\/www.lamigraf.com\/tr\/designs\/bimba\/#primaryimage","url":"https:\/\/www.lamigraf.com\/wp-content\/uploads\/2024\/06\/02779-O.jpg","contentUrl":"https:\/\/www.lamigraf.com\/wp-content\/uploads\/2024\/06\/02779-O.jpg","width":1000,"height":1920},{"@type":"BreadcrumbList","@id":"https:\/\/www.lamigraf.com\/tr\/designs\/bimba\/#breadcrumb","itemListElement":[{"@type":"ListItem","position":1,"name":"Home","item":"https:\/\/www.lamigraf.com\/tr\/"},{"@type":"ListItem","position":2,"name":"Designs","item":"https:\/\/www.lamigraf.com\/designs\/"},{"@type":"ListItem","position":3,"name":"BIMBA"}]},{"@type":"WebSite","@id":"https:\/\/www.lamigraf.com\/#website","url":"https:\/\/www.lamigraf.com\/","name":"Lamigraf","description":"","publisher":{"@id":"https:\/\/www.lamigraf.com\/#organization"},"potentialAction":[{"@type":"SearchAction","target":{"@type":"EntryPoint","urlTemplate":"https:\/\/www.lamigraf.com\/?s={search_term_string}"},"query-input":{"@type":"PropertyValueSpecification","valueRequired":true,"valueName":"search_term_string"}}],"inLanguage":"tr"},{"@type":"Organization","@id":"https:\/\/www.lamigraf.com\/#organization","name":"Lamigraf","url":"https:\/\/www.lamigraf.com\/","logo":{"@type":"ImageObject","inLanguage":"tr","@id":"https:\/\/www.lamigraf.com\/#\/schema\/logo\/image\/","url":"https:\/\/www.lamigraf.com\/wp-content\/uploads\/2024\/05\/Logo-white.svg","contentUrl":"https:\/\/www.lamigraf.com\/wp-content\/uploads\/2024\/05\/Logo-white.svg","width":147,"height":36,"caption":"Lamigraf"},"image":{"@id":"https:\/\/www.lamigraf.com\/#\/schema\/logo\/image\/"}}]}},"_links":{"self":[{"href":"https:\/\/www.lamigraf.com\/tr\/wp-json\/wp\/v2\/product\/89684","targetHints":{"allow":["GET"]}}],"collection":[{"href":"https:\/\/www.lamigraf.com\/tr\/wp-json\/wp\/v2\/product"}],"about":[{"href":"https:\/\/www.lamigraf.com\/tr\/wp-json\/wp\/v2\/types\/product"}],"version-history":[{"count":1,"href":"https:\/\/www.lamigraf.com\/tr\/wp-json\/wp\/v2\/product\/89684\/revisions"}],"predecessor-version":[{"id":89689,"href":"https:\/\/www.lamigraf.com\/tr\/wp-json\/wp\/v2\/product\/89684\/revisions\/89689"}],"acf:attachment":[{"embeddable":true,"href":"https:\/\/www.lamigraf.com\/tr\/wp-json\/wp\/v2\/media\/81153"},{"embeddable":true,"href":"https:\/\/www.lamigraf.com\/tr\/wp-json\/wp\/v2\/media\/14909"}],"wp:featuredmedia":[{"embeddable":true,"href":"https:\/\/www.lamigraf.com\/tr\/wp-json\/wp\/v2\/media\/14902"}],"wp:attachment":[{"href":"https:\/\/www.lamigraf.com\/tr\/wp-json\/wp\/v2\/media?parent=89684"}],"wp:term":[{"taxonomy":"product_applications","embeddable":true,"href":"https:\/\/www.lamigraf.com\/tr\/wp-json\/wp\/v2\/applications?post=89684"},{"taxonomy":"product_type","embeddable":true,"href":"https:\/\/www.lamigraf.com\/tr\/wp-json\/wp\/v2\/design-types?post=89684"},{"taxonomy":"product_characteristics","embeddable":true,"href":"https:\/\/www.lamigraf.com\/tr\/wp-json\/wp\/v2\/characteristics?post=89684"},{"taxonomy":"product_apparence","embeddable":true,"href":"https:\/\/www.lamigraf.com\/tr\/wp-json\/wp\/v2\/appearance?post=89684"}],"curies":[{"name":"wp","href":"https:\/\/api.w.org\/{rel}","templated":true}]}}