{"id":91527,"date":"2025-05-14T11:41:49","date_gmt":"2025-05-14T09:41:49","guid":{"rendered":"https:\/\/www.lamigraf.com\/?post_type=product&#038;p=91527"},"modified":"2025-07-02T17:05:04","modified_gmt":"2025-07-02T15:05:04","slug":"delgado","status":"publish","type":"product","link":"https:\/\/www.lamigraf.com\/tr\/designs\/delgado\/","title":{"rendered":"DELGADO"},"content":{"rendered":"\n<p>Delgado, sessiz bir zarafet ve modern incelik yans\u0131tan bir dekordur. Me\u015fe a\u011fac\u0131ndan yap\u0131lm\u0131\u015f olup, hafif da\u011f\u0131lm\u0131\u015f yap\u0131s\u0131yla dengeli g\u00fczelli\u011fini bozmayan, sade bir zarafet sunar. \u0130nce \u00e7izgiler ve zarif \u00e7i\u00e7ekler y\u00fczeye e\u015fit \u015fekilde da\u011f\u0131lm\u0131\u015ft\u0131r ve uyumlu, tutarl\u0131 bir g\u00f6r\u00fcn\u00fcm yarat\u0131r. G\u00f6zeneklere yap\u0131lan hafif bir f\u0131r\u00e7alama ve minimum beyaz s\u0131r, zarif ve sade bir doku kazand\u0131r\u0131r. Baz\u0131 tahtalara kas\u0131tl\u0131 olarak yap\u0131lan k\u00fc\u00e7\u00fck kesikler, tasar\u0131ma modern bir dokunu\u015f katarken yenilik\u00e7i bir hava da getirir. Delgado, sakin ama \u00e7a\u011fda\u015f bir estetik arayan mekanlar i\u00e7in m\u00fckemmel bir se\u00e7im olup, zamans\u0131z bir zarafeti taze ve yenilik\u00e7i bir dokunu\u015fla sunar.<\/p>\n","protected":false},"excerpt":{"rendered":"<p>Delgado, sessiz bir zarafet ve modern incelik yans\u0131tan bir dekordur. Me\u015fe a\u011fac\u0131ndan yap\u0131lm\u0131\u015f olup, hafif da\u011f\u0131lm\u0131\u015f yap\u0131s\u0131yla dengeli g\u00fczelli\u011fini bozmayan, sade bir zarafet sunar. \u0130nce \u00e7izgiler ve zarif \u00e7i\u00e7ekler y\u00fczeye e\u015fit \u015fekilde da\u011f\u0131lm\u0131\u015ft\u0131r ve uyumlu, tutarl\u0131 bir g\u00f6r\u00fcn\u00fcm yarat\u0131r. G\u00f6zeneklere yap\u0131lan hafif bir f\u0131r\u00e7alama ve minimum beyaz s\u0131r, zarif ve sade bir doku kazand\u0131r\u0131r. Baz\u0131 [&hellip;]<\/p>\n","protected":false},"featured_media":96342,"template":"","meta":{"_acf_changed":false,"_gspb_post_css":"","footnotes":""},"applications":[1062],"design-types":[929,977],"characteristics":[1016],"appearance":[1041],"class_list":["post-91527","product","type-product","status-publish","has-post-thumbnail","hentry","product_applications-furniture-tk","product_type-wood-tk","product_type-oak-tk","product_characteristics-striped-tk","product_apparence-brushed-tk"],"acf":{"code":"3070","peripheral_development":"1,300","axial_development":"2,200","cylinders":"3","data_sheet":91690,"collections":[{"code":"3070-0303","thumbnail":96314,"render":""},{"code":"3070-0309","thumbnail":96321,"render":""},{"code":"3070-0311","thumbnail":96328,"render":103632},{"code":"3070-0313","thumbnail":96335,"render":103639}],"usages":[96307],"inspiration":{"top":{"title":"Mutfak Tezgah\u0131 ","thumbnail":96956,"reference":"3104-201"},"bottom_title":"Dolaplar"},"hover_image":96307,"eir":"","collaborator":{"name":"Mkt","link":""},"synchro_wood":false,"novedad":false},"yoast_head":"<!-- This site is optimized with the Yoast SEO plugin v25.2 - https:\/\/yoast.com\/wordpress\/plugins\/seo\/ -->\n<title>DELGADO - Lamigraf<\/title>\n<meta name=\"robots\" content=\"index, follow, max-snippet:-1, max-image-preview:large, max-video-preview:-1\" \/>\n<link rel=\"canonical\" href=\"https:\/\/www.lamigraf.com\/tr\/designs\/delgado\/\" \/>\n<meta property=\"og:locale\" content=\"tr_TR\" \/>\n<meta property=\"og:type\" content=\"article\" \/>\n<meta property=\"og:title\" content=\"DELGADO - Lamigraf\" \/>\n<meta property=\"og:description\" content=\"Delgado, sessiz bir zarafet ve modern incelik yans\u0131tan bir dekordur. Me\u015fe a\u011fac\u0131ndan yap\u0131lm\u0131\u015f olup, hafif da\u011f\u0131lm\u0131\u015f yap\u0131s\u0131yla dengeli g\u00fczelli\u011fini bozmayan, sade bir zarafet sunar. \u0130nce \u00e7izgiler ve zarif \u00e7i\u00e7ekler y\u00fczeye e\u015fit \u015fekilde da\u011f\u0131lm\u0131\u015ft\u0131r ve uyumlu, tutarl\u0131 bir g\u00f6r\u00fcn\u00fcm yarat\u0131r. G\u00f6zeneklere yap\u0131lan hafif bir f\u0131r\u00e7alama ve minimum beyaz s\u0131r, zarif ve sade bir doku kazand\u0131r\u0131r. Baz\u0131 [&hellip;]\" \/>\n<meta property=\"og:url\" content=\"https:\/\/www.lamigraf.com\/tr\/designs\/delgado\/\" \/>\n<meta property=\"og:site_name\" content=\"Lamigraf\" \/>\n<meta property=\"article:modified_time\" content=\"2025-07-02T15:05:04+00:00\" \/>\n<meta property=\"og:image\" content=\"https:\/\/www.lamigraf.com\/wp-content\/uploads\/2025\/05\/03070-0313.jpg\" \/>\n\t<meta property=\"og:image:width\" content=\"1135\" \/>\n\t<meta property=\"og:image:height\" content=\"1920\" \/>\n\t<meta property=\"og:image:type\" content=\"image\/jpeg\" \/>\n<meta name=\"twitter:card\" content=\"summary_large_image\" \/>\n<meta name=\"twitter:label1\" content=\"Tahmini okuma s\u00fcresi\" \/>\n\t<meta name=\"twitter:data1\" content=\"1 dakika\" \/>\n<script type=\"application\/ld+json\" class=\"yoast-schema-graph\">{\"@context\":\"https:\/\/schema.org\",\"@graph\":[{\"@type\":\"WebPage\",\"@id\":\"https:\/\/www.lamigraf.com\/tr\/designs\/delgado\/\",\"url\":\"https:\/\/www.lamigraf.com\/tr\/designs\/delgado\/\",\"name\":\"DELGADO - Lamigraf\",\"isPartOf\":{\"@id\":\"https:\/\/www.lamigraf.com\/#website\"},\"primaryImageOfPage\":{\"@id\":\"https:\/\/www.lamigraf.com\/tr\/designs\/delgado\/#primaryimage\"},\"image\":{\"@id\":\"https:\/\/www.lamigraf.com\/tr\/designs\/delgado\/#primaryimage\"},\"thumbnailUrl\":\"https:\/\/www.lamigraf.com\/wp-content\/uploads\/2025\/05\/03070-0313.jpg\",\"datePublished\":\"2025-05-14T09:41:49+00:00\",\"dateModified\":\"2025-07-02T15:05:04+00:00\",\"breadcrumb\":{\"@id\":\"https:\/\/www.lamigraf.com\/tr\/designs\/delgado\/#breadcrumb\"},\"inLanguage\":\"tr\",\"potentialAction\":[{\"@type\":\"ReadAction\",\"target\":[\"https:\/\/www.lamigraf.com\/tr\/designs\/delgado\/\"]}]},{\"@type\":\"ImageObject\",\"inLanguage\":\"tr\",\"@id\":\"https:\/\/www.lamigraf.com\/tr\/designs\/delgado\/#primaryimage\",\"url\":\"https:\/\/www.lamigraf.com\/wp-content\/uploads\/2025\/05\/03070-0313.jpg\",\"contentUrl\":\"https:\/\/www.lamigraf.com\/wp-content\/uploads\/2025\/05\/03070-0313.jpg\",\"width\":1135,\"height\":1920},{\"@type\":\"BreadcrumbList\",\"@id\":\"https:\/\/www.lamigraf.com\/tr\/designs\/delgado\/#breadcrumb\",\"itemListElement\":[{\"@type\":\"ListItem\",\"position\":1,\"name\":\"Home\",\"item\":\"https:\/\/www.lamigraf.com\/tr\/\"},{\"@type\":\"ListItem\",\"position\":2,\"name\":\"Designs\",\"item\":\"https:\/\/www.lamigraf.com\/designs\/\"},{\"@type\":\"ListItem\",\"position\":3,\"name\":\"DELGADO\"}]},{\"@type\":\"WebSite\",\"@id\":\"https:\/\/www.lamigraf.com\/#website\",\"url\":\"https:\/\/www.lamigraf.com\/\",\"name\":\"Lamigraf\",\"description\":\"\",\"publisher\":{\"@id\":\"https:\/\/www.lamigraf.com\/#organization\"},\"potentialAction\":[{\"@type\":\"SearchAction\",\"target\":{\"@type\":\"EntryPoint\",\"urlTemplate\":\"https:\/\/www.lamigraf.com\/?s={search_term_string}\"},\"query-input\":{\"@type\":\"PropertyValueSpecification\",\"valueRequired\":true,\"valueName\":\"search_term_string\"}}],\"inLanguage\":\"tr\"},{\"@type\":\"Organization\",\"@id\":\"https:\/\/www.lamigraf.com\/#organization\",\"name\":\"Lamigraf\",\"url\":\"https:\/\/www.lamigraf.com\/\",\"logo\":{\"@type\":\"ImageObject\",\"inLanguage\":\"tr\",\"@id\":\"https:\/\/www.lamigraf.com\/#\/schema\/logo\/image\/\",\"url\":\"https:\/\/www.lamigraf.com\/wp-content\/uploads\/2024\/05\/Logo-white.svg\",\"contentUrl\":\"https:\/\/www.lamigraf.com\/wp-content\/uploads\/2024\/05\/Logo-white.svg\",\"width\":147,\"height\":36,\"caption\":\"Lamigraf\"},\"image\":{\"@id\":\"https:\/\/www.lamigraf.com\/#\/schema\/logo\/image\/\"}}]}<\/script>\n<!-- \/ Yoast SEO plugin. -->","yoast_head_json":{"title":"DELGADO - Lamigraf","robots":{"index":"index","follow":"follow","max-snippet":"max-snippet:-1","max-image-preview":"max-image-preview:large","max-video-preview":"max-video-preview:-1"},"canonical":"https:\/\/www.lamigraf.com\/tr\/designs\/delgado\/","og_locale":"tr_TR","og_type":"article","og_title":"DELGADO - Lamigraf","og_description":"Delgado, sessiz bir zarafet ve modern incelik yans\u0131tan bir dekordur. Me\u015fe a\u011fac\u0131ndan yap\u0131lm\u0131\u015f olup, hafif da\u011f\u0131lm\u0131\u015f yap\u0131s\u0131yla dengeli g\u00fczelli\u011fini bozmayan, sade bir zarafet sunar. \u0130nce \u00e7izgiler ve zarif \u00e7i\u00e7ekler y\u00fczeye e\u015fit \u015fekilde da\u011f\u0131lm\u0131\u015ft\u0131r ve uyumlu, tutarl\u0131 bir g\u00f6r\u00fcn\u00fcm yarat\u0131r. G\u00f6zeneklere yap\u0131lan hafif bir f\u0131r\u00e7alama ve minimum beyaz s\u0131r, zarif ve sade bir doku kazand\u0131r\u0131r. Baz\u0131 [&hellip;]","og_url":"https:\/\/www.lamigraf.com\/tr\/designs\/delgado\/","og_site_name":"Lamigraf","article_modified_time":"2025-07-02T15:05:04+00:00","og_image":[{"width":1135,"height":1920,"url":"https:\/\/www.lamigraf.com\/wp-content\/uploads\/2025\/05\/03070-0313.jpg","type":"image\/jpeg"}],"twitter_card":"summary_large_image","twitter_misc":{"Tahmini okuma s\u00fcresi":"1 dakika"},"schema":{"@context":"https:\/\/schema.org","@graph":[{"@type":"WebPage","@id":"https:\/\/www.lamigraf.com\/tr\/designs\/delgado\/","url":"https:\/\/www.lamigraf.com\/tr\/designs\/delgado\/","name":"DELGADO - Lamigraf","isPartOf":{"@id":"https:\/\/www.lamigraf.com\/#website"},"primaryImageOfPage":{"@id":"https:\/\/www.lamigraf.com\/tr\/designs\/delgado\/#primaryimage"},"image":{"@id":"https:\/\/www.lamigraf.com\/tr\/designs\/delgado\/#primaryimage"},"thumbnailUrl":"https:\/\/www.lamigraf.com\/wp-content\/uploads\/2025\/05\/03070-0313.jpg","datePublished":"2025-05-14T09:41:49+00:00","dateModified":"2025-07-02T15:05:04+00:00","breadcrumb":{"@id":"https:\/\/www.lamigraf.com\/tr\/designs\/delgado\/#breadcrumb"},"inLanguage":"tr","potentialAction":[{"@type":"ReadAction","target":["https:\/\/www.lamigraf.com\/tr\/designs\/delgado\/"]}]},{"@type":"ImageObject","inLanguage":"tr","@id":"https:\/\/www.lamigraf.com\/tr\/designs\/delgado\/#primaryimage","url":"https:\/\/www.lamigraf.com\/wp-content\/uploads\/2025\/05\/03070-0313.jpg","contentUrl":"https:\/\/www.lamigraf.com\/wp-content\/uploads\/2025\/05\/03070-0313.jpg","width":1135,"height":1920},{"@type":"BreadcrumbList","@id":"https:\/\/www.lamigraf.com\/tr\/designs\/delgado\/#breadcrumb","itemListElement":[{"@type":"ListItem","position":1,"name":"Home","item":"https:\/\/www.lamigraf.com\/tr\/"},{"@type":"ListItem","position":2,"name":"Designs","item":"https:\/\/www.lamigraf.com\/designs\/"},{"@type":"ListItem","position":3,"name":"DELGADO"}]},{"@type":"WebSite","@id":"https:\/\/www.lamigraf.com\/#website","url":"https:\/\/www.lamigraf.com\/","name":"Lamigraf","description":"","publisher":{"@id":"https:\/\/www.lamigraf.com\/#organization"},"potentialAction":[{"@type":"SearchAction","target":{"@type":"EntryPoint","urlTemplate":"https:\/\/www.lamigraf.com\/?s={search_term_string}"},"query-input":{"@type":"PropertyValueSpecification","valueRequired":true,"valueName":"search_term_string"}}],"inLanguage":"tr"},{"@type":"Organization","@id":"https:\/\/www.lamigraf.com\/#organization","name":"Lamigraf","url":"https:\/\/www.lamigraf.com\/","logo":{"@type":"ImageObject","inLanguage":"tr","@id":"https:\/\/www.lamigraf.com\/#\/schema\/logo\/image\/","url":"https:\/\/www.lamigraf.com\/wp-content\/uploads\/2024\/05\/Logo-white.svg","contentUrl":"https:\/\/www.lamigraf.com\/wp-content\/uploads\/2024\/05\/Logo-white.svg","width":147,"height":36,"caption":"Lamigraf"},"image":{"@id":"https:\/\/www.lamigraf.com\/#\/schema\/logo\/image\/"}}]}},"_links":{"self":[{"href":"https:\/\/www.lamigraf.com\/tr\/wp-json\/wp\/v2\/product\/91527","targetHints":{"allow":["GET"]}}],"collection":[{"href":"https:\/\/www.lamigraf.com\/tr\/wp-json\/wp\/v2\/product"}],"about":[{"href":"https:\/\/www.lamigraf.com\/tr\/wp-json\/wp\/v2\/types\/product"}],"version-history":[{"count":4,"href":"https:\/\/www.lamigraf.com\/tr\/wp-json\/wp\/v2\/product\/91527\/revisions"}],"predecessor-version":[{"id":103757,"href":"https:\/\/www.lamigraf.com\/tr\/wp-json\/wp\/v2\/product\/91527\/revisions\/103757"}],"acf:attachment":[{"embeddable":true,"href":"https:\/\/www.lamigraf.com\/tr\/wp-json\/wp\/v2\/media\/96307"}],"wp:featuredmedia":[{"embeddable":true,"href":"https:\/\/www.lamigraf.com\/tr\/wp-json\/wp\/v2\/media\/96342"}],"wp:attachment":[{"href":"https:\/\/www.lamigraf.com\/tr\/wp-json\/wp\/v2\/media?parent=91527"}],"wp:term":[{"taxonomy":"product_applications","embeddable":true,"href":"https:\/\/www.lamigraf.com\/tr\/wp-json\/wp\/v2\/applications?post=91527"},{"taxonomy":"product_type","embeddable":true,"href":"https:\/\/www.lamigraf.com\/tr\/wp-json\/wp\/v2\/design-types?post=91527"},{"taxonomy":"product_characteristics","embeddable":true,"href":"https:\/\/www.lamigraf.com\/tr\/wp-json\/wp\/v2\/characteristics?post=91527"},{"taxonomy":"product_apparence","embeddable":true,"href":"https:\/\/www.lamigraf.com\/tr\/wp-json\/wp\/v2\/appearance?post=91527"}],"curies":[{"name":"wp","href":"https:\/\/api.w.org\/{rel}","templated":true}]}}