{"id":92762,"date":"2025-05-14T12:30:20","date_gmt":"2025-05-14T10:30:20","guid":{"rendered":"https:\/\/www.lamigraf.com\/designs\/andromeda\/"},"modified":"2025-07-16T09:57:44","modified_gmt":"2025-07-16T07:57:44","slug":"andromeda","status":"publish","type":"product","link":"https:\/\/www.lamigraf.com\/tr\/designs\/andromeda\/","title":{"rendered":"ANDROMEDA"},"content":{"rendered":"\n<p>Andromeda, kestanenin zarif \u015f\u0131kl\u0131\u011f\u0131n\u0131 yans\u0131tan, dikkat da\u011f\u0131t\u0131c\u0131 unsurlar olmadan temiz ve modern bir estetik sunan bir dekorasyon tarz\u0131d\u0131r. Tasar\u0131mda, belirgin bir g\u00f6zenek deseniyle birlikte ince, e\u011flenceli yar\u0131m katedral \u00e7izgileri yer al\u0131r ve bu da y\u00fczeyde g\u00fczel ve homojen bir doku olu\u015fturur. Y\u00fczeyi p\u00fcr\u00fczs\u00fcz tutmak i\u00e7in hafif\u00e7e f\u0131r\u00e7alanm\u0131\u015f olan Andromeda, do\u011fal s\u0131cakl\u0131\u011f\u0131n\u0131 korurken \u00e7a\u011fda\u015f bir \u00e7ekicilik sunar. Plank efekti, modern cazibesini art\u0131r\u0131rken, serbest kesim imk\u00e2n\u0131 malzemeye \u00e7ok y\u00f6nl\u00fcl\u00fck ve herhangi bir mek\u00e2na dinamik bir dokunu\u015f kazand\u0131r\u0131r. Andromeda\u2019n\u0131n sade \u015f\u0131kl\u0131\u011f\u0131 ve temiz hatlar\u0131, hem zarafet hem de yenilik arayan i\u00e7 mek\u00e2nlar i\u00e7in m\u00fckemmel bir tercihtir.<\/p>\n\n\n\n<p><\/p>\n","protected":false},"excerpt":{"rendered":"<p>Andromeda, kestanenin zarif \u015f\u0131kl\u0131\u011f\u0131n\u0131 yans\u0131tan, dikkat da\u011f\u0131t\u0131c\u0131 unsurlar olmadan temiz ve modern bir estetik sunan bir dekorasyon tarz\u0131d\u0131r. Tasar\u0131mda, belirgin bir g\u00f6zenek deseniyle birlikte ince, e\u011flenceli yar\u0131m katedral \u00e7izgileri yer al\u0131r ve bu da y\u00fczeyde g\u00fczel ve homojen bir doku olu\u015fturur. Y\u00fczeyi p\u00fcr\u00fczs\u00fcz tutmak i\u00e7in hafif\u00e7e f\u0131r\u00e7alanm\u0131\u015f olan Andromeda, do\u011fal s\u0131cakl\u0131\u011f\u0131n\u0131 korurken \u00e7a\u011fda\u015f bir \u00e7ekicilik [&hellip;]<\/p>\n","protected":false},"featured_media":97277,"template":"","meta":{"_acf_changed":false,"_gspb_post_css":"","footnotes":""},"applications":[1062],"design-types":[929,948],"characteristics":[1015,1007],"appearance":[1041],"class_list":["post-92762","product","type-product","status-publish","has-post-thumbnail","hentry","product_applications-furniture-tk","product_type-wood-tk","product_type-chestnut-tk","product_characteristics-planked-tk","product_characteristics-half-cathedrals-tk","product_apparence-brushed-tk"],"acf":{"code":"3122","peripheral_development":"1,300","axial_development":"2,200","cylinders":"3","data_sheet":92721,"collections":[{"code":"3122-0301","thumbnail":97270,"render":103740},{"code":"3122-0302","thumbnail":97284,"render":103747},{"code":"3122-0303","thumbnail":97291,"render":103754},{"code":"3122-0304","thumbnail":97298,"render":""}],"usages":[97263,103740],"inspiration":{"top":{"title":"\u00dcst dolap kapaklar\u0131","thumbnail":97334,"reference":"2992-0205"},"bottom_title":"Alt dolap kapaklar\u0131"},"hover_image":97263,"eir":"","collaborator":{"name":"","link":""},"synchro_wood":false,"novedad":false},"yoast_head":"<!-- This site is optimized with the Yoast SEO plugin v25.2 - https:\/\/yoast.com\/wordpress\/plugins\/seo\/ -->\n<title>ANDROMEDA - Lamigraf<\/title>\n<meta name=\"robots\" content=\"index, follow, max-snippet:-1, max-image-preview:large, max-video-preview:-1\" \/>\n<link rel=\"canonical\" href=\"https:\/\/www.lamigraf.com\/tr\/designs\/andromeda\/\" \/>\n<meta property=\"og:locale\" content=\"tr_TR\" \/>\n<meta property=\"og:type\" content=\"article\" \/>\n<meta property=\"og:title\" content=\"ANDROMEDA - Lamigraf\" \/>\n<meta property=\"og:description\" content=\"Andromeda, kestanenin zarif \u015f\u0131kl\u0131\u011f\u0131n\u0131 yans\u0131tan, dikkat da\u011f\u0131t\u0131c\u0131 unsurlar olmadan temiz ve modern bir estetik sunan bir dekorasyon tarz\u0131d\u0131r. Tasar\u0131mda, belirgin bir g\u00f6zenek deseniyle birlikte ince, e\u011flenceli yar\u0131m katedral \u00e7izgileri yer al\u0131r ve bu da y\u00fczeyde g\u00fczel ve homojen bir doku olu\u015fturur. Y\u00fczeyi p\u00fcr\u00fczs\u00fcz tutmak i\u00e7in hafif\u00e7e f\u0131r\u00e7alanm\u0131\u015f olan Andromeda, do\u011fal s\u0131cakl\u0131\u011f\u0131n\u0131 korurken \u00e7a\u011fda\u015f bir \u00e7ekicilik [&hellip;]\" \/>\n<meta property=\"og:url\" content=\"https:\/\/www.lamigraf.com\/tr\/designs\/andromeda\/\" \/>\n<meta property=\"og:site_name\" content=\"Lamigraf\" \/>\n<meta property=\"article:modified_time\" content=\"2025-07-16T07:57:44+00:00\" \/>\n<meta property=\"og:image\" content=\"https:\/\/www.lamigraf.com\/wp-content\/uploads\/2025\/05\/3122-0301-1.jpg\" \/>\n\t<meta property=\"og:image:width\" content=\"1135\" \/>\n\t<meta property=\"og:image:height\" content=\"1920\" \/>\n\t<meta property=\"og:image:type\" content=\"image\/jpeg\" \/>\n<meta name=\"twitter:card\" content=\"summary_large_image\" \/>\n<meta name=\"twitter:label1\" content=\"Tahmini okuma s\u00fcresi\" \/>\n\t<meta name=\"twitter:data1\" content=\"1 dakika\" \/>\n<script type=\"application\/ld+json\" class=\"yoast-schema-graph\">{\"@context\":\"https:\/\/schema.org\",\"@graph\":[{\"@type\":\"WebPage\",\"@id\":\"https:\/\/www.lamigraf.com\/tr\/designs\/andromeda\/\",\"url\":\"https:\/\/www.lamigraf.com\/tr\/designs\/andromeda\/\",\"name\":\"ANDROMEDA - Lamigraf\",\"isPartOf\":{\"@id\":\"https:\/\/www.lamigraf.com\/#website\"},\"primaryImageOfPage\":{\"@id\":\"https:\/\/www.lamigraf.com\/tr\/designs\/andromeda\/#primaryimage\"},\"image\":{\"@id\":\"https:\/\/www.lamigraf.com\/tr\/designs\/andromeda\/#primaryimage\"},\"thumbnailUrl\":\"https:\/\/www.lamigraf.com\/wp-content\/uploads\/2025\/05\/3122-0301-1.jpg\",\"datePublished\":\"2025-05-14T10:30:20+00:00\",\"dateModified\":\"2025-07-16T07:57:44+00:00\",\"breadcrumb\":{\"@id\":\"https:\/\/www.lamigraf.com\/tr\/designs\/andromeda\/#breadcrumb\"},\"inLanguage\":\"tr\",\"potentialAction\":[{\"@type\":\"ReadAction\",\"target\":[\"https:\/\/www.lamigraf.com\/tr\/designs\/andromeda\/\"]}]},{\"@type\":\"ImageObject\",\"inLanguage\":\"tr\",\"@id\":\"https:\/\/www.lamigraf.com\/tr\/designs\/andromeda\/#primaryimage\",\"url\":\"https:\/\/www.lamigraf.com\/wp-content\/uploads\/2025\/05\/3122-0301-1.jpg\",\"contentUrl\":\"https:\/\/www.lamigraf.com\/wp-content\/uploads\/2025\/05\/3122-0301-1.jpg\",\"width\":1135,\"height\":1920},{\"@type\":\"BreadcrumbList\",\"@id\":\"https:\/\/www.lamigraf.com\/tr\/designs\/andromeda\/#breadcrumb\",\"itemListElement\":[{\"@type\":\"ListItem\",\"position\":1,\"name\":\"Home\",\"item\":\"https:\/\/www.lamigraf.com\/tr\/\"},{\"@type\":\"ListItem\",\"position\":2,\"name\":\"Designs\",\"item\":\"https:\/\/www.lamigraf.com\/designs\/\"},{\"@type\":\"ListItem\",\"position\":3,\"name\":\"ANDROMEDA\"}]},{\"@type\":\"WebSite\",\"@id\":\"https:\/\/www.lamigraf.com\/#website\",\"url\":\"https:\/\/www.lamigraf.com\/\",\"name\":\"Lamigraf\",\"description\":\"\",\"publisher\":{\"@id\":\"https:\/\/www.lamigraf.com\/#organization\"},\"potentialAction\":[{\"@type\":\"SearchAction\",\"target\":{\"@type\":\"EntryPoint\",\"urlTemplate\":\"https:\/\/www.lamigraf.com\/?s={search_term_string}\"},\"query-input\":{\"@type\":\"PropertyValueSpecification\",\"valueRequired\":true,\"valueName\":\"search_term_string\"}}],\"inLanguage\":\"tr\"},{\"@type\":\"Organization\",\"@id\":\"https:\/\/www.lamigraf.com\/#organization\",\"name\":\"Lamigraf\",\"url\":\"https:\/\/www.lamigraf.com\/\",\"logo\":{\"@type\":\"ImageObject\",\"inLanguage\":\"tr\",\"@id\":\"https:\/\/www.lamigraf.com\/#\/schema\/logo\/image\/\",\"url\":\"https:\/\/www.lamigraf.com\/wp-content\/uploads\/2024\/05\/Logo-white.svg\",\"contentUrl\":\"https:\/\/www.lamigraf.com\/wp-content\/uploads\/2024\/05\/Logo-white.svg\",\"width\":147,\"height\":36,\"caption\":\"Lamigraf\"},\"image\":{\"@id\":\"https:\/\/www.lamigraf.com\/#\/schema\/logo\/image\/\"}}]}<\/script>\n<!-- \/ Yoast SEO plugin. -->","yoast_head_json":{"title":"ANDROMEDA - Lamigraf","robots":{"index":"index","follow":"follow","max-snippet":"max-snippet:-1","max-image-preview":"max-image-preview:large","max-video-preview":"max-video-preview:-1"},"canonical":"https:\/\/www.lamigraf.com\/tr\/designs\/andromeda\/","og_locale":"tr_TR","og_type":"article","og_title":"ANDROMEDA - Lamigraf","og_description":"Andromeda, kestanenin zarif \u015f\u0131kl\u0131\u011f\u0131n\u0131 yans\u0131tan, dikkat da\u011f\u0131t\u0131c\u0131 unsurlar olmadan temiz ve modern bir estetik sunan bir dekorasyon tarz\u0131d\u0131r. Tasar\u0131mda, belirgin bir g\u00f6zenek deseniyle birlikte ince, e\u011flenceli yar\u0131m katedral \u00e7izgileri yer al\u0131r ve bu da y\u00fczeyde g\u00fczel ve homojen bir doku olu\u015fturur. Y\u00fczeyi p\u00fcr\u00fczs\u00fcz tutmak i\u00e7in hafif\u00e7e f\u0131r\u00e7alanm\u0131\u015f olan Andromeda, do\u011fal s\u0131cakl\u0131\u011f\u0131n\u0131 korurken \u00e7a\u011fda\u015f bir \u00e7ekicilik [&hellip;]","og_url":"https:\/\/www.lamigraf.com\/tr\/designs\/andromeda\/","og_site_name":"Lamigraf","article_modified_time":"2025-07-16T07:57:44+00:00","og_image":[{"width":1135,"height":1920,"url":"https:\/\/www.lamigraf.com\/wp-content\/uploads\/2025\/05\/3122-0301-1.jpg","type":"image\/jpeg"}],"twitter_card":"summary_large_image","twitter_misc":{"Tahmini okuma s\u00fcresi":"1 dakika"},"schema":{"@context":"https:\/\/schema.org","@graph":[{"@type":"WebPage","@id":"https:\/\/www.lamigraf.com\/tr\/designs\/andromeda\/","url":"https:\/\/www.lamigraf.com\/tr\/designs\/andromeda\/","name":"ANDROMEDA - Lamigraf","isPartOf":{"@id":"https:\/\/www.lamigraf.com\/#website"},"primaryImageOfPage":{"@id":"https:\/\/www.lamigraf.com\/tr\/designs\/andromeda\/#primaryimage"},"image":{"@id":"https:\/\/www.lamigraf.com\/tr\/designs\/andromeda\/#primaryimage"},"thumbnailUrl":"https:\/\/www.lamigraf.com\/wp-content\/uploads\/2025\/05\/3122-0301-1.jpg","datePublished":"2025-05-14T10:30:20+00:00","dateModified":"2025-07-16T07:57:44+00:00","breadcrumb":{"@id":"https:\/\/www.lamigraf.com\/tr\/designs\/andromeda\/#breadcrumb"},"inLanguage":"tr","potentialAction":[{"@type":"ReadAction","target":["https:\/\/www.lamigraf.com\/tr\/designs\/andromeda\/"]}]},{"@type":"ImageObject","inLanguage":"tr","@id":"https:\/\/www.lamigraf.com\/tr\/designs\/andromeda\/#primaryimage","url":"https:\/\/www.lamigraf.com\/wp-content\/uploads\/2025\/05\/3122-0301-1.jpg","contentUrl":"https:\/\/www.lamigraf.com\/wp-content\/uploads\/2025\/05\/3122-0301-1.jpg","width":1135,"height":1920},{"@type":"BreadcrumbList","@id":"https:\/\/www.lamigraf.com\/tr\/designs\/andromeda\/#breadcrumb","itemListElement":[{"@type":"ListItem","position":1,"name":"Home","item":"https:\/\/www.lamigraf.com\/tr\/"},{"@type":"ListItem","position":2,"name":"Designs","item":"https:\/\/www.lamigraf.com\/designs\/"},{"@type":"ListItem","position":3,"name":"ANDROMEDA"}]},{"@type":"WebSite","@id":"https:\/\/www.lamigraf.com\/#website","url":"https:\/\/www.lamigraf.com\/","name":"Lamigraf","description":"","publisher":{"@id":"https:\/\/www.lamigraf.com\/#organization"},"potentialAction":[{"@type":"SearchAction","target":{"@type":"EntryPoint","urlTemplate":"https:\/\/www.lamigraf.com\/?s={search_term_string}"},"query-input":{"@type":"PropertyValueSpecification","valueRequired":true,"valueName":"search_term_string"}}],"inLanguage":"tr"},{"@type":"Organization","@id":"https:\/\/www.lamigraf.com\/#organization","name":"Lamigraf","url":"https:\/\/www.lamigraf.com\/","logo":{"@type":"ImageObject","inLanguage":"tr","@id":"https:\/\/www.lamigraf.com\/#\/schema\/logo\/image\/","url":"https:\/\/www.lamigraf.com\/wp-content\/uploads\/2024\/05\/Logo-white.svg","contentUrl":"https:\/\/www.lamigraf.com\/wp-content\/uploads\/2024\/05\/Logo-white.svg","width":147,"height":36,"caption":"Lamigraf"},"image":{"@id":"https:\/\/www.lamigraf.com\/#\/schema\/logo\/image\/"}}]}},"_links":{"self":[{"href":"https:\/\/www.lamigraf.com\/tr\/wp-json\/wp\/v2\/product\/92762","targetHints":{"allow":["GET"]}}],"collection":[{"href":"https:\/\/www.lamigraf.com\/tr\/wp-json\/wp\/v2\/product"}],"about":[{"href":"https:\/\/www.lamigraf.com\/tr\/wp-json\/wp\/v2\/types\/product"}],"version-history":[{"count":2,"href":"https:\/\/www.lamigraf.com\/tr\/wp-json\/wp\/v2\/product\/92762\/revisions"}],"predecessor-version":[{"id":106345,"href":"https:\/\/www.lamigraf.com\/tr\/wp-json\/wp\/v2\/product\/92762\/revisions\/106345"}],"acf:attachment":[{"embeddable":true,"href":"https:\/\/www.lamigraf.com\/tr\/wp-json\/wp\/v2\/media\/103740"},{"embeddable":true,"href":"https:\/\/www.lamigraf.com\/tr\/wp-json\/wp\/v2\/media\/97263"}],"wp:featuredmedia":[{"embeddable":true,"href":"https:\/\/www.lamigraf.com\/tr\/wp-json\/wp\/v2\/media\/97277"}],"wp:attachment":[{"href":"https:\/\/www.lamigraf.com\/tr\/wp-json\/wp\/v2\/media?parent=92762"}],"wp:term":[{"taxonomy":"product_applications","embeddable":true,"href":"https:\/\/www.lamigraf.com\/tr\/wp-json\/wp\/v2\/applications?post=92762"},{"taxonomy":"product_type","embeddable":true,"href":"https:\/\/www.lamigraf.com\/tr\/wp-json\/wp\/v2\/design-types?post=92762"},{"taxonomy":"product_characteristics","embeddable":true,"href":"https:\/\/www.lamigraf.com\/tr\/wp-json\/wp\/v2\/characteristics?post=92762"},{"taxonomy":"product_apparence","embeddable":true,"href":"https:\/\/www.lamigraf.com\/tr\/wp-json\/wp\/v2\/appearance?post=92762"}],"curies":[{"name":"wp","href":"https:\/\/api.w.org\/{rel}","templated":true}]}}