{"id":92824,"date":"2025-05-14T12:41:56","date_gmt":"2025-05-14T10:41:56","guid":{"rendered":"https:\/\/www.lamigraf.com\/designs\/rayskin\/"},"modified":"2025-05-14T12:43:31","modified_gmt":"2025-05-14T10:43:31","slug":"rayskin","status":"publish","type":"product","link":"https:\/\/www.lamigraf.com\/tr\/designs\/rayskin\/","title":{"rendered":"RAYSKIN"},"content":{"rendered":"\n<p>Beklenmeyenden do\u011fan\u00a0Rayskin, bir bal\u0131\u011f\u0131n dokulu derisinden ilham alan bir dekor tasar\u0131m\u0131d\u0131r. Organik d\u00fczensizli\u011fi cesur ve avangart bir y\u00fczeye d\u00f6n\u00fc\u015ft\u00fcr\u00fcr. Tasar\u0131m\u0131, ters \u00e7evrilmi\u015f k\u00fc\u00e7\u00fck k\u00fcresel formlar i\u00e7erir ve bu da g\u00f6z\u00fc \u00e7eken, dokunmaya davet eden e\u011flenceli ve dokunsal bir ritim yarat\u0131r. Metalik m\u00fcrekkep kullan\u0131m\u0131, dokuyu \u0131\u015f\u0131kla yakalanan derinlik ve boyutla zenginle\u015ftirerek futuristik bir parlakl\u0131k katar.\u00a0Rayskin, \u00f6z\u00fcr dilemeden moderndir \u2014 e\u011flenceli, deneysel ve karakter doludur. Oyuncu ruhu ve \u00e7arp\u0131c\u0131 g\u00f6rsel kimli\u011fiyle bu dekor, al\u0131\u015f\u0131lm\u0131\u015f\u0131n d\u0131\u015f\u0131na \u00e7\u0131kar ve y\u00fczey tasar\u0131m\u0131n\u0131n ne olabilece\u011fini yeniden tan\u0131mlar: hem sanatsal hem de beklenmedik bir ifade par\u00e7as\u0131.<\/p>\n","protected":false},"excerpt":{"rendered":"<p>Beklenmeyenden do\u011fan\u00a0Rayskin, bir bal\u0131\u011f\u0131n dokulu derisinden ilham alan bir dekor tasar\u0131m\u0131d\u0131r. Organik d\u00fczensizli\u011fi cesur ve avangart bir y\u00fczeye d\u00f6n\u00fc\u015ft\u00fcr\u00fcr. Tasar\u0131m\u0131, ters \u00e7evrilmi\u015f k\u00fc\u00e7\u00fck k\u00fcresel formlar i\u00e7erir ve bu da g\u00f6z\u00fc \u00e7eken, dokunmaya davet eden e\u011flenceli ve dokunsal bir ritim yarat\u0131r. Metalik m\u00fcrekkep kullan\u0131m\u0131, dokuyu \u0131\u015f\u0131kla yakalanan derinlik ve boyutla zenginle\u015ftirerek futuristik bir parlakl\u0131k katar.\u00a0Rayskin, \u00f6z\u00fcr [&hellip;]<\/p>\n","protected":false},"featured_media":97170,"template":"","meta":{"_acf_changed":false,"_gspb_post_css":"","footnotes":""},"applications":[1062],"design-types":[890,884],"characteristics":[1014],"appearance":[],"class_list":["post-92824","product","type-product","status-publish","has-post-thumbnail","hentry","product_applications-furniture-tk","product_type-fantasy-tk","product_type-creatives-tk","product_characteristics-metallic-effect-tk"],"acf":{"code":"3119","peripheral_development":"1,300","axial_development":"2,200","cylinders":"2","data_sheet":92778,"collections":[{"code":"3119-0201","thumbnail":97163,"render":""},{"code":"3119-0202","thumbnail":97177,"render":""},{"code":"3119-0203","thumbnail":97184,"render":""},{"code":"3119-0204","thumbnail":97191,"render":""}],"usages":[97156],"inspiration":{"top":{"title":"","thumbnail":"","reference":""},"bottom_title":""},"hover_image":97156,"eir":"","collaborator":{"name":"","link":""},"synchro_wood":false,"novedad":false},"yoast_head":"<!-- This site is optimized with the Yoast SEO plugin v25.2 - https:\/\/yoast.com\/wordpress\/plugins\/seo\/ -->\n<title>RAYSKIN - Lamigraf<\/title>\n<meta name=\"robots\" content=\"index, follow, max-snippet:-1, max-image-preview:large, max-video-preview:-1\" \/>\n<link rel=\"canonical\" href=\"https:\/\/www.lamigraf.com\/tr\/designs\/rayskin\/\" \/>\n<meta property=\"og:locale\" content=\"tr_TR\" \/>\n<meta property=\"og:type\" content=\"article\" \/>\n<meta property=\"og:title\" content=\"RAYSKIN - Lamigraf\" \/>\n<meta property=\"og:description\" content=\"Beklenmeyenden do\u011fan\u00a0Rayskin, bir bal\u0131\u011f\u0131n dokulu derisinden ilham alan bir dekor tasar\u0131m\u0131d\u0131r. Organik d\u00fczensizli\u011fi cesur ve avangart bir y\u00fczeye d\u00f6n\u00fc\u015ft\u00fcr\u00fcr. Tasar\u0131m\u0131, ters \u00e7evrilmi\u015f k\u00fc\u00e7\u00fck k\u00fcresel formlar i\u00e7erir ve bu da g\u00f6z\u00fc \u00e7eken, dokunmaya davet eden e\u011flenceli ve dokunsal bir ritim yarat\u0131r. Metalik m\u00fcrekkep kullan\u0131m\u0131, dokuyu \u0131\u015f\u0131kla yakalanan derinlik ve boyutla zenginle\u015ftirerek futuristik bir parlakl\u0131k katar.\u00a0Rayskin, \u00f6z\u00fcr [&hellip;]\" \/>\n<meta property=\"og:url\" content=\"https:\/\/www.lamigraf.com\/tr\/designs\/rayskin\/\" \/>\n<meta property=\"og:site_name\" content=\"Lamigraf\" \/>\n<meta property=\"article:modified_time\" content=\"2025-05-14T10:43:31+00:00\" \/>\n<meta property=\"og:image\" content=\"https:\/\/www.lamigraf.com\/wp-content\/uploads\/2025\/05\/03119-0201-red-scaled.jpg\" \/>\n\t<meta property=\"og:image:width\" content=\"2560\" \/>\n\t<meta property=\"og:image:height\" content=\"1513\" \/>\n\t<meta property=\"og:image:type\" content=\"image\/jpeg\" \/>\n<meta name=\"twitter:card\" content=\"summary_large_image\" \/>\n<meta name=\"twitter:label1\" content=\"Tahmini okuma s\u00fcresi\" \/>\n\t<meta name=\"twitter:data1\" content=\"1 dakika\" \/>\n<script type=\"application\/ld+json\" class=\"yoast-schema-graph\">{\"@context\":\"https:\/\/schema.org\",\"@graph\":[{\"@type\":\"WebPage\",\"@id\":\"https:\/\/www.lamigraf.com\/tr\/designs\/rayskin\/\",\"url\":\"https:\/\/www.lamigraf.com\/tr\/designs\/rayskin\/\",\"name\":\"RAYSKIN - Lamigraf\",\"isPartOf\":{\"@id\":\"https:\/\/www.lamigraf.com\/#website\"},\"primaryImageOfPage\":{\"@id\":\"https:\/\/www.lamigraf.com\/tr\/designs\/rayskin\/#primaryimage\"},\"image\":{\"@id\":\"https:\/\/www.lamigraf.com\/tr\/designs\/rayskin\/#primaryimage\"},\"thumbnailUrl\":\"https:\/\/www.lamigraf.com\/wp-content\/uploads\/2025\/05\/03119-0201.jpg\",\"datePublished\":\"2025-05-14T10:41:56+00:00\",\"dateModified\":\"2025-05-14T10:43:31+00:00\",\"breadcrumb\":{\"@id\":\"https:\/\/www.lamigraf.com\/tr\/designs\/rayskin\/#breadcrumb\"},\"inLanguage\":\"tr\",\"potentialAction\":[{\"@type\":\"ReadAction\",\"target\":[\"https:\/\/www.lamigraf.com\/tr\/designs\/rayskin\/\"]}]},{\"@type\":\"ImageObject\",\"inLanguage\":\"tr\",\"@id\":\"https:\/\/www.lamigraf.com\/tr\/designs\/rayskin\/#primaryimage\",\"url\":\"https:\/\/www.lamigraf.com\/wp-content\/uploads\/2025\/05\/03119-0201.jpg\",\"contentUrl\":\"https:\/\/www.lamigraf.com\/wp-content\/uploads\/2025\/05\/03119-0201.jpg\",\"width\":1135,\"height\":1920},{\"@type\":\"BreadcrumbList\",\"@id\":\"https:\/\/www.lamigraf.com\/tr\/designs\/rayskin\/#breadcrumb\",\"itemListElement\":[{\"@type\":\"ListItem\",\"position\":1,\"name\":\"Home\",\"item\":\"https:\/\/www.lamigraf.com\/tr\/\"},{\"@type\":\"ListItem\",\"position\":2,\"name\":\"Designs\",\"item\":\"https:\/\/www.lamigraf.com\/designs\/\"},{\"@type\":\"ListItem\",\"position\":3,\"name\":\"RAYSKIN\"}]},{\"@type\":\"WebSite\",\"@id\":\"https:\/\/www.lamigraf.com\/#website\",\"url\":\"https:\/\/www.lamigraf.com\/\",\"name\":\"Lamigraf\",\"description\":\"\",\"publisher\":{\"@id\":\"https:\/\/www.lamigraf.com\/#organization\"},\"potentialAction\":[{\"@type\":\"SearchAction\",\"target\":{\"@type\":\"EntryPoint\",\"urlTemplate\":\"https:\/\/www.lamigraf.com\/?s={search_term_string}\"},\"query-input\":{\"@type\":\"PropertyValueSpecification\",\"valueRequired\":true,\"valueName\":\"search_term_string\"}}],\"inLanguage\":\"tr\"},{\"@type\":\"Organization\",\"@id\":\"https:\/\/www.lamigraf.com\/#organization\",\"name\":\"Lamigraf\",\"url\":\"https:\/\/www.lamigraf.com\/\",\"logo\":{\"@type\":\"ImageObject\",\"inLanguage\":\"tr\",\"@id\":\"https:\/\/www.lamigraf.com\/#\/schema\/logo\/image\/\",\"url\":\"https:\/\/www.lamigraf.com\/wp-content\/uploads\/2024\/05\/Logo-white.svg\",\"contentUrl\":\"https:\/\/www.lamigraf.com\/wp-content\/uploads\/2024\/05\/Logo-white.svg\",\"width\":147,\"height\":36,\"caption\":\"Lamigraf\"},\"image\":{\"@id\":\"https:\/\/www.lamigraf.com\/#\/schema\/logo\/image\/\"}}]}<\/script>\n<!-- \/ Yoast SEO plugin. -->","yoast_head_json":{"title":"RAYSKIN - Lamigraf","robots":{"index":"index","follow":"follow","max-snippet":"max-snippet:-1","max-image-preview":"max-image-preview:large","max-video-preview":"max-video-preview:-1"},"canonical":"https:\/\/www.lamigraf.com\/tr\/designs\/rayskin\/","og_locale":"tr_TR","og_type":"article","og_title":"RAYSKIN - Lamigraf","og_description":"Beklenmeyenden do\u011fan\u00a0Rayskin, bir bal\u0131\u011f\u0131n dokulu derisinden ilham alan bir dekor tasar\u0131m\u0131d\u0131r. Organik d\u00fczensizli\u011fi cesur ve avangart bir y\u00fczeye d\u00f6n\u00fc\u015ft\u00fcr\u00fcr. Tasar\u0131m\u0131, ters \u00e7evrilmi\u015f k\u00fc\u00e7\u00fck k\u00fcresel formlar i\u00e7erir ve bu da g\u00f6z\u00fc \u00e7eken, dokunmaya davet eden e\u011flenceli ve dokunsal bir ritim yarat\u0131r. Metalik m\u00fcrekkep kullan\u0131m\u0131, dokuyu \u0131\u015f\u0131kla yakalanan derinlik ve boyutla zenginle\u015ftirerek futuristik bir parlakl\u0131k katar.\u00a0Rayskin, \u00f6z\u00fcr [&hellip;]","og_url":"https:\/\/www.lamigraf.com\/tr\/designs\/rayskin\/","og_site_name":"Lamigraf","article_modified_time":"2025-05-14T10:43:31+00:00","og_image":[{"width":2560,"height":1513,"url":"https:\/\/www.lamigraf.com\/wp-content\/uploads\/2025\/05\/03119-0201-red-scaled.jpg","type":"image\/jpeg"}],"twitter_card":"summary_large_image","twitter_misc":{"Tahmini okuma s\u00fcresi":"1 dakika"},"schema":{"@context":"https:\/\/schema.org","@graph":[{"@type":"WebPage","@id":"https:\/\/www.lamigraf.com\/tr\/designs\/rayskin\/","url":"https:\/\/www.lamigraf.com\/tr\/designs\/rayskin\/","name":"RAYSKIN - Lamigraf","isPartOf":{"@id":"https:\/\/www.lamigraf.com\/#website"},"primaryImageOfPage":{"@id":"https:\/\/www.lamigraf.com\/tr\/designs\/rayskin\/#primaryimage"},"image":{"@id":"https:\/\/www.lamigraf.com\/tr\/designs\/rayskin\/#primaryimage"},"thumbnailUrl":"https:\/\/www.lamigraf.com\/wp-content\/uploads\/2025\/05\/03119-0201.jpg","datePublished":"2025-05-14T10:41:56+00:00","dateModified":"2025-05-14T10:43:31+00:00","breadcrumb":{"@id":"https:\/\/www.lamigraf.com\/tr\/designs\/rayskin\/#breadcrumb"},"inLanguage":"tr","potentialAction":[{"@type":"ReadAction","target":["https:\/\/www.lamigraf.com\/tr\/designs\/rayskin\/"]}]},{"@type":"ImageObject","inLanguage":"tr","@id":"https:\/\/www.lamigraf.com\/tr\/designs\/rayskin\/#primaryimage","url":"https:\/\/www.lamigraf.com\/wp-content\/uploads\/2025\/05\/03119-0201.jpg","contentUrl":"https:\/\/www.lamigraf.com\/wp-content\/uploads\/2025\/05\/03119-0201.jpg","width":1135,"height":1920},{"@type":"BreadcrumbList","@id":"https:\/\/www.lamigraf.com\/tr\/designs\/rayskin\/#breadcrumb","itemListElement":[{"@type":"ListItem","position":1,"name":"Home","item":"https:\/\/www.lamigraf.com\/tr\/"},{"@type":"ListItem","position":2,"name":"Designs","item":"https:\/\/www.lamigraf.com\/designs\/"},{"@type":"ListItem","position":3,"name":"RAYSKIN"}]},{"@type":"WebSite","@id":"https:\/\/www.lamigraf.com\/#website","url":"https:\/\/www.lamigraf.com\/","name":"Lamigraf","description":"","publisher":{"@id":"https:\/\/www.lamigraf.com\/#organization"},"potentialAction":[{"@type":"SearchAction","target":{"@type":"EntryPoint","urlTemplate":"https:\/\/www.lamigraf.com\/?s={search_term_string}"},"query-input":{"@type":"PropertyValueSpecification","valueRequired":true,"valueName":"search_term_string"}}],"inLanguage":"tr"},{"@type":"Organization","@id":"https:\/\/www.lamigraf.com\/#organization","name":"Lamigraf","url":"https:\/\/www.lamigraf.com\/","logo":{"@type":"ImageObject","inLanguage":"tr","@id":"https:\/\/www.lamigraf.com\/#\/schema\/logo\/image\/","url":"https:\/\/www.lamigraf.com\/wp-content\/uploads\/2024\/05\/Logo-white.svg","contentUrl":"https:\/\/www.lamigraf.com\/wp-content\/uploads\/2024\/05\/Logo-white.svg","width":147,"height":36,"caption":"Lamigraf"},"image":{"@id":"https:\/\/www.lamigraf.com\/#\/schema\/logo\/image\/"}}]}},"_links":{"self":[{"href":"https:\/\/www.lamigraf.com\/tr\/wp-json\/wp\/v2\/product\/92824","targetHints":{"allow":["GET"]}}],"collection":[{"href":"https:\/\/www.lamigraf.com\/tr\/wp-json\/wp\/v2\/product"}],"about":[{"href":"https:\/\/www.lamigraf.com\/tr\/wp-json\/wp\/v2\/types\/product"}],"version-history":[{"count":1,"href":"https:\/\/www.lamigraf.com\/tr\/wp-json\/wp\/v2\/product\/92824\/revisions"}],"predecessor-version":[{"id":92825,"href":"https:\/\/www.lamigraf.com\/tr\/wp-json\/wp\/v2\/product\/92824\/revisions\/92825"}],"acf:attachment":[{"embeddable":true,"href":"https:\/\/www.lamigraf.com\/tr\/wp-json\/wp\/v2\/media\/97156"}],"wp:featuredmedia":[{"embeddable":true,"href":"https:\/\/www.lamigraf.com\/tr\/wp-json\/wp\/v2\/media\/97170"}],"wp:attachment":[{"href":"https:\/\/www.lamigraf.com\/tr\/wp-json\/wp\/v2\/media?parent=92824"}],"wp:term":[{"taxonomy":"product_applications","embeddable":true,"href":"https:\/\/www.lamigraf.com\/tr\/wp-json\/wp\/v2\/applications?post=92824"},{"taxonomy":"product_type","embeddable":true,"href":"https:\/\/www.lamigraf.com\/tr\/wp-json\/wp\/v2\/design-types?post=92824"},{"taxonomy":"product_characteristics","embeddable":true,"href":"https:\/\/www.lamigraf.com\/tr\/wp-json\/wp\/v2\/characteristics?post=92824"},{"taxonomy":"product_apparence","embeddable":true,"href":"https:\/\/www.lamigraf.com\/tr\/wp-json\/wp\/v2\/appearance?post=92824"}],"curies":[{"name":"wp","href":"https:\/\/api.w.org\/{rel}","templated":true}]}}